{"id":12629,"date":"2023-09-20T14:56:33","date_gmt":"2023-09-20T12:56:33","guid":{"rendered":"https:\/\/ridstar.eu\/?post_type=product&#038;p=12629"},"modified":"2026-04-01T03:02:23","modified_gmt":"2026-04-01T00:02:23","slug":"bicicleta-electrica-ridstar-1000w-48v-15ah-29\u2033x2-0-ruedas","status":"publish","type":"product","link":"https:\/\/ridstar.eu\/es\/producto\/bicicleta-electrica-ridstar-1000w-48v-15ah-29\u2033x2-0-ruedas\/","title":{"rendered":"Bicicleta el\u00e9ctrica Ridstar S29 PRO, 1000W, 48V, 21Ah, ruedas de 29\u2033x2.0"},"content":{"rendered":"<h3><strong>Bicicleta de monta\u00f1a el\u00e9ctrica Ridstar S29PRO: \u00a1dise\u00f1ada para la aventura y la versatilidad!<\/strong><\/h3>\n<p>El <strong>Ridstar S29PRO<\/strong> es una bicicleta de monta\u00f1a el\u00e9ctrica de alto rendimiento dise\u00f1ada tanto para amantes de las emociones fuertes como para ciclistas ocasionales. Esta bicicleta el\u00e9ctrica combina un cuadro de aleaci\u00f3n de aluminio liviano pero duradero con caracter\u00edsticas avanzadas y garantiza comodidad, confiabilidad y un rendimiento superior en cualquier terreno.<\/p>\n<hr>\n<h3><strong>Caracter\u00edsticas principales<\/strong><\/h3>\n<h4><strong>Marco duradero y ligero<\/strong><\/h4>\n<p>Fabricado con materiales de alta calidad. <strong>aleaci\u00f3n de aluminio<\/strong>El cuadro de la S29PRO ofrece una durabilidad y estabilidad excepcionales sin comprometer el peso. El dise\u00f1o liviano mejora la maniobrabilidad, lo que facilita la navegaci\u00f3n por senderos desafiantes o caminos urbanos.<\/p>\n<h4><strong>Potente motor de 1000 W.<\/strong><\/h4>\n<p>El <strong>Motor de 1000 W en el buje trasero<\/strong> Ofrece una aceleraci\u00f3n suave, potente y sensible. Con una velocidad m\u00e1xima de <strong>30-50 kil\u00f3metros por hora<\/strong>Este motor proporciona el equilibrio perfecto entre velocidad y eficiencia tanto para desplazamientos urbanos como para aventuras todoterreno.<\/p>\n<h4><strong>Bater\u00eda de litio de larga duraci\u00f3n de 48 V y 21 Ah<\/strong><\/h4>\n<p>El extra\u00edble <strong>Bater\u00eda de 48 V 21 Ah<\/strong> permite una gama de <strong>31-60 kil\u00f3metros<\/strong> por carga, dependiendo del modo de conducci\u00f3n. Totalmente recargable en menos de <strong>3 horas<\/strong>, garantiza viajes ininterrumpidos ya sea que est\u00e9 viajando o explorando terrenos dif\u00edciles.<\/p>\n<h4><strong>Modos de conducci\u00f3n vers\u00e1tiles<\/strong><\/h4>\n<p>El S29PRO cuenta con tres modos de conducci\u00f3n:<\/p>\n<ul>\n<li><strong>Puro el\u00e9ctrico<\/strong> \u2013 para una conducci\u00f3n sin esfuerzo.<\/li>\n<li><strong>Asistencia el\u00e9ctrica<\/strong> \u2013 para amplificar tus esfuerzos de pedaleo.<\/li>\n<li><strong>Modo bicicleta<\/strong> \u2013 para una experiencia ciclista tradicional.\n<p>Esta versatilidad hace que la bicicleta sea adecuada para ciclistas de todos los niveles de experiencia y preferencias.<\/li>\n<\/ul>\n<h4><strong>Sistema de frenado avanzado<\/strong><\/h4>\n<p>Equipado con <strong>Frenos de disco mec\u00e1nicos delanteros y traseros<\/strong>El S29PRO ofrece una potencia de frenado confiable en todas las condiciones clim\u00e1ticas, mejorando la seguridad y el control en superficies irregulares o resbaladizas.<\/p>\n<h4><strong>Cambios Shimano de 21 velocidades<\/strong><\/h4>\n<p>El <strong>Sistema de transmisi\u00f3n Shimano de 21 velocidades<\/strong> garantiza cambios de marcha suaves y precisos, lo que le permite afrontar colinas empinadas, caminos planos o senderos cuesta abajo con facilidad.<\/p>\n<h4><strong>Amortiguaci\u00f3n de la horquilla delantera<\/strong><\/h4>\n<p>El <strong>Amortiguador de horquilla delantera<\/strong> Reduce las vibraciones y absorbe los impactos en senderos accidentados, proporcionando un viaje suave y c\u00f3modo incluso en terrenos dif\u00edciles.<\/p>\n<hr>\n<h3><strong>Presupuesto<\/strong><\/h3>\n<h4><strong>Actuaci\u00f3n<\/strong><\/h4>\n<ul>\n<li><strong>Fuerza de motor<\/strong>:Motor de buje trasero de 1000 W<\/li>\n<li><strong>M\u00e1xima velocidad<\/strong>:30-50 kil\u00f3metros por hora<\/li>\n<li><strong>Rango<\/strong>:\n<ul>\n<li>El\u00e9ctrico puro: 31-40 km<\/li>\n<li>Asistencia el\u00e9ctrica: 50-60 km<\/li>\n<\/ul>\n<\/li>\n<li><strong>Capacidad de la bater\u00eda<\/strong>: Bater\u00eda de litio de 48 V 21 Ah<\/li>\n<li><strong>Tiempo de carga<\/strong>:Menos de 3 horas<\/li>\n<\/ul>\n<h4><strong>Construir y dise\u00f1ar<\/strong><\/h4>\n<ul>\n<li><strong>Material del marco<\/strong>: Aleaci\u00f3n de aluminio<\/li>\n<li><strong>Tama\u00f1o de la rueda<\/strong>: 29\u201d con <strong>Neum\u00e1ticos 29\u00d72.1<\/strong><\/li>\n<li><strong>Suspensi\u00f3n<\/strong>:Absorci\u00f3n de impactos de la horquilla delantera<\/li>\n<\/ul>\n<h4><strong>Frenado y transmisi\u00f3n<\/strong><\/h4>\n<ul>\n<li><strong>Frenos<\/strong>:Frenos de disco mec\u00e1nicos delanteros y traseros<\/li>\n<li><strong>Engranajes<\/strong>: Transmisi\u00f3n Shimano de 21 velocidades<\/li>\n<\/ul>\n<h4><strong>Peso y dimensiones<\/strong><\/h4>\n<ul>\n<li><strong>Peso bruto<\/strong>:35 kilos<\/li>\n<li><strong>Tama\u00f1o de paquete \u00fanico<\/strong>: 160x28x83 cm<\/li>\n<\/ul>\n<hr>\n<h3><strong>\u00bfPor qu\u00e9 elegir el Ridstar S29PRO?<\/strong><\/h3>\n<ul>\n<li><strong>Durabilidad excepcional<\/strong>:Marco y componentes de alta calidad para un rendimiento duradero.<\/li>\n<li><strong>Rendimiento potente<\/strong>:Un motor de 1000 W y tres modos de conducci\u00f3n satisfacen una variedad de necesidades de ciclismo.<\/li>\n<li><strong>Frenado fiable<\/strong>:Los frenos de disco garantizan la seguridad en todos los terrenos.<\/li>\n<li><strong>Conducci\u00f3n c\u00f3moda<\/strong>:Suspensi\u00f3n delantera y grandes ruedas de 29\u201d para un manejo suave.<\/li>\n<li><strong>Carga r\u00e1pida y bater\u00eda de larga duraci\u00f3n<\/strong>:Perfecto para viajes largos o paseos por senderos.<\/li>\n<\/ul>\n<hr>\n<h3><strong>\u00a1Explora el aire libre con el S29PRO!<\/strong><\/h3>\n<p>Lleva tu experiencia ciclista al siguiente nivel con el <strong>Bicicleta de monta\u00f1a el\u00e9ctrica Ridstar S29PRO<\/strong>Ya sea que est\u00e9s recorriendo las calles de la ciudad o conquistando senderos desafiantes, esta bicicleta el\u00e9ctrica ofrece un rendimiento, una comodidad y una versatilidad inigualables.<\/p>\n<p><strong>\u00a1No esperes m\u00e1s, comienza tu aventura hoy mismo con el S29PRO!<\/strong><\/p>\n<p><img decoding=\"async\" class=\"alignnone size-full wp-image-291251\" src=\"https:\/\/ridstar.eu\/wp-content\/uploads\/2023\/09\/s29pro-2.avif\" alt=\"Ridstar S29PRO\" width=\"1080\" height=\"855\"><\/p>\n<p><img decoding=\"async\" class=\"alignnone size-full wp-image-291254\" src=\"https:\/\/ridstar.eu\/wp-content\/uploads\/2023\/09\/s29pro-5.webp\" alt=\"Ridstar S29PRO\" width=\"900\" height=\"900\"><\/p>\n<p><img decoding=\"async\" class=\"alignnone size-full wp-image-291255\" src=\"https:\/\/ridstar.eu\/wp-content\/uploads\/2023\/09\/s29pro-6.webp\" alt=\"Ridstar S29PRO\" width=\"900\" height=\"900\"><\/p>\n<p><img decoding=\"async\" class=\"alignnone size-full wp-image-291253\" src=\"https:\/\/ridstar.eu\/wp-content\/uploads\/2023\/09\/s29pro-4.avif\" alt=\"Ridstar S29PRO\" width=\"900\" height=\"900\"><\/p>\n<p><img decoding=\"async\" class=\"alignnone size-full wp-image-291256\" src=\"https:\/\/ridstar.eu\/wp-content\/uploads\/2023\/09\/s29pro-7.webp\" alt=\"Ridstar S29PRO\" width=\"1707\" height=\"1280\"><\/p>","protected":false},"excerpt":{"rendered":"<p>Ridstar S29PRO, versi\u00f3n m\u00e1s nueva y mejorada, mayor capacidad de bater\u00eda.<\/p>\n<ul>\n<li>Entrega en 3-7 d\u00edas laborables.<\/li>\n<li>Garant\u00eda \u2013 12 meses.<\/li>\n<li>potencia del motor de 1000W<\/li>\n<li>Capacidad de bater\u00eda de 21 Ah<\/li>\n<\/ul>","protected":false},"featured_media":291257,"comment_status":"open","ping_status":"closed","template":"","meta":[],"product_brand":[],"product_cat":[212],"product_tag":[],"class_list":{"0":"post-12629","1":"product","2":"type-product","3":"status-publish","4":"has-post-thumbnail","6":"product_cat-electric-bikes","8":"first","9":"outofstock","10":"sale","11":"shipping-taxable","12":"purchasable","13":"product-type-simple"},"jetpack_sharing_enabled":true,"_links":{"self":[{"href":"https:\/\/ridstar.eu\/es\/wp-json\/wp\/v2\/product\/12629","targetHints":{"allow":["GET"]}}],"collection":[{"href":"https:\/\/ridstar.eu\/es\/wp-json\/wp\/v2\/product"}],"about":[{"href":"https:\/\/ridstar.eu\/es\/wp-json\/wp\/v2\/types\/product"}],"replies":[{"embeddable":true,"href":"https:\/\/ridstar.eu\/es\/wp-json\/wp\/v2\/comments?post=12629"}],"wp:featuredmedia":[{"embeddable":true,"href":"https:\/\/ridstar.eu\/es\/wp-json\/wp\/v2\/media\/291257"}],"wp:attachment":[{"href":"https:\/\/ridstar.eu\/es\/wp-json\/wp\/v2\/media?parent=12629"}],"wp:term":[{"taxonomy":"product_brand","embeddable":true,"href":"https:\/\/ridstar.eu\/es\/wp-json\/wp\/v2\/product_brand?post=12629"},{"taxonomy":"product_cat","embeddable":true,"href":"https:\/\/ridstar.eu\/es\/wp-json\/wp\/v2\/product_cat?post=12629"},{"taxonomy":"product_tag","embeddable":true,"href":"https:\/\/ridstar.eu\/es\/wp-json\/wp\/v2\/product_tag?post=12629"}],"curies":[{"name":"gracias","href":"https:\/\/api.w.org\/{rel}","templated":true}]}}