{"id":12613,"date":"2023-09-20T11:20:37","date_gmt":"2023-09-20T08:20:37","guid":{"rendered":"https:\/\/ridstar.eu\/?post_type=product&#038;p=12613"},"modified":"2026-01-16T14:30:02","modified_gmt":"2026-01-16T12:30:02","slug":"bicicleta-electrica-ridstar-h20-1000w-48v-14ah-20\u2033-ruedas-plegable","status":"publish","type":"product","link":"https:\/\/ridstar.eu\/es\/producto\/bicicleta-electrica-ridstar-h20-1000w-48v-14ah-20\u2033-ruedas-plegable\/","title":{"rendered":"Bicicleta el\u00e9ctrica Ridstar H20, 1000W, 48V, 14Ah, ruedas 20\u2033, plegable"},"content":{"rendered":"<h3><strong>Ridstar H20: versatilidad y sencillez<\/strong><\/h3>\n<p>El <strong>Ridstar H20<\/strong> La bicicleta el\u00e9ctrica est\u00e1 dise\u00f1ada para combinar simplicidad, eficiencia y practicidad. Perfecta para los desplazamientos diarios o las aventuras de fin de semana, esta bicicleta el\u00e9ctrica es tu compa\u00f1era de confianza para las calles urbanas y los senderos todoterreno ligeros. Su dise\u00f1o elegante, sus caracter\u00edsticas pr\u00e1cticas y su potente motor ofrecen una experiencia de conducci\u00f3n suave y agradable.<\/p>\n<hr \/>\n<h4><strong>Caracter\u00edsticas principales<\/strong><\/h4>\n<ul>\n<li><strong>Motor sin escobillas eficiente de 1000 W<\/strong><br \/>\nDesarrollado por un <strong>Motor de alta velocidad sin escobillas de 1000 W CC<\/strong>El Ridstar H20 ofrece un par impresionante y velocidades de hasta <strong>45 kil\u00f3metros por hora<\/strong>, perfecto para recorridos r\u00e1pidos por la ciudad y exploraciones rurales m\u00e1s largas.<\/li>\n<li><strong>Bater\u00eda de litio de 14 Ah de larga duraci\u00f3n<\/strong><br \/>\nEquipado con un <strong>Bater\u00eda de litio 18650 de 14 Ah<\/strong>El H20 ofrece una autonom\u00eda de conducci\u00f3n de <strong>40-90 kil\u00f3metros<\/strong>Dependiendo del modo, ya sea un viaje corto o un recorrido m\u00e1s largo, el H20 garantiza que llegues lejos.<\/li>\n<li><strong>Horquilla delantera hidr\u00e1ulica para mayor comodidad<\/strong><br \/>\nEl <strong>horquilla delantera hidraulica<\/strong> Absorbe los impactos en terrenos irregulares, asegurando una conducci\u00f3n suave y c\u00f3moda incluso en caminos con baches.<\/li>\n<li><strong>Marco de aluminio duradero<\/strong><br \/>\nEl ligero pero resistente <strong>marco de aluminio<\/strong> garantiza la durabilidad manteniendo la bicicleta \u00e1gil y f\u00e1cil de manejar.<\/li>\n<li><strong>Pantalla LCD con clasificaci\u00f3n IPX7<\/strong><br \/>\nEl <strong>Pantalla LCD resistente al agua y la suciedad.<\/strong> Proporciona datos en tiempo real, incluida la velocidad, el estado de la bater\u00eda, la distancia recorrida y la selecci\u00f3n de modo, para que siempre tengas el control.<\/li>\n<li><strong>Neum\u00e1ticos anchos para todo terreno<\/strong><br \/>\nPresentando <strong>Neum\u00e1ticos anchos de 20\u201d x 4,0<\/strong>El H20 ofrece excelente tracci\u00f3n y estabilidad, lo que lo hace ideal para calles de la ciudad, campos de c\u00e9sped o caminos de grava.<\/li>\n<li><strong>Portaequipajes trasero y guardabarros pr\u00e1cticos<\/strong><br \/>\nA <strong>portaequipaje trasero<\/strong> Agrega comodidad para llevar lo esencial, mientras que el <strong>guardabarros delantero y trasero<\/strong> Mantente limpio y seco en condiciones h\u00famedas.<\/li>\n<li><strong>Sistema de frenado confiable<\/strong><br \/>\nEl <strong>frenos de disco delanteros y traseros<\/strong> Proporcionan una potencia de frenado confiable, garantizando la seguridad en todas las condiciones de conducci\u00f3n.<\/li>\n<\/ul>\n<hr \/>\n<h4><strong>Especificaciones t\u00e9cnicas<\/strong><\/h4>\n<ul>\n<li><strong>Tama\u00f1o expandido<\/strong>: 1700x240x1050 mm<\/li>\n<li><strong>Distancia entre ejes<\/strong>:1180 mil\u00edmetros<\/li>\n<li><strong>Peso<\/strong>:30 kilos<\/li>\n<li><strong>Modos<\/strong>: El\u00e9ctrico puro, asistencia el\u00e9ctrica, pedal.<\/li>\n<li><strong>Material del marco<\/strong>: Aluminio<\/li>\n<li><strong>Tenedor frontal<\/strong>: Hidr\u00e1ulico<\/li>\n<li><strong>Tama\u00f1o de llanta<\/strong>: 20\u201d x 4.0<\/li>\n<li><strong>Motor<\/strong>:Motor de alta velocidad sin escobillas de 1000 W CC<\/li>\n<li><strong>Velocidad m\u00e1xima<\/strong>: \u226445 km\/h<\/li>\n<li><strong>Rango<\/strong>: 40-90 kil\u00f3metros<\/li>\n<li><strong>Capacidad de pendiente<\/strong>: &lt;25\u00b0<\/li>\n<li><strong>Capacidad de carga<\/strong>: \u2264150 kilos<\/li>\n<li><strong>Bater\u00eda<\/strong>:Bater\u00eda de litio 18650 de 14 AH<\/li>\n<li><strong>Tiempo de carga<\/strong>: 4-6 horas<\/li>\n<li><strong>Frenos<\/strong>:Frenos de disco delanteros y traseros<\/li>\n<li><strong>Mostrar<\/strong>:LCD con clasificaci\u00f3n IPX7<\/li>\n<\/ul>\n<hr \/>\n<h4><strong>Lista de embalaje<\/strong><\/h4>\n<ol>\n<li>Bicicleta el\u00e9ctrica<\/li>\n<li>Bater\u00eda extra\u00edble<\/li>\n<li>Herramienta multiusos<\/li>\n<li>Cargador<\/li>\n<li>Pedales<\/li>\n<li>Manual de instrucciones<\/li>\n<\/ol>\n<hr \/>\n<h3><strong>Ridstar H20: tu compa\u00f1ero de confianza en cada viaje<\/strong><\/h3>\n<p>Ya sea para el trayecto diario al trabajo o para una escapada de fin de semana, la Ridstar H20 ofrece simplicidad, fiabilidad y rendimiento. Con su potente motor, su bater\u00eda de larga duraci\u00f3n y su dise\u00f1o pr\u00e1ctico, esta bicicleta el\u00e9ctrica est\u00e1 dise\u00f1ada para que cada viaje sea agradable y sin estr\u00e9s.<\/p>\n<p><strong>Conduzca con confianza con el Ridstar H20, donde el rendimiento se combina con la practicidad.<\/strong><\/p>\n<p><img decoding=\"async\" class=\"alignnone size-full wp-image-291391\" src=\"https:\/\/ridstar.eu\/wp-content\/uploads\/2023\/09\/ridstar-h20-2.jpg\" alt=\"Ridstar H20\" width=\"600\" height=\"467\" \/> <img decoding=\"async\" class=\"alignnone size-full wp-image-291392\" src=\"https:\/\/ridstar.eu\/wp-content\/uploads\/2023\/09\/ridstar-h20-3.webp\" alt=\"Ridstar H20\" width=\"1214\" height=\"751\" \/> <img decoding=\"async\" class=\"alignnone size-full wp-image-291393\" src=\"https:\/\/ridstar.eu\/wp-content\/uploads\/2023\/09\/ridstar-h20-4.webp\" alt=\"Ridstar H20\" width=\"570\" height=\"459\" \/> <img decoding=\"async\" class=\"alignnone size-full wp-image-291394\" src=\"https:\/\/ridstar.eu\/wp-content\/uploads\/2023\/09\/ridstar-h20.webp\" alt=\"Ridstar H20\" width=\"1477\" height=\"1500\" \/><\/p>","protected":false},"excerpt":{"rendered":"<p>Bicicleta el\u00e9ctrica plegable Ridstar H20<\/p>\n<p>La bicicleta el\u00e9ctrica puede alcanzar velocidades de hasta 45 km por hora con un motor sin escobillas de 1000 W. Un portaequipaje trasero agrega practicidad, mientras que los guardabarros delanteros y traseros te permiten andar en condiciones clim\u00e1ticas adversas. La pantalla LCD es resistente al agua y la suciedad (IPX7) y proporciona toda la informaci\u00f3n clave, como el estado de la bater\u00eda, la distancia recorrida y la gesti\u00f3n del programa.<\/p>","protected":false},"featured_media":12583,"comment_status":"open","ping_status":"closed","template":"","meta":[],"product_brand":[],"product_cat":[212],"product_tag":[],"class_list":{"0":"post-12613","1":"product","2":"type-product","3":"status-publish","4":"has-post-thumbnail","6":"product_cat-electric-bikes","8":"first","9":"outofstock","10":"sale","11":"shipping-taxable","12":"purchasable","13":"product-type-simple"},"jetpack_sharing_enabled":true,"_links":{"self":[{"href":"https:\/\/ridstar.eu\/es\/wp-json\/wp\/v2\/product\/12613","targetHints":{"allow":["GET"]}}],"collection":[{"href":"https:\/\/ridstar.eu\/es\/wp-json\/wp\/v2\/product"}],"about":[{"href":"https:\/\/ridstar.eu\/es\/wp-json\/wp\/v2\/types\/product"}],"replies":[{"embeddable":true,"href":"https:\/\/ridstar.eu\/es\/wp-json\/wp\/v2\/comments?post=12613"}],"wp:featuredmedia":[{"embeddable":true,"href":"https:\/\/ridstar.eu\/es\/wp-json\/wp\/v2\/media\/12583"}],"wp:attachment":[{"href":"https:\/\/ridstar.eu\/es\/wp-json\/wp\/v2\/media?parent=12613"}],"wp:term":[{"taxonomy":"product_brand","embeddable":true,"href":"https:\/\/ridstar.eu\/es\/wp-json\/wp\/v2\/product_brand?post=12613"},{"taxonomy":"product_cat","embeddable":true,"href":"https:\/\/ridstar.eu\/es\/wp-json\/wp\/v2\/product_cat?post=12613"},{"taxonomy":"product_tag","embeddable":true,"href":"https:\/\/ridstar.eu\/es\/wp-json\/wp\/v2\/product_tag?post=12613"}],"curies":[{"name":"gracias","href":"https:\/\/api.w.org\/{rel}","templated":true}]}}