{"id":12635,"date":"2023-09-21T08:27:32","date_gmt":"2023-09-21T05:27:32","guid":{"rendered":"https:\/\/ridstar.eu\/?page_id=12635"},"modified":"2026-03-06T11:34:17","modified_gmt":"2026-03-06T09:34:17","slug":"pago-y-entrega","status":"publish","type":"page","link":"https:\/\/ridstar.eu\/es\/pago-y-entrega\/","title":{"rendered":"Pago y entrega"},"content":{"rendered":"<div class=\"et_d4_element et_pb_section et_pb_section_0  et_pb_css_mix_blend_mode et_section_regular et_block_section\" >\n\t\t\t\t\n\t\t\t\t\n\t\t\t\t\n\t\t\t\t\n\t\t\t\t\n\t\t\t\t\n\t\t\t\t<div class=\"et_d4_element et_pb_row et_pb_row_0  et_pb_css_mix_blend_mode et_block_row\">\n\t\t\t\t<div class=\"et_d4_element et_pb_column_4_4 et_pb_column et_pb_column_0  et_pb_css_mix_blend_mode et-last-child et_block_column\">\n\t\t\t\t\n\t\t\t\t\n\t\t\t\t\n\t\t\t\t\n\t\t\t\t<div class=\"et_pb_module et_d4_element et_pb_image et_pb_image_0\">\n\t\t\t\t\n\t\t\t\t\n\t\t\t\t\n\t\t\t\t\n\t\t\t\t<span class=\"et_pb_image_wrap\"><img decoding=\"async\" width=\"800\" height=\"332\" src=\"https:\/\/ridstar.eu\/wp-content\/uploads\/2026\/02\/payment-system-america-via-stripe-paypal-mastercard-apple-pay-google-visa-260818288.webp\" alt=\"pagos\" title=\"Sistema de pago en Am\u00e9rica mediante Stripe, PayPal, Mastercard, Apple Pay, Google Visa, 260818288\" class=\"wp-image-291745\" \/><\/span>\n\t\t\t<\/div><div class=\"et_pb_module et_d4_element et_pb_text et_pb_text_0  et_pb_text_align_left et_pb_bg_layout_light\">\n\t\t\t\t\n\t\t\t\t\n\t\t\t\t\n\t\t\t\t\n\t\t\t\t<div class=\"et_pb_text_inner\"><header class=\"entry-header\">\n<h3 data-path-to-node=\"6\"><b data-path-to-node=\"6\" data-index-in-node=\"0\">\ud83d\udcb3 Pago y Entrega<\/b><\/h3>\n<p data-path-to-node=\"7\"><b data-path-to-node=\"7\" data-index-in-node=\"0\">Pagos seguros<\/b><\/p>\n<p data-path-to-node=\"8\">Garantizamos la seguridad y el cifrado de todo su proceso de compra. Puede elegir entre los siguientes m\u00e9todos de pago:<\/p>\n<ul data-path-to-node=\"9\">\n<li>\n<p data-path-to-node=\"9,0,0\"><b data-path-to-node=\"9,0,0\" data-index-in-node=\"0\">PayPal y tarjetas (principal):<\/b> Aceptamos pagos seguros a trav\u00e9s de PayPal. A trav\u00e9s de esta pasarela, tambi\u00e9n puede pagar con <b data-path-to-node=\"9,0,0\" data-index-in-node=\"109\">VISA, MasterCard, American Express, Apple Pay y Google Pay<\/b>, incluso si no tienes una cuenta PayPal.<\/p>\n<\/li>\n<li>\n<p data-path-to-node=\"9,1,0\"><b data-path-to-node=\"9,1,0\" data-index-in-node=\"0\">Paysera:<\/b> Un operador de pagos global confiable para transferencias bancarias en l\u00ednea seguras y gesti\u00f3n de dinero electr\u00f3nico.<\/p>\n<\/li>\n<\/ul>\n<hr data-path-to-node=\"10\" \/>\n<p data-path-to-node=\"11\"><b data-path-to-node=\"11\" data-index-in-node=\"0\">\ud83d\ude9a Informaci\u00f3n de entrega<\/b><\/p>\n<p data-path-to-node=\"12\"><b data-path-to-node=\"12\" data-index-in-node=\"0\">\u00a0<img decoding=\"async\" src=\"https:\/\/cdn-icons-png.flaticon.com\/128\/206\/206593.png\" width=\"38\" height=\"38\" alt=\"\">Uni\u00f3n Europea (R\u00e1pido y libre de impuestos)<\/b> Realizamos env\u00edos directamente desde nuestros almacenes locales ubicados en <b data-path-to-node=\"12\" data-index-in-node=\"92\">Polonia, Alemania y Francia<\/b>.<\/p>\n<ul data-path-to-node=\"13\">\n<li>\n<p data-path-to-node=\"13,0,0\"><b data-path-to-node=\"13,0,0\" data-index-in-node=\"0\">Costo de env\u00edo:<\/b> GRATIS para todos los pa\u00edses de la UE.<\/p>\n<\/li>\n<li>\n<p data-path-to-node=\"13,1,0\"><b data-path-to-node=\"13,1,0\" data-index-in-node=\"0\">Impuestos:<\/b> Sin derechos de aduana ni tarifas ocultas.<\/p>\n<\/li>\n<li>\n<p data-path-to-node=\"13,2,0\"><b data-path-to-node=\"13,2,0\" data-index-in-node=\"0\">Tiempo de procesamiento:<\/b> Los pedidos se preparan y se entregan al mensajero en un plazo de 1 a 5 d\u00edas laborables.<\/p>\n<\/li>\n<li>\n<p data-path-to-node=\"13,3,0\"><b data-path-to-node=\"13,3,0\" data-index-in-node=\"0\">El tiempo de entrega:<\/b> Una vez enviado, los mensajeros entregar\u00e1n el paquete en su puerta dentro de <b data-path-to-node=\"13,3,0\" data-index-in-node=\"83\">3\u201310 d\u00edas h\u00e1biles<\/b>.<\/p>\n<\/li>\n<\/ul>\n<p data-path-to-node=\"14\"><b data-path-to-node=\"14\" data-index-in-node=\"0\"><img decoding=\"async\" src=\"https:\/\/cdn-icons-png.flaticon.com\/128\/5111\/5111624.png\" width=\"36\" height=\"36\" alt=\"\">Env\u00edo desde China<\/b> Para modelos almacenados en nuestro almac\u00e9n central:<\/p>\n<ul data-path-to-node=\"15\">\n<li>\n<p data-path-to-node=\"15,0,0\"><b data-path-to-node=\"15,0,0\" data-index-in-node=\"0\">El tiempo de entrega:<\/b> 35\u201345 d\u00edas.<\/p>\n<\/li>\n<li>\n<p data-path-to-node=\"15,1,0\"><b data-path-to-node=\"15,1,0\" data-index-in-node=\"0\">Pol\u00edtica:<\/b> Tenga en cuenta que los pedidos enviados desde China no se pueden cancelar una vez realizados. Las condiciones de garant\u00eda y servicio se mantienen.<\/p>\n<\/li>\n<\/ul>\n<p data-path-to-node=\"16\"><b data-path-to-node=\"16\" data-index-in-node=\"0\"><img decoding=\"async\" src=\"https:\/\/cdn-icons-png.flaticon.com\/128\/14009\/14009832.png\" width=\"38\" height=\"38\" alt=\"\">Env\u00edos a EE. UU.<\/b> Podemos enviar modelos seleccionados a EE. UU. Cont\u00e1ctenos por correo electr\u00f3nico para consultar disponibilidad y cotizaciones de env\u00edo.<\/p>\n<\/header><\/div>\n\t\t\t<\/div>\n\t\t\t<\/div>\n\t\t\t\t\n\t\t\t\t\n\t\t\t\t\n\t\t\t\t\n\t\t\t<\/div><div class=\"et_d4_element et_pb_row et_pb_row_1  et_pb_css_mix_blend_mode et_block_row\">\n\t\t\t\t<div class=\"et_d4_element et_pb_column_4_4 et_pb_column et_pb_column_1  et_pb_css_mix_blend_mode et-last-child et_block_column et_pb_column_empty\">\n\t\t\t\t\n\t\t\t\t\n\t\t\t\t\n\t\t\t\t\n\t\t\t\t\n\t\t\t<\/div>\n\t\t\t\t\n\t\t\t\t\n\t\t\t\t\n\t\t\t\t\n\t\t\t<\/div>\n\t\t\t\t\n\t\t\t\t\n\t\t\t<\/div>","protected":false},"excerpt":{"rendered":"","protected":false},"author":1,"featured_media":0,"parent":0,"menu_order":0,"comment_status":"closed","ping_status":"closed","template":"","meta":{"_et_pb_use_builder":"on","_et_pb_old_content":"","_et_gb_content_width":"","footnotes":""},"class_list":["post-12635","page","type-page","status-publish","hentry"],"jetpack_sharing_enabled":true,"_links":{"self":[{"href":"https:\/\/ridstar.eu\/es\/wp-json\/wp\/v2\/pages\/12635","targetHints":{"allow":["GET"]}}],"collection":[{"href":"https:\/\/ridstar.eu\/es\/wp-json\/wp\/v2\/pages"}],"about":[{"href":"https:\/\/ridstar.eu\/es\/wp-json\/wp\/v2\/types\/page"}],"author":[{"embeddable":true,"href":"https:\/\/ridstar.eu\/es\/wp-json\/wp\/v2\/users\/1"}],"replies":[{"embeddable":true,"href":"https:\/\/ridstar.eu\/es\/wp-json\/wp\/v2\/comments?post=12635"}],"version-history":[{"count":0,"href":"https:\/\/ridstar.eu\/es\/wp-json\/wp\/v2\/pages\/12635\/revisions"}],"wp:attachment":[{"href":"https:\/\/ridstar.eu\/es\/wp-json\/wp\/v2\/media?parent=12635"}],"curies":[{"name":"gracias","href":"https:\/\/api.w.org\/{rel}","templated":true}]}}