{"id":12598,"date":"2023-09-20T10:57:33","date_gmt":"2023-09-20T07:57:33","guid":{"rendered":"https:\/\/ridstar.eu\/?page_id=12598"},"modified":"2026-03-10T12:42:12","modified_gmt":"2026-03-10T10:42:12","slug":"contactenos","status":"publish","type":"page","link":"https:\/\/ridstar.eu\/es\/contactenos\/","title":{"rendered":"Cont\u00e1ctenos"},"content":{"rendered":"<div class=\"et_pb_section_0 et_pb_section et_section_regular et_block_section\">\n<div class=\"et_pb_row_0 et_pb_row et_block_row\">\n<div class=\"et_pb_column_0 et_pb_column et_pb_column_4_4 et-last-child et_block_column et_pb_css_mix_blend_mode_passthrough\">\n<div class=\"et_pb_text_0 et_pb_text et_pb_bg_layout_light et_pb_module et_block_module preset--module--divi-text--c2849e14-f298-4e85-93bb-b7eb6ec6b099\"><div class=\"et_pb_text_inner\"><h1>Cont\u00e1ctenos<\/h1>\n<p>\u00a1Esperamos sus preguntas! Cont\u00e1ctenos. Normalmente respondemos en unas pocas horas.<\/p>\n<\/div><\/div>\n<\/div>\n<\/div>\n\n<div class=\"et_pb_row_1 et_pb_row et_block_row\">\n<div class=\"et_pb_column_1 et_pb_column et_pb_column_2_3 et_block_column et_pb_css_mix_blend_mode_passthrough\">\n<div class=\"et_pb_contact_form_0 et_pb_contact_form_container clearfix et_pb_module et_flex_module\" data-form_unique_num=\"0\" data-form_unique_id=\"1ed34e4b-e678-48bf-bd84-d6afae28e008\" id=\"et_pb_contact_form_1ed34e4b-e678-48bf-bd84-d6afae28e008\"><div class=\"et-pb-contact-message\"><\/div><div class=\"et_pb_contact\"><form class=\"et_pb_contact_form et_flex_module\" method=\"post\" action=\"https:\/\/ridstar.eu\/es\/wp-json\/wp\/v2\/pages\/12598\" data-trp-original-action=\"https:\/\/ridstar.eu\/es\/wp-json\/wp\/v2\/pages\/12598\">\n<div class=\"et_pb_contact_field_0 et_pb_contact_field et_pb_module et_flex_module et_flex_column_12_24 et_flex_column_12_24_tablet et_flex_column_12_24_phone\" data-id=\"name\" data-type=\"input\"><label class=\"et_pb_contact_form_label\" for=\"et_pb_contact_0_name_0\">Nombre<\/label><input type=\"text\" name=\"et_pb_contact_0_name_0\" id=\"et_pb_contact_0_name_0\" class=\"input\" data-required_mark=\"required\" data-field_type=\"input\" data-original_id=\"name\" placeholder=\"Nombre\" title=\"\" value=\"\" \/><\/div>\n\n<div class=\"et_pb_contact_field_1 et_pb_contact_field et_pb_module et_flex_module et_flex_column_12_24 et_flex_column_12_24_tablet et_flex_column_12_24_phone\" data-id=\"email\" data-type=\"email\"><label class=\"et_pb_contact_form_label\" for=\"et_pb_contact_0_email_1\">Direcci\u00f3n de correo electr\u00f3nico<\/label><input type=\"text\" name=\"et_pb_contact_0_email_1\" id=\"et_pb_contact_0_email_1\" class=\"input\" data-required_mark=\"required\" data-field_type=\"email\" data-original_id=\"email\" placeholder=\"Direcci\u00f3n de correo electr\u00f3nico\" title=\"\" value=\"\" \/><\/div>\n\n<div class=\"et_pb_contact_field_2 et_pb_contact_field et_pb_module et_flex_module et_flex_column_24_24 et_flex_column_24_24_tablet et_flex_column_24_24_phone\" data-id=\"message\" data-type=\"text\"><label class=\"et_pb_contact_form_label\" for=\"et_pb_contact_0_message_2\">Mensaje<\/label><textarea name=\"et_pb_contact_0_message_2\" id=\"et_pb_contact_0_message_2\" class=\"et_pb_contact_message input\" data-required_mark=\"required\" data-field_type=\"text\" data-original_id=\"message\" placeholder=\"Mensaje\"><\/textarea><\/div>\n<input type=\"hidden\" name=\"et_pb_contactform_submit_1ed34e4b-e678-48bf-bd84-d6afae28e008\" value=\"et_contact_proccess\" \/><div class=\"et_contact_bottom_container\"><div class=\"et_pb_contact_right et_pb_contact_field\"><p class=\"clearfix\"><label><span class=\"et_pb_contact_captcha_question\">6 + 7<\/span> = <input type=\"text\" size=\"2\" class=\"input et_pb_contact_captcha\" data-first_digit=\"6\" data-second_digit=\"7\" data-required_mark=\"required\" name=\"et_pb_contact_captcha_1ed34e4b-e678-48bf-bd84-d6afae28e008\" autocomplete=\"off\" \/><\/label><\/p><\/div><div class=\"et_pb_button_wrapper\"><button type=\"submit\" name=\"et_builder_submit_button\" class=\"et_pb_button et_pb_contact_submit\">Entregar<\/button><\/div><\/div><input type=\"hidden\" id=\"_wpnonce-et-pb-contact-form-submitted-1ed34e4b-e678-48bf-bd84-d6afae28e008\" name=\"_wpnonce-et-pb-contact-form-submitted-1ed34e4b-e678-48bf-bd84-d6afae28e008\" value=\"1499a117b2\" \/><input type=\"hidden\" name=\"_wp_http_referer\" value=\"\/es\/wp-json\/wp\/v2\/pages\/12598\" \/><input type=\"hidden\" name=\"trp-form-language\" value=\"es\"\/><\/form><\/div><\/div>\n<\/div>\n\n<div class=\"et_pb_column_2 et_pb_column et_pb_column_1_3 et-last-child et_block_column et_pb_css_mix_blend_mode_passthrough\">\n<div class=\"et_pb_blurb_0 et_pb_blurb et_pb_bg_layout_light et_pb_blurb_position_top et_pb_module et_block_module preset--module--divi-blurb--6e712727-0993-4f47-a922-0032e4c3d8f6\"><div class=\"et_pb_blurb_content\"><div class=\"et_pb_main_blurb_image\"><span class=\"et_pb_image_wrap\"><span class=\"et-pb-icon\">\ue076<\/span><\/span><\/div><div class=\"et_pb_blurb_container\"><h4 class=\"et_pb_module_header\">hello@ridstar.eu<\/h4><div class=\"et_pb_blurb_description\"><p>Fabricante de bicicletas el\u00e9ctricas Ridstar - <a href=\"https:\/\/xingqishi.en.alibaba.com\/\" target=\"_blank\" class=\"im-next-btn im-next-large im-next-btn-primary im-next-btn-text btn-action\" title=\"Huizhou Xingqishi art\u00edculos deportivos Co., Ltd.\" rel=\"noopener\"><span class=\"im-next-btn-helper\">Huizhou Xingqishi art\u00edculos deportivos Co., Ltd. <\/span><\/a>Almac\u00e9n de la UE, Polonia<br \/>05827 Grodzisk Mazowiecki<\/p>\n<p><strong>Vendemos bicicletas y piezas. Para obtener informaci\u00f3n sobre la garant\u00eda, contacte con la tienda donde compr\u00f3 la bicicleta, a menos que la haya adquirido en nuestro almac\u00e9n de la UE a trav\u00e9s de ridstar.eu. Para obtener informaci\u00f3n sobre la garant\u00eda, complete el formulario all\u00ed: <a href=\"https:\/\/ridstar.eu\/es\/apoyo\/\">Soporte - Bicicletas el\u00e9ctricas RIDSTAR - Tienda online oficial<\/a><\/strong><\/p>\n<\/div><\/div><\/div><\/div>\n<\/div>\n<\/div>\n\n<div class=\"et_pb_row_2 et_pb_row et_block_row\">\n<div class=\"et_pb_column_3 et_pb_column et_pb_column_4_4 et-last-child et_block_column et_pb_css_mix_blend_mode_passthrough\">\n<div class=\"et_pb_text_1 et_pb_text et_pb_bg_layout_light et_pb_module et_block_module\"><div class=\"et_pb_text_inner\"><p style=\"text-align: center;\">Si compras bicicletas en terceros pa\u00edses y en tiendas poco conocidas, corres el riesgo de no conseguir ninguna bicicleta o, una vez adquirida, de no recibir ning\u00fan servicio si se aver\u00eda.<br \/><strong>Para bicicletas RIDSTAR podemos ofrecer todos los repuestos y accesorios.<\/strong><br \/>En cooperaci\u00f3n con otros fabricantes de bicicletas en China, tambi\u00e9n podemos ofrecer bicicletas y repuestos de otros fabricantes a precios bajos.<\/p>\n<div id=\"simple-translate\" class=\"simple-translate-light-theme\">\n<div>\n<div class=\"simple-translate-button isShow\" style=\"background-image: url('chrome-extension:\/\/cllnohpbfenopiakdcjmjcbaeapmkcdl\/icons\/512.png'); height: 22px; width: 22px; top: 185px; left: 317px;\"><\/div>\n<div class=\"simple-translate-panel\" style=\"width: 300px; height: 200px; top: 0px; left: 0px; font-size: 13px;\">\n<div class=\"simple-translate-result-wrapper\" style=\"overflow: hidden;\">\n<div class=\"simple-translate-move\" draggable=\"true\"><\/div>\n<div class=\"simple-translate-result-contents\">\n<p class=\"simple-translate-result\" dir=\"auto\">\n<p class=\"simple-translate-candidate\" dir=\"auto\">\n<\/div>\n<\/div>\n<\/div>\n<\/div>\n<\/div>\n<\/div><\/div>\n<\/div>\n<\/div>\n<\/div>","protected":false},"excerpt":{"rendered":"","protected":false},"author":1,"featured_media":0,"parent":0,"menu_order":0,"comment_status":"closed","ping_status":"closed","template":"","meta":{"footnotes":""},"class_list":["post-12598","page","type-page","status-publish","hentry"],"jetpack_sharing_enabled":true,"_links":{"self":[{"href":"https:\/\/ridstar.eu\/es\/wp-json\/wp\/v2\/pages\/12598","targetHints":{"allow":["GET"]}}],"collection":[{"href":"https:\/\/ridstar.eu\/es\/wp-json\/wp\/v2\/pages"}],"about":[{"href":"https:\/\/ridstar.eu\/es\/wp-json\/wp\/v2\/types\/page"}],"author":[{"embeddable":true,"href":"https:\/\/ridstar.eu\/es\/wp-json\/wp\/v2\/users\/1"}],"replies":[{"embeddable":true,"href":"https:\/\/ridstar.eu\/es\/wp-json\/wp\/v2\/comments?post=12598"}],"version-history":[{"count":0,"href":"https:\/\/ridstar.eu\/es\/wp-json\/wp\/v2\/pages\/12598\/revisions"}],"wp:attachment":[{"href":"https:\/\/ridstar.eu\/es\/wp-json\/wp\/v2\/media?parent=12598"}],"curies":[{"name":"gracias","href":"https:\/\/api.w.org\/{rel}","templated":true}]}}