{"id":12595,"date":"2023-09-20T10:55:46","date_gmt":"2023-09-20T07:55:46","guid":{"rendered":"https:\/\/ridstar.eu\/?page_id=12595"},"modified":"2026-03-10T13:15:49","modified_gmt":"2026-03-10T11:15:49","slug":"condiciones-de-uso","status":"publish","type":"page","link":"https:\/\/ridstar.eu\/es\/terms-of-use\/","title":{"rendered":"Condiciones de uso"},"content":{"rendered":"<div class=\"et_pb_section_0 et_pb_section et_section_regular et_block_section\">\n<div class=\"et_pb_row_0 et_pb_row et_block_row\">\n<div class=\"et_pb_column_0 et_pb_column et_pb_column_4_4 et-last-child et_block_column et_pb_css_mix_blend_mode_passthrough\">\n<div class=\"et_pb_text_0 et_pb_text et_pb_bg_layout_light et_pb_module et_block_module\"><div class=\"et_pb_text_inner\"><header class=\"entry-header\">\n<h1 class=\"entry-title\"><\/h1>\n<p>\u00a0<\/p>\n<p>\u00a0<\/p>\n<p>\u00a0<\/p>\n<p>\u00a0<\/p>\n<h1 class=\"entry-title\">T\u00e9rminos y condiciones<\/h1>\n<\/header>\n<div class=\"entry-content\">\n<p>Los t\u00e9rminos y condiciones se actualizaron por \u00faltima vez el 21\/09\/2023.<\/p>\n<p>1. Introducci\u00f3n<\/p>\n<p>Estos T\u00e9rminos y condiciones se aplican a este sitio web y a las transacciones relacionadas con nuestros productos y servicios. Puede estar sujeto a acuerdos adicionales relacionados con su relaci\u00f3n con nosotros o cualquier producto o servicio que reciba de nosotros. Si alguna disposici\u00f3n de los Acuerdos complementarios entra en conflicto con alguna disposici\u00f3n de estos T\u00e9rminos, prevalecer\u00e1n y prevalecer\u00e1n las disposiciones de esos Acuerdos complementarios.<\/p>\n<p>2. Obligatorio<\/p>\n<p>Al registrarse, acceder o utilizar este sitio web, usted acepta estar sujeto a los siguientes T\u00e9rminos y condiciones. El mero uso de este sitio web constituye su comprensi\u00f3n y aceptaci\u00f3n de estos T\u00e9rminos y condiciones. En determinados casos espec\u00edficos, podremos solicitarle que exprese su consentimiento.<\/p>\n<p>3. Comunicaci\u00f3n electr\u00f3nica<\/p>\n<p>Al utilizar este sitio web o comunicarse con nosotros electr\u00f3nicamente, usted acepta y reconoce que podemos comunicarnos con usted electr\u00f3nicamente en nuestro sitio web o envi\u00e1ndole correo electr\u00f3nico, y acepta que todos los acuerdos, avisos, divulgaciones y otras comunicaciones que le proporcionamos electr\u00f3nicamente en de una manera que cumpla con todos los requisitos legales, incluido, entre otros, el requisito de que dichas notificaciones se realicen por escrito.<\/p>\n<p>4. Propiedad intelectual<\/p>\n<p>Nosotros o nuestros licenciantes poseemos y controlamos todos los derechos de autor y otros derechos de propiedad intelectual en el sitio web y los datos, la informaci\u00f3n y otros recursos que se muestran o est\u00e1n disponibles en \u00e9l.<\/p>\n<p>4.1. Reservados todos los derechos<\/p>\n<p>A menos que el contenido espec\u00edfico indique lo contrario, no se le otorga ninguna licencia u otro derecho bajo ning\u00fan derecho de autor, marca registrada, patente u otro derecho de propiedad intelectual. Esto significa que, sin nuestro permiso previo por escrito, no utilizar\u00e1, copiar\u00e1, reproducir\u00e1, realizar\u00e1, exhibir\u00e1, exhibir\u00e1, distribuir\u00e1, instalar\u00e1 en ning\u00fan medio electr\u00f3nico, modificar\u00e1, transferir\u00e1, descompilar\u00e1, transmitir\u00e1, transferir\u00e1, vender\u00e1, revender\u00e1 ni comercializar\u00e1. cualquier contenido de este sitio web. recursos en cualquier forma, excepto en los casos y s\u00f3lo en la medida en que se establezca lo contrario en actos jur\u00eddicos vinculantes (por ejemplo, el derecho a citar).<\/p>\n<p>5. Propiedad de terceros<\/p>\n<p>Nuestro sitio web puede contener hiperv\u00ednculos u otros enlaces a sitios web de otros pa\u00edses. No controlamos ni revisamos el contenido de sitios web de terceros vinculados desde este sitio web. Los productos o servicios ofrecidos por otros sitios web est\u00e1n sujetos a los t\u00e9rminos y condiciones de ese tercero. No necesariamente respaldamos las opiniones expresadas en esos sitios o el material que contienen.<\/p>\n<p>No somos responsables de las pr\u00e1cticas de privacidad o el contenido de estos sitios web. El uso de estos sitios web y de cualquier servicio de terceros relacionado es bajo su propio riesgo. No aceptamos ninguna responsabilidad por cualquier p\u00e9rdida o da\u00f1o causado como resultado de su divulgaci\u00f3n de informaci\u00f3n personal a terceros.<\/p>\n<p>6. Uso responsable<\/p>\n<p>Al visitar nuestro sitio web, acepta utilizarlo \u00fanicamente para los fines previstos y seg\u00fan lo permitido por estos T\u00e9rminos, cualquier acuerdo adicional con nosotros, las leyes y regulaciones aplicables y las pr\u00e1cticas de Internet y pautas de la industria generalmente aceptadas. No puede utilizar nuestro Sitio o Servicios mediante el uso, publicaci\u00f3n o distribuci\u00f3n de ning\u00fan material que consista en (o est\u00e9 vinculado a) software inform\u00e1tico malicioso; utilizar los datos recopilados de nuestro sitio web para cualquier actividad de marketing directo o realizar cualquier actividad de recopilaci\u00f3n de datos sistem\u00e1tica o automatizada en nuestro sitio web o en conexi\u00f3n con \u00e9l.<\/p>\n<p>Est\u00e1 estrictamente prohibido participar en cualquier actividad que cause o pueda causar da\u00f1os al Sitio o interfiera con el funcionamiento, disponibilidad o accesibilidad del Sitio.<\/p>\n<p>7. Registro<\/p>\n<p>Puede registrar una cuenta en nuestro sitio web. Es posible que se le solicite que elija una contrase\u00f1a durante este proceso. Usted es responsable de mantener la confidencialidad de sus contrase\u00f1as y la informaci\u00f3n de su cuenta, y acepta no compartir sus contrase\u00f1as, informaci\u00f3n de su cuenta o acceso seguro a nuestro sitio web o servicios con ninguna otra persona. No puede permitir que ninguna otra persona use su cuenta para acceder al Sitio, y usted es responsable de todas las actividades que ocurran con sus contrase\u00f1as o cuentas. Debe notificarnos inmediatamente sobre cualquier divulgaci\u00f3n de su contrase\u00f1a.<\/p>\n<p>Despu\u00e9s de la cancelaci\u00f3n de la cuenta, no intentar\u00e1 registrar una cuenta nueva sin nuestro permiso.<\/p>\n<p>8. Pol\u00edtica de devoluci\u00f3n y reembolso<\/p>\n<p>8.1. Derecho a desistir del contrato<\/p>\n<p><span style=\"font-size: 14px;\">Nuestras actividades en Europa son individuales. Y las leyes se aplican como si estuvieras comprando a un particular.<\/span><\/p>\n<p><span style=\"font-size: 14px;\">Tienes derecho a un reembolso si has recibido un producto que no es el mismo que has pedido o si est\u00e1 defectuoso. Una vez desembalada la bicicleta, no se puede devolver.<\/span><\/p>\n<p>En el caso de un pedido cancelado, una vez entregado al servicio de mensajer\u00eda, el comprador ser\u00e1 responsable de los gastos de env\u00edo (gastos de env\u00edo dentro de la UE 220 EUR)<span style=\"font-size: 14px;\"><\/span><\/p>\n<p><span style=\"font-size: 14px;\">Para ejercer su derecho a desistir de este contrato, deber\u00e1 informarnos de su decisi\u00f3n de desistir de este contrato mediante una declaraci\u00f3n inequ\u00edvoca (por ejemplo, mediante carta enviada por correo postal, fax o correo electr\u00f3nico). Nuestros datos de contacto se encuentran a continuaci\u00f3n. Puede utilizar el formulario de exclusi\u00f3n de muestra adjunto, pero no es obligatorio.<\/span><\/p>\n<p>Si ejerce esta opci\u00f3n, le transmitiremos de inmediato en un medio duradero (por ejemplo, correo electr\u00f3nico) un acuse de recibo de dicha exclusi\u00f3n voluntaria.<\/p>\n<p>Tenemos derecho a ofrecerle un reembolso parcial, enviarle la pieza defectuosa o cualquier otra forma mutuamente aceptable para resolver la situaci\u00f3n.<\/p>\n<p>Tenga en cuenta que las entregas desde China son err\u00e1ticas y no podemos dar un tiempo de entrega exacto debido a diversos eventos de fuerza mayor (acciones militares en el mar por parte de los Hussis y otros factores que afectan el env\u00edo). Los pedidos enviados desde el almac\u00e9n chino son irrevocables.<span style=\"font-size: 14px;\">\u00a0<\/span><\/p>\n<p>Los reembolsos tardan hasta 2 semanas.<\/p>\n<p>8.2. Consecuencias de optar por no participar<\/p>\n<p>Debe devolver los productos o entreg\u00e1rnoslos a nosotros o a nuestra persona autorizada para su aceptaci\u00f3n sin demoras indebidas y, en cualquier caso, a m\u00e1s tardar 14 d\u00edas despu\u00e9s de que nos notifique su desistimiento de este contrato. Este plazo se considerar\u00e1 incumplido si devuelve la mercanc\u00eda antes del plazo de 14 d\u00edas.<\/p>\n<p>Podemos retener el reembolso hasta que recibamos los productos de vuelta o hasta que usted proporcione evidencia de que los ha devuelto, lo que ocurra primero.<\/p>\n<p>Todos los costes asociados a la devoluci\u00f3n corren a cargo del comprador.<\/p>\n<p>Usted es el \u00fanico responsable de cualquier disminuci\u00f3n en el valor de los bienes resultante de la manipulaci\u00f3n de los mismos, que no sea lo necesario para determinar la naturaleza, las caracter\u00edsticas y el rendimiento de los bienes.<\/p>\n<p>Tenga en cuenta que existen ciertas excepciones legales al derecho de desistimiento, por lo que algunos productos no se pueden devolver ni cambiar. Le informaremos si esto es aplicable en su caso particular.<\/p>\n<p>9. Presentaci\u00f3n de ideas<\/p>\n<p>No env\u00ede ninguna idea, invenci\u00f3n, derechos de autor u otra informaci\u00f3n que pueda considerarse su propiedad intelectual y que desee enviarnos a menos que primero firmemos un acuerdo de propiedad intelectual o un acuerdo de confidencialidad. Si nos lo revela sin dicho acuerdo escrito, nos otorga una licencia mundial, irrevocable, no exclusiva y libre de regal\u00edas para usar, reproducir, almacenar, adaptar, publicar, traducir y distribuir su contenido en cualquier medio existente o futuro.<\/p>\n<p>10. Terminaci\u00f3n del uso<\/p>\n<p>Podemos en cualquier momento, a nuestro exclusivo criterio, modificar o cancelar temporal o permanentemente su acceso al Sitio o cualquiera de los servicios contenidos en el mismo. Usted acepta que no seremos responsables ante usted ni ante ning\u00fan tercero por dicha modificaci\u00f3n, suspensi\u00f3n o terminaci\u00f3n de su acceso al sitio web o de cualquier contenido que haya compartido en el sitio web. No tendr\u00e1 derecho a ninguna compensaci\u00f3n u otro pago, incluso si ciertas funciones, configuraciones y\/o cualquier contenido al que contribuy\u00f3 o en el que confi\u00f3 se pierden permanentemente. No puede eludir, eludir ni intentar eludir ni eludir ninguna medida de restricci\u00f3n de acceso en nuestro sitio web.<\/p>\n<p>11. Garant\u00edas y Responsabilidad<\/p>\n<p><span>La garant\u00eda se limita expresamente al reemplazo de una bater\u00eda de iones de litio defectuosa (el &quot;<\/span><strong>Bater\u00eda<\/strong><span>\u201d), cuadro, horquillas, potencia, manillar, auriculares, tija de sill\u00edn, sill\u00edn, frenos, luces, pedalier, juego de bielas, pedales, llantas, cubo de rueda, rueda libre, casete, desviador, palanca de cambios, motor, acelerador, controlador, cableado. arn\u00e9s, pantalla LCD, soporte, reflectores y hardware (cada uno un &quot;<\/span><strong>Componente cubierto<\/strong><span>\u201d).<\/span><\/p>\n<div id=\"s-6bcb05ea-21d0-42c6-8402-6cb62c9d4792\" class=\"shg-c heading shg-align-left\">\n<div class=\"shogun-heading-component\">\n<h2><span style=\"font-size: small;\">Esta garant\u00eda limitada no cubre:<\/span><\/h2>\n<\/div>\n<\/div>\n<div id=\"s-e4a2a692-21dc-45f7-8238-fa18a30457f3\" class=\"shg-c\">\n<div class=\"shg-rich-text shg-theme-text-content\">\n<ul>\n<li>Desgaste normal de cualquier Componente Cubierto.<\/li>\n<li>Consumibles o piezas de desgaste normal (incluidos, entre otros, neum\u00e1ticos, c\u00e1maras, pastillas de freno, cables y carcasas, pu\u00f1os, cadenas y radios).<\/li>\n<li>Cualquier da\u00f1o o defecto a los Componentes cubiertos que resulte del incumplimiento de las instrucciones del manual del propietario de la bicicleta el\u00e9ctrica, casos fortuitos, accidentes, mal uso, negligencia, abuso, uso comercial, alteraciones, modificaciones, ensamblaje inadecuado, instalaci\u00f3n de piezas o accesorios no previstos originalmente o compatible con la bicicleta el\u00e9ctrica tal como se vende, error del operador, da\u00f1os por agua, conducci\u00f3n extrema, acrobacias o mantenimiento de seguimiento inadecuado.<\/li>\n<li>Para evitar dudas, no seremos responsables de ning\u00fan da\u00f1o, falla o p\u00e9rdida causada por cualquier servicio no autorizado o uso de piezas no autorizadas.<\/li>\n<li>La bater\u00eda no est\u00e1 garantizada contra da\u00f1os resultantes de sobretensiones, uso de un cargador inadecuado, mantenimiento inadecuado u otro uso indebido, desgaste normal o da\u00f1os por agua.<\/li>\n<li>Cualquier producto vendido por Ridstar EU que no sea una bicicleta el\u00e9ctrica.<br \/>Para realizar la garant\u00eda haga el formulario en esta p\u00e1gina: <a href=\"https:\/\/ridstar.eu\/es\/apoyo\/\">Soporte - Bicicletas el\u00e9ctricas RIDSTAR - Tienda online oficial<\/a><\/li>\n<\/ul>\n<p>\u00a0<\/p>\n<p>\u00a0<\/p>\n<\/div>\n<\/div>\n<p>12. Privacidad<\/p>\n<p>Para utilizar nuestro sitio web y\/o servicios, es posible que se le solicite que proporcione cierta informaci\u00f3n sobre usted durante el proceso de registro. Usted acepta que cualquier informaci\u00f3n que proporcione ser\u00e1 precisa, correcta y estar\u00e1 actualizada en todo momento.<\/p>\n<p>Nos tomamos en serio sus datos personales y nos comprometemos a proteger su privacidad. No utilizaremos su correo electr\u00f3nico. direcci\u00f3n de correo electr\u00f3nico para enviar correos electr\u00f3nicos no solicitados. Todos los correos electr\u00f3nicos que le enviemos o cartas se relacionar\u00e1n \u00fanicamente con la provisi\u00f3n de los productos o servicios acordados.<\/p>\n<p>13. Restricciones de exportaci\u00f3n\/cumplimiento legal<\/p>\n<p>Acceso al Sitio Web desde territorios o pa\u00edses donde el contenido o la compra de productos o Servicios vendidos en el Sitio Web sea ilegal. No puede utilizar este sitio web en violaci\u00f3n de las leyes y regulaciones de exportaci\u00f3n de Lituania.<\/p>\n<p>14. Asignaci\u00f3n<\/p>\n<p>No puede ceder, transferir ni subcontratar ninguno de sus derechos y\/u obligaciones bajo estos T\u00e9rminos y condiciones, en su totalidad o en parte, a ning\u00fan tercero sin nuestro consentimiento previo por escrito. Cualquier supuesta cesi\u00f3n que viole esta secci\u00f3n ser\u00e1 nula y sin efecto.<\/p>\n<p>15. Violaciones de estos T\u00e9rminos y condiciones<\/p>\n<p>Sin perjuicio de nuestros otros derechos bajo estos T\u00e9rminos, si usted infringe estos T\u00e9rminos de alguna manera, podemos tomar las medidas que consideremos apropiadas para remediar el incumplimiento, incluida la suspensi\u00f3n temporal o permanente de su acceso al Sitio, comunicarnos con su Proveedor de servicios de Internet y solicitando que bloqueen su acceso al sitio web y\/o emprendan acciones legales en su contra.<\/p>\n<p>16. Indemnizaci\u00f3n<\/p>\n<p>Usted acepta indemnizar, defender y eximirnos de toda responsabilidad por todos los reclamos, responsabilidades, da\u00f1os, p\u00e9rdidas y gastos relacionados con su violaci\u00f3n de estos T\u00e9rminos y condiciones y las leyes aplicables, incluidos los derechos de propiedad intelectual y los derechos de privacidad. Usted nos indemnizar\u00e1 de inmediato contra todos los da\u00f1os, p\u00e9rdidas, costos y gastos relacionados o que surjan de dichos reclamos.<\/p>\n<p>17. Renuncia de Obligaci\u00f3n<\/p>\n<p>El hecho de no hacer cumplir o rescindir cualquier disposici\u00f3n de estos T\u00e9rminos y condiciones y cualquier Acuerdo no se considerar\u00e1 una renuncia a dicha disposici\u00f3n y no afectar\u00e1 la validez de estos T\u00e9rminos y condiciones, cualquier Acuerdo o cualquier parte del mismo, ni el derecho a hacer cumplir posteriormente cada uno de ellos. disposici\u00f3n.<\/p>\n<p>18. Idioma<\/p>\n<p>Estos T\u00e9rminos y condiciones se explicar\u00e1n e interpretar\u00e1n \u00fanicamente en el idioma ingl\u00e9s. Todos los mensajes y correspondencia se escribir\u00e1n \u00fanicamente en este idioma.<\/p>\n<p>19. Acuerdo completo<\/p>\n<p>Estos T\u00e9rminos y condiciones constituyen el acuerdo completo entre usted y RIDSTAR.EU con respecto al uso de este sitio web.<\/p>\n<p>20. Actualizaci\u00f3n de estos T\u00e9rminos<\/p>\n<p>Podemos actualizar estos T\u00e9rminos y condiciones de vez en cuando. La fecha que se muestra al principio de estos T\u00e9rminos y condiciones es la fecha de revisi\u00f3n m\u00e1s reciente. Le avisaremos por escrito de cualquier cambio o actualizaci\u00f3n, y los T\u00e9rminos modificados entrar\u00e1n en vigor en la fecha en que le enviemos dicho aviso. Su uso continuado de este sitio web despu\u00e9s de la publicaci\u00f3n de cualquier cambio o actualizaci\u00f3n se considerar\u00e1 su aceptaci\u00f3n y acuerdo de estar sujeto a estos T\u00e9rminos y condiciones. Para solicitar una versi\u00f3n anterior de estos T\u00e9rminos, cont\u00e1ctenos.<\/p>\n<p>21. Elecci\u00f3n de ley y jurisdicci\u00f3n<\/p>\n<p>Estos T\u00e9rminos y condiciones se rigen por las leyes de Lituania. Cualquier disputa relacionada con estos T\u00e9rminos y condiciones est\u00e1 sujeta a la jurisdicci\u00f3n de los tribunales lituanos. Si un tribunal u otra autoridad determina que cualquier parte o disposici\u00f3n de estos T\u00e9rminos y condiciones es inv\u00e1lida y\/o inaplicable seg\u00fan la ley aplicable, dicha parte o disposici\u00f3n ser\u00e1 modificada, eliminada y\/o aplicada en la m\u00e1xima medida permitida para hacer cumplir estos T\u00e9rminos y condiciones. el prop\u00f3sito de los t\u00e9rminos. Otras configuraciones no se ver\u00e1n afectadas.<\/p>\n<p>22. Informaci\u00f3n de contacto<\/p>\n<p>Este sitio web est\u00e1 gestionado por ridstar.eu<\/p>\n<p>Respecto a estos T\u00e9rminos y Condiciones, puede contactarnos escribi\u00e9ndonos o envi\u00e1ndonos un correo electr\u00f3nico. una carta a la siguiente direcci\u00f3n:<\/p>\n<p>hello@ridstar.eu o por tel\u00e9fono +37063208163<\/p>\n<\/div>\n<\/div><\/div>\n<\/div>\n<\/div>\n<\/div>","protected":false},"excerpt":{"rendered":"","protected":false},"author":1,"featured_media":0,"parent":0,"menu_order":0,"comment_status":"closed","ping_status":"closed","template":"","meta":{"footnotes":""},"class_list":["post-12595","page","type-page","status-publish","hentry"],"_links":{"self":[{"href":"https:\/\/ridstar.eu\/es\/wp-json\/wp\/v2\/pages\/12595","targetHints":{"allow":["GET"]}}],"collection":[{"href":"https:\/\/ridstar.eu\/es\/wp-json\/wp\/v2\/pages"}],"about":[{"href":"https:\/\/ridstar.eu\/es\/wp-json\/wp\/v2\/types\/page"}],"author":[{"embeddable":true,"href":"https:\/\/ridstar.eu\/es\/wp-json\/wp\/v2\/users\/1"}],"replies":[{"embeddable":true,"href":"https:\/\/ridstar.eu\/es\/wp-json\/wp\/v2\/comments?post=12595"}],"version-history":[{"count":0,"href":"https:\/\/ridstar.eu\/es\/wp-json\/wp\/v2\/pages\/12595\/revisions"}],"wp:attachment":[{"href":"https:\/\/ridstar.eu\/es\/wp-json\/wp\/v2\/media?parent=12595"}],"curies":[{"name":"gracias","href":"https:\/\/api.w.org\/{rel}","templated":true}]}}