{"id":291765,"date":"2026-02-26T16:50:43","date_gmt":"2026-02-26T14:50:43","guid":{"rendered":"https:\/\/ridstar.eu\/?post_type=product&#038;p=291765"},"modified":"2026-03-17T02:00:35","modified_gmt":"2026-03-17T00:00:35","slug":"elektromotorrad-bopzin-q8-2000w-60v-35ah-akku-25x3-0-reifen","status":"publish","type":"product","link":"https:\/\/ridstar.eu\/de\/product\/elektromotorrad-bopzin-q8-2000w-60v-35ah-akku-25x3-0-reifen\/","title":{"rendered":"Elektromotorrad Bopzin Q8, 2000W, 60V, 35Ah Akku, 25\u00d73,0\u2033 Reifen"},"content":{"rendered":"<h3 data-path-to-node=\"2\">Bopzin Q8 60V, 2000W Breitreifen-E-Bike: Erobern Sie Stadt und Gel\u00e4nde<\/h3>\n<p data-path-to-node=\"3\">Entfliehen Sie dem Stadtverkehr und genie\u00dfen Sie die Freiheit abseits der Stra\u00dfen. <b data-path-to-node=\"3\" data-index-in-node=\"60\">Bopzin Q8 60V<\/b> Die Q8 ist ein gel\u00e4ndeg\u00e4ngiges Elektromotorrad, das kraftvolle Performance im Gel\u00e4nde mit Alltagstauglichkeit vereint. Ob in engen Stadtstra\u00dfen oder auf anspruchsvollen Waldwegen \u2013 die Q8 bietet ein aufregendes und uneingeschr\u00e4nktes Fahrerlebnis.<\/p>\n<p data-path-to-node=\"4\"><b data-path-to-node=\"4\" data-index-in-node=\"0\">Unaufhaltsame Kraft und Reichweite<\/b><\/p>\n<ul data-path-to-node=\"5\">\n<li>\n<p data-path-to-node=\"5,0,0\"><b data-path-to-node=\"5,0,0\" data-index-in-node=\"0\">Hochgeschwindigkeits-B\u00fcrstenlosmotor:<\/b> Ein robuster 60V-Motor liefert sofortiges Drehmoment und stabile Leistung, wodurch steile Anstiege und unwegsames Gel\u00e4nde m\u00fchelos bew\u00e4ltigt werden, ohne an Schwung zu verlieren.<\/p>\n<\/li>\n<li>\n<p data-path-to-node=\"5,1,0\"><b data-path-to-node=\"5,1,0\" data-index-in-node=\"0\">Austauschbarer Akku mit hoher Kapazit\u00e4t:<\/b> Das gewaltige <b data-path-to-node=\"5,1,0\" data-index-in-node=\"45\">60V 35Ah Lithium-Batterie<\/b> Bietet au\u00dfergew\u00f6hnliche Ausdauer. Fahren Sie 60\u201390 km im rein elektrischen Modus oder verl\u00e4ngern Sie Ihre Reise auf 80\u2013110 km mit Tretunterst\u00fctzung.<\/p>\n<\/li>\n<li>\n<p data-path-to-node=\"5,2,0\"><b data-path-to-node=\"5,2,0\" data-index-in-node=\"0\">Schnelles und effizientes Laden:<\/b> Der Akku l\u00e4sst sich zum Laden in Innenr\u00e4umen einfach entnehmen. Das mitgelieferte 67,2-V-5-A-Ladeger\u00e4t l\u00e4dt den Akku in nur 6\u20138 Stunden sicher auf.<\/p>\n<\/li>\n<li>\n<p data-path-to-node=\"5,3,0\"><b data-path-to-node=\"5,3,0\" data-index-in-node=\"0\">Optimierte Leistung:<\/b> Angetrieben von einem hochwertigen 60V 45A Sinuswellenregler f\u00fcr eine gleichm\u00e4\u00dfige, reaktionsschnelle und effiziente Stromversorgung.<\/p>\n<\/li>\n<\/ul>\n<p><img decoding=\"async\" class=\"alignnone size-full wp-image-291771\" src=\"https:\/\/ridstar.eu\/wp-content\/uploads\/2026\/02\/Q8-7.webp\" alt=\"Bopzin Q8\" width=\"1600\" height=\"1600\" \/><\/p>\n<p data-path-to-node=\"6\"><b data-path-to-node=\"6\" data-index-in-node=\"0\">Ultimative Kontrolle und Komfort<\/b><\/p>\n<ul data-path-to-node=\"7\">\n<li>\n<p data-path-to-node=\"7,0,0\"><b data-path-to-node=\"7,0,0\" data-index-in-node=\"0\">Premium-Bremsen und -Federung:<\/b> Ausgestattet mit reaktionsschnellen <b data-path-to-node=\"7,0,0\" data-index-in-node=\"55\">Hydraulische Scheibenbremsen vorne und hinten<\/b> F\u00fcr sofortige und sichere Bremsman\u00f6ver bei jedem Wetter. Das vollst\u00e4ndige Doppelfederungssystem (vorn und hinten) absorbiert m\u00fchelos St\u00f6\u00dfe und Unebenheiten der Fahrbahn.<\/p>\n<\/li>\n<li>\n<p data-path-to-node=\"7,1,0\"><b data-path-to-node=\"7,1,0\" data-index-in-node=\"0\">M\u00fchelose Bedienung:<\/b> Das einstufige Getriebe macht komplizierte Gangwechsel \u00fcberfl\u00fcssig. Geschwindigkeit, Akkulaufzeit und Kilometerstand lassen sich auf dem hellen Display auf einen Blick ablesen. <b data-path-to-node=\"7,1,0\" data-index-in-node=\"156\">LCD Anzeige<\/b>.<\/p>\n<\/li>\n<li>\n<p data-path-to-node=\"7,2,0\"><b data-path-to-node=\"7,2,0\" data-index-in-node=\"0\">3 Fahrmodi:<\/b> Wechseln Sie blitzschnell zwischen vollelektrischem Modus (f\u00fcr m\u00fcheloses Cruisen), Pedalunterst\u00fctzung (zur Steigerung Ihrer Tretkraft) und manuellem Modus (um wie mit einem herk\u00f6mmlichen Fahrrad zu fahren).<\/p>\n<\/li>\n<\/ul>\n<p><img decoding=\"async\" class=\"alignnone size-full wp-image-291766\" src=\"https:\/\/ridstar.eu\/wp-content\/uploads\/2026\/02\/Q8-2.png\" alt=\"Bopzin Q8\" width=\"2048\" height=\"2048\" \/><\/p>\n<p data-path-to-node=\"8\"><b data-path-to-node=\"8\" data-index-in-node=\"0\">Robuste Bauweise &amp; Ergonomie<\/b><\/p>\n<ul data-path-to-node=\"9\">\n<li>\n<p data-path-to-node=\"9,0,0\"><b data-path-to-node=\"9,0,0\" data-index-in-node=\"0\">Rahmen aus hochkohlenstoffhaltigem Stahl:<\/b> Das Fahrrad basiert auf einem robusten 25-Zoll-Rahmen aus hochfestem Stahl. Obwohl es 50 kg wiegt, tr\u00e4gt es problemlos ein massives Gewicht. <b data-path-to-node=\"9,0,0\" data-index-in-node=\"138\">maximale Nutzlast von 180 kg<\/b>.<\/p>\n<\/li>\n<li>\n<p data-path-to-node=\"9,1,0\"><b data-path-to-node=\"9,1,0\" data-index-in-node=\"0\">Traktion durch breite Reifen:<\/b> Der <b data-path-to-node=\"9,1,0\" data-index-in-node=\"24\">25&#8243; x 3.0&#8243; wide tires<\/b> Sie sind auf robusten Speichenr\u00e4dern aus hochfestem Kohlenstoffstahl montiert. Profitieren Sie von hervorragendem Grip, Rutschfestigkeit und verbesserter Sto\u00dfd\u00e4mpfung auf Schlamm, Schnee oder nasser Fahrbahn.<\/p>\n<\/li>\n<li>\n<p data-path-to-node=\"9,2,0\"><b data-path-to-node=\"9,2,0\" data-index-in-node=\"0\">Optimierte Dimensionierung:<\/b> Entwickelt f\u00fcr optimale Fahrerergonomie (empfohlene K\u00f6rpergr\u00f6\u00dfe ca. 175 cm). Eine Lenkerh\u00f6he von 105 cm und eine Sitzh\u00f6he von 85 cm gew\u00e4hrleisten eine komfortable und erm\u00fcdungsfreie Sitzposition auch auf langen Fahrten.<\/p>\n<\/li>\n<\/ul>\n<p><img decoding=\"async\" class=\"alignnone size-full wp-image-291767\" src=\"https:\/\/ridstar.eu\/wp-content\/uploads\/2026\/02\/Q8-3.png\" alt=\"Bopzin Q8\" width=\"2048\" height=\"2048\" \/><\/p>\n<p data-path-to-node=\"10\"><b data-path-to-node=\"10\" data-index-in-node=\"0\">Sicherheit &amp; praktische Extras<\/b><\/p>\n<ul data-path-to-node=\"11\">\n<li>\n<p data-path-to-node=\"11,0,0\"><b data-path-to-node=\"11,0,0\" data-index-in-node=\"0\">Komplettes Beleuchtungssystem:<\/b> Fahren Sie nachts sicher mit einem hellen Frontscheinwerfer, R\u00fccklicht und vollst\u00e4ndiger <b data-path-to-node=\"11,0,0\" data-index-in-node=\"103\">Blinker (vorne, hinten, links, rechts)<\/b>. Reflektoren an den R\u00e4dern und am Heck maximieren Ihre Sichtbarkeit f\u00fcr andere Verkehrsteilnehmer.<\/p>\n<\/li>\n<li>\n<p data-path-to-node=\"11,1,0\"><b data-path-to-node=\"11,1,0\" data-index-in-node=\"0\">Eingebauter USB-Anschluss:<\/b> Laden Sie Ihr Handy oder GPS-Ger\u00e4t unterwegs direkt \u00fcber das Armaturenbrett auf.<\/p>\n<\/li>\n<li>\n<p data-path-to-node=\"11,2,0\"><b data-path-to-node=\"11,2,0\" data-index-in-node=\"0\">F\u00fcr jedes Wetter geeignet:<\/b> Vordere und hintere Kunststoffkotfl\u00fcgel sind im Lieferumfang enthalten, um Sie vor Schlamm und Spritzwasser zu sch\u00fctzen.<\/p>\n<\/li>\n<\/ul>","protected":false},"excerpt":{"rendered":"<h3 data-path-to-node=\"2\">Neu! Verf\u00fcgbar ab Mitte April.<\/h3>\n<p data-path-to-node=\"2\"><strong>Bopzin Q8<\/strong> 60V, 2000W, 35Ah Breitreifen-E-Bike.<\/p>","protected":false},"featured_media":291772,"comment_status":"open","ping_status":"closed","template":"","meta":[],"product_brand":[483],"product_cat":[212],"product_tag":[],"class_list":{"0":"post-291765","1":"product","2":"type-product","3":"status-publish","4":"has-post-thumbnail","6":"product_brand-bopzin","7":"product_cat-electric-bikes","9":"first","10":"outofstock","11":"shipping-taxable","12":"purchasable","13":"product-type-simple"},"jetpack_sharing_enabled":true,"_links":{"self":[{"href":"https:\/\/ridstar.eu\/de\/wp-json\/wp\/v2\/product\/291765","targetHints":{"allow":["GET"]}}],"collection":[{"href":"https:\/\/ridstar.eu\/de\/wp-json\/wp\/v2\/product"}],"about":[{"href":"https:\/\/ridstar.eu\/de\/wp-json\/wp\/v2\/types\/product"}],"replies":[{"embeddable":true,"href":"https:\/\/ridstar.eu\/de\/wp-json\/wp\/v2\/comments?post=291765"}],"wp:featuredmedia":[{"embeddable":true,"href":"https:\/\/ridstar.eu\/de\/wp-json\/wp\/v2\/media\/291772"}],"wp:attachment":[{"href":"https:\/\/ridstar.eu\/de\/wp-json\/wp\/v2\/media?parent=291765"}],"wp:term":[{"taxonomy":"product_brand","embeddable":true,"href":"https:\/\/ridstar.eu\/de\/wp-json\/wp\/v2\/product_brand?post=291765"},{"taxonomy":"product_cat","embeddable":true,"href":"https:\/\/ridstar.eu\/de\/wp-json\/wp\/v2\/product_cat?post=291765"},{"taxonomy":"product_tag","embeddable":true,"href":"https:\/\/ridstar.eu\/de\/wp-json\/wp\/v2\/product_tag?post=291765"}],"curies":[{"name":"wp","href":"https:\/\/api.w.org\/{rel}","templated":true}]}}