{"id":291727,"date":"2026-02-09T11:08:15","date_gmt":"2026-02-09T09:08:15","guid":{"rendered":"https:\/\/ridstar.eu\/?post_type=product&#038;p=291727"},"modified":"2026-04-03T03:00:22","modified_gmt":"2026-04-03T00:00:22","slug":"e-bike-yvy-c26max-2000w-dual-1000w-48v-23ah-akku-kopie","status":"publish","type":"product","link":"https:\/\/ridstar.eu\/de\/product\/e-bike-yvy-c26max-2000w-dual-1000w-48v-23ah-akku-kopie\/","title":{"rendered":"Elektrofahrrad YVY C26MAX, 2000 W (2 x 1000 W), 48 V, 23 Ah Akku"},"content":{"rendered":"<h2 data-path-to-node=\"5\">YVY C26Max: Hochleistungs-Elektrofahrrad mit zwei Motoren<\/h2>\n<p data-path-to-node=\"6\">Der <b data-path-to-node=\"6\" data-index-in-node=\"4\">YVY C26 Max<a href=\"https:\/\/ridstar.eu\/de\/informationen-zum-ridstar-q20-pro\/\"> Merkmale<\/a><\/b> Es wurde auf Leistung, Performance und Vielseitigkeit ausgelegt und ist damit das f\u00fchrende E-Bike f\u00fcr Abenteuerlustige und Alltagsfahrer in ganz Europa. Erh\u00e4ltlich bei <b data-path-to-node=\"6\" data-index-in-node=\"164\">ridstar.eu<\/b>, Dieses Modell repr\u00e4sentiert die n\u00e4chste Stufe der Dualmotor-Technologie, der robusten Konstruktion und der fortschrittlichen Funktionen f\u00fcr ein unvergleichliches Fahrerlebnis.<\/p>\n<h3 data-path-to-node=\"7\">Hauptmerkmale<\/h3>\n<ul data-path-to-node=\"8\">\n<li>\n<p data-path-to-node=\"8,0,0\"><b data-path-to-node=\"8,0,0\" data-index-in-node=\"0\">Leistungsstarkes Doppelmotorsystem<\/b> Der <b data-path-to-node=\"8,0,0\" data-index-in-node=\"31\">YVY C26 Max<\/b> verf\u00fcgt \u00fcber eine massive <b data-path-to-node=\"8,0,0\" data-index-in-node=\"60\">2000-W-Doppelmotorsystem (2 x 1000 W)<\/b>, Es liefert ein unglaubliches Drehmoment und hohe Effizienz. M\u00fchelos bew\u00e4ltigt es steile H\u00fcgel und erreicht hohe Geschwindigkeiten, was f\u00fcr ein rasantes und aufregendes Fahrerlebnis in jedem Gel\u00e4nde sorgt.<\/p>\n<\/li>\n<li>\n<p data-path-to-node=\"8,1,0\"><b data-path-to-node=\"8,1,0\" data-index-in-node=\"0\">Lithium-Batterie mit gro\u00dfer Reichweite<\/b> Ausgestattet mit einer hohen Kapazit\u00e4t <b data-path-to-node=\"8,1,0\" data-index-in-node=\"57\">48V 23Ah Batterie<\/b>, Dieses E-Bike bietet eine maximale Reichweite von bis zu <b data-path-to-node=\"8,1,0\" data-index-in-node=\"119\">80 km<\/b> im Pedalunterst\u00fctzungsmodus und <b data-path-to-node=\"8,1,0\" data-index-in-node=\"150\">40-50 km<\/b> Im rein elektrischen Modus. Das effiziente Energiemanagementsystem erm\u00f6glicht eine vollst\u00e4ndige Aufladung in nur 6-7 Stunden.<\/p>\n<\/li>\n<li>\n<p data-path-to-node=\"8,2,0\"><b data-path-to-node=\"8,2,0\" data-index-in-node=\"0\">Hochentwickelte All-Terrain-Federung und Rahmen<\/b> Der <b data-path-to-node=\"8,2,0\" data-index-in-node=\"44\">26-Zoll-Rahmen aus 6061 Aluminiumlegierung<\/b> ist leicht und dennoch au\u00dfergew\u00f6hnlich robust. Kombiniert mit einer Premium-Qualit\u00e4t <b data-path-to-node=\"8,2,0\" data-index-in-node=\"143\">hydraulische Vorderradgabelfederung<\/b>, Es bietet auch auf holprigen Offroad-Strecken und unwegsamem Gel\u00e4nde ein ruhiges und stabiles Fahrgef\u00fchl.<\/p>\n<\/li>\n<li>\n<p data-path-to-node=\"8,3,0\"><b data-path-to-node=\"8,3,0\" data-index-in-node=\"0\">Multifunktionale Fahrmodi<\/b> Passen Sie Ihre Reise mit drei verschiedenen Modi an Ihr Energieniveau oder das Terrain an:<\/p>\n<ol start=\"1\" data-path-to-node=\"8,3,1\">\n<li>\n<p data-path-to-node=\"8,3,1,0,0\"><b data-path-to-node=\"8,3,1,0,0\" data-index-in-node=\"0\">Rein elektrischer Modus:<\/b> F\u00fcr m\u00fcheloses Cruisen.<\/p>\n<\/li>\n<li>\n<p data-path-to-node=\"8,3,1,1,0\"><b data-path-to-node=\"8,3,1,1,0\" data-index-in-node=\"0\">Unterst\u00fctzungsmodus:<\/b> Die perfekte Balance zwischen Motorik und Muskelkraft.<\/p>\n<\/li>\n<li>\n<p data-path-to-node=\"8,3,1,2,0\"><b data-path-to-node=\"8,3,1,2,0\" data-index-in-node=\"0\">Pedalmodus:<\/b> Klassisches Radfahren zur Fitness und Erweiterung des Bewegungsumfangs.<\/p>\n<\/li>\n<\/ol>\n<\/li>\n<li>\n<p data-path-to-node=\"8,4,0\"><b data-path-to-node=\"8,4,0\" data-index-in-node=\"0\">Verbessertes hydraulisches Bremssystem<\/b> Sicherheit hat oberste Priorit\u00e4t. Das Fahrrad verf\u00fcgt \u00fcber <b data-path-to-node=\"8,4,0\" data-index-in-node=\"73\">\u00d6lgef\u00fcllte Scheibenbremsen vorn und hinten<\/b>, und bietet so eine gleichbleibende, zuverl\u00e4ssige Bremsleistung und k\u00fcrzere Bremswege bei allen Wetterbedingungen.<\/p>\n<\/li>\n<\/ul>\n<h3 data-path-to-node=\"9\">Technische Daten<\/h3>\n<ul data-path-to-node=\"10\">\n<li>\n<p data-path-to-node=\"10,0,0\"><b data-path-to-node=\"10,0,0\" data-index-in-node=\"0\">Modell:<\/b> YVY C26 Max<\/p>\n<\/li>\n<li>\n<p data-path-to-node=\"10,1,0\"><b data-path-to-node=\"10,1,0\" data-index-in-node=\"0\">Motor:<\/b> 2000W Hochgeschwindigkeits-B\u00fcrstenlosmotor (1000W x 2)<\/p>\n<\/li>\n<li>\n<p data-path-to-node=\"10,2,0\"><b data-path-to-node=\"10,2,0\" data-index-in-node=\"0\">Batterie:<\/b> 48V 23Ah Lithium-Ionen-Akku<\/p>\n<\/li>\n<li>\n<p data-path-to-node=\"10,3,0\"><b data-path-to-node=\"10,3,0\" data-index-in-node=\"0\">Maximale Geschwindigkeit:<\/b> Bis zu 50 km\/h (aus Sicherheitsgr\u00fcnden begrenzt)<\/p>\n<\/li>\n<li>\n<p data-path-to-node=\"10,4,0\"><b data-path-to-node=\"10,4,0\" data-index-in-node=\"0\">Reichweite (Unterst\u00fctzung):<\/b> 60-80 km<\/p>\n<\/li>\n<li>\n<p data-path-to-node=\"10,5,0\"><b data-path-to-node=\"10,5,0\" data-index-in-node=\"0\">Herd (rein elektrisch):<\/b> 40-50 km<\/p>\n<\/li>\n<li>\n<p data-path-to-node=\"10,6,0\"><b data-path-to-node=\"10,6,0\" data-index-in-node=\"0\">Rahmenmaterial:<\/b> 6061 Aluminiumlegierung<\/p>\n<\/li>\n<li>\n<p data-path-to-node=\"10,7,0\"><b data-path-to-node=\"10,7,0\" data-index-in-node=\"0\">Reifengr\u00f6\u00dfe:<\/b> 26 x 4,0 Zoll All-Terrain-Fat-Reifen<\/p>\n<\/li>\n<li>\n<p data-path-to-node=\"10,8,0\"><b data-path-to-node=\"10,8,0\" data-index-in-node=\"0\">\u00dcbertragung:<\/b> Shimano 7-Gang<\/p>\n<\/li>\n<li>\n<p data-path-to-node=\"10,9,0\"><b data-path-to-node=\"10,9,0\" data-index-in-node=\"0\">Bremssystem:<\/b> Hydraulische \u00d6l-Scheibenbremsen<\/p>\n<\/li>\n<li>\n<p data-path-to-node=\"10,10,0\"><b data-path-to-node=\"10,10,0\" data-index-in-node=\"0\">Suspension:<\/b> Hydraulische Vordergabel<\/p>\n<\/li>\n<li>\n<p data-path-to-node=\"10,11,0\"><b data-path-to-node=\"10,11,0\" data-index-in-node=\"0\">Belastbarkeit:<\/b> Bis zu 150 kg<\/p>\n<\/li>\n<\/ul>\n<h3 data-path-to-node=\"11\">Warum sollten Sie sich f\u00fcr den YVY C26Max von Ridstar.eu entscheiden?<\/h3>\n<p data-path-to-node=\"12\">Der <b data-path-to-node=\"12\" data-index-in-node=\"4\">YVY C26 Max<\/b> Dieses E-Bike vereint rohe Kraft mit fortschrittlicher Technik und bietet so herausragende Leistung, Komfort und Sicherheit. Sein Dual-Motor-System sorgt f\u00fcr atemberaubende Beschleunigung, w\u00e4hrend der Akku mit gro\u00dfer Reichweite daf\u00fcr sorgt, dass Ihre Abenteuer nie abrupt enden.<\/p>\n<p data-path-to-node=\"13\">Ob Sie sich in den Stra\u00dfen der Stadt bewegen oder unwegsames Gel\u00e4nde erkunden, die <b data-path-to-node=\"13\" data-index-in-node=\"80\">YVY C26 Max<\/b> ist bereit, Ihr Fahrerlebnis auf ein neues Level zu heben. Erleben Sie noch heute die ultimative Verschmelzung von Geschwindigkeit, Kraft und Stil.<\/p>\n<p data-path-to-node=\"14\"><b data-path-to-node=\"14\" data-index-in-node=\"0\">Bestellen Sie Ihren YVY C26 Max jetzt auf ridstar.eu und beherrschen Sie jedes Terrain!<\/b><\/p>","protected":false},"excerpt":{"rendered":"<p><span style=\"color: #ff0000;\"><strong>ZEITLICH BEGRENZTES ANGEBOT!<\/strong><\/span><\/p>\n<p>Wir pr\u00e4sentieren den YVY C26MAX (baugleich mit dem E26PRO) mit zwei 1000-W-Motoren f\u00fcr ein aufregendes Fahrerlebnis mit 80 km\/h. Kostenloser Versand aus Deutschland!<\/p>","protected":false},"featured_media":291729,"comment_status":"open","ping_status":"closed","template":"","meta":[],"product_brand":[480],"product_cat":[212],"product_tag":[],"class_list":{"0":"post-291727","1":"product","2":"type-product","3":"status-publish","4":"has-post-thumbnail","6":"product_brand-yvy","7":"product_cat-electric-bikes","9":"first","10":"instock","11":"sale","12":"shipping-taxable","13":"purchasable","14":"product-type-simple"},"jetpack_sharing_enabled":true,"_links":{"self":[{"href":"https:\/\/ridstar.eu\/de\/wp-json\/wp\/v2\/product\/291727","targetHints":{"allow":["GET"]}}],"collection":[{"href":"https:\/\/ridstar.eu\/de\/wp-json\/wp\/v2\/product"}],"about":[{"href":"https:\/\/ridstar.eu\/de\/wp-json\/wp\/v2\/types\/product"}],"replies":[{"embeddable":true,"href":"https:\/\/ridstar.eu\/de\/wp-json\/wp\/v2\/comments?post=291727"}],"wp:featuredmedia":[{"embeddable":true,"href":"https:\/\/ridstar.eu\/de\/wp-json\/wp\/v2\/media\/291729"}],"wp:attachment":[{"href":"https:\/\/ridstar.eu\/de\/wp-json\/wp\/v2\/media?parent=291727"}],"wp:term":[{"taxonomy":"product_brand","embeddable":true,"href":"https:\/\/ridstar.eu\/de\/wp-json\/wp\/v2\/product_brand?post=291727"},{"taxonomy":"product_cat","embeddable":true,"href":"https:\/\/ridstar.eu\/de\/wp-json\/wp\/v2\/product_cat?post=291727"},{"taxonomy":"product_tag","embeddable":true,"href":"https:\/\/ridstar.eu\/de\/wp-json\/wp\/v2\/product_tag?post=291727"}],"curies":[{"name":"wp","href":"https:\/\/api.w.org\/{rel}","templated":true}]}}