{"id":291715,"date":"2026-01-13T10:45:30","date_gmt":"2026-01-13T08:45:30","guid":{"rendered":"https:\/\/ridstar.eu\/?post_type=product&#038;p=291715"},"modified":"2026-04-03T03:00:19","modified_gmt":"2026-04-03T00:00:19","slug":"elektrofahrrad-yvy-c20-1000w-48v-20ah","status":"publish","type":"product","link":"https:\/\/ridstar.eu\/de\/product\/elektrofahrrad-yvy-c20-1000w-48v-20ah\/","title":{"rendered":"Elektrofahrrad YVY C20, 1000W, 48V, 20AH, 20\u00d74.0 Fatbike-Reifen"},"content":{"rendered":"<div class=\"detailmodule_text\">\n<p data-start=\"0\" data-end=\"60\"><strong data-start=\"0\" data-end=\"60\">YVY C20 Elektrofahrrad \u2013 Intelligenter Komfort und zuverl\u00e4ssige Leistung<\/strong><\/p>\n<p data-start=\"62\" data-end=\"494\">Das YVY C20 ist ein ausgewogenes und praktisches Elektrofahrrad, das Komfort und Leistung vereint. <a href=\"https:\/\/ridstar.eu\/de\/so-pflegen-sie-ein-elektrofahrrad-damit-seine-leistung-lange-anhalt\/\">Leistung<\/a>, Es vereint Langlebigkeit und Stil. Technisch ist es identisch mit dem Ridstar Q20. <a href=\"https:\/\/ridstar.eu\/de\/informationen-zum-ridstar-q20-pro\/\">Merkmale<\/a>, Das Modell wird unter einem anderen Namen angeboten, um eine klare Markenf\u00fchrung und bessere SEO-Unterscheidung zu gew\u00e4hrleisten. Das YVY C20 ist f\u00fcr Fahrer mit einer K\u00f6rpergr\u00f6\u00dfe zwischen 158 cm und 195 cm konzipiert und bietet ein stabiles, ergonomisches und angenehmes Fahrgef\u00fchl \u2013 sowohl f\u00fcr den t\u00e4glichen Arbeitsweg als auch f\u00fcr Freizeitausfl\u00fcge. Weitere Informationen finden Sie auf unserer Website. <a href=\"https:\/\/ridstar.eu\/de\/haufig-gestellte-fragen\/\">H\u00e4ufig gestellte Fragen<\/a>.<\/p>\n<p data-start=\"496\" data-end=\"650\">Dank des breiten Sattels, der durchdachten Geometrie und des Vollfederungssystems eignet es sich auch f\u00fcr l\u00e4ngere Fahrten oder Fahrten mit zus\u00e4tzlicher Zuladung, einschlie\u00dflich eines Kindersitzes.<\/p>\n<hr data-start=\"652\" data-end=\"655\" \/>\n<h3 data-start=\"657\" data-end=\"687\">\ud83d\udeb4 Komfortorientiertes Design<\/h3>\n<p data-start=\"688\" data-end=\"747\">Der YVY C20 legt gro\u00dfen Wert auf Fahrkomfort und Stabilit\u00e4t:<\/p>\n<ul data-start=\"748\" data-end=\"965\">\n<li data-start=\"748\" data-end=\"805\">\n<p data-start=\"750\" data-end=\"805\">Breiter, gepolsterter Sitz f\u00fcr entspanntes Fahren auf langen Strecken<\/p>\n<\/li>\n<li data-start=\"806\" data-end=\"841\">\n<p data-start=\"808\" data-end=\"841\">Hydraulische Vorderradfedergabel<\/p>\n<\/li>\n<li data-start=\"842\" data-end=\"904\">\n<p data-start=\"844\" data-end=\"904\">Zentraler hinterer Sto\u00dfd\u00e4mpfer f\u00fcr verbesserte Sto\u00dfd\u00e4mpfung<\/p>\n<\/li>\n<li data-start=\"905\" data-end=\"965\">\n<p data-start=\"907\" data-end=\"965\">Hervorragende Kontrolle sowohl auf Stadtstra\u00dfen als auch auf unebenen Oberfl\u00e4chen<\/p>\n<\/li>\n<\/ul>\n<hr data-start=\"967\" data-end=\"970\" \/>\n<h3 data-start=\"972\" data-end=\"1002\">\u2699\ufe0f Hochwertige Komponenten<\/h3>\n<ul data-start=\"1003\" data-end=\"1257\">\n<li data-start=\"1003\" data-end=\"1071\">\n<p data-start=\"1005\" data-end=\"1071\">Shimano 7-Gang-Schaltung f\u00fcr sanfte und pr\u00e4zise Gangwechsel<\/p>\n<\/li>\n<li data-start=\"1072\" data-end=\"1124\">\n<p data-start=\"1074\" data-end=\"1124\">Langlebige Scheibenbremsen f\u00fcr zuverl\u00e4ssige Bremskraft<\/p>\n<\/li>\n<li data-start=\"1125\" data-end=\"1183\">\n<p data-start=\"1127\" data-end=\"1183\">Originale wasserdichte Aufbewahrungstasche f\u00fcr den t\u00e4glichen Gebrauch<\/p>\n<\/li>\n<li data-start=\"1184\" data-end=\"1257\">\n<p data-start=\"1186\" data-end=\"1257\">M5 LCD-Display mit Anzeige von Geschwindigkeit, Akkustand, Kilometerstand und Fahrmodus<\/p>\n<\/li>\n<\/ul>\n<hr data-start=\"1259\" data-end=\"1262\" \/>\n<h3 data-start=\"1264\" data-end=\"1296\">\u26a1 Leistung und Effizienz<\/h3>\n<ul data-start=\"1297\" data-end=\"1411\">\n<li data-start=\"1297\" data-end=\"1333\">\n<p data-start=\"1299\" data-end=\"1333\">Motor: <strong data-start=\"1306\" data-end=\"1331\">1000W b\u00fcrstenloser Motor<\/strong><\/p>\n<\/li>\n<li data-start=\"1334\" data-end=\"1375\">\n<p data-start=\"1336\" data-end=\"1375\">Batterie: <strong data-start=\"1345\" data-end=\"1373\">48V 20Ah Lithiumbatterie<\/strong><\/p>\n<\/li>\n<li data-start=\"1376\" data-end=\"1411\">\n<p data-start=\"1378\" data-end=\"1411\">H\u00f6chstgeschwindigkeit: <strong data-start=\"1393\" data-end=\"1409\">\u00fcber 45 km\/h<\/strong><\/p>\n<\/li>\n<\/ul>\n<p data-start=\"1413\" data-end=\"1423\"><strong data-start=\"1413\" data-end=\"1423\">Reichweite:<\/strong><\/p>\n<ul data-start=\"1424\" data-end=\"1497\">\n<li data-start=\"1424\" data-end=\"1460\">\n<p data-start=\"1426\" data-end=\"1460\">Rein elektrischer Betrieb: <strong data-start=\"1446\" data-end=\"1458\">60\u201370 km<\/strong><\/p>\n<\/li>\n<li data-start=\"1461\" data-end=\"1497\">\n<p data-start=\"1463\" data-end=\"1497\">Pedalunterst\u00fctzungsmodus: <strong data-start=\"1482\" data-end=\"1495\">70\u2013100 km<\/strong><\/p>\n<\/li>\n<\/ul>\n<p data-start=\"1499\" data-end=\"1599\">Damit ist das YVY C20 eine ausgezeichnete Wahl sowohl f\u00fcr kurze Stadtfahrten als auch f\u00fcr l\u00e4ngere Freizeittouren.<\/p>\n<hr data-start=\"1601\" data-end=\"1604\" \/>\n<h3 data-start=\"1606\" data-end=\"1648\">\ud83d\udd29 Robuste und leichte Konstruktion<\/h3>\n<ul data-start=\"1649\" data-end=\"1824\">\n<li data-start=\"1649\" data-end=\"1687\">\n<p data-start=\"1651\" data-end=\"1687\">Rahmenmaterial: <strong data-start=\"1667\" data-end=\"1685\">Aluminiumlegierung<\/strong><\/p>\n<\/li>\n<li data-start=\"1688\" data-end=\"1714\">\n<p data-start=\"1690\" data-end=\"1714\">Fahrradgewicht: <strong data-start=\"1703\" data-end=\"1712\">34 kg<\/strong><\/p>\n<\/li>\n<li data-start=\"1715\" data-end=\"1752\">\n<p data-start=\"1717\" data-end=\"1752\">Maximale Belastbarkeit: <strong data-start=\"1740\" data-end=\"1750\">150 kg<\/strong><\/p>\n<\/li>\n<li data-start=\"1753\" data-end=\"1824\">\n<p data-start=\"1755\" data-end=\"1824\">Robuste und dennoch leichte Konstruktion f\u00fcr bessere Handhabung und l\u00e4ngere Lebensdauer.<\/p>\n<\/li>\n<\/ul>\n<hr data-start=\"1826\" data-end=\"1829\" \/>\n<h3 data-start=\"1831\" data-end=\"1862\">\ud83d\udee0 Technische Spezifikationen<\/h3>\n<div class=\"TyagGW_tableContainer\">\n<div class=\"group TyagGW_tableWrapper flex flex-col-reverse w-fit\" tabindex=\"-1\">\n<table class=\"w-fit min-w-(--thread-content-width)\" data-start=\"1864\" data-end=\"2415\">\n<thead data-start=\"1864\" data-end=\"1893\">\n<tr data-start=\"1864\" data-end=\"1893\">\n<th data-start=\"1864\" data-end=\"1876\" data-col-size=\"sm\">Parameter<\/th>\n<th data-start=\"1876\" data-end=\"1893\" data-col-size=\"sm\">Spezifikation<\/th>\n<\/tr>\n<\/thead>\n<tbody data-start=\"1910\" data-end=\"2415\">\n<tr data-start=\"1910\" data-end=\"1929\">\n<td data-start=\"1910\" data-end=\"1918\" data-col-size=\"sm\">Modell<\/td>\n<td data-col-size=\"sm\" data-start=\"1918\" data-end=\"1929\">YVY C20 (identisch mit Q20)<\/td>\n<\/tr>\n<tr data-start=\"1930\" data-end=\"1959\">\n<td data-start=\"1930\" data-end=\"1945\" data-col-size=\"sm\">Fahrergr\u00f6\u00dfe<\/td>\n<td data-col-size=\"sm\" data-start=\"1945\" data-end=\"1959\">158\u2013195 cm<\/td>\n<\/tr>\n<tr data-start=\"1960\" data-end=\"1992\">\n<td data-start=\"1960\" data-end=\"1973\" data-col-size=\"sm\">Radgr\u00f6\u00dfe<\/td>\n<td data-start=\"1973\" data-end=\"1992\" data-col-size=\"sm\">20 \u00d7 4,0 Zoll<\/td>\n<\/tr>\n<tr data-start=\"1993\" data-end=\"2026\">\n<td data-start=\"1993\" data-end=\"2001\" data-col-size=\"sm\">Motor<\/td>\n<td data-col-size=\"sm\" data-start=\"2001\" data-end=\"2026\">1000W b\u00fcrstenloser Motor<\/td>\n<\/tr>\n<tr data-start=\"2027\" data-end=\"2065\">\n<td data-start=\"2027\" data-end=\"2037\" data-col-size=\"sm\">Batterie<\/td>\n<td data-col-size=\"sm\" data-start=\"2037\" data-end=\"2065\">48V 20Ah Lithiumbatterie<\/td>\n<\/tr>\n<tr data-start=\"2066\" data-end=\"2090\">\n<td data-start=\"2066\" data-end=\"2078\" data-col-size=\"sm\">Maximalgeschwindigkeit<\/td>\n<td data-col-size=\"sm\" data-start=\"2078\" data-end=\"2090\">&gt;45 km\/h<\/td>\n<\/tr>\n<tr data-start=\"2091\" data-end=\"2122\">\n<td data-start=\"2091\" data-end=\"2110\" data-col-size=\"sm\">Herd (elektrisch)<\/td>\n<td data-col-size=\"sm\" data-start=\"2110\" data-end=\"2122\">60\u201370 km<\/td>\n<\/tr>\n<tr data-start=\"2123\" data-end=\"2150\">\n<td data-start=\"2123\" data-end=\"2137\" data-col-size=\"sm\">Reichweite (PAS)<\/td>\n<td data-col-size=\"sm\" data-start=\"2137\" data-end=\"2150\">70\u2013100 km<\/td>\n<\/tr>\n<tr data-start=\"2151\" data-end=\"2186\">\n<td data-start=\"2151\" data-end=\"2168\" data-col-size=\"sm\">Rahmenmaterial<\/td>\n<td data-col-size=\"sm\" data-start=\"2168\" data-end=\"2186\">Aluminiumlegierung<\/td>\n<\/tr>\n<tr data-start=\"2187\" data-end=\"2210\">\n<td data-start=\"2187\" data-end=\"2201\" data-col-size=\"sm\">Fahrradgewicht<\/td>\n<td data-col-size=\"sm\" data-start=\"2201\" data-end=\"2210\">34 kg<\/td>\n<\/tr>\n<tr data-start=\"2211\" data-end=\"2243\">\n<td data-start=\"2211\" data-end=\"2227\" data-col-size=\"sm\">Tragf\u00e4higkeit<\/td>\n<td data-col-size=\"sm\" data-start=\"2227\" data-end=\"2243\">Bis zu 150 kg<\/td>\n<\/tr>\n<tr data-start=\"2244\" data-end=\"2294\">\n<td data-start=\"2244\" data-end=\"2259\" data-col-size=\"sm\">\u00dcbertragung<\/td>\n<td data-col-size=\"sm\" data-start=\"2259\" data-end=\"2294\">Shimano 7-Gang-Schaltwerk<\/td>\n<\/tr>\n<tr data-start=\"2295\" data-end=\"2315\">\n<td data-start=\"2295\" data-end=\"2305\" data-col-size=\"sm\">Anzeige<\/td>\n<td data-col-size=\"sm\" data-start=\"2305\" data-end=\"2315\">M5 LCD<\/td>\n<\/tr>\n<tr data-start=\"2316\" data-end=\"2367\">\n<td data-start=\"2316\" data-end=\"2331\" data-col-size=\"sm\">Fahrmodi<\/td>\n<td data-col-size=\"sm\" data-start=\"2331\" data-end=\"2367\">Elektrisch \/ Pedalunterst\u00fctzung \/ Manuell<\/td>\n<\/tr>\n<tr data-start=\"2368\" data-end=\"2415\">\n<td data-start=\"2368\" data-end=\"2381\" data-col-size=\"sm\">Diebstahlschutz<\/td>\n<td data-start=\"2381\" data-end=\"2415\" data-col-size=\"sm\">Eingebauter Diebstahlschutz<\/td>\n<\/tr>\n<\/tbody>\n<\/table>\n<\/div>\n<\/div>\n<hr data-start=\"2417\" data-end=\"2420\" \/>\n<h3 data-start=\"2422\" data-end=\"2441\">\ud83d\udea6 Fahrmodi<\/h3>\n<ol data-start=\"2442\" data-end=\"2708\">\n<li data-start=\"2442\" data-end=\"2516\">\n<p data-start=\"2445\" data-end=\"2516\"><strong data-start=\"2445\" data-end=\"2467\">Rein elektrischer Modus<\/strong><br data-start=\"2467\" data-end=\"2470\" \/>Fahre nur mit dem Gashebel, ohne zu treten.<\/p>\n<\/li>\n<li data-start=\"2517\" data-end=\"2614\">\n<p data-start=\"2520\" data-end=\"2614\"><strong data-start=\"2520\" data-end=\"2541\">Pedalunterst\u00fctzungsmodus<\/strong><br data-start=\"2541\" data-end=\"2544\" \/>Der Motor unterst\u00fctzt Ihre Pedalkraft f\u00fcr mehr Reichweite und Effizienz.<\/p>\n<\/li>\n<li data-start=\"2615\" data-end=\"2708\">\n<p data-start=\"2618\" data-end=\"2708\"><strong data-start=\"2618\" data-end=\"2633\">Manueller Modus<\/strong><br data-start=\"2633\" data-end=\"2636\" \/>Benutzen Sie das Fahrrad wie ein herk\u00f6mmliches Fahrrad, ohne elektrische Unterst\u00fctzung.<\/p>\n<\/li>\n<\/ol>\n<hr data-start=\"2710\" data-end=\"2713\" \/>\n<p data-start=\"2715\" data-end=\"3059\" data-is-last-node=\"\" data-is-only-node=\"\">Der <strong data-start=\"2719\" data-end=\"2730\">YVY C20<\/strong> Dieses E-Fatbike ist die perfekte Wahl f\u00fcr Fahrer, die ein zuverl\u00e4ssiges Ger\u00e4t mit hohem Komfort, starker Motorleistung und Alltagstauglichkeit suchen. Sein klares Design, die solide Ausstattung und die benutzerfreundlichen Komponenten machen es zu einer \u00e4u\u00dferst attraktiven Option f\u00fcr ridstar.eu-Kunden, die ein zuverl\u00e4ssiges und vielseitiges E-Bike suchen.<\/p>\n<\/div>","protected":false},"excerpt":{"rendered":"<p><strong>AUF LAGER<\/strong>: YVY C20 (entspricht Ridstar Q20)<\/p>\n<p>Kostenlose Lieferung innerhalb der EU in 3-7 Tagen.<\/p>\n<p>Ideal f\u00fcr Fahrer mit einer K\u00f6rpergr\u00f6\u00dfe von 158-195 cm.<\/p>","protected":false},"featured_media":291716,"comment_status":"closed","ping_status":"closed","template":"","meta":[],"product_brand":[480],"product_cat":[212],"product_tag":[],"class_list":{"0":"post-291715","1":"product","2":"type-product","3":"status-publish","4":"has-post-thumbnail","6":"product_brand-yvy","7":"product_cat-electric-bikes","9":"first","10":"instock","11":"sale","12":"shipping-taxable","13":"purchasable","14":"product-type-simple"},"jetpack_sharing_enabled":true,"_links":{"self":[{"href":"https:\/\/ridstar.eu\/de\/wp-json\/wp\/v2\/product\/291715","targetHints":{"allow":["GET"]}}],"collection":[{"href":"https:\/\/ridstar.eu\/de\/wp-json\/wp\/v2\/product"}],"about":[{"href":"https:\/\/ridstar.eu\/de\/wp-json\/wp\/v2\/types\/product"}],"replies":[{"embeddable":true,"href":"https:\/\/ridstar.eu\/de\/wp-json\/wp\/v2\/comments?post=291715"}],"wp:featuredmedia":[{"embeddable":true,"href":"https:\/\/ridstar.eu\/de\/wp-json\/wp\/v2\/media\/291716"}],"wp:attachment":[{"href":"https:\/\/ridstar.eu\/de\/wp-json\/wp\/v2\/media?parent=291715"}],"wp:term":[{"taxonomy":"product_brand","embeddable":true,"href":"https:\/\/ridstar.eu\/de\/wp-json\/wp\/v2\/product_brand?post=291715"},{"taxonomy":"product_cat","embeddable":true,"href":"https:\/\/ridstar.eu\/de\/wp-json\/wp\/v2\/product_cat?post=291715"},{"taxonomy":"product_tag","embeddable":true,"href":"https:\/\/ridstar.eu\/de\/wp-json\/wp\/v2\/product_tag?post=291715"}],"curies":[{"name":"wp","href":"https:\/\/api.w.org\/{rel}","templated":true}]}}