{"id":291673,"date":"2025-10-13T09:04:09","date_gmt":"2025-10-13T07:04:09","guid":{"rendered":"https:\/\/ridstar.eu\/?post_type=product&#038;p=291673"},"modified":"2026-04-03T03:00:20","modified_gmt":"2026-04-03T00:00:20","slug":"elektrofahrrad-yvy-c20max-52v-2000w-doppelmotor-40ah-akku","status":"publish","type":"product","link":"https:\/\/ridstar.eu\/de\/product\/elektrofahrrad-yvy-c20max-52v-2000w-doppelmotor-40ah-akku\/","title":{"rendered":"Elektrofahrrad YVY C20MAX, 52 V (2000 W Doppelmotor), 40 Ah Akku"},"content":{"rendered":"<p data-start=\"0\" data-end=\"75\"><strong data-start=\"0\" data-end=\"75\">YVY C20MAX (Ridstar Q20PRO (<a href=\"https:\/\/ridstar.eu\/de\/informationen-zum-ridstar-q20-pro\/\">Link<\/a>)) \u2013 Hochleistungs-Elektrofahrrad mit zwei Motoren<\/strong><\/p>\n<p data-start=\"77\" data-end=\"403\">Das YVY C20MAX ist ein leistungsstarkes und vielseitiges Elektrofahrrad, baugleich mit dem Ridstar Q20PRO, das f\u00fcr Fahrer entwickelt wurde, die maximale Leistung fordern (<a href=\"https:\/\/ridstar.eu\/de\/so-pflegen-sie-ein-elektrofahrrad-damit-seine-leistung-lange-anhalt\/\">Hier finden Sie unsere Tipps zur Wartung von Elektrofahrr\u00e4dern.<\/a>), Stabilit\u00e4t und gro\u00dfe Reichweite. Dank seines Dual-Nabenmotorsystems und des Dual-Akkusystems ist dieses E-Bike sowohl f\u00fcr den Stadtverkehr als auch f\u00fcr anspruchsvolles Gel\u00e4nde bestens geeignet.<\/p>\n<p data-start=\"405\" data-end=\"659\">Sie k\u00f6nnen zwischen Einzelmotor- und Doppelmotorbetrieb wechseln und so Effizienz und Leistung optimal an Ihre Fahrbed\u00fcrfnisse anpassen. Ob Sie gem\u00fctlich durch die Stadt cruisen oder steile H\u00fcgel erklimmen \u2013 der C20MAX bietet Ihnen eine sanfte und zuverl\u00e4ssige Performance.<\/p>\n<hr data-start=\"661\" data-end=\"664\" \/>\n<h3 data-start=\"666\" data-end=\"693\">\u26a1 Leistung und Performance<\/h3>\n<ul data-start=\"694\" data-end=\"929\">\n<li data-start=\"694\" data-end=\"729\">\n<p data-start=\"696\" data-end=\"729\">Zwei Nabenmotoren: vorne und hinten<\/p>\n<\/li>\n<li data-start=\"730\" data-end=\"793\">\n<p data-start=\"732\" data-end=\"793\">Spannung \/ Leistung: <strong data-start=\"749\" data-end=\"763\">52 V \/ 750 W<\/strong> (Spitzenleistung \u00fcber <strong data-start=\"781\" data-end=\"790\">1000 W<\/strong>)<\/p>\n<\/li>\n<li data-start=\"794\" data-end=\"830\">\n<p data-start=\"796\" data-end=\"830\">H\u00f6chstgeschwindigkeit: bis zu <strong data-start=\"817\" data-end=\"828\">48 km\/h<\/strong><\/p>\n<\/li>\n<li data-start=\"831\" data-end=\"874\">\n<p data-start=\"833\" data-end=\"874\">Ausgezeichnete Kletterf\u00e4higkeit und Traktion<\/p>\n<\/li>\n<li data-start=\"875\" data-end=\"929\">\n<p data-start=\"877\" data-end=\"929\">Drei Fahrmodi f\u00fcr volle Kontrolle \u00fcber die Leistung<\/p>\n<\/li>\n<\/ul>\n<hr data-start=\"931\" data-end=\"934\" \/>\n<h3 data-start=\"936\" data-end=\"979\">\ud83d\udd0b Doppelbatteriesystem \u2013 Erweiterte Reichweite<\/h3>\n<ul data-start=\"980\" data-end=\"1215\">\n<li data-start=\"980\" data-end=\"1023\">\n<p data-start=\"982\" data-end=\"1023\">2 \u00d7 <strong data-start=\"986\" data-end=\"1021\">52V 20Ah 18650 Li-Ionen-Akkus<\/strong><\/p>\n<\/li>\n<li data-start=\"1024\" data-end=\"1052\">\n<p data-start=\"1026\" data-end=\"1052\">Gesamtkapazit\u00e4t: <strong data-start=\"1042\" data-end=\"1050\">40 Ah<\/strong><\/p>\n<\/li>\n<li data-start=\"1053\" data-end=\"1097\">\n<p data-start=\"1055\" data-end=\"1097\">Integrierte Batterien mit BMS-Schutz<\/p>\n<\/li>\n<li data-start=\"1098\" data-end=\"1176\">\n<p data-start=\"1100\" data-end=\"1176\">Reichweite: bis zu <strong data-start=\"1113\" data-end=\"1134\">120 km (75 Meilen)<\/strong> abh\u00e4ngig von Fahrmodus und Bedingungen<\/p>\n<\/li>\n<li data-start=\"1177\" data-end=\"1215\">\n<p data-start=\"1179\" data-end=\"1215\">Ladezeit: ca. <strong data-start=\"1202\" data-end=\"1215\">3\u20136 Stunden<\/strong><\/p>\n<\/li>\n<\/ul>\n<hr data-start=\"1217\" data-end=\"1220\" \/>\n<h3 data-start=\"1222\" data-end=\"1263\">\ud83d\udeb4 Komfort und Gel\u00e4ndeg\u00e4ngigkeit<\/h3>\n<ul data-start=\"1264\" data-end=\"1539\">\n<li data-start=\"1264\" data-end=\"1306\">\n<p data-start=\"1266\" data-end=\"1306\">Reifengr\u00f6\u00dfe: <strong data-start=\"1277\" data-end=\"1304\">20 \u00d7 4,0 Zoll breite Reifen<\/strong><\/p>\n<\/li>\n<li data-start=\"1307\" data-end=\"1484\">\n<p data-start=\"1309\" data-end=\"1484\">Vorderradaufh\u00e4ngung:<br data-start=\"1326\" data-end=\"1329\" \/>Doppelschulter-Vorderradgabel aus Aluminium mit Sto\u00dfd\u00e4mpfer<br data-start=\"1386\" data-end=\"1389\" \/>H\u00f6he: 460 mm<br data-start=\"1405\" data-end=\"1408\" \/>Abstand zwischen oberer und unterer Krone: 230 mm<br data-start=\"1456\" data-end=\"1459\" \/>Scheibenbremsenkompatibel<\/p>\n<\/li>\n<li data-start=\"1485\" data-end=\"1514\">\n<p data-start=\"1487\" data-end=\"1514\">Rahmenmaterial: <strong data-start=\"1503\" data-end=\"1512\">Stahl<\/strong><\/p>\n<\/li>\n<li data-start=\"1515\" data-end=\"1539\">\n<p data-start=\"1517\" data-end=\"1539\">Farbe: <strong data-start=\"1524\" data-end=\"1539\">Mattschwarz<\/strong><\/p>\n<\/li>\n<\/ul>\n<hr data-start=\"1541\" data-end=\"1544\" \/>\n<h3 data-start=\"1546\" data-end=\"1571\">\ud83d\uded1 Bremsen und Sicherheit<\/h3>\n<ul data-start=\"1572\" data-end=\"1772\">\n<li data-start=\"1572\" data-end=\"1619\">\n<p data-start=\"1574\" data-end=\"1619\">Doppelte hydraulische Scheibenbremsen (vorne und hinten)<\/p>\n<\/li>\n<li data-start=\"1620\" data-end=\"1654\">\n<p data-start=\"1622\" data-end=\"1654\">Front-LED-Scheinwerfer: MD07, 48 V<\/p>\n<\/li>\n<li data-start=\"1655\" data-end=\"1700\">\n<p data-start=\"1657\" data-end=\"1700\">R\u00fccklicht im Stil eines Laufwasserstrahlers: MZ-04<\/p>\n<\/li>\n<li data-start=\"1701\" data-end=\"1772\">\n<p data-start=\"1703\" data-end=\"1772\">LCD-Display mit Anzeige von Geschwindigkeit, Akkustand, Distanz und Fahrmodus<\/p>\n<\/li>\n<\/ul>\n<hr data-start=\"1774\" data-end=\"1777\" \/>\n<h3 data-start=\"1779\" data-end=\"1801\">\ud83d\udca1 Beleuchtungssystem<\/h3>\n<ul data-start=\"1802\" data-end=\"1966\">\n<li data-start=\"1802\" data-end=\"1889\">\n<p data-start=\"1804\" data-end=\"1889\">Frontlicht:<br data-start=\"1816\" data-end=\"1819\" \/>Modell MD07, 48 V, schwarz, wasserdichtes Kabel<br data-start=\"1861\" data-end=\"1864\" \/>Kabell\u00e4nge: 1200 mm<\/p>\n<\/li>\n<li data-start=\"1890\" data-end=\"1966\">\n<p data-start=\"1892\" data-end=\"1966\">R\u00fccklicht:<br data-start=\"1903\" data-end=\"1906\" \/>MZ-04 flie\u00dfendes R\u00fccklichtdesign<br data-start=\"1938\" data-end=\"1941\" \/>Kabell\u00e4nge: 1300 mm<\/p>\n<\/li>\n<\/ul>\n<hr data-start=\"1968\" data-end=\"1971\" \/>\n<h3 data-start=\"1973\" data-end=\"2004\">\ud83d\udee0 Technische Spezifikationen<\/h3>\n<div class=\"TyagGW_tableContainer\">\n<div class=\"group TyagGW_tableWrapper flex flex-col-reverse w-fit\" tabindex=\"-1\">\n<table class=\"w-fit min-w-(--thread-content-width)\" data-start=\"2006\" data-end=\"2509\">\n<thead data-start=\"2006\" data-end=\"2035\">\n<tr data-start=\"2006\" data-end=\"2035\">\n<th data-start=\"2006\" data-end=\"2018\" data-col-size=\"sm\">Parameter<\/th>\n<th data-start=\"2018\" data-end=\"2035\" data-col-size=\"sm\">Spezifikation<\/th>\n<\/tr>\n<\/thead>\n<tbody data-start=\"2060\" data-end=\"2509\">\n<tr data-start=\"2060\" data-end=\"2103\">\n<td data-start=\"2060\" data-end=\"2068\" data-col-size=\"sm\">Modell<\/td>\n<td data-col-size=\"sm\" data-start=\"2068\" data-end=\"2103\">C20MAX (baugleich mit Ridstar Q20PRO)<\/td>\n<\/tr>\n<tr data-start=\"2104\" data-end=\"2130\">\n<td data-start=\"2104\" data-end=\"2117\" data-col-size=\"sm\">Radgr\u00f6\u00dfe<\/td>\n<td data-col-size=\"sm\" data-start=\"2117\" data-end=\"2130\">20&#8243; \u00d7 4.0<\/td>\n<\/tr>\n<tr data-start=\"2131\" data-end=\"2157\">\n<td data-start=\"2131\" data-end=\"2148\" data-col-size=\"sm\">Rahmenmaterial<\/td>\n<td data-col-size=\"sm\" data-start=\"2148\" data-end=\"2157\">Stahl<\/td>\n<\/tr>\n<tr data-start=\"2158\" data-end=\"2181\">\n<td data-start=\"2158\" data-end=\"2166\" data-col-size=\"sm\">Farbe<\/td>\n<td data-start=\"2166\" data-end=\"2181\" data-col-size=\"sm\">Mattschwarz<\/td>\n<\/tr>\n<tr data-start=\"2182\" data-end=\"2218\">\n<td data-start=\"2182\" data-end=\"2191\" data-col-size=\"sm\">Motoren<\/td>\n<td data-start=\"2191\" data-end=\"2218\" data-col-size=\"sm\">Vorder- und Hinterradnabenmotoren<\/td>\n<\/tr>\n<tr data-start=\"2219\" data-end=\"2253\">\n<td data-start=\"2219\" data-end=\"2229\" data-col-size=\"sm\">Batterie<\/td>\n<td data-start=\"2229\" data-end=\"2253\" data-col-size=\"sm\">2 \u00d7 20Ah Lithium-Ionen-Akkus<\/td>\n<\/tr>\n<tr data-start=\"2254\" data-end=\"2287\">\n<td data-start=\"2254\" data-end=\"2279\" data-col-size=\"sm\">Gesamte Batteriekapazit\u00e4t<\/td>\n<td data-col-size=\"sm\" data-start=\"2279\" data-end=\"2287\">40 Ah<\/td>\n<\/tr>\n<tr data-start=\"2288\" data-end=\"2305\">\n<td data-start=\"2288\" data-end=\"2298\" data-col-size=\"sm\">Stromspannung<\/td>\n<td data-col-size=\"sm\" data-start=\"2298\" data-end=\"2305\">52 V<\/td>\n<\/tr>\n<tr data-start=\"2306\" data-end=\"2336\">\n<td data-start=\"2306\" data-end=\"2314\" data-col-size=\"sm\">Leistung<\/td>\n<td data-col-size=\"sm\" data-start=\"2314\" data-end=\"2336\">750 W (Spitzenleistung &gt;1000 W)<\/td>\n<\/tr>\n<tr data-start=\"2337\" data-end=\"2360\">\n<td data-start=\"2337\" data-end=\"2349\" data-col-size=\"sm\">Maximalgeschwindigkeit<\/td>\n<td data-col-size=\"sm\" data-start=\"2349\" data-end=\"2360\">48 km\/h<\/td>\n<\/tr>\n<tr data-start=\"2361\" data-end=\"2396\">\n<td data-start=\"2361\" data-end=\"2369\" data-col-size=\"sm\">Reichweite<\/td>\n<td data-col-size=\"sm\" data-start=\"2369\" data-end=\"2396\">Bis zu 120 km \/ 75 Meilen<\/td>\n<\/tr>\n<tr data-start=\"2397\" data-end=\"2444\">\n<td data-start=\"2397\" data-end=\"2414\" data-col-size=\"sm\">Bremssystem<\/td>\n<td data-col-size=\"sm\" data-start=\"2414\" data-end=\"2444\">Doppelte hydraulische Scheibenbremsen<\/td>\n<\/tr>\n<tr data-start=\"2445\" data-end=\"2479\">\n<td data-start=\"2445\" data-end=\"2460\" data-col-size=\"sm\">Stromversorgung<\/td>\n<td data-col-size=\"sm\" data-start=\"2460\" data-end=\"2479\">Lithiumbatterie<\/td>\n<\/tr>\n<tr data-start=\"2480\" data-end=\"2509\">\n<td data-start=\"2480\" data-end=\"2495\" data-col-size=\"sm\">Steuerungstyp<\/td>\n<td data-col-size=\"sm\" data-start=\"2495\" data-end=\"2509\">Elektronisch<\/td>\n<\/tr>\n<\/tbody>\n<\/table>\n<\/div>\n<\/div>\n<hr data-start=\"2511\" data-end=\"2514\" \/>\n<h3 data-start=\"2516\" data-end=\"2535\">\ud83d\udea6 Fahrmodi<\/h3>\n<ol data-start=\"2536\" data-end=\"2809\">\n<li data-start=\"2536\" data-end=\"2627\">\n<p data-start=\"2539\" data-end=\"2627\"><strong data-start=\"2539\" data-end=\"2556\">Elektrischer Modus<\/strong><br data-start=\"2556\" data-end=\"2559\" \/>W\u00e4hlen Sie PAS Stufe 1\u20135 und benutzen Sie nur den Gashebel, ohne zu treten.<\/p>\n<\/li>\n<li data-start=\"2628\" data-end=\"2724\">\n<p data-start=\"2631\" data-end=\"2724\"><strong data-start=\"2631\" data-end=\"2646\">Assistenzmodus<\/strong><br data-start=\"2646\" data-end=\"2649\" \/>W\u00e4hlen Sie die PAS-Stufe 1\u20135 und treten Sie ins Pedal. Der Motor leistet automatische Unterst\u00fctzung.<\/p>\n<\/li>\n<li data-start=\"2725\" data-end=\"2809\">\n<p data-start=\"2728\" data-end=\"2809\"><strong data-start=\"2728\" data-end=\"2743\">Manueller Modus<\/strong><br data-start=\"2743\" data-end=\"2746\" \/>Fahren Sie nur mit den Pedalen, das elektrische System ist ausgeschaltet.<\/p>\n<\/li>\n<\/ol>\n<hr data-start=\"2811\" data-end=\"2814\" \/>\n<h3 data-start=\"2816\" data-end=\"2842\">\u26a0\ufe0f Sicherheitshinweise<\/h3>\n<ol data-start=\"2843\" data-end=\"3167\">\n<li data-start=\"2843\" data-end=\"2925\">\n<p data-start=\"2846\" data-end=\"2925\">Anf\u00e4nger, \u00e4ltere oder k\u00f6rperlich schwache Fahrer sollten den Hochgeschwindigkeitsmodus nicht benutzen.<\/p>\n<\/li>\n<li data-start=\"2926\" data-end=\"2983\">\n<p data-start=\"2929\" data-end=\"2983\">Beschleunigen Sie bei Bergabfahrten nicht aggressiv.<\/p>\n<\/li>\n<li data-start=\"2984\" data-end=\"3077\">\n<p data-start=\"2987\" data-end=\"3077\">Ber\u00fchren Sie die Motor- oder Bremskomponenten nicht unmittelbar nach der Fahrt, da diese hei\u00df sein k\u00f6nnten.<\/p>\n<\/li>\n<li data-start=\"3078\" data-end=\"3167\">\n<p data-start=\"3081\" data-end=\"3167\">Vor Fahrtantritt stets pr\u00fcfen, ob alle Verriegelungs- und Klappmechanismen fest eingerastet sind.<\/p>\n<\/li>\n<\/ol>\n<hr data-start=\"3169\" data-end=\"3172\" \/>\n<p data-start=\"3174\" data-end=\"3450\"><strong data-start=\"3174\" data-end=\"3282\">Der YVY C20MAX \/ Ridstar Q20PRO wurde f\u00fcr Fahrer entwickelt, die Wert auf hohe Leistung, gro\u00dfe Reichweite und ein markantes Design legen.<\/strong><br data-start=\"3282\" data-end=\"3285\" \/>Mit zwei Motoren, zwei Akkus, breiten Reifen und einem robusten Stahlrahmen z\u00e4hlt dieses Elektrofahrrad zu den aggressivsten und leistungsf\u00e4higsten Modellen seiner Klasse.<\/p>\n<p data-start=\"3452\" data-end=\"3589\" data-is-last-node=\"\" data-is-only-node=\"\">Eine perfekte Wahl f\u00fcr ridstar.eu-Kunden, die ein echtes Dual-Motor-E-Fatbike suchen, das sowohl Leistung als auch Zuverl\u00e4ssigkeit bietet.<\/p>","protected":false},"excerpt":{"rendered":"<p>Erleben Sie das leistungsstarke E-Bike YVY C20MAX mit 2000-W-Motor, 52-V-Akku und 120 km Reichweite \u2013 Leistung ohne zus\u00e4tzliche Kosten!<\/p>","protected":false},"featured_media":291674,"comment_status":"open","ping_status":"closed","template":"","meta":[],"product_brand":[480],"product_cat":[212],"product_tag":[265,241,264],"class_list":{"0":"post-291673","1":"product","2":"type-product","3":"status-publish","4":"has-post-thumbnail","6":"product_brand-yvy","7":"product_cat-electric-bikes","8":"product_tag-ridstar-2000w","9":"product_tag-ridstar-q20-pro","10":"product_tag-ridstar-q20pro","12":"first","13":"instock","14":"sale","15":"shipping-taxable","16":"purchasable","17":"product-type-simple"},"jetpack_sharing_enabled":true,"_links":{"self":[{"href":"https:\/\/ridstar.eu\/de\/wp-json\/wp\/v2\/product\/291673","targetHints":{"allow":["GET"]}}],"collection":[{"href":"https:\/\/ridstar.eu\/de\/wp-json\/wp\/v2\/product"}],"about":[{"href":"https:\/\/ridstar.eu\/de\/wp-json\/wp\/v2\/types\/product"}],"replies":[{"embeddable":true,"href":"https:\/\/ridstar.eu\/de\/wp-json\/wp\/v2\/comments?post=291673"}],"wp:featuredmedia":[{"embeddable":true,"href":"https:\/\/ridstar.eu\/de\/wp-json\/wp\/v2\/media\/291674"}],"wp:attachment":[{"href":"https:\/\/ridstar.eu\/de\/wp-json\/wp\/v2\/media?parent=291673"}],"wp:term":[{"taxonomy":"product_brand","embeddable":true,"href":"https:\/\/ridstar.eu\/de\/wp-json\/wp\/v2\/product_brand?post=291673"},{"taxonomy":"product_cat","embeddable":true,"href":"https:\/\/ridstar.eu\/de\/wp-json\/wp\/v2\/product_cat?post=291673"},{"taxonomy":"product_tag","embeddable":true,"href":"https:\/\/ridstar.eu\/de\/wp-json\/wp\/v2\/product_tag?post=291673"}],"curies":[{"name":"wp","href":"https:\/\/api.w.org\/{rel}","templated":true}]}}