{"id":291669,"date":"2025-10-13T08:53:17","date_gmt":"2025-10-13T06:53:17","guid":{"rendered":"https:\/\/ridstar.eu\/?post_type=product&#038;p=291669"},"modified":"2026-05-14T11:40:45","modified_gmt":"2026-05-14T08:40:45","slug":"elektrofahrrad-yvy-c20-lite-1000-w-48-v-15-ah-20-x-40-dicke-reifen","status":"publish","type":"product","link":"https:\/\/ridstar.eu\/de\/product\/electric-bicycle-yvy-c20-lite-1000w-48v-15ah-20x4-0-fat-tires\/","title":{"rendered":"Elektrofahrrad YVY C20 Lite, 1000W, 48V, 15AH, 20\u00d74.0 Fat Reifen"},"content":{"rendered":"<div class=\"J_module\">\n<div id=\"ali-anchor-AliMagic-lrdmd7\" class=\"magic-7\" data-section=\"AliMagic-lrdmd7\" data-section-title=\"Specification\" data-spm-anchor-id=\"a2700.details.0.i81.7c1b29b4rMLNkO\">\n<p>Discover the YVY C20 Lite, a budget-friendly electric bike with a powerful 1000W motor and 48V 15Ah battery, delivering up to 50 km in electric mode and 80 km with pedal assist. Equipped with 20&#8243; x 4.0&#8243; all-terrain fat tires, disc brakes, and front\/rear suspension, it ensures a smooth, safe ride on any surface. The LCD display offers real-time data and multiple riding modes, while the Shimano 7-speed system, removable battery, and 150kg load capacity add versatility. Perfect for urban commutes or off-road adventures,<\/p>\n<p>Weitere Tipps zur optimalen Pflege Ihres Fahrrads finden Sie auf unserer Website. <a href=\"https:\/\/ridstar.eu\/de\/so-pflegen-sie-ein-elektrofahrrad-damit-seine-leistung-lange-anhalt\/\">Wartungsleitfaden<\/a>.<\/p>\n<p> Der YVY C20 Lite vereint Leistung und Erschwinglichkeit. Jetzt auf ridstar.eu kaufen!<\/p>\n<\/div>\n<\/div>\n<div class=\"J_module\">\n<div class=\"ife-detail-decorate-table\">\n<p>Das YVY C20 Lite ist eine vereinfachte, preisg\u00fcnstige Version des YVY C20, des beliebtesten und popul\u00e4rsten Fahrrads der Welt.<\/p>\n<p>Es verf\u00fcgt \u00fcber alle \u00fcblichen Funktionen des C20: 1000-W-Motor, Universalreifen, Scheibenbremsen, Sto\u00dfd\u00e4mpfer, der einzige Unterschied ist die Batteriekapazit\u00e4t \u2013 15 Ah statt der \u00fcblichen 20 Ah.<\/p>\n<p>&nbsp;<\/p>\n<p><img loading=\"lazy\" decoding=\"async\" class=\"alignnone size-full wp-image-291670\" src=\"https:\/\/ridstar.eu\/wp-content\/uploads\/2025\/10\/12.webp\" alt=\"yvy c20 lite\" width=\"1464\" height=\"600\" \/> <img loading=\"lazy\" decoding=\"async\" class=\"alignnone size-full wp-image-291671\" src=\"https:\/\/ridstar.eu\/wp-content\/uploads\/2025\/10\/15.webp\" alt=\"yvy c20 lite\" width=\"1464\" height=\"600\" \/><img loading=\"lazy\" decoding=\"async\" class=\"alignnone size-full wp-image-291362\" src=\"https:\/\/ridstar.eu\/wp-content\/uploads\/2024\/03\/q20mini-2.webp\" alt=\"q20mini\" width=\"1000\" height=\"1000\" \/><\/p>\n<p>&nbsp;<\/p>\n<\/div>\n<\/div>","protected":false},"excerpt":{"rendered":"<p>Kostenlose Lieferung innerhalb von 3-7 Tagen<\/p>\n<p>Geeignet f\u00fcr Personen mit einer K\u00f6rpergr\u00f6\u00dfe von 158\u2013195 cm.<\/p>\n<p>Garantie 12 Monate<\/p>\n<p>Zum Reiten das ganze Jahr \u00fcber geeignet!<\/p>","protected":false},"featured_media":291672,"comment_status":"open","ping_status":"closed","template":"","meta":[],"product_brand":[480],"product_cat":[212],"product_tag":[],"class_list":{"0":"post-291669","1":"product","2":"type-product","3":"status-publish","4":"has-post-thumbnail","6":"product_brand-yvy","7":"product_cat-electric-bikes","9":"first","10":"instock","11":"shipping-taxable","12":"purchasable","13":"product-type-simple"},"_links":{"self":[{"href":"https:\/\/ridstar.eu\/de\/wp-json\/wp\/v2\/product\/291669","targetHints":{"allow":["GET"]}}],"collection":[{"href":"https:\/\/ridstar.eu\/de\/wp-json\/wp\/v2\/product"}],"about":[{"href":"https:\/\/ridstar.eu\/de\/wp-json\/wp\/v2\/types\/product"}],"replies":[{"embeddable":true,"href":"https:\/\/ridstar.eu\/de\/wp-json\/wp\/v2\/comments?post=291669"}],"wp:featuredmedia":[{"embeddable":true,"href":"https:\/\/ridstar.eu\/de\/wp-json\/wp\/v2\/media\/291672"}],"wp:attachment":[{"href":"https:\/\/ridstar.eu\/de\/wp-json\/wp\/v2\/media?parent=291669"}],"wp:term":[{"taxonomy":"product_brand","embeddable":true,"href":"https:\/\/ridstar.eu\/de\/wp-json\/wp\/v2\/product_brand?post=291669"},{"taxonomy":"product_cat","embeddable":true,"href":"https:\/\/ridstar.eu\/de\/wp-json\/wp\/v2\/product_cat?post=291669"},{"taxonomy":"product_tag","embeddable":true,"href":"https:\/\/ridstar.eu\/de\/wp-json\/wp\/v2\/product_tag?post=291669"}],"curies":[{"name":"wp","href":"https:\/\/api.w.org\/{rel}","templated":true}]}}