{"id":291296,"date":"2025-01-16T09:23:05","date_gmt":"2025-01-16T07:23:05","guid":{"rendered":"https:\/\/ridstar.eu\/?post_type=product&#038;p=291296"},"modified":"2026-02-12T08:44:34","modified_gmt":"2026-02-12T06:44:34","slug":"elektrofahrrad-ekx-x21-max-3000w-60v-30ah-akku-hochstgeschwindigkeit-85km-h","status":"publish","type":"product","link":"https:\/\/ridstar.eu\/de\/product\/elektrofahrrad-ekx-x21-max-3000w-60v-30ah-akku-hochstgeschwindigkeit-85km-h\/","title":{"rendered":"Elektrofahrrad EKX X21 MAX, 3000W, 60V 30AH Akku, H\u00f6chstgeschwindigkeit 85km\/h"},"content":{"rendered":"<p><strong>Rahmen aus Aluminiumlegierung:<\/strong>Leicht und langlebig<br \/>\n<strong>3000-W-Motor:<\/strong>B\u00fcrstenloser Hochgeschwindigkeitsmotor ohne Getriebe<br \/>\n<strong>Batterie:<\/strong>60V\/30Ah Lithium-Akkupack<br \/>\n<strong>Distanz:<\/strong>60 km \u2013 90 km<br \/>\n<strong>Hydraulische Bremse:<\/strong>Effizientes Bremsen<br \/>\n<strong>MTB-Reifen:<\/strong>70\/100-19 Offroad-Reifen<br \/>\n<strong>Vollfederung:<\/strong>Federung vorn und hinten<br \/>\n<strong>LED-Licht:<\/strong>Kopf- und R\u00fccklichter<\/p>\n<p><img decoding=\"async\" class=\"alignnone size-full wp-image-291301\" src=\"https:\/\/ridstar.eu\/wp-content\/uploads\/2025\/01\/X21MAX-6.webp\" alt=\"EKX X21 Max\" width=\"650\" height=\"450\" \/><\/p>\n<ul>\n<li><strong>Motorleistung<\/strong>: 3000 W (Nennleistung), 5000 W (Spitzenleistung)<\/li>\n<li><strong>Akku<\/strong>: 60V\/30Ah Lithiumbatterie<\/li>\n<li><strong>H\u00f6chstgeschwindigkeit<\/strong>: 85km\/h<\/li>\n<li><strong>Reitstrecke<\/strong>: 60-80km<\/li>\n<li><strong>Reifen<\/strong>: 70\/100-19 Offroad-Reifen<\/li>\n<li><strong>Gewicht<\/strong>: 45 kg (99 lb)<\/li>\n<li><strong>Maximale Belastung<\/strong>: 180 kg (400 Pfund)<\/li>\n<li><strong>Paket<\/strong>: 149 x 31 x 87 cm, 50 kg (110 Pfund)<\/li>\n<li><strong>Bremssystem<\/strong>: Hydraulische Vorder- und Hinterradbremse<\/li>\n<li><strong>Vollfederung<\/strong>: Vorder- und Hinterradaufh\u00e4ngung<\/li>\n<li><strong>Beleuchtung<\/strong>: Scheinwerfer, R\u00fccklicht<\/li>\n<li><strong>Empfohlene H\u00f6he<\/strong>: 165 cm \u2013 195 cm<\/li>\n<li><strong>Rahmenmaterial<\/strong>: Hochfestes Stahlrohr<\/li>\n<\/ul>\n<p><img decoding=\"async\" class=\"size-full wp-image-291304 aligncenter\" src=\"https:\/\/ridstar.eu\/wp-content\/uploads\/2025\/01\/X21max-7.webp\" alt=\"x21max\" width=\"720\" height=\"720\" \/><\/p>\n<h3 style=\"text-align: center;\">Hochwertiger Rahmen aus Aluminiumlegierung<\/h3>\n<div class=\"rte-setting text-spacing\">\n<p style=\"text-align: center;\">Verbesserte Haltbarkeit und leichtes Design. Das korrosionsbest\u00e4ndige Aluminiumlegierungsmaterial gew\u00e4hrleistet die Langlebigkeit des Fahrrads und bietet ein hervorragendes Verh\u00e4ltnis von Festigkeit zu Gewicht. Sorgt f\u00fcr eine ruhige Fahrt, die f\u00fcr jedes Gel\u00e4nde geeignet ist.<\/p>\n<\/div>\n<p>&nbsp;<\/p>\n<p><img decoding=\"async\" class=\"size-full wp-image-291305 aligncenter\" src=\"https:\/\/ridstar.eu\/wp-content\/uploads\/2025\/01\/X21max-8.webp\" alt=\"x21max\" width=\"720\" height=\"720\" \/><\/p>\n<h3 style=\"text-align: center;\">Vollfederung vorne und hinten<\/h3>\n<div class=\"rte-setting text-spacing\">\n<p style=\"text-align: center;\">Vollgefederte Sto\u00dfd\u00e4mpfer vorn und hinten absorbieren St\u00f6\u00dfe auf unebenem Gel\u00e4nde, um den Komfort zu erh\u00f6hen und die Erm\u00fcdung des Fahrers zu verringern. Verbessert die Traktion und Kontrolle f\u00fcr eine ruhigere Fahrt auf unebenem Untergrund.<\/p>\n<\/div>\n<p><img decoding=\"async\" class=\"size-full wp-image-291306 aligncenter\" src=\"https:\/\/ridstar.eu\/wp-content\/uploads\/2025\/01\/X21max-9.webp\" alt=\"x21max\" width=\"720\" height=\"720\" \/><\/p>\n<h3 style=\"text-align: center;\">B\u00fcrstenloser und getriebeloser Motor<\/h3>\n<div class=\"rte-setting text-spacing\">\n<p style=\"text-align: center;\">Der b\u00fcrstenlose, getriebelose Motor hat einen hohen Wirkungsgrad, eine hohe Drehzahl, ein hohes Drehmoment, eine lange Lebensdauer, ist ger\u00e4uscharm, klein und bietet eine ausgezeichnete Steuerleistung. F\u00fcr ein ausgezeichnetes Fahrraderlebnis.<\/p>\n<\/div>\n<p>&nbsp;<\/p>\n<p><img decoding=\"async\" class=\"size-full wp-image-291307 aligncenter\" src=\"https:\/\/ridstar.eu\/wp-content\/uploads\/2025\/01\/X21max-10.webp\" alt=\"x21max\" width=\"720\" height=\"720\" \/><\/p>\n<h3 style=\"text-align: center;\">60V\/30AH Batterie<\/h3>\n<div class=\"rte-setting text-spacing\">\n<p style=\"text-align: center;\">Fahrr\u00e4der mit 30 Ah (1800 Wh) Akkus bieten eine gr\u00f6\u00dfere Reichweite und Leistung f\u00fcr lange Fahrten. Durch die h\u00f6here Energiedichte wird eine zuverl\u00e4ssige und effiziente Kraft\u00fcbertragung gew\u00e4hrleistet, was das gesamte Fahrerlebnis verbessert.<\/p>\n<\/div>\n<p>&nbsp;<\/p>\n<p><img decoding=\"async\" class=\"size-full wp-image-291308 aligncenter\" src=\"https:\/\/ridstar.eu\/wp-content\/uploads\/2025\/01\/X21max-11.webp\" alt=\"x21max\" width=\"720\" height=\"720\" \/><\/p>\n<h3 style=\"text-align: center;\">LCD Anzeige<\/h3>\n<div class=\"rte-setting text-spacing\">\n<p style=\"text-align: center;\">Das LCD-Display liefert Echtzeitdaten wie Geschwindigkeit, Distanz und Batteriestand und unterst\u00fctzt so die Navigation und Leistungsverfolgung. Verbessern Sie das Fahrerlebnis und optimieren Sie Effizienz und Kontrolle mit anpassbaren Einstellungen wie Unterst\u00fctzungsstufen und Gel\u00e4ndemodi.<\/p>\n<\/div>\n<p>&nbsp;<\/p>\n<p><img decoding=\"async\" class=\"size-full wp-image-291309 aligncenter\" src=\"https:\/\/ridstar.eu\/wp-content\/uploads\/2025\/01\/X21max-12.webp\" alt=\"x21max\" width=\"720\" height=\"720\" \/><\/p>\n<h3 style=\"text-align: center;\">19 x 2\u2033 MTB-Reifen<\/h3>\n<div class=\"rte-setting text-spacing\">\n<p style=\"text-align: center;\">Offroad-Mountainbikes profitieren von 19\u00d72-Zoll-Reifen f\u00fcr verbesserte Traktion und Stabilit\u00e4t in unebenem Gel\u00e4nde. Dank optimalem Grip und Sto\u00dfd\u00e4mpfung sorgen sie f\u00fcr ein ruhigeres Fahrgef\u00fchl auf anspruchsvollen Trails und sind f\u00fcr jedes Gel\u00e4nde geeignet.<\/p>\n<\/div>\n<p><strong>Lieferumfang:<\/strong><\/p>\n<p>1. Fahrradk\u00f6rper<br \/>\n2. 30 Ah Akkupack<br \/>\n3. Scheinwerfer<br \/>\n4. Ladeger\u00e4t x1<br \/>\n5. Pedale x2<br \/>\n6. 70\/100-19 Fettreifen x2<br \/>\n7. Kotfl\u00fcgel<br \/>\n8. Benutzerhandbuch<\/p>","protected":false},"excerpt":{"rendered":"<p>EKX X21 MAX \u2013 Premium-Elektrofahrrad.<\/p>\n<p><strong>Ausverkauft.<\/strong><br \/>\nGratis versand<br \/>\nKeine zus\u00e4tzlichen Steuern<\/p>","protected":false},"featured_media":291302,"comment_status":"open","ping_status":"closed","template":"","meta":[],"product_brand":[],"product_cat":[212],"product_tag":[],"class_list":{"0":"post-291296","1":"product","2":"type-product","3":"status-publish","4":"has-post-thumbnail","6":"product_cat-electric-bikes","8":"first","9":"outofstock","10":"sale","11":"shipping-taxable","12":"purchasable","13":"product-type-simple"},"jetpack_sharing_enabled":true,"_links":{"self":[{"href":"https:\/\/ridstar.eu\/de\/wp-json\/wp\/v2\/product\/291296","targetHints":{"allow":["GET"]}}],"collection":[{"href":"https:\/\/ridstar.eu\/de\/wp-json\/wp\/v2\/product"}],"about":[{"href":"https:\/\/ridstar.eu\/de\/wp-json\/wp\/v2\/types\/product"}],"replies":[{"embeddable":true,"href":"https:\/\/ridstar.eu\/de\/wp-json\/wp\/v2\/comments?post=291296"}],"wp:featuredmedia":[{"embeddable":true,"href":"https:\/\/ridstar.eu\/de\/wp-json\/wp\/v2\/media\/291302"}],"wp:attachment":[{"href":"https:\/\/ridstar.eu\/de\/wp-json\/wp\/v2\/media?parent=291296"}],"wp:term":[{"taxonomy":"product_brand","embeddable":true,"href":"https:\/\/ridstar.eu\/de\/wp-json\/wp\/v2\/product_brand?post=291296"},{"taxonomy":"product_cat","embeddable":true,"href":"https:\/\/ridstar.eu\/de\/wp-json\/wp\/v2\/product_cat?post=291296"},{"taxonomy":"product_tag","embeddable":true,"href":"https:\/\/ridstar.eu\/de\/wp-json\/wp\/v2\/product_tag?post=291296"}],"curies":[{"name":"wp","href":"https:\/\/api.w.org\/{rel}","templated":true}]}}