{"id":290966,"date":"2024-10-09T09:36:36","date_gmt":"2024-10-09T06:36:36","guid":{"rendered":"https:\/\/ridstar.eu\/?post_type=product&#038;p=290966"},"modified":"2026-04-01T03:02:17","modified_gmt":"2026-04-01T00:02:17","slug":"elektrofahrrad-ridstar-q20-luxe-48-v-1000-w-1500-w-20-ah-akku-im-retro-stil","status":"publish","type":"product","link":"https:\/\/ridstar.eu\/de\/product\/elektrofahrrad-ridstar-q20-luxe-48-v-1000-w-1500-w-20-ah-akku-im-retro-stil\/","title":{"rendered":"Elektrofahrrad Ridstar Q20 Luxe, 48V, 1000W (1500W), 20Ah Akku, Retro-Stil"},"content":{"rendered":"<h3><strong>Ridstar Q20 Luxe: Retro-Eleganz trifft auf moderne Leistung<\/strong><\/h3>\n<p>Der <strong>Ridstar Q20 Luxe<\/strong> bringt Elektrofahrradfahren mit seinem leistungsstarken Motor, der stilvollen Retro-Farbpalette und dem robusten Design auf ein ganz neues Niveau. Diese verbesserte Version des Q20 wurde f\u00fcr diejenigen entwickelt, die Leistung und \u00c4sthetik verlangen, und eignet sich perfekt f\u00fcr das t\u00e4gliche Pendeln, gem\u00fctliche Fahrten oder abenteuerliche Offroad-Touren. Mit verbesserten Funktionen und zeitlosem Stil bietet der Q20 Luxe ein erstklassiges Fahrerlebnis.<\/p>\n<hr \/>\n<h4><strong>Hauptmerkmale<\/strong><\/h4>\n<ul>\n<li><strong>Leistungsstarker 1500-W-Motor<\/strong><br \/>\nDer Ridstar Q20 Luxe ist ausgestattet mit einem <strong>48 V 1500 W b\u00fcrstenloser Gleichstrom-Hochgeschwindigkeitsmotor<\/strong>, liefert au\u00dfergew\u00f6hnliches Drehmoment und Geschwindigkeit f\u00fcr sanfte Beschleunigung, effizientes Bergauffahren und sichere Gel\u00e4ndeleistung.<\/li>\n<li><strong>Retro-inspiriertes Design<\/strong><br \/>\nMit seinem einzigartigen <strong>Retro-Farboptionen<\/strong>Der Q20 Luxe verbindet klassische \u00c4sthetik mit modernster Technologie und ist damit bei jeder Fahrt ein Hingucker.<\/li>\n<li><strong>Hydraulische Federung f\u00fcr Komfort<\/strong><br \/>\nDer <strong>hydraulische Vordergabel<\/strong> absorbiert St\u00f6\u00dfe m\u00fchelos und sorgt f\u00fcr eine ruhige und komfortable Fahrt \u00fcber unebenes Gel\u00e4nde, Schlagl\u00f6cher oder unebene Stra\u00dfen.<\/li>\n<li><strong>Fortschrittliches Bremssystem<\/strong><br \/>\nDie Fahrradfunktionen <strong>Scheibenbremsen mit rotem \u00d6l vorne und hinten<\/strong>, bietet eine reaktionsschnelle und zuverl\u00e4ssige Bremskraft unter allen Bedingungen und verbessert so sowohl die Sicherheit als auch die Kontrolle.<\/li>\n<li><strong>20\u2033x4.0 Fat Tires f\u00fcr Vielseitigkeit im Gel\u00e4nde<\/strong><br \/>\nDie robuste <strong>20\u2033x4.0 breite Reifen<\/strong> bieten hervorragende Traktion und Stabilit\u00e4t, sodass Sie die unterschiedlichsten Oberfl\u00e4chen erobern k\u00f6nnen, von Stadtstra\u00dfen bis hin zu Sandstr\u00e4nden und schlammigen Pfaden.<\/li>\n<li><strong>Effiziente 18650 Lithiumbatterie<\/strong><br \/>\nMit einem <strong>20AH Hochleistungsbatterie<\/strong>bietet der Q20 Luxe bis zu <strong>80 km Reichweite<\/strong> mit einer einzigen Ladung. Der Akku ist leicht, herausnehmbar und l\u00e4dt sich in nur <strong>4-6 Stunden<\/strong> f\u00fcr zus\u00e4tzlichen Komfort.<\/li>\n<li><strong>Heller und stilvoller runder Scheinwerfer<\/strong><br \/>\nDie Luxe-Version verf\u00fcgt \u00fcber eine <strong>klassischer runder LED-Scheinwerfer<\/strong>, kombiniert Funktionalit\u00e4t mit einem Retro-Flair f\u00fcr bessere Sichtbarkeit bei Nacht.<\/li>\n<li><strong>Benutzerfreundliches LCD-Display<\/strong><br \/>\nBleiben Sie informiert mit dem <strong>LCD Anzeige<\/strong>, das Echtzeitstatistiken zu Geschwindigkeit, Akkulaufzeit, zur\u00fcckgelegter Strecke und mehr in einem \u00fcbersichtlichen und leicht lesbaren Format liefert.<\/li>\n<\/ul>\n<hr \/>\n<h4><strong>Technische Spezifikationen<\/strong><\/h4>\n<ul>\n<li><strong>Rahmenmaterial<\/strong>: Aluminiumlegierung<\/li>\n<li><strong>Motor<\/strong>: 48 V 1500 W b\u00fcrstenloser Gleichstrom-Hochgeschwindigkeitsmotor<\/li>\n<li><strong>Batterie<\/strong>: 20AH 18650 Lithiumbatterie<\/li>\n<li><strong>H\u00f6chstgeschwindigkeit<\/strong>: Bis zu 50 km\/h<\/li>\n<li><strong>Reichweite<\/strong>: Bis zu 80 km<\/li>\n<li><strong>Reifen<\/strong>: 20\u2033x4.0 breite Reifen<\/li>\n<li><strong>Gewicht<\/strong>: 42 kg<\/li>\n<li><strong>Tragf\u00e4higkeit<\/strong>: \u2264150 kg<\/li>\n<li><strong>Steigf\u00e4higkeit<\/strong>: Bis zu 35\u00b0<\/li>\n<li><strong>Ladezeit<\/strong>: 4-6 Stunden<\/li>\n<li><strong>Bremsen<\/strong>: Scheibenbremsen mit rotem \u00d6l vorn und hinten<\/li>\n<\/ul>\n<hr \/>\n<h4><strong>Packliste<\/strong><\/h4>\n<ol>\n<li><strong>Elektrofahrrad<\/strong><\/li>\n<li><strong>Herausnehmbarer Akku<\/strong><\/li>\n<li><strong>Fahrradtaschen<\/strong><\/li>\n<li><strong>Kotfl\u00fcgel vorn und hinten<\/strong><\/li>\n<li><strong>Multifunktionswerkzeug<\/strong><\/li>\n<li><strong>Runder LED-Scheinwerfer<\/strong><\/li>\n<li><strong>Ladeger\u00e4t<\/strong><\/li>\n<li><strong>Pedale<\/strong><\/li>\n<\/ol>\n<hr \/>\n<h3><strong>Verbessern Sie Ihre Fahrt mit dem Ridstar Q20 Luxe<\/strong><\/h3>\n<p>Der <strong>Ridstar Q20 Luxe<\/strong> ist nicht nur ein Elektrofahrrad, sondern ein Lifestyle-Statement. Seine Kombination aus Retro-Eleganz und hochmodernen Funktionen macht jede Fahrt angenehm, kraftvoll und stilvoll. Egal, ob Sie in der Stadt pendeln, die Landschaft erkunden oder einfach die offene Stra\u00dfe genie\u00dfen, das Q20 Luxe sorgt daf\u00fcr, dass Sie mit un\u00fcbertroffenem Komfort und Flair fahren.<\/p>\n<p><strong>Machen Sie sich bereit, mit dem Ridstar Q20 Luxe die Stra\u00dfe zu erobern \u2013 hier trifft klassischer Stil auf moderne Leistung!<\/strong><\/p>\n<p><img decoding=\"async\" class=\"alignnone size-full wp-image-290967\" src=\"https:\/\/ridstar.eu\/wp-content\/uploads\/2024\/10\/s-l960_2.jpeg\" alt=\"Ridstar Q20 Luxus\" width=\"773\" height=\"773\" \/> <img decoding=\"async\" class=\"alignnone size-full wp-image-290968\" src=\"https:\/\/ridstar.eu\/wp-content\/uploads\/2024\/10\/s-l960_1.jpeg\" alt=\"Ridstar Q20 Luxus\" width=\"773\" height=\"773\" \/> <img decoding=\"async\" class=\"alignnone size-full wp-image-290969\" src=\"https:\/\/ridstar.eu\/wp-content\/uploads\/2024\/10\/s-l960.jpeg\" alt=\"Ridstar Q20 Luxus\" width=\"773\" height=\"773\" \/> <img decoding=\"async\" class=\"alignnone size-full wp-image-290970\" src=\"https:\/\/ridstar.eu\/wp-content\/uploads\/2024\/10\/s-l1600_1.jpeg\" alt=\"Ridstar Q20 Luxus\" width=\"1546\" height=\"1546\" \/> <img decoding=\"async\" class=\"alignnone size-full wp-image-290971\" src=\"https:\/\/ridstar.eu\/wp-content\/uploads\/2024\/10\/s-l1600_2.jpeg\" alt=\"Ridstar Q20 Luxus\" width=\"1546\" height=\"1546\" \/> <img decoding=\"async\" class=\"alignnone size-full wp-image-290972\" src=\"https:\/\/ridstar.eu\/wp-content\/uploads\/2024\/10\/s-l1600_3.jpeg\" alt=\"Ridstar Q20 Luxus\" width=\"1546\" height=\"1546\" \/><\/p>","protected":false},"excerpt":{"rendered":"<p>Auf Lager im EU-Lager<\/p>\n<p>Verbessertes Modell \u2013 Retro-Stil<\/p>\n<p>Bessere Qualit\u00e4t der Reifen und anderer Motornaben als beim einfachen Q20<\/p>","protected":false},"featured_media":290967,"comment_status":"open","ping_status":"closed","template":"","meta":[],"product_brand":[],"product_cat":[212],"product_tag":[],"class_list":{"0":"post-290966","1":"product","2":"type-product","3":"status-publish","4":"has-post-thumbnail","6":"product_cat-electric-bikes","8":"first","9":"outofstock","10":"sale","11":"shipping-taxable","12":"purchasable","13":"product-type-simple"},"jetpack_sharing_enabled":true,"_links":{"self":[{"href":"https:\/\/ridstar.eu\/de\/wp-json\/wp\/v2\/product\/290966","targetHints":{"allow":["GET"]}}],"collection":[{"href":"https:\/\/ridstar.eu\/de\/wp-json\/wp\/v2\/product"}],"about":[{"href":"https:\/\/ridstar.eu\/de\/wp-json\/wp\/v2\/types\/product"}],"replies":[{"embeddable":true,"href":"https:\/\/ridstar.eu\/de\/wp-json\/wp\/v2\/comments?post=290966"}],"wp:featuredmedia":[{"embeddable":true,"href":"https:\/\/ridstar.eu\/de\/wp-json\/wp\/v2\/media\/290967"}],"wp:attachment":[{"href":"https:\/\/ridstar.eu\/de\/wp-json\/wp\/v2\/media?parent=290966"}],"wp:term":[{"taxonomy":"product_brand","embeddable":true,"href":"https:\/\/ridstar.eu\/de\/wp-json\/wp\/v2\/product_brand?post=290966"},{"taxonomy":"product_cat","embeddable":true,"href":"https:\/\/ridstar.eu\/de\/wp-json\/wp\/v2\/product_cat?post=290966"},{"taxonomy":"product_tag","embeddable":true,"href":"https:\/\/ridstar.eu\/de\/wp-json\/wp\/v2\/product_tag?post=290966"}],"curies":[{"name":"wp","href":"https:\/\/api.w.org\/{rel}","templated":true}]}}