{"id":290894,"date":"2024-09-27T11:35:00","date_gmt":"2024-09-27T09:35:00","guid":{"rendered":"https:\/\/ridstar.eu\/?post_type=product&#038;p=290894"},"modified":"2026-04-02T17:25:47","modified_gmt":"2026-04-02T14:25:47","slug":"elektrofahrrad-coswheel-gt20-max-60-v-1500-w-spitzenleistung-2000-w-40-ah-25-ah-15-ah-samsung-akku","status":"publish","type":"product","link":"https:\/\/ridstar.eu\/de\/product\/elektrofahrrad-coswheel-gt20-max-60-v-1500-w-spitzenleistung-2000-w-40-ah-25-ah-15-ah-samsung-akku\/","title":{"rendered":"Elektrofahrrad COSWHEEL GT20 MAX, 60 V, 1500 W (Spitzenleistung 2000 W), 40 Ah (25 Ah + 15 Ah SAMSUNG-Akku)"},"content":{"rendered":"<h3><strong>Elektrofahrrad COSWHEEL GT20 MAX<\/strong><\/h3>\n<h4><strong>60 V, 1500 W (Spitzenleistung 2000 W), 40 Ah (25 Ah + 15 Ah Samsung-Akku)<\/strong><\/h4>\n<p>Der <strong>COSWHEEL GT20 MAX<\/strong> ist ein leistungsstarkes Elektrofahrrad f\u00fcr Fahrer, die Leistung, Reichweite und Komfort verlangen. Mit seinem fortschrittlichen Doppelbatteriesystem, dem leistungsstarken Motor und dem robusten Rahmen ist das GT20 MAX perfekt f\u00fcr Langstreckenabenteuer und die Bew\u00e4ltigung anspruchsvoller Gel\u00e4nde.<\/p>\n<hr \/>\n<h3><strong>Hauptmerkmale<\/strong><\/h3>\n<ul>\n<li><strong>Doppelbatteriesystem f\u00fcr un\u00fcbertroffene Reichweite<\/strong><br \/>\nAusgestattet mit einem <strong>60V 25Ah + 15Ah Samsung Batterie<\/strong>bietet der GT20 MAX eine beeindruckende Auswahl an <strong>80+ Meilen (128 km)<\/strong> im Gasbetrieb und bis zu <strong>145 Meilen (233 km)<\/strong> mit Tretunterst\u00fctzung. Die kombinierte <strong>2400Wh Energiekapazit\u00e4t<\/strong> sorgt f\u00fcr l\u00e4ngere Fahrten ohne h\u00e4ufiges Aufladen.<\/li>\n<li><strong>Hochleistungsmotor<\/strong><br \/>\nDer <strong>60 V Spitze 2000 W (Nennleistung 1500 W) b\u00fcrstenloser Hinterradnabenmotor<\/strong> liefert eine beeindruckende <strong>120N.m Drehmoment<\/strong>, wodurch das Fahrrad Geschwindigkeiten von erreichen kann <strong>40 mph (65 km\/h)<\/strong> und erklimmen Sie m\u00fchelos steile Anstiege.<\/li>\n<li><strong>Fortschrittliches Federungssystem<\/strong><br \/>\nGenie\u00dfen Sie h\u00f6chsten Komfort mit dem <strong>20\u2033 schulterged\u00e4mpfte Vorderradaufh\u00e4ngung (80 mm Federweg)<\/strong> und ein <strong>Hinterradfederung ausgelegt f\u00fcr 850 Pfund (180 mm Federweg)<\/strong>, sodass auch auf unebenem Gel\u00e4nde eine ruhige Fahrt gew\u00e4hrleistet ist.<\/li>\n<li><strong>Verbessertes Bremssystem<\/strong><br \/>\nDer <strong>Doppelkolben-\u00d6lbremsen<\/strong> mit <strong>180 mm Edelstahlbremsscheiben<\/strong> bieten pr\u00e4zise und zuverl\u00e4ssige Bremskraft und gew\u00e4hrleisten Sicherheit bei hohen Geschwindigkeiten.<\/li>\n<li><strong>Offroad-Reifen<\/strong><br \/>\nAusgestattet mit <strong>ARISUN Offroad-Reifen (20\u2033 x 4,0\u2033)<\/strong> Ausgestattet mit einem Meimeng-Reifen und einer PVC-Leine bietet der GT20 MAX au\u00dfergew\u00f6hnlichen Grip und Haltbarkeit f\u00fcr unterschiedliches Gel\u00e4nde.<\/li>\n<li><strong>Ergonomisches und langlebiges Design<\/strong><br \/>\nGebaut mit einem <strong>hydrogeformter, dreifach konifizierter Rahmen aus 6061-T6-Aluminiumlegierung<\/strong>, der GT20 MAX ist leicht und dennoch robust und unterst\u00fctzt Fahrer bis zu <strong>150 kg<\/strong>. Das geteilte Lenkerdesign sorgt f\u00fcr zus\u00e4tzlichen Komfort und mehr Kontrolle f\u00fcr den Fahrer.<\/li>\n<li><strong>Intelligente Elektronik<\/strong><br \/>\nDer <strong>gut lesbares LCD-Display<\/strong> bietet Echtzeit-Statistiken wie Geschwindigkeit, Akkustand und Pedalunterst\u00fctzungsmodus. Mit <strong>5 Stufen der Tretunterst\u00fctzung<\/strong> und ein <strong>Daumengas<\/strong>, das Fahrrad passt sich nahtlos an Ihre Fahrbed\u00fcrfnisse an.<\/li>\n<\/ul>\n<hr \/>\n<h3><strong>Technische Daten<\/strong><\/h3>\n<h4><strong>Leistung<\/strong><\/h4>\n<ul>\n<li><strong>H\u00f6chstgeschwindigkeit<\/strong>: 40 mph (65 km\/h)<\/li>\n<li><strong>Reichweite<\/strong>:\n<ul>\n<li>Nur Gas: 80+ Meilen (128 km)<\/li>\n<li>Tretunterst\u00fctzung: 145 Meilen (233 km)<\/li>\n<\/ul>\n<\/li>\n<li><strong>Motor<\/strong>: 60 V Spitze 2000 W (Nennleistung 1500 W) b\u00fcrstenloser Hinterradnabenmotor<\/li>\n<li><strong>Drehmoment<\/strong>: 120N.m<\/li>\n<li><strong>Batterie<\/strong>: 60 V, 25 Ah + 15 Ah Samsung Lithium (18650 Zellen)<\/li>\n<li><strong>Energiekapazit\u00e4t<\/strong>Leistung: 2400 Wh<\/li>\n<\/ul>\n<h4><strong>Aufbau und Federung<\/strong><\/h4>\n<ul>\n<li><strong>Rahmen<\/strong>: Hydrogeformte, dreifach konifizierte 6061-T6 Aluminiumlegierung<\/li>\n<li><strong>Vorderradaufh\u00e4ngung<\/strong>: 20\u2033 Schultersto\u00dfd\u00e4mpfung (80 mm Federweg)<\/li>\n<li><strong>Hinterradaufh\u00e4ngung<\/strong>: Einstellbar, 850 Pfund (180 mm Federweg)<\/li>\n<\/ul>\n<h4><strong>Bremsen und Reifen<\/strong><\/h4>\n<ul>\n<li><strong>Bremsen<\/strong>: Doppelkolben-\u00d6lbremsen, 180 mm Edelstahlscheiben<\/li>\n<li><strong>Reifen<\/strong>: ARISUN Offroad-Reifen (20\u2033 x 4,0\u2033) mit Meimeng-Reifen + PVC-Leitung<\/li>\n<\/ul>\n<h4><strong>Elektronik<\/strong><\/h4>\n<ul>\n<li><strong>Regler<\/strong>Leistung: 60 V, 35 A<\/li>\n<li><strong>Ladeger\u00e4t<\/strong>: 60 V, 5 A (Ladezeit: 3,5\u20138,0 Stunden)<\/li>\n<li><strong>Anzeige<\/strong>: Leicht lesbares LCD-Display<\/li>\n<li><strong>Beleuchtung<\/strong>:\n<ul>\n<li><strong>Front<\/strong>: Klassischer Angel Eye-Scheinwerfer (120 LUX)<\/li>\n<li><strong>Hinteren<\/strong>: LED<\/li>\n<\/ul>\n<\/li>\n<\/ul>\n<h4><strong>Abmessungen und Gewicht<\/strong><\/h4>\n<ul>\n<li><strong>Gesamtgr\u00f6\u00dfe<\/strong>: 180 x 69 x 106 cm (70,9\u2033 x 27,2\u2033 x 41,7\u2033)<\/li>\n<li><strong>Paketgr\u00f6\u00dfe<\/strong>: 151 x 35 x 92 cm (59,4\u2033 x 13,8\u2033 x 36,2\u2033)<\/li>\n<li><strong>Sitzh\u00f6he<\/strong>: 83 cm (32,6\u2033)<\/li>\n<li><strong>Radstand<\/strong>: 121,5 cm (47,8 Zoll)<\/li>\n<li><strong>Lenkerbreite<\/strong>: 69 cm (27,2\u2033)<\/li>\n<li><strong>Fahrradgewicht<\/strong>: \u226545 kg (99 Pfund mit Batterie)<\/li>\n<\/ul>\n<h4><strong>Kapazit\u00e4t<\/strong><\/h4>\n<ul>\n<li><strong>Maximale Belastung<\/strong>: 150 kg (330 Pfund)<\/li>\n<li><strong>Sichere Last<\/strong>: 120 kg (265 Pfund)<\/li>\n<\/ul>\n<hr \/>\n<h3><strong>Warum sollten Sie sich f\u00fcr COSWHEEL GT20 MAX entscheiden?<\/strong><\/h3>\n<p>Der <strong>COSWHEEL GT20 MAX<\/strong> ist das ultimative Elektrofahrrad f\u00fcr Fahrer, die Leistung auf lange Distanz und h\u00f6chsten Komfort suchen. Sein Doppelbatteriesystem, der leistungsstarke Motor und die fortschrittliche Federung machen es perfekt f\u00fcr Fahrten in der Stadt und Abenteuer im Gel\u00e4nde.<\/p>\n<p><strong>Gehen Sie mit dem COSWHEEL GT20 MAX an Ihre Grenzen \u2013 hier trifft Leistung auf Ausdauer.<\/strong><\/p>\n<p><img decoding=\"async\" class=\"alignnone size-full wp-image-291400\" src=\"https:\/\/ridstar.eu\/wp-content\/uploads\/2024\/09\/GT20MAX-2-3.webp\" alt=\"gt20max\" width=\"1920\" height=\"1080\" \/> <img decoding=\"async\" class=\"alignnone size-full wp-image-291401\" src=\"https:\/\/ridstar.eu\/wp-content\/uploads\/2024\/09\/GT20MAX-2.webp\" alt=\"gt20max\" width=\"1920\" height=\"1080\" \/> <img decoding=\"async\" class=\"alignnone size-full wp-image-291402\" src=\"https:\/\/ridstar.eu\/wp-content\/uploads\/2024\/09\/GT20MAX.webp\" alt=\"gt20max\" width=\"1920\" height=\"1080\" \/><\/p>","protected":false},"excerpt":{"rendered":"<h1 class=\"product-info__title h2\">GT20 MAX EBIKE<br \/>\n<\/h1>\n<p><strong>Begrenzte Menge!<\/strong><\/p>\n<div>EU-Lager, kostenloser Versand, 3-7 Tage Lieferzeit\n<\/div>\n<div class=\"shopify-block shopify-app-block\" id=\"shopify-block-klarna_on_site_messaging_app_block_FNRicr\">Drehmoment 120 Nm, kann 35-Grad-Steigungen erklimmen, E-Bike mit dicken Reifen.\n<\/div>\n<div>\n<\/div>\n<div><\/div>","protected":false},"featured_media":290898,"comment_status":"open","ping_status":"closed","template":"","meta":[],"product_brand":[],"product_cat":[212],"product_tag":[],"class_list":{"0":"post-290894","1":"product","2":"type-product","3":"status-publish","4":"has-post-thumbnail","6":"product_cat-electric-bikes","8":"first","9":"outofstock","10":"sale","11":"shipping-taxable","12":"purchasable","13":"product-type-simple"},"jetpack_sharing_enabled":true,"_links":{"self":[{"href":"https:\/\/ridstar.eu\/de\/wp-json\/wp\/v2\/product\/290894","targetHints":{"allow":["GET"]}}],"collection":[{"href":"https:\/\/ridstar.eu\/de\/wp-json\/wp\/v2\/product"}],"about":[{"href":"https:\/\/ridstar.eu\/de\/wp-json\/wp\/v2\/types\/product"}],"replies":[{"embeddable":true,"href":"https:\/\/ridstar.eu\/de\/wp-json\/wp\/v2\/comments?post=290894"}],"wp:featuredmedia":[{"embeddable":true,"href":"https:\/\/ridstar.eu\/de\/wp-json\/wp\/v2\/media\/290898"}],"wp:attachment":[{"href":"https:\/\/ridstar.eu\/de\/wp-json\/wp\/v2\/media?parent=290894"}],"wp:term":[{"taxonomy":"product_brand","embeddable":true,"href":"https:\/\/ridstar.eu\/de\/wp-json\/wp\/v2\/product_brand?post=290894"},{"taxonomy":"product_cat","embeddable":true,"href":"https:\/\/ridstar.eu\/de\/wp-json\/wp\/v2\/product_cat?post=290894"},{"taxonomy":"product_tag","embeddable":true,"href":"https:\/\/ridstar.eu\/de\/wp-json\/wp\/v2\/product_tag?post=290894"}],"curies":[{"name":"wp","href":"https:\/\/api.w.org\/{rel}","templated":true}]}}