{"id":290670,"date":"2024-07-23T12:00:49","date_gmt":"2024-07-23T09:00:49","guid":{"rendered":"https:\/\/ridstar.eu\/?post_type=product&#038;p=290670"},"modified":"2025-05-28T09:40:57","modified_gmt":"2025-05-28T07:40:57","slug":"elektrofahrrad-coswheel-t16-750w-1000w-spitzenmotor-20ah-akku-nfc","status":"publish","type":"product","link":"https:\/\/ridstar.eu\/de\/product\/elektrofahrrad-coswheel-t16-750w-1000w-spitzenmotor-20ah-akku-nfc\/","title":{"rendered":"Elektrofahrrad Coswheel T16, 750W (1000W Spitze) Motor, 20Ah Akku, NFC"},"content":{"rendered":"<h3><strong>Coswheel T16 Elektrofahrrad \u2013 Kraft, Leistung und Innovation!<\/strong><\/h3>\n<p>Der <strong>Coswheel T16<\/strong> ist ein hochmodernes Elektrofahrrad, das sowohl f\u00fcr Stadtpendler als auch f\u00fcr Abenteuerlustige entwickelt wurde. Ausgestattet mit einem <strong>750-W-Motor (1000 W Spitzenleistung)<\/strong>, A <strong>48V 20Ah Batterie<\/strong>und ein <strong>schlanker hydrogeformter Aluminiumrahmen<\/strong>Dieses E-Bike bietet die perfekte Balance aus Geschwindigkeit, Reichweite und Haltbarkeit. Egal, ob Sie durch die Stra\u00dfen der Stadt navigieren oder Offroad-Strecken bew\u00e4ltigen, das <strong>T16<\/strong> sorgt f\u00fcr eine ruhige und effiziente Fahrt.<\/p>\n<hr \/>\n<h3><strong>Hauptmerkmale<\/strong><\/h3>\n<h4><strong>Hochleistungsmotor<\/strong><\/h4>\n<ul>\n<li><strong>750 W Nennmotor<\/strong> (1000 W Spitze)<\/li>\n<li><strong>48V b\u00fcrstenloser Hinterradnabenmotor<\/strong> f\u00fcr sanfte Beschleunigung<\/li>\n<li><strong>50N.m Drehmoment<\/strong>, ideal f\u00fcr Fahrten in der Stadt und leichtes Gel\u00e4nde<\/li>\n<li><strong>H\u00f6chstgeschwindigkeit:<\/strong> 45 km\/h (28 mph), begrenzt auf <strong>25 km\/h in Europa<\/strong><\/li>\n<\/ul>\n<h4><strong>Langlebige 48V 20Ah Lithiumbatterie<\/strong><\/h4>\n<ul>\n<li><strong>960Wh Hochleistungsakku<\/strong> f\u00fcr l\u00e4ngere Fahrten<\/li>\n<li><strong>Reichweite:<\/strong>\n<ul>\n<li><strong>64 km (40+ Meilen) im reinen Elektromodus<\/strong><\/li>\n<li><strong>113 km (70+ Meilen) mit Tretunterst\u00fctzung<\/strong><\/li>\n<\/ul>\n<\/li>\n<li><strong>Ladezeit:<\/strong> 3,5 \u2013 8 Stunden mit einem 48V 3A Ladeger\u00e4t<\/li>\n<li><strong>18650 Lithiumzellen<\/strong> f\u00fcr lange Akkulaufzeit und Effizienz<\/li>\n<\/ul>\n<h4><strong>Fortschrittliches Federungssystem<\/strong><\/h4>\n<ul>\n<li><strong>Vorderradaufh\u00e4ngung:<\/strong> Einschultrige, sto\u00dfd\u00e4mpfende Gabel mit 80 mm Federweg<\/li>\n<li><strong>Hinterradaufh\u00e4ngung:<\/strong> 3000-Pfund-Sto\u00dfd\u00e4mpfer mit 170 mm Federweg<\/li>\n<li><strong>Sanfte und stabile Fahrt auf unterschiedlichem Terrain<\/strong><\/li>\n<\/ul>\n<h4><strong>\u00dcberlegenes Bremssystem<\/strong><\/h4>\n<ul>\n<li><strong>Hydraulische Doppelkolben-Scheibenbremsen<\/strong><\/li>\n<li><strong>Ausgestattet mit 180 mm Edelstahlbremsscheiben<\/strong><\/li>\n<li><strong>Zuverl\u00e4ssige Bremskraft unter allen Bedingungen<\/strong><\/li>\n<\/ul>\n<h4><strong>Vielseitige Fahrmodi<\/strong><\/h4>\n<ul>\n<li><strong>Pedal Assist System (PAS) mit 3 Stufen<\/strong><\/li>\n<li><strong>Gashebelmodus f\u00fcr m\u00fcheloses Fahren<\/strong><\/li>\n<li><strong>Shimano 7-Gang-Schaltung<\/strong> f\u00fcr bessere Kontrolle auf unterschiedlichem Terrain<\/li>\n<\/ul>\n<h4><strong>Benutzerfreundliches Design<\/strong><\/h4>\n<ul>\n<li><strong>Leicht lesbares LCD-Display mit UDE-Fernbedienung + NFC-Entsperrsystem<\/strong><\/li>\n<li><strong>Runde LED-Scheinwerfer und LED-R\u00fccklicht im Retro-Stil<\/strong> f\u00fcr bessere Sichtbarkeit<\/li>\n<li><strong>Pedale aus Aluminiumlegierung mit rutschfester Oberfl\u00e4che und reflektierenden Lichtern<\/strong><\/li>\n<li><strong>Bequeme und verstellbare Sitzh\u00f6he (75 cm)<\/strong><\/li>\n<li><strong>Lenkerbreite:<\/strong> 65 cm f\u00fcr optimale Kontrolle<\/li>\n<\/ul>\n<hr \/>\n<h3><strong>Technische Daten<\/strong><\/h3>\n<h4><strong>Leistung<\/strong><\/h4>\n<ul>\n<li><strong>Motorleistung:<\/strong> 750 W (1000 W Spitze)<\/li>\n<li><strong>H\u00f6chstgeschwindigkeit:<\/strong> 45 km\/h (28 mph), in der EU auf 25 km\/h begrenzt<\/li>\n<li><strong>Reichweite:<\/strong>\n<ul>\n<li>64 km (40 Meilen) im Gaspedalmodus<\/li>\n<li>113 km (70 Meilen) im Pedalunterst\u00fctzungsmodus<\/li>\n<\/ul>\n<\/li>\n<li><strong>Batteriekapazit\u00e4t:<\/strong> 48 V 20 Ah Lithiumbatterie (960 Wh)<\/li>\n<li><strong>Ladezeit:<\/strong> 3,5 \u2013 8 Stunden<\/li>\n<\/ul>\n<h4><strong>Bauen und Entwerfen<\/strong><\/h4>\n<ul>\n<li><strong>Rahmenmaterial:<\/strong> Hydrogeformte 6061-T6 Aluminiumlegierung<\/li>\n<li><strong>Radgr\u00f6\u00dfe:<\/strong> 16\u2033 x 4,0\u2033 Gel\u00e4nde <strong>ChaoYang-Reifen<\/strong><\/li>\n<li><strong>Suspension:<\/strong> Sto\u00dfd\u00e4mpfer vorne und hinten f\u00fcr maximalen Komfort<\/li>\n<\/ul>\n<h4><strong>Bremsen &amp; Getriebe<\/strong><\/h4>\n<ul>\n<li><strong>Bremsen:<\/strong> Hydraulische Doppelkolben-Scheibenbremsen (180-mm-Scheiben)<\/li>\n<li><strong>Getriebe:<\/strong> Shimano 7-Gang-Schaltung<\/li>\n<\/ul>\n<h4><strong>Gewicht &amp; Abmessungen<\/strong><\/h4>\n<ul>\n<li><strong>Fahrradgewicht:<\/strong> 44 kg (inkl. Batterie)<\/li>\n<li><strong>Maximale Tragf\u00e4higkeit:<\/strong> 150 kg<\/li>\n<li><strong>Gesamtgr\u00f6\u00dfe:<\/strong> 153 x 65 x 100 cm<\/li>\n<li><strong>Packungsgr\u00f6\u00dfe:<\/strong> 142 x 32 x 82 cm<\/li>\n<\/ul>\n<hr \/>\n<h3><strong>Warum sollten Sie sich f\u00fcr das Coswheel T16 entscheiden?<\/strong><\/h3>\n<p>\u2705 <strong>Leistungsstarker Motor:<\/strong> 750 W (1000 W Spitze) f\u00fcr m\u00fchelose Beschleunigung<br \/>\n\u2705 <strong>Gro\u00dfe Reichweite:<\/strong> Bis zu 113 km mit Tretunterst\u00fctzung<br \/>\n\u2705 <strong>Fortschrittliche Federung:<\/strong> Sto\u00dfd\u00e4mpfung vorn und hinten f\u00fcr ruhiges Fahren<br \/>\n\u2705 <strong>Hydraulische Bremsen:<\/strong> Zuverl\u00e4ssige Bremskraft unter allen Bedingungen<br \/>\n\u2705 <strong>Moderne technische Funktionen:<\/strong> NFC-Entsperrung, LCD-Display, LED-Leuchten<br \/>\n\u2705 <strong>Kompakt und stilvoll:<\/strong> Perfekt f\u00fcr den Stadtverkehr und urbane Abenteuer<\/p>\n<hr \/>\n<h3><strong>Fahren Sie mit Stil mit dem Coswheel T16!<\/strong><\/h3>\n<p>Der <strong>Coswheel T16<\/strong> ist das perfekte Elektrofahrrad f\u00fcr alle, die Kraft, Leistung und Komfort verlangen. Egal, ob Sie zur Arbeit pendeln, die Stra\u00dfen der Stadt erkunden oder im Gel\u00e4nde unterwegs sind, dieses E-Bike bietet ein unschlagbares Fahrerlebnis.<\/p>\n<p>\ud83d\udeb4 <strong>Holen Sie sich Ihres noch heute und werten Sie Ihre Fahrt auf!<\/strong><\/p>","protected":false},"excerpt":{"rendered":"<p>Coswheel T16<br \/>\n<img decoding=\"async\" class=\"alignnone wp-image-290676 size-medium\" src=\"https:\/\/ridstar.eu\/wp-content\/uploads\/2024\/07\/1806258174518595585-540x141.png\" alt=\"\" width=\"540\" height=\"141\" \/><br \/>\nEU-Lager<br \/>\nKostenloser Versand in 5-10 Tagen<br \/>\nKeine zus\u00e4tzlichen Steuern<\/p>","protected":false},"featured_media":290671,"comment_status":"open","ping_status":"closed","template":"","meta":[],"product_brand":[],"product_cat":[212],"product_tag":[],"class_list":{"0":"post-290670","1":"product","2":"type-product","3":"status-publish","4":"has-post-thumbnail","6":"product_cat-electric-bikes","8":"first","9":"outofstock","10":"sale","11":"shipping-taxable","12":"purchasable","13":"product-type-simple"},"jetpack_sharing_enabled":true,"_links":{"self":[{"href":"https:\/\/ridstar.eu\/de\/wp-json\/wp\/v2\/product\/290670","targetHints":{"allow":["GET"]}}],"collection":[{"href":"https:\/\/ridstar.eu\/de\/wp-json\/wp\/v2\/product"}],"about":[{"href":"https:\/\/ridstar.eu\/de\/wp-json\/wp\/v2\/types\/product"}],"replies":[{"embeddable":true,"href":"https:\/\/ridstar.eu\/de\/wp-json\/wp\/v2\/comments?post=290670"}],"wp:featuredmedia":[{"embeddable":true,"href":"https:\/\/ridstar.eu\/de\/wp-json\/wp\/v2\/media\/290671"}],"wp:attachment":[{"href":"https:\/\/ridstar.eu\/de\/wp-json\/wp\/v2\/media?parent=290670"}],"wp:term":[{"taxonomy":"product_brand","embeddable":true,"href":"https:\/\/ridstar.eu\/de\/wp-json\/wp\/v2\/product_brand?post=290670"},{"taxonomy":"product_cat","embeddable":true,"href":"https:\/\/ridstar.eu\/de\/wp-json\/wp\/v2\/product_cat?post=290670"},{"taxonomy":"product_tag","embeddable":true,"href":"https:\/\/ridstar.eu\/de\/wp-json\/wp\/v2\/product_tag?post=290670"}],"curies":[{"name":"wp","href":"https:\/\/api.w.org\/{rel}","templated":true}]}}