{"id":290579,"date":"2024-07-08T12:47:24","date_gmt":"2024-07-08T09:47:24","guid":{"rendered":"https:\/\/ridstar.eu\/?post_type=product&#038;p=290579"},"modified":"2024-11-18T10:36:45","modified_gmt":"2024-11-18T08:36:45","slug":"elektrofahrrad-gunai-gn68-2000-w-dual-1000-w-48-v-175-ah-batterie","status":"publish","type":"product","link":"https:\/\/ridstar.eu\/de\/product\/elektrofahrrad-gunai-gn68-2000-w-dual-1000-w-48-v-175-ah-batterie\/","title":{"rendered":"Elektrofahrrad GUNAI GN68, 2000W (Dual 1000W), 48V, 17,5Ah Akku"},"content":{"rendered":"<div id=\"J-detail-wrap\" class=\"prod-attach\">\n<div class=\"spec-detail\">\n<div class=\"detail-item\">\n<div class=\"detail-box undefined show\">\n<div class=\"detail-container\">\n<h2 class=\"detail-title\">Highlights<\/h2>\n<ul class=\"detail-list\">\n<li>Elektrofahrrad mit zwei Motoren: Dieses Mountainbike ist mit zwei b\u00fcrstenlosen Hochgeschwindigkeits-Nabenmotoren und einem Drehmoment von bis zu 160 Nm ausgestattet, die viel Kraft bieten, um steile H\u00fcgel mit bis zu 40 Grad zu bew\u00e4ltigen. Die 7-Gang-Schaltung erleichtert das Bergfahren.<\/li>\n<li>Doppelte Federung: Das Elektrofahrrad f\u00fcr Erwachsene ist mit einer hochwertigen feststellbaren Vorderradfedergabel und einem hinteren Sto\u00dfd\u00e4mpfer ausgestattet, der sehr robust und komfortabel ist.<\/li>\n<li>48 V 17,5 Ah Samsung-Akku: Das E-Bike mit Tretunterst\u00fctzung ist mit einem gro\u00dfen 48 V 17,5 Ah Samsung-Akku ausgestattet, der Gasmodus erm\u00f6glicht eine Reichweite von 40\u201350 km, w\u00e4hrend der PAS-Modus eine Reichweite von 60\u201380 km erm\u00f6glicht.<\/li>\n<li>Stabiler Rahmen: Der Rahmen des Elektro-Tourenrads besteht aus langlebigen Metallmaterialien und bietet eine maximale Tragf\u00e4higkeit von 150 kg. Er ist f\u00fcr den sicheren Transport von Gep\u00e4ck und anderen Gegenst\u00e4nden konzipiert und erh\u00f6ht so die Bequemlichkeit und den Komfort von Radtouren.<\/li>\n<li>Elektrofahrrad mit dicken Reifen: Dieses 26-Zoll-All-Terrain-Mountainbike mit 3-Zoll-Dickenreifen kommt mit fast jedem Gel\u00e4nde zurecht.<\/li>\n<\/ul>\n<h2 class=\"detail-title\">Spezifikation<\/h2>\n<ul class=\"detail-inner\">\n<li class=\"attr-item\"><label class=\"attr-name\">Marke:<\/label><span class=\"attr-val\">GUNAI<\/span><\/li>\n<li class=\"attr-item\"><label class=\"attr-name\">Versandbeschr\u00e4nkungen:<\/label><span class=\"attr-val\">Eingebauter Lithium-Ionen-Akku mit mobiler Stromversorgungsfunktion<\/span><\/li>\n<li class=\"attr-item\"><label class=\"attr-name\">Abmessungen:<\/label><span class=\"attr-val\">186x70x86cm<\/span><\/li>\n<li class=\"attr-item\"><label class=\"attr-name\">Gewicht:<\/label><span class=\"attr-val\">36 kg.<\/span><\/li>\n<\/ul>\n<h2 class=\"detail-title\">Details<\/h2>\n<div class=\"detail-inner\">\n<div class=\"detail-p rich-text\">\n<h1>GUNAI 2000W Elektrofahrrad f\u00fcr Erwachsene, Doppelmotor GN68 mit 48V 17.5AH Samsung Akku, 26\u2033 Fat Tire Ebike, vollgefedertes Elektro-Snow-Beach-Bike<\/h1>\n<p><img decoding=\"async\" src=\"https:\/\/image.doba.com\/dgd-jKQHCREfwPqh\/gunai-gn68-dual-motor-electric-bike-for-adult-26inch-mountain-ebike-with-2000w-motor-and-48v-175ah-samsung-battery.webp\" data-srcid=\"jKQHCREfwPqh\" alt=\"\"><\/p>\n<p><img decoding=\"async\" src=\"https:\/\/image.doba.com\/dgd-LEeDKRGWjJbh\/gunai-gn68-dual-motor-electric-bike-for-adult-26inch-mountain-ebike-with-2000w-motor-and-48v-175ah-samsung-battery.webp\" data-srcid=\"LEeDKRGWjJbh\" alt=\"\"><\/p>\n<p><img decoding=\"async\" src=\"https:\/\/image.doba.com\/dgd-UDeHFnGWwPvy\/gunai-gn68-dual-motor-electric-bike-for-adult-26inch-mountain-ebike-with-2000w-motor-and-48v-175ah-samsung-battery.webp\" data-srcid=\"UDeHFnGWwPvy\" alt=\"\"><\/p>\n<p><img decoding=\"async\" src=\"https:\/\/image.doba.com\/dgd-UcCbQEnOsPDy\/gunai-gn68-dual-motor-electric-bike-for-adult-26inch-mountain-ebike-with-2000w-motor-and-48v-175ah-samsung-battery.webp\" data-srcid=\"UcCbQEnOsPDy\" alt=\"\"><\/p>\n<p><img decoding=\"async\" src=\"https:\/\/image.doba.com\/dgd-jkFcKREiwoqz\/gunai-gn68-dual-motor-electric-bike-for-adult-26inch-mountain-ebike-with-2000w-motor-and-48v-175ah-samsung-battery.webp\" data-srcid=\"jkFcKREiwoqz\" alt=\"\"><\/p>\n<p><img decoding=\"async\" src=\"https:\/\/image.doba.com\/dgd-UrCwQRGpjPDm\/gunai-gn68-dual-motor-electric-bike-for-adult-26inch-mountain-ebike-with-2000w-motor-and-48v-175ah-samsung-battery.webp\" data-srcid=\"UrCwQRGpjPDm\" alt=\"\"><\/p>\n<p><img decoding=\"async\" src=\"https:\/\/image.doba.com\/dgd-saCwenHAUovz\/gunai-gn68-dual-motor-electric-bike-for-adult-26inch-mountain-ebike-with-2000w-motor-and-48v-175ah-samsung-battery.webp\" data-srcid=\"saCwenHAUovz\" alt=\"\"><\/p>\n<p><img decoding=\"async\" src=\"https:\/\/image.doba.com\/dgd-jwehFHRLsYqi\/gunai-gn68-dual-motor-electric-bike-for-adult-26inch-mountain-ebike-with-2000w-motor-and-48v-175ah-samsung-battery.webp\" data-srcid=\"jwehFHRLsYqi\" alt=\"\"><\/p>\n<p><img decoding=\"async\" src=\"https:\/\/image.doba.com\/dgd-UzQkCGnpjYvy\/gunai-gn68-dual-motor-electric-bike-for-adult-26inch-mountain-ebike-with-2000w-motor-and-48v-175ah-samsung-battery.webp\" data-srcid=\"UzQkCGnpjYvy\" alt=\"\"><\/p>\n<p><img decoding=\"async\" src=\"https:\/\/image.doba.com\/dgd-jIQWCEHZLPbm\/gunai-gn68-dual-motor-electric-bike-for-adult-26inch-mountain-ebike-with-2000w-motor-and-48v-175ah-samsung-battery.webp\" data-srcid=\"jIQWCEHZLPbm\" alt=\"\"><\/p>\n<p><img decoding=\"async\" src=\"https:\/\/image.doba.com\/dgd-UbKQenGOwovN\/gunai-gn68-dual-motor-electric-bike-for-adult-26inch-mountain-ebike-with-2000w-motor-and-48v-175ah-samsung-battery.webp\" data-srcid=\"UbKQenGOwovN\" alt=\"\"><\/p>\n<p><img decoding=\"async\" src=\"https:\/\/image.doba.com\/dgd-wCeYQGRfUcVI\/gunai-gn68-dual-motor-electric-bike-for-adult-26inch-mountain-ebike-with-2000w-motor-and-48v-175ah-samsung-battery.webp\" data-srcid=\"wCeYQGRfUcVI\" alt=\"\"><\/p>\n<p><img decoding=\"async\" src=\"https:\/\/image.doba.com\/dgd-UGFdCRnAjPbS\/gunai-gn68-dual-motor-electric-bike-for-adult-26inch-mountain-ebike-with-2000w-motor-and-48v-175ah-samsung-battery.webp\" data-srcid=\"UGFdCRnAjPbS\" alt=\"\"><\/p>\n<p><img decoding=\"async\" src=\"https:\/\/image.doba.com\/dgd-jzCRFOGjTYvc\/gunai-gn68-dual-motor-electric-bike-for-adult-26inch-mountain-ebike-with-2000w-motor-and-48v-175ah-samsung-battery.webp\" data-srcid=\"jzCRFOGjTYvc\" alt=\"\"><\/p>\n<\/div>\n<\/div>\n<\/div>\n<\/div>\n<\/div>\n<\/div>\n<\/div>\n<div class=\"more-to-wrap search-more-to-wrap\">\n<h2 class=\"box-title\">F\u00fcr Sie ausgew\u00e4hlt<\/h2>\n<\/div>","protected":false},"excerpt":{"rendered":"<p>Das GUNAI GN68 Elektrofahrrad f\u00fcr Erwachsene zeichnet sich durch mehrere herausragende Eigenschaften aus, die es auf dem Markt hervorstechen lassen. Mit einem leistungsstarken Doppelmotor (2000 W) und einem austauschbaren 48-V-17,5-Ah-Lithium-Akku von Samsung \u00fcberwinden Sie mit diesem 26 x 3 Zoll gro\u00dfen Fat Tire m\u00fchelos jedes Gel\u00e4nde.<\/p>\n<p>Kostenlose Lieferung aus dem polnischen Lager in die gesamte EU.<\/p>","protected":false},"featured_media":290582,"comment_status":"open","ping_status":"closed","template":"","meta":[],"product_brand":[],"product_cat":[212],"product_tag":[],"class_list":{"0":"post-290579","1":"product","2":"type-product","3":"status-publish","4":"has-post-thumbnail","6":"product_cat-electric-bikes","7":"pa_color-black","9":"first","10":"outofstock","11":"sale","12":"shipping-taxable","13":"purchasable","14":"product-type-simple"},"jetpack_sharing_enabled":true,"_links":{"self":[{"href":"https:\/\/ridstar.eu\/de\/wp-json\/wp\/v2\/product\/290579","targetHints":{"allow":["GET"]}}],"collection":[{"href":"https:\/\/ridstar.eu\/de\/wp-json\/wp\/v2\/product"}],"about":[{"href":"https:\/\/ridstar.eu\/de\/wp-json\/wp\/v2\/types\/product"}],"replies":[{"embeddable":true,"href":"https:\/\/ridstar.eu\/de\/wp-json\/wp\/v2\/comments?post=290579"}],"wp:featuredmedia":[{"embeddable":true,"href":"https:\/\/ridstar.eu\/de\/wp-json\/wp\/v2\/media\/290582"}],"wp:attachment":[{"href":"https:\/\/ridstar.eu\/de\/wp-json\/wp\/v2\/media?parent=290579"}],"wp:term":[{"taxonomy":"product_brand","embeddable":true,"href":"https:\/\/ridstar.eu\/de\/wp-json\/wp\/v2\/product_brand?post=290579"},{"taxonomy":"product_cat","embeddable":true,"href":"https:\/\/ridstar.eu\/de\/wp-json\/wp\/v2\/product_cat?post=290579"},{"taxonomy":"product_tag","embeddable":true,"href":"https:\/\/ridstar.eu\/de\/wp-json\/wp\/v2\/product_tag?post=290579"}],"curies":[{"name":"wp","href":"https:\/\/api.w.org\/{rel}","templated":true}]}}