{"id":290510,"date":"2024-06-25T12:29:47","date_gmt":"2024-06-25T09:29:47","guid":{"rendered":"https:\/\/ridstar.eu\/?post_type=product&#038;p=290510"},"modified":"2026-01-09T16:22:35","modified_gmt":"2026-01-09T14:22:35","slug":"elektrofahrrad-gunai-gn88-2000-w-doppelmotor-48-v-22-ah-batterie","status":"publish","type":"product","link":"https:\/\/ridstar.eu\/de\/product\/elektrofahrrad-gunai-gn88-2000-w-doppelmotor-48-v-22-ah-batterie\/","title":{"rendered":"Elektrofahrrad GUNAI GN88, 2000W (Doppelmotor), 48V, 22Ah Akku"},"content":{"rendered":"<h4><iframe title=\"YouTube-Videoplayer\" src=\"https:\/\/www.youtube.com\/embed\/udUrKwvykJ8?si=fpBXu-fYLJXU1Bsx\" width=\"560\" height=\"315\" frameborder=\"0\" allowfullscreen=\"allowfullscreen\" data-mce-fragment=\"1\"><\/iframe><\/h4>\n<h3><strong>GUNAI GN88 \u2013 Kraft, Leistung und Abenteuer!<\/strong><\/h3>\n<p>Der <strong>GUNAI GN88<\/strong> ist ein Hochleistungs <strong>Elektro-Mountainbike mit zwei Motoren<\/strong> gebaut f\u00fcr Offroad-Enthusiasten und Stadtfahrer, die sich nach Kraft, Geschwindigkeit und Haltbarkeit sehnen. Mit <strong>B\u00fcrstenlose 2000-W-Motoren<\/strong>, <strong>100Nm Drehmoment<\/strong>, <strong>26\u00d74.0 Fettreifen<\/strong>und ein <strong>22Ah Batterie<\/strong>Dieses E-Bike ist f\u00fcr jedes Gel\u00e4nde konzipiert, von steilen H\u00fcgeln bis hin zu schroffen Pfaden.<\/p>\n<hr \/>\n<h3><strong>Hauptmerkmale<\/strong><\/h3>\n<h4><strong>\ud83d\udcaa Doppelte Motorleistung \u2013 2000 W Leistung<\/strong><\/h4>\n<ul>\n<li>ausgestattet mit <strong>zwei b\u00fcrstenlose Hochgeschwindigkeits-Nabenmotoren<\/strong><\/li>\n<li><strong>100Nm Drehmoment<\/strong> f\u00fcr au\u00dfergew\u00f6hnliche Steigf\u00e4higkeit<\/li>\n<li>Bew\u00e4ltigt m\u00fchelos <strong>35\u00b0 Neigung<\/strong>, Schotterstra\u00dfen und holprige Wege<\/li>\n<li><strong>H\u00f6chstgeschwindigkeit:<\/strong> <strong>55 km\/h<\/strong> f\u00fcr eine aufregende Fahrt<\/li>\n<\/ul>\n<h4><strong>\ud83d\udd0b 22 Ah langlebige Batterie<\/strong><\/h4>\n<ul>\n<li><strong>Batteriekapazit\u00e4t:<\/strong> 48 V, 22 Ah<\/li>\n<li><strong>Reichweite:<\/strong>\n<ul>\n<li><strong>50-70 km im reinen Elektromodus<\/strong><\/li>\n<li><strong>110-130 km im Tretunterst\u00fctzungsmodus<\/strong><\/li>\n<\/ul>\n<\/li>\n<li><strong>Ladezeit:<\/strong> 8-9 Stunden mit dem inkludierten <strong>54,6 V 2 A Ladeger\u00e4t<\/strong><\/li>\n<li><strong>Leichte Batterie:<\/strong> Nettogewicht <strong>5 kg<\/strong><\/li>\n<\/ul>\n<h4><strong>\u2699\ufe0f 21-Gang Shimano-Getriebe<\/strong><\/h4>\n<ul>\n<li><strong>Vielseitiges 21-Gang-Schaltwerk<\/strong><\/li>\n<li>Sanftes Schalten f\u00fcr optimale Kontrolle auf unterschiedlichem Terrain<\/li>\n<li>Passen Sie sich problemlos an steile Anstiege und schnelles Fahren an<\/li>\n<\/ul>\n<h4><strong>\ud83d\udeb2 Stabilit\u00e4t und Komfort von dicken Reifen<\/strong><\/h4>\n<ul>\n<li><strong>26\u00d74,0 Zoll breite Fat-Reifen<\/strong> f\u00fcr verbesserten Halt und Kontrolle<\/li>\n<li><strong>Federgabel<\/strong> absorbiert St\u00f6\u00dfe und Vibrationen<\/li>\n<li>Sanftes Fahrerlebnis auf Sand, Schnee und felsigen Wegen<\/li>\n<\/ul>\n<h4><strong>\ud83d\uded1 Hydraulisches Bremssystem<\/strong><\/h4>\n<ul>\n<li><strong>Fortschrittliche \u00f6lhydraulische Scheibenbremsen<\/strong> f\u00fcr pr\u00e4zise Bremskraft<\/li>\n<li>Sorgt f\u00fcr Sicherheit und Kontrolle auch bei steilen Abfahrten<\/li>\n<\/ul>\n<h4><strong>\ud83d\udcdf Intuitives LCD-Display<\/strong><\/h4>\n<ul>\n<li>Linke Seite <strong>Digitalanzeige<\/strong> zur Echtzeit\u00fcberwachung von Geschwindigkeit, Distanz und Batterie<\/li>\n<li>Einfacher Zugriff auf Fahrtinformationen auf einen Blick<\/li>\n<\/ul>\n<hr \/>\n<h3><strong>Technische Daten<\/strong><\/h3>\n<h4><strong>Leistung<\/strong><\/h4>\n<ul>\n<li><strong>Motor:<\/strong> <strong>48 V 2000 W Doppelb\u00fcrstenlose Motoren<\/strong><\/li>\n<li><strong>Maximale Geschwindigkeit:<\/strong> <strong>55 km\/h<\/strong><\/li>\n<li><strong>Drehmoment:<\/strong> <strong>100Nm<\/strong><\/li>\n<li><strong>Kilometerstand:<\/strong>\n<ul>\n<li>Rein elektrischer Modus: <strong>50-70 km<\/strong><\/li>\n<li>Pedal-Assist-Modus: <strong>110-130 km<\/strong><\/li>\n<\/ul>\n<\/li>\n<li><strong>Ladezeit:<\/strong> <strong>8-9 Stunden<\/strong><\/li>\n<\/ul>\n<h4><strong>Rahmen &amp; Design<\/strong><\/h4>\n<ul>\n<li><strong>Rahmenmaterial:<\/strong> <strong>26&quot; Aluminiumlegierung<\/strong><\/li>\n<li><strong>Lenker &amp; Sattelst\u00fctze:<\/strong> <strong>Aluminium, verstellbare Sitzh\u00f6he (80-100 cm)<\/strong><\/li>\n<li><strong>Suspension:<\/strong> <strong>Federgabel<\/strong><\/li>\n<\/ul>\n<h4><strong>Bremsen &amp; Getriebe<\/strong><\/h4>\n<ul>\n<li><strong>Bremsen:<\/strong> <strong>Hydraulische \u00d6lscheibenbremsen<\/strong><\/li>\n<li><strong>Getriebe:<\/strong> <strong>Shimano 21-Gang-Kettenschaltung<\/strong><\/li>\n<\/ul>\n<h4><strong>Gewicht &amp; Abmessungen<\/strong><\/h4>\n<ul>\n<li><strong>Fahrradgewicht:<\/strong> <strong>36,8 kg<\/strong><\/li>\n<li><strong>Maximale Tragf\u00e4higkeit:<\/strong> <strong>150 kg<\/strong><\/li>\n<li><strong>Fahrradgr\u00f6\u00dfe:<\/strong> <strong>188 x 94 x 115 cm<\/strong><\/li>\n<li><strong>Packungsgr\u00f6\u00dfe:<\/strong> <strong>152 x 34 x 80 cm<\/strong><\/li>\n<\/ul>\n<hr \/>\n<h3><strong>Warum sollten Sie sich f\u00fcr das GUNAI GN88 entscheiden?<\/strong><\/h3>\n<p>\u2705 <strong>Zwei 2000-W-Motoren<\/strong> \u2013 un\u00fcbertroffene Power f\u00fcr extreme Performance<br \/>\n\u2705 <strong>22Ah Batterie<\/strong> \u2013 l\u00e4nger fahren ohne h\u00e4ufiges Aufladen<br \/>\n\u2705 <strong>Hydraulische Bremsen<\/strong> \u2013 \u00fcberlegene Bremskraft f\u00fcr mehr Sicherheit<br \/>\n\u2705 <strong>Dicke Reifen und Federung<\/strong> \u2013 Stabilit\u00e4t auf jedem Terrain<br \/>\n\u2705 <strong>21-Gang Shimano-Schaltung<\/strong> \u2013 pr\u00e4zise Kontrolle f\u00fcr jedes Abenteuer<\/p>\n<hr \/>\n<h3><strong>Bringen Sie Ihr Abenteuer auf die n\u00e4chste Stufe!<\/strong><\/h3>\n<p>Der <strong>GUNAI GN88<\/strong> ist das ultimative E-Mountainbike f\u00fcr Fahrer, die Leistung, Langlebigkeit und Vielseitigkeit sch\u00e4tzen. Egal, ob Sie Bergpfade erobern oder durch die Stadt cruisen, dieses E-Bike bietet ein aufregendes Fahrerlebnis.<\/p>\n<p>\ud83d\udd25 <strong>Bestellen Sie noch heute und entdecken Sie ohne Grenzen!<\/strong><\/p>","protected":false},"excerpt":{"rendered":"<p>Kostenlose Lieferung ab EU-Lager.<\/p>\n<p>Motorleistung 48V 2000W<br \/>\nH\u00f6chstgeschwindigkeit 55 km\/h<br \/>\nBatteriekapazit\u00e4t 22AH<br \/>\n70 km rein elektrisch<\/p>","protected":false},"featured_media":290511,"comment_status":"open","ping_status":"closed","template":"","meta":[],"product_brand":[],"product_cat":[212],"product_tag":[],"class_list":{"0":"post-290510","1":"product","2":"type-product","3":"status-publish","4":"has-post-thumbnail","6":"product_cat-electric-bikes","8":"first","9":"outofstock","10":"sale","11":"shipping-taxable","12":"purchasable","13":"product-type-simple"},"jetpack_sharing_enabled":true,"_links":{"self":[{"href":"https:\/\/ridstar.eu\/de\/wp-json\/wp\/v2\/product\/290510","targetHints":{"allow":["GET"]}}],"collection":[{"href":"https:\/\/ridstar.eu\/de\/wp-json\/wp\/v2\/product"}],"about":[{"href":"https:\/\/ridstar.eu\/de\/wp-json\/wp\/v2\/types\/product"}],"replies":[{"embeddable":true,"href":"https:\/\/ridstar.eu\/de\/wp-json\/wp\/v2\/comments?post=290510"}],"wp:featuredmedia":[{"embeddable":true,"href":"https:\/\/ridstar.eu\/de\/wp-json\/wp\/v2\/media\/290511"}],"wp:attachment":[{"href":"https:\/\/ridstar.eu\/de\/wp-json\/wp\/v2\/media?parent=290510"}],"wp:term":[{"taxonomy":"product_brand","embeddable":true,"href":"https:\/\/ridstar.eu\/de\/wp-json\/wp\/v2\/product_brand?post=290510"},{"taxonomy":"product_cat","embeddable":true,"href":"https:\/\/ridstar.eu\/de\/wp-json\/wp\/v2\/product_cat?post=290510"},{"taxonomy":"product_tag","embeddable":true,"href":"https:\/\/ridstar.eu\/de\/wp-json\/wp\/v2\/product_tag?post=290510"}],"curies":[{"name":"wp","href":"https:\/\/api.w.org\/{rel}","templated":true}]}}