{"id":290472,"date":"2024-06-18T15:04:41","date_gmt":"2024-06-18T12:04:41","guid":{"rendered":"https:\/\/ridstar.eu\/?post_type=product&#038;p=290472"},"modified":"2024-12-30T12:34:33","modified_gmt":"2024-12-30T10:34:33","slug":"elektrofahrrad-shenhmilo-mx03-500-w-bafang-motor-1000-w-48-v-175-ah-samsung-batterie","status":"publish","type":"product","link":"https:\/\/ridstar.eu\/de\/product\/electric-bike-shenhmilo-mx03-500w-bafang-motor-1000w-48v-17-5ah-samsung-battery\/","title":{"rendered":"Elektrofahrrad Shenhmilo MX03, 500W Bafang-Motor (1000W), 48V, 17,5Ah Samsung-Akku"},"content":{"rendered":"<h2>Highlights<\/h2>\n<h3><strong>48V 17,5Ah Long Cruise Lithium-Ionen-Akku<\/strong><\/h3>\n<p>Das neue Shengmilo MX03 kombiniert die neue Akkutechnologie mit 18650 Hochleistungszellen. Dieser 720-Wh-Akku verbessert die Reichweite, Stabilit\u00e4t und Sicherheit von Shengmilo-Fahrr\u00e4dern. Eine Akkuladung reicht f\u00fcr bis zu 30\u201340 km im Gasmodus und \u00fcber 50\u201360 km im Tretunterst\u00fctzungsmodus.<\/p>\n<h3><strong>Leistungsstarker 500-W-Bafang-Motor<\/strong><\/h3>\n<p>Dieser 48V 500W BAFANG Motor erzeugt bis zu 1000W Spitzenleistung! Der Motor ist das Herzst\u00fcck des Elektrofahrrads und dessen wichtigste Komponente. Seine Leistung beeinflusst Kraft, Geschwindigkeit, Ausdauer und Watf\u00e4higkeit.<\/p>\n<h3><strong>26 * 3 Zoll dicke Reifen<\/strong><\/h3>\n<p>Die 26 x 3,0 Zoll gro\u00dfen Mountain Fat-Reifen bieten besseren Grip und Traktion auf schwierigstem Gel\u00e4nde. Am meisten Spa\u00df macht das Fahren am Strand, auf verschneiten Bergstra\u00dfen und hinterl\u00e4sst auch auf unebenen Stra\u00dfen einen guten Eindruck.<\/p>\n<h3><strong>SHIMANO 7-Gang-Kettenschaltung<\/strong><\/h3>\n<p>Shimano 7-Gang-Getriebesystem mit hervorragender Getriebeleistung f\u00fcr eine sichere und stabile Fahrt. Sie k\u00f6nnen bergauf einen gr\u00f6\u00dferen Gang und bei hoher Geschwindigkeit einen kleineren Gang einlegen. In Kombination mit der Tretunterst\u00fctzung k\u00f6nnen Sie die passende Geschwindigkeit f\u00fcr Ihre Fahrt einstellen.<\/p>\n<h3><strong>Hydraulische Scheibenbremsen<\/strong><\/h3>\n<p>Vorder- und Hinterr\u00e4der sind mit hydraulischen Scheibenbremsen ausgestattet. Das Bremssystem hat die Funktion, die Motorleistung zu unterbrechen. Wenn Sie den Bremshebel gedr\u00fcckt halten, stoppt der Motor die Ausgangsleistung, um eine schnelle und stabile Bremswirkung zu erzielen, aber auch die Lebensdauer des Bremsbelags zu verl\u00e4ngern und Ihre Fahrsicherheit zu gew\u00e4hrleisten.<\/p>\n<h3><strong>Hinterer Sto\u00dfd\u00e4mpfer<\/strong><\/h3>\n<p>Sto\u00dfd\u00e4mpfung durch die Hinterfederung: Der Sto\u00dfd\u00e4mpfer der Aufh\u00e4ngung kann die Vibrationen im unebenen Bereich wirksam filtern und die Fahrqualit\u00e4t verbessern.<br \/>\n<img decoding=\"async\" class=\"lazy_img\" src=\"https:\/\/img.gkbcdn.com\/d\/202311\/db2c5686-a1eb-40de-acdb-4456be96696f._p1_.jpg\" alt=\"2023 Neues Shengmilo MX03 Elektro-Mountainbike 26 * 3,0 Zoll Fat Tire 500W Bafang Motor 40km\/h H\u00f6chstgeschwindigkeit 48V 15Ah Batterie 180kg Last SHIMANO 7-Gang-Getriebe Doppelte hydraulische Scheibenbremse\" data-original=\"\/\/img.gkbcdn.com\/s3\/d\/202311\/db2c5686-a1eb-40de-acdb-4456be96696f.jpg\" \/><img decoding=\"async\" class=\"lazy_img\" src=\"https:\/\/img.gkbcdn.com\/d\/202311\/507064f4-af58-439e-a8b1-609caff148e5._p1_.jpg\" alt=\"2023 Neues Shengmilo MX03 Elektro-Mountainbike 26 * 3,0 Zoll Fat Tire 500W Bafang Motor 40km\/h H\u00f6chstgeschwindigkeit 48V 15Ah Batterie 180kg Last SHIMANO 7-Gang-Getriebe Doppelte hydraulische Scheibenbremse\" data-original=\"\/\/img.gkbcdn.com\/s3\/d\/202311\/507064f4-af58-439e-a8b1-609caff148e5.jpg\" \/><img decoding=\"async\" class=\"lazy_img\" src=\"https:\/\/img.gkbcdn.com\/d\/202311\/5b01b7ad-a5e7-43a0-917b-8d8418e1abb4._p1_.jpg\" alt=\"2023 Neues Shengmilo MX03 Elektro-Mountainbike 26 * 3,0 Zoll Fat Tire 500W Bafang Motor 40km\/h H\u00f6chstgeschwindigkeit 48V 15Ah Batterie 180kg Last SHIMANO 7-Gang-Getriebe Doppelte hydraulische Scheibenbremse\" data-original=\"\/\/img.gkbcdn.com\/s3\/d\/202311\/5b01b7ad-a5e7-43a0-917b-8d8418e1abb4.jpg\" \/><img decoding=\"async\" class=\"lazy_img\" src=\"https:\/\/img.gkbcdn.com\/d\/202311\/26f0db2f-b32b-44cc-be1b-1d38dfe8a2be._p1_.jpg\" alt=\"2023 Neues Shengmilo MX03 Elektro-Mountainbike 26 * 3,0 Zoll Fat Tire 500W Bafang Motor 40km\/h H\u00f6chstgeschwindigkeit 48V 15Ah Batterie 180kg Last SHIMANO 7-Gang-Getriebe Doppelte hydraulische Scheibenbremse\" data-original=\"\/\/img.gkbcdn.com\/s3\/d\/202311\/26f0db2f-b32b-44cc-be1b-1d38dfe8a2be.jpg\" \/><img decoding=\"async\" class=\"lazy_img\" src=\"https:\/\/img.gkbcdn.com\/d\/202311\/3fc37973-adad-4119-92fa-61d0e2b12c10._p1_.jpg\" alt=\"2023 Neues Shengmilo MX03 Elektro-Mountainbike 26 * 3,0 Zoll Fat Tire 500W Bafang Motor 40km\/h H\u00f6chstgeschwindigkeit 48V 15Ah Batterie 180kg Last SHIMANO 7-Gang-Getriebe Doppelte hydraulische Scheibenbremse\" data-original=\"\/\/img.gkbcdn.com\/s3\/d\/202311\/3fc37973-adad-4119-92fa-61d0e2b12c10.jpg\" \/><img decoding=\"async\" class=\"lazy_img\" src=\"https:\/\/img.gkbcdn.com\/d\/202311\/6af729e1-8f09-4792-b504-2ef9a0037d63._p1_.jpg\" alt=\"2023 Neues Shengmilo MX03 Elektro-Mountainbike 26 * 3,0 Zoll Fat Tire 500W Bafang Motor 40km\/h H\u00f6chstgeschwindigkeit 48V 15Ah Batterie 180kg Last SHIMANO 7-Gang-Getriebe Doppelte hydraulische Scheibenbremse\" data-original=\"\/\/img.gkbcdn.com\/s3\/d\/202311\/6af729e1-8f09-4792-b504-2ef9a0037d63.jpg\" \/><img decoding=\"async\" class=\"lazy_img\" src=\"https:\/\/img.gkbcdn.com\/d\/202311\/56f1a079-b78c-4564-9581-87ed30613259._p1_.jpg\" alt=\"2023 Neues Shengmilo MX03 Elektro-Mountainbike 26 * 3,0 Zoll Fat Tire 500W Bafang Motor 40km\/h H\u00f6chstgeschwindigkeit 48V 15Ah Batterie 180kg Last SHIMANO 7-Gang-Getriebe Doppelte hydraulische Scheibenbremse\" data-original=\"\/\/img.gkbcdn.com\/s3\/d\/202311\/56f1a079-b78c-4564-9581-87ed30613259.jpg\" \/><img decoding=\"async\" class=\"lazy_img\" src=\"https:\/\/img.gkbcdn.com\/d\/202311\/e5676b6e-a2a6-4e6d-83ef-0f4e90a27e53._p1_.jpg\" alt=\"2023 Neues Shengmilo MX03 Elektro-Mountainbike 26 * 3,0 Zoll Fat Tire 500W Bafang Motor 40km\/h H\u00f6chstgeschwindigkeit 48V 15Ah Batterie 180kg Last SHIMANO 7-Gang-Getriebe Doppelte hydraulische Scheibenbremse\" data-original=\"\/\/img.gkbcdn.com\/s3\/d\/202311\/e5676b6e-a2a6-4e6d-83ef-0f4e90a27e53.jpg\" \/><img decoding=\"async\" class=\"lazy_img\" src=\"https:\/\/img.gkbcdn.com\/d\/202311\/9c8d29e4-eed2-4f51-bc27-cd33bcb14042._p1_.jpg\" alt=\"2023 Neues Shengmilo MX03 Elektro-Mountainbike 26 * 3,0 Zoll Fat Tire 500W Bafang Motor 40km\/h H\u00f6chstgeschwindigkeit 48V 15Ah Batterie 180kg Last SHIMANO 7-Gang-Getriebe Doppelte hydraulische Scheibenbremse\" data-original=\"\/\/img.gkbcdn.com\/s3\/d\/202311\/9c8d29e4-eed2-4f51-bc27-cd33bcb14042.jpg\" \/><img decoding=\"async\" class=\"lazy_img\" src=\"https:\/\/img.gkbcdn.com\/d\/202311\/0663ed22-de5f-405e-afbe-dc742d024f74._p1_.jpg\" alt=\"2023 Neues Shengmilo MX03 Elektro-Mountainbike 26 * 3,0 Zoll Fat Tire 500W Bafang Motor 40km\/h H\u00f6chstgeschwindigkeit 48V 15Ah Batterie 180kg Last SHIMANO 7-Gang-Getriebe Doppelte hydraulische Scheibenbremse\" data-original=\"\/\/img.gkbcdn.com\/s3\/d\/202311\/0663ed22-de5f-405e-afbe-dc742d024f74.jpg\" \/><img decoding=\"async\" class=\"lazy_img\" src=\"https:\/\/img.gkbcdn.com\/d\/202311\/d0fbd320-b4a6-4a29-9316-d1e0036e379f._p1_.jpg\" alt=\"2023 Neues Shengmilo MX03 Elektro-Mountainbike 26 * 3,0 Zoll Fat Tire 500W Bafang Motor 40km\/h H\u00f6chstgeschwindigkeit 48V 15Ah Batterie 180kg Last SHIMANO 7-Gang-Getriebe Doppelte hydraulische Scheibenbremse\" data-original=\"\/\/img.gkbcdn.com\/s3\/d\/202311\/d0fbd320-b4a6-4a29-9316-d1e0036e379f.jpg\" \/><img decoding=\"async\" class=\"lazy_img\" src=\"https:\/\/img.gkbcdn.com\/d\/202311\/06f54a03-d590-4fa6-a0ad-35807861547d._p1_.jpg\" alt=\"2023 Neues Shengmilo MX03 Elektro-Mountainbike 26 * 3,0 Zoll Fat Tire 500W Bafang Motor 40km\/h H\u00f6chstgeschwindigkeit 48V 15Ah Batterie 180kg Last SHIMANO 7-Gang-Getriebe Doppelte hydraulische Scheibenbremse\" data-original=\"\/\/img.gkbcdn.com\/s3\/d\/202311\/06f54a03-d590-4fa6-a0ad-35807861547d.jpg\" \/><img decoding=\"async\" class=\"lazy_img\" src=\"https:\/\/img.gkbcdn.com\/d\/202311\/0e2fca65-41ee-4d7c-8d4e-d8cd394a7f9b._p1_.jpg\" alt=\"2023 Neues Shengmilo MX03 Elektro-Mountainbike 26 * 3,0 Zoll Fat Tire 500W Bafang Motor 40km\/h H\u00f6chstgeschwindigkeit 48V 15Ah Batterie 180kg Last SHIMANO 7-Gang-Getriebe Doppelte hydraulische Scheibenbremse\" data-original=\"\/\/img.gkbcdn.com\/s3\/d\/202311\/0e2fca65-41ee-4d7c-8d4e-d8cd394a7f9b.jpg\" \/><img decoding=\"async\" class=\"lazy_img\" src=\"https:\/\/img.gkbcdn.com\/d\/202311\/704338df-d5b0-469a-9fd9-29816b31c144._p1_.jpg\" alt=\"2023 Neues Shengmilo MX03 Elektro-Mountainbike 26 * 3,0 Zoll Fat Tire 500W Bafang Motor 40km\/h H\u00f6chstgeschwindigkeit 48V 15Ah Batterie 180kg Last SHIMANO 7-Gang-Getriebe Doppelte hydraulische Scheibenbremse\" data-original=\"\/\/img.gkbcdn.com\/s3\/d\/202311\/704338df-d5b0-469a-9fd9-29816b31c144.jpg\" \/><img decoding=\"async\" class=\"lazy_img\" src=\"https:\/\/img.gkbcdn.com\/d\/202311\/3fa2e894-65b6-413a-8f7e-7c8b903c5268._p1_.jpg\" alt=\"2023 Neues Shengmilo MX03 Elektro-Mountainbike 26 * 3,0 Zoll Fat Tire 500W Bafang Motor 40km\/h H\u00f6chstgeschwindigkeit 48V 15Ah Batterie 180kg Last SHIMANO 7-Gang-Getriebe Doppelte hydraulische Scheibenbremse\" data-original=\"\/\/img.gkbcdn.com\/s3\/d\/202311\/3fa2e894-65b6-413a-8f7e-7c8b903c5268.jpg\" \/><img decoding=\"async\" class=\"lazy_img\" src=\"https:\/\/img.gkbcdn.com\/d\/202311\/3110995d-f23f-4f42-8198-d545b571eb3f._p1_.jpg\" alt=\"2023 Neues Shengmilo MX03 Elektro-Mountainbike 26 * 3,0 Zoll Fat Tire 500W Bafang Motor 40km\/h H\u00f6chstgeschwindigkeit 48V 15Ah Batterie 180kg Last SHIMANO 7-Gang-Getriebe Doppelte hydraulische Scheibenbremse\" data-original=\"\/\/img.gkbcdn.com\/s3\/d\/202311\/3110995d-f23f-4f42-8198-d545b571eb3f.jpg\" \/><img decoding=\"async\" class=\"lazy_img\" src=\"https:\/\/img.gkbcdn.com\/d\/202311\/a0a78121-6e81-4f6d-9847-709bbe936b6c._p1_.jpg\" alt=\"2023 Neues Shengmilo MX03 Elektro-Mountainbike 26 * 3,0 Zoll Fat Tire 500W Bafang Motor 40km\/h H\u00f6chstgeschwindigkeit 48V 15Ah Batterie 180kg Last SHIMANO 7-Gang-Getriebe Doppelte hydraulische Scheibenbremse\" data-original=\"\/\/img.gkbcdn.com\/s3\/d\/202311\/a0a78121-6e81-4f6d-9847-709bbe936b6c.jpg\" \/><\/p>\n<h2>Spezifikation<\/h2>\n<table class=\"jbEidtTable\" border=\"1\" cellspacing=\"0\" cellpadding=\"5\">\n<tbody>\n<tr>\n<td>Allgemein<\/td>\n<td>Marke: Shengmilo<br \/>\nTyp: Elektrofahrrad<br \/>\nModell: MX03 2023<br \/>\nFarbe: Farbverlauf Blau<\/td>\n<\/tr>\n<tr>\n<td>Spezifikation<\/td>\n<td>Batteriekapazit\u00e4t: 48V17,5Ah<br \/>\nLadeger\u00e4tmodell: EU Plus (Kunden aus Gro\u00dfbritannien m\u00fcssen einen Reiseadapter mitbringen)<br \/>\nLadezeit: 5-6 Stunden<br \/>\nAufladekilometerleistung: Rein elektrisch 30\u201335 km, Power Assist 50\u201360 km (Test bei normaler Temperatur eines 60 kg schweren Fahrers)<br \/>\nMotor: B\u00fcrstenloser Bafang-Motor<br \/>\nMotorleistung: 48 V 500 W Dauerleistung \/ Spitzenleistung 1000 W<br \/>\nH\u00f6chstgeschwindigkeit: 25 km\/h<br \/>\nGangstufe: 7-Gang<br \/>\nBildschirmgr\u00f6\u00dfe des Messger\u00e4ts: King-Meter 3,5-Zoll-LCD-Gro\u00dfinstrument (wasserdicht)<br \/>\nReifengr\u00f6\u00dfe: 26 x 3,0 Zoll<br \/>\nRahmenmaterial, Gr\u00f6\u00dfe (CT): Ganzk\u00f6rper aus Aluminiumlegierung, der K\u00f6rper ist 26 Zoll<br \/>\nLenkermaterial: Aluminiumlegierung<br \/>\nSattelrohrmaterial: Aluminiumlegierung<br \/>\nH\u00f6henverstellbarer Bereich: 80\u2013100 cm<br \/>\nDurchmesser und L\u00e4nge: \u03a630,4 \u00d7 350 mm<br \/>\nVorderradgabelmaterial: Aluminiumlegierungsmaterial, Doppelschultergabel<br \/>\nGewichtskapazit\u00e4t: 180 kg<br \/>\nArt der Gabelfederung: Doppelte Sto\u00dfd\u00e4mpfung vorne und hinten (Sto\u00dfd\u00e4mpfung vorne ist doppelte Schultersto\u00dfd\u00e4mpfung)<br \/>\nBremsentyp: Hydraulische Scheibenbremsen von SMAERS vorne und hinten<br \/>\nGetriebe: Shimano, TX55\/7-Gang-Hinterradabzieher<\/td>\n<\/tr>\n<tr>\n<td>Gewicht &amp; Gr\u00f6\u00dfe<\/td>\n<td>Produktgewicht: 29 kg<br \/>\nPaketgewicht: 35kg<br \/>\nVerpackungsgr\u00f6\u00dfe (L x B x H): 150 x 26 x 80 cm<\/td>\n<\/tr>\n<tr>\n<td>Packungsinhalt<\/td>\n<td>1x Elektrofahrrad Shengmilo MX03<br \/>\n1x Herausnehmbarer Akku<br \/>\n1x Handbuch in englischer Sprache<br \/>\n1x Gratis Universal-Montagewerkzeug<\/td>\n<\/tr>\n<\/tbody>\n<\/table>","protected":false},"excerpt":{"rendered":"<p>Der neue Shengmilo MX03 kombiniert die neue Batterietechnologie mit 18650 Hochleistungsbatteriezellen, der 48-V-500-W-BAFANG-Motor erzeugt bis zu 1000 W Spitzenleistung!<\/p>\n<ul>\n<li>kostenlose Lieferung 3-7 Tage<\/li>\n<li>EU-Lager, keine zus\u00e4tzlichen Steuern<\/li>\n<\/ul>","protected":false},"featured_media":290478,"comment_status":"open","ping_status":"closed","template":"","meta":[],"product_brand":[],"product_cat":[212],"product_tag":[],"class_list":{"0":"post-290472","1":"product","2":"type-product","3":"status-publish","4":"has-post-thumbnail","6":"product_cat-electric-bikes","8":"first","9":"outofstock","10":"sale","11":"shipping-taxable","12":"purchasable","13":"product-type-simple"},"jetpack_sharing_enabled":true,"_links":{"self":[{"href":"https:\/\/ridstar.eu\/de\/wp-json\/wp\/v2\/product\/290472","targetHints":{"allow":["GET"]}}],"collection":[{"href":"https:\/\/ridstar.eu\/de\/wp-json\/wp\/v2\/product"}],"about":[{"href":"https:\/\/ridstar.eu\/de\/wp-json\/wp\/v2\/types\/product"}],"replies":[{"embeddable":true,"href":"https:\/\/ridstar.eu\/de\/wp-json\/wp\/v2\/comments?post=290472"}],"wp:featuredmedia":[{"embeddable":true,"href":"https:\/\/ridstar.eu\/de\/wp-json\/wp\/v2\/media\/290478"}],"wp:attachment":[{"href":"https:\/\/ridstar.eu\/de\/wp-json\/wp\/v2\/media?parent=290472"}],"wp:term":[{"taxonomy":"product_brand","embeddable":true,"href":"https:\/\/ridstar.eu\/de\/wp-json\/wp\/v2\/product_brand?post=290472"},{"taxonomy":"product_cat","embeddable":true,"href":"https:\/\/ridstar.eu\/de\/wp-json\/wp\/v2\/product_cat?post=290472"},{"taxonomy":"product_tag","embeddable":true,"href":"https:\/\/ridstar.eu\/de\/wp-json\/wp\/v2\/product_tag?post=290472"}],"curies":[{"name":"wp","href":"https:\/\/api.w.org\/{rel}","templated":true}]}}