{"id":290303,"date":"2024-04-17T08:02:14","date_gmt":"2024-04-17T05:02:14","guid":{"rendered":"https:\/\/ridstar.eu\/?post_type=product&#038;p=290303"},"modified":"2026-01-10T09:06:11","modified_gmt":"2026-01-10T07:06:11","slug":"elektrofahrrad-gunai-mx25-48v-1000w-25ah-4x20-zoll-breite-reifen","status":"publish","type":"product","link":"https:\/\/ridstar.eu\/de\/product\/elektrofahrrad-gunai-mx25-48v-1000w-25ah-4x20-zoll-breite-reifen\/","title":{"rendered":"Elektrofahrrad GUNAI MX25, 48V, 1000W, 25Ah, 4\u00d720 Zoll breite Reifen"},"content":{"rendered":"<table width=\"586\">\n<tbody>\n<tr>\n<td width=\"330\">Farbe<\/td>\n<td width=\"256\">Schwarz<\/td>\n<\/tr>\n<tr>\n<td>Batteriekapazit\u00e4t<\/td>\n<td>25 Ah<\/td>\n<\/tr>\n<tr>\n<td>Batteriegewicht<\/td>\n<td>6,35 kg<\/td>\n<\/tr>\n<tr>\n<td>Ladezeit<\/td>\n<td>6-8 Stunden<\/td>\n<\/tr>\n<tr>\n<td>Ladeger\u00e4t<\/td>\n<td>EU-Standard DC 2.1 Ladeger\u00e4t<\/td>\n<\/tr>\n<tr>\n<td>Motor<\/td>\n<td>B\u00fcrstenloser Motor<\/td>\n<\/tr>\n<tr>\n<td>Motorleistung<\/td>\n<td>48 V 1000 W<\/td>\n<\/tr>\n<tr>\n<td>Leistungsverbrauch<\/td>\n<td>50-60 km<\/td>\n<\/tr>\n<tr>\n<td>Elektrobetrieb<\/td>\n<td>40-50 km<\/td>\n<\/tr>\n<tr>\n<td>H\u00f6chstgeschwindigkeit<\/td>\n<td>45-50KM\/h<\/td>\n<\/tr>\n<tr>\n<td>Schichtebene<\/td>\n<td>7 G\u00e4nge<\/td>\n<\/tr>\n<tr>\n<td>Bildschirmgr\u00f6\u00dfe und Anzeigeparameter des Messger\u00e4ts<\/td>\n<td>LCD-Instrument<\/td>\n<\/tr>\n<tr>\n<td>Reifenspezifikationen<\/td>\n<td>20X4,0 Zoll<\/td>\n<\/tr>\n<tr>\n<td>Rahmenmaterial, Gr\u00f6\u00dfe (CT)<\/td>\n<td>Aluminiumgeh\u00e4use,<\/td>\n<\/tr>\n<tr>\n<td>Lenkermaterial<\/td>\n<td>Aluminiumlegierung<\/td>\n<\/tr>\n<tr>\n<td>Sattelrohrmaterial, H\u00f6henverstellbereich<\/td>\n<td>Aluminiumlegierung, 60-90cm<\/td>\n<\/tr>\n<tr>\n<td>Material Vordergabel<\/td>\n<td>Aluminiumlegierung<\/td>\n<\/tr>\n<tr>\n<td>Gewichtskapazit\u00e4t<\/td>\n<td>200 kg<\/td>\n<\/tr>\n<tr>\n<td>Licht<\/td>\n<td>LED-Strahler<\/td>\n<\/tr>\n<tr>\n<td>Vorderradgabel<\/td>\n<td>hydraulische Vordergabel<\/td>\n<\/tr>\n<tr>\n<td>Bremsentyp<\/td>\n<td>hydraulische \u00d6lbremsen vorn und hinten<\/td>\n<\/tr>\n<tr>\n<td>Getriebemarke und Spezifikationen<\/td>\n<td>Shimano<\/td>\n<\/tr>\n<tr>\n<td>Nettogewicht<\/td>\n<td>35 kg<\/td>\n<\/tr>\n<tr>\n<td>Paketgewicht<\/td>\n<td>47 kg<\/td>\n<\/tr>\n<tr>\n<td>Aufstieg<\/td>\n<td>35\u00b0<\/td>\n<\/tr>\n<tr>\n<td>Drehmoment<\/td>\n<td>64 NM<\/td>\n<\/tr>\n<tr>\n<td>Packungsgr\u00f6\u00dfe<\/td>\n<td>140\u00d734\u00d785cm<\/td>\n<\/tr>\n<tr>\n<td>Produktgr\u00f6\u00dfe<\/td>\n<td>171*26*110CM<\/td>\n<\/tr>\n<\/tbody>\n<\/table>\n<p><img decoding=\"async\" class=\"i-spzhtml-fill-content i-spzhtml-replaced-content\" src=\"https:\/\/img.fantaskycdn.com\/46cd5820f626014ae91c6d0e0aef5dd7.png\" alt=\"GUNAI MX25 Offroad 4\u00d720 Zoll Elektrofahrrad\" \/><img decoding=\"async\" class=\"i-spzhtml-fill-content i-spzhtml-replaced-content\" src=\"https:\/\/img.fantaskycdn.com\/1f00a949bfc0b24742db6977427a3d07.png\" alt=\"\"><img decoding=\"async\" class=\"i-spzhtml-fill-content i-spzhtml-replaced-content\" src=\"https:\/\/img.fantaskycdn.com\/89eee5139e5eba4adfc63594996b9bcd.jpg\" alt=\"\"><img decoding=\"async\" class=\"i-spzhtml-fill-content i-spzhtml-replaced-content\" src=\"https:\/\/img.fantaskycdn.com\/01c8b9a2ab7859cc9ba8cc842d0fbde5.jpg\" alt=\"\"><img decoding=\"async\" class=\"i-spzhtml-fill-content i-spzhtml-replaced-content\" src=\"https:\/\/img.fantaskycdn.com\/ae0f83c51463ab42b311800c03081efe.jpg\" alt=\"\"><img decoding=\"async\" class=\"i-spzhtml-fill-content i-spzhtml-replaced-content\" src=\"https:\/\/img.fantaskycdn.com\/165bfe5aba99ec30d994e33d25af88a2.jpg\" alt=\"\"><img decoding=\"async\" class=\"i-spzhtml-fill-content i-spzhtml-replaced-content\" src=\"https:\/\/img.fantaskycdn.com\/dde0a8bdde8d1bd5b45af77500076b83.png\" alt=\"\"><img decoding=\"async\" class=\"i-spzhtml-fill-content i-spzhtml-replaced-content\" src=\"https:\/\/img.fantaskycdn.com\/8ed091b6f7805cb101c95625a92461bc.png\" alt=\"\"><\/p>","protected":false},"excerpt":{"rendered":"<p>Elektrofahrrad GUNAI MX25, 1000W, 25Ah<br \/>\nKostenlose Lieferung innerhalb von 3-7 Tagen ab EU-Lager<br \/>\nGarantie 12 Monate<\/p>","protected":false},"featured_media":290304,"comment_status":"open","ping_status":"closed","template":"","meta":[],"product_brand":[],"product_cat":[212],"product_tag":[],"class_list":{"0":"post-290303","1":"product","2":"type-product","3":"status-publish","4":"has-post-thumbnail","6":"product_cat-electric-bikes","8":"first","9":"outofstock","10":"sale","11":"shipping-taxable","12":"purchasable","13":"product-type-simple"},"jetpack_sharing_enabled":true,"_links":{"self":[{"href":"https:\/\/ridstar.eu\/de\/wp-json\/wp\/v2\/product\/290303","targetHints":{"allow":["GET"]}}],"collection":[{"href":"https:\/\/ridstar.eu\/de\/wp-json\/wp\/v2\/product"}],"about":[{"href":"https:\/\/ridstar.eu\/de\/wp-json\/wp\/v2\/types\/product"}],"replies":[{"embeddable":true,"href":"https:\/\/ridstar.eu\/de\/wp-json\/wp\/v2\/comments?post=290303"}],"wp:featuredmedia":[{"embeddable":true,"href":"https:\/\/ridstar.eu\/de\/wp-json\/wp\/v2\/media\/290304"}],"wp:attachment":[{"href":"https:\/\/ridstar.eu\/de\/wp-json\/wp\/v2\/media?parent=290303"}],"wp:term":[{"taxonomy":"product_brand","embeddable":true,"href":"https:\/\/ridstar.eu\/de\/wp-json\/wp\/v2\/product_brand?post=290303"},{"taxonomy":"product_cat","embeddable":true,"href":"https:\/\/ridstar.eu\/de\/wp-json\/wp\/v2\/product_cat?post=290303"},{"taxonomy":"product_tag","embeddable":true,"href":"https:\/\/ridstar.eu\/de\/wp-json\/wp\/v2\/product_tag?post=290303"}],"curies":[{"name":"wp","href":"https:\/\/api.w.org\/{rel}","templated":true}]}}