{"id":290297,"date":"2024-04-16T20:57:03","date_gmt":"2024-04-16T17:57:03","guid":{"rendered":"https:\/\/ridstar.eu\/?post_type=product&#038;p=290297"},"modified":"2024-10-25T10:52:17","modified_gmt":"2024-10-25T07:52:17","slug":"elektrofahrrad-yyg-zm21-br100-1200w-48v-20ah-batterie","status":"publish","type":"product","link":"https:\/\/ridstar.eu\/de\/product\/elektrofahrrad-yyg-zm21-br100-1200w-48v-20ah-batterie\/","title":{"rendered":"Elektrofahrrad YYG ZM21 (BR100), 1200W, 48V, 20Ah Akku"},"content":{"rendered":"<div class=\"product-oa-desc\" data-spm=\"0000004x7\">\n<p>Eigenschaften:<\/p>\n<table style=\"height: 469px;\">\n<colgroup>\n<col width=\"175\" \/>\n<col width=\"296\" \/>\n<col width=\"199\" \/>\n<col width=\"269\" \/><\/colgroup>\n<tbody>\n<tr style=\"height: 23px;\">\n<td style=\"height: 23px; width: 171px;\">Marke<\/td>\n<td style=\"height: 23px; width: 292px;\"><span>YYG<\/span><\/td>\n<td style=\"height: 23px; width: 195px;\">Modell<\/td>\n<td style=\"height: 23px; width: 265px;\"><span>ZM21<\/span><\/td>\n<\/tr>\n<tr style=\"height: 23px;\">\n<td style=\"height: 23px; width: 171px;\">Material<\/td>\n<td style=\"height: 23px; width: 292px;\">Aluminiumlegierung<\/td>\n<td style=\"height: 23px; width: 195px;\">Reifen<\/td>\n<td style=\"height: 23px; width: 265px;\"><span>20*4,0 Zoll Gummireifen<\/span><\/td>\n<\/tr>\n<tr style=\"height: 75px;\">\n<td style=\"height: 75px; width: 171px;\"><span>Absorber<\/span><\/td>\n<td style=\"height: 75px; width: 292px;\"><span>Zweischulter-Vorderradgabel<br \/>\nD\u00e4mpfung (Vordergabel mit Doppelsto\u00dfd\u00e4mpfer hinten)<\/span><\/td>\n<td style=\"height: 75px; width: 195px;\"><span>Reifendruckwert<\/span><\/td>\n<td style=\"height: 75px; width: 265px;\"><span>40-210Kpa<\/span><\/td>\n<\/tr>\n<tr style=\"height: 47px;\">\n<td style=\"height: 47px; width: 171px;\"><span>Bremse<\/span><\/td>\n<td style=\"height: 47px; width: 292px;\"><span>\u00d6lbremse vorne und hinten<\/span><\/td>\n<td style=\"height: 47px; width: 195px;\"><span>Fahrmodus<\/span><\/td>\n<td style=\"height: 47px; width: 265px;\"><span>Fahrrad, Power Assisted-Modus, Elektrischer Gashebel-Modus<\/span><\/td>\n<\/tr>\n<tr style=\"height: 23px;\">\n<td style=\"height: 23px; width: 171px;\"><span>Licht<\/span><\/td>\n<td style=\"height: 23px; width: 292px;\"><span>LED-Flutlicht<\/span><\/td>\n<td style=\"height: 23px; width: 195px;\"><span>Motor<\/span><\/td>\n<td style=\"height: 23px; width: 265px;\"><span>DC48V 1200W Motor<\/span><\/td>\n<\/tr>\n<tr style=\"height: 23px;\">\n<td style=\"height: 23px; width: 171px;\"><span>Abbildung<\/span><\/td>\n<td style=\"height: 23px; width: 292px;\"><span>Farb-LCD-Bildschirm<\/span><\/td>\n<td style=\"height: 23px; width: 195px;\"><span>Maximales Drehmoment<\/span><\/td>\n<td style=\"height: 23px; width: 265px;\"><span>65N. M<\/span><\/td>\n<\/tr>\n<tr style=\"height: 23px;\">\n<td style=\"height: 23px; width: 171px;\">H\u00f6henwinkel<\/td>\n<td style=\"height: 23px; width: 292px;\"><span>25\u00b0<\/span><\/td>\n<td style=\"height: 23px; width: 195px;\">Empfohlene Geschwindigkeit<\/td>\n<td style=\"height: 23px; width: 265px;\">25 KM\/H<\/td>\n<\/tr>\n<tr style=\"height: 47px;\">\n<td style=\"height: 47px; width: 171px;\"><span>Betriebstemperatur<\/span><\/td>\n<td style=\"height: 47px; width: 292px;\"><span>-10\u201450\u2103<\/span><\/td>\n<td style=\"height: 47px; width: 195px;\">Maximale Kilometerleistung<\/td>\n<td style=\"height: 47px; width: 265px;\"><span>Integrit\u00e4t des Elektromodus: 55 km<br \/>\nPAS-Modus: 65 km<\/span><\/td>\n<\/tr>\n<tr style=\"height: 23px;\">\n<td style=\"height: 23px; width: 171px;\">Kartongr\u00f6\u00dfe<\/td>\n<td style=\"height: 23px; width: 292px;\"><span>1450*340*870MM<\/span><\/td>\n<td style=\"height: 23px; width: 195px;\"><span>Batterie<\/span><\/td>\n<td style=\"height: 23px; width: 265px;\"><span>48 V, 20 Ah<\/span><\/td>\n<\/tr>\n<tr style=\"height: 23px;\">\n<td style=\"height: 23px; width: 171px;\"><span>Format<\/span><\/td>\n<td style=\"height: 23px; width: 292px;\"><span>1690*640*1070MM<\/span><\/td>\n<td style=\"height: 23px; width: 195px;\"><span>Ladezeit<\/span><\/td>\n<td style=\"height: 23px; width: 265px;\"><span>6-8 Stunden<\/span><\/td>\n<\/tr>\n<tr style=\"height: 47px;\">\n<td style=\"height: 47px; width: 171px;\"><span>Pedal<br \/>\nEntfernung vom Boden<\/span><\/td>\n<td style=\"height: 47px; width: 292px;\"><span>145 MM<\/span><\/td>\n<td style=\"height: 47px; width: 195px;\"><span>Ladeger\u00e4t<\/span><\/td>\n<td style=\"height: 47px; width: 265px;\"><span>54,6 V-3 A<\/span><\/td>\n<\/tr>\n<tr style=\"height: 23px;\">\n<td style=\"height: 23px; width: 171px;\">Maximale Belastung<\/td>\n<td style=\"height: 23px; width: 292px;\">150 KG<\/td>\n<td style=\"height: 23px; width: 195px;\"><span>Anwendbare Stra\u00dfe<\/span><\/td>\n<td style=\"height: 23px; width: 265px;\"><span>Berge, gleiche Stra\u00dfen, Autobahnen<\/span><\/td>\n<\/tr>\n<tr style=\"height: 23px;\">\n<td style=\"height: 23px; width: 171px;\">Nettogewicht<\/td>\n<td style=\"height: 23px; width: 292px;\"><span>36,4 kg<\/span><\/td>\n<td style=\"height: 23px; width: 195px;\"><span>Farbe<\/span><\/td>\n<td style=\"height: 23px; width: 265px;\"><span>Grau<\/span><\/td>\n<\/tr>\n<tr style=\"height: 23px;\">\n<td style=\"height: 23px; width: 171px;\">Gesamtgewicht<\/td>\n<td style=\"height: 23px; width: 292px;\"><span>47,3 kg<\/span><\/td>\n<td style=\"height: 23px; width: 195px;\">Zertifizierung<\/td>\n<td style=\"height: 23px; width: 265px;\">CE<\/td>\n<\/tr>\n<tr style=\"height: 23px;\">\n<td style=\"height: 23px; width: 171px;\"><span>Batteriegewicht<\/span><\/td>\n<td style=\"height: 23px; width: 292px;\"><span>5,1 kg<\/span><\/td>\n<td style=\"height: 23px; width: 195px;\">Empfohlene H\u00f6he<\/td>\n<td style=\"height: 23px; width: 265px;\">165-185 cm<\/td>\n<\/tr>\n<\/tbody>\n<\/table>\n<p>Paket beinhaltet:<\/p>\n<p>1 x Elektrofahrrad<\/p>\n<p>1 x EU-Ladeger\u00e4t<\/p>\n<p>1 x Werkzeugsatz<\/p>\n<p>1 x Benutzerhandbuch<\/p>\n<\/div>\n<div class=\"celwidget aplus-module 3p-module-b aplus-standard\" align=\"start\">\n<div class=\"aplus-module-wrapper aplus-3p-fixed-width\" align=\"inherit\"><img decoding=\"async\" class=\"a-spacing-base\" src=\"https:\/\/m.media-amazon.com\/images\/S\/aplus-media-library-service-media\/ab651238-503c-4700-9c69-11f3eb234ad7.__CR0,0,1940,1200_PT0_SX970_V1___.jpg\" alt=\"\"><\/div>\n<\/div>\n<p><img decoding=\"async\" src=\"https:\/\/ae01.alicdn.com\/kf\/S71f85b5ed80c45fd9f307bfa17266c5fl.jpg\" alt=\"\"><img decoding=\"async\" src=\"https:\/\/ae01.alicdn.com\/kf\/S53dc82cc99554bf1adb25ed1b4a9223cN.jpg\" alt=\"\"><img decoding=\"async\" src=\"https:\/\/ae01.alicdn.com\/kf\/S5adafea3626d4f76b3e124ad0397d99eT.jpg\" alt=\"\"><img decoding=\"async\" src=\"https:\/\/ae01.alicdn.com\/kf\/S2cac0f83ef404413adde3809e5919076o.jpg\" alt=\"\"><img decoding=\"async\" src=\"https:\/\/ae01.alicdn.com\/kf\/S3d001f9bd73e4907b48b0bda30fc1105S.jpg\" alt=\"\"><img decoding=\"async\" src=\"https:\/\/ae01.alicdn.com\/kf\/Sd9fff492368f4af895f6ea4c53a9a281o.jpg\" alt=\"\"><\/p>\n<div id=\"imgBox\" data-spm=\"0000000KF\">\n<p>&nbsp;<\/p>\n<p>&nbsp;<\/p>\n<p>&nbsp;<\/p>\n<p>&nbsp;<\/p>\n<p>&nbsp;<\/p>\n<p>&nbsp;<\/p>\n<p>&nbsp;<\/p>\n<p>&nbsp;<\/p>\n<p>&nbsp;<\/p>\n<\/div>","protected":false},"excerpt":{"rendered":"<p>Elektrofahrrad YYG ZM21 (BR100)<br \/>\nKostenlose Lieferung innerhalb von 3-7 Werktagen.<br \/>\nKeine zus\u00e4tzlichen Geb\u00fchren.<br \/>\nLieferung aus einem EU-Lager.<\/p>","protected":false},"featured_media":290298,"comment_status":"open","ping_status":"closed","template":"","meta":[],"product_brand":[],"product_cat":[212],"product_tag":[],"class_list":{"0":"post-290297","1":"product","2":"type-product","3":"status-publish","4":"has-post-thumbnail","6":"product_cat-electric-bikes","8":"first","9":"outofstock","10":"sale","11":"shipping-taxable","12":"purchasable","13":"product-type-simple"},"jetpack_sharing_enabled":true,"_links":{"self":[{"href":"https:\/\/ridstar.eu\/de\/wp-json\/wp\/v2\/product\/290297","targetHints":{"allow":["GET"]}}],"collection":[{"href":"https:\/\/ridstar.eu\/de\/wp-json\/wp\/v2\/product"}],"about":[{"href":"https:\/\/ridstar.eu\/de\/wp-json\/wp\/v2\/types\/product"}],"replies":[{"embeddable":true,"href":"https:\/\/ridstar.eu\/de\/wp-json\/wp\/v2\/comments?post=290297"}],"wp:featuredmedia":[{"embeddable":true,"href":"https:\/\/ridstar.eu\/de\/wp-json\/wp\/v2\/media\/290298"}],"wp:attachment":[{"href":"https:\/\/ridstar.eu\/de\/wp-json\/wp\/v2\/media?parent=290297"}],"wp:term":[{"taxonomy":"product_brand","embeddable":true,"href":"https:\/\/ridstar.eu\/de\/wp-json\/wp\/v2\/product_brand?post=290297"},{"taxonomy":"product_cat","embeddable":true,"href":"https:\/\/ridstar.eu\/de\/wp-json\/wp\/v2\/product_cat?post=290297"},{"taxonomy":"product_tag","embeddable":true,"href":"https:\/\/ridstar.eu\/de\/wp-json\/wp\/v2\/product_tag?post=290297"}],"curies":[{"name":"wp","href":"https:\/\/api.w.org\/{rel}","templated":true}]}}