{"id":290233,"date":"2024-04-03T15:44:06","date_gmt":"2024-04-03T13:44:06","guid":{"rendered":"https:\/\/ridstar.eu\/?post_type=product&#038;p=290233"},"modified":"2025-08-13T20:16:12","modified_gmt":"2025-08-13T18:16:12","slug":"lankeleisi-x-black-knight-48-v-2-x-1000-w-2000-w-samsung-45-ah-lithium-akkupack","status":"publish","type":"product","link":"https:\/\/ridstar.eu\/de\/product\/lankeleisi-x-black-knight-48v-2x1000w-2000w-samsung-45ah-lithium-battery-pack\/","title":{"rendered":"Elektrofahrrad LANKELEISI X-Black Knight, 48V, 2x1000W (2000W), SAMSUNG 45Ah Lithium-Akkupack"},"content":{"rendered":"<h3><strong>LANKELEISI X-Black Knight \u2013 Das ultimative E-Bike mit Doppelmotor f\u00fcr extreme Abenteuer!<\/strong><\/h3>\n<p>Der <strong>LANKELEISI X-Schwarzer Ritter<\/strong> ist ein kraftvolles Elektrofahrrad f\u00fcr Nervenkitzel-Suchende und Langstreckenfahrer. Mit <strong>2000 W Doppelmotoren<\/strong>, A <strong>48V 45Ah Samsung Batterie<\/strong>und ein <strong>Aluminium-Softtail-Rahmen<\/strong>, dieses E-Bike bietet <strong>un\u00fcbertroffene Leistung, Ausdauer und Komfort<\/strong>. Egal, ob Sie steile H\u00fcgel erobern oder durch die Stra\u00dfen der Stadt cruisen, die <strong>X-Schwarzer Ritter<\/strong> ist auf Spitzenleistung ausgelegt.<\/p>\n<hr \/>\n<h3><strong>\ud83d\udd25 Hauptmerkmale<\/strong><\/h3>\n<h4><strong>\ud83d\ude80 Entfesseln Sie die Kraft \u2013 Zwei 1000-W-Motoren<\/strong><\/h4>\n<ul>\n<li><strong>B\u00fcrstenlose Hochgeschwindigkeitsmotoren 48 V 1000 W vorn und hinten<\/strong><\/li>\n<li><strong>Massive 2000W Gesamtleistung<\/strong> f\u00fcr unglaubliche Beschleunigung<\/li>\n<li><strong>Verbessertes Drehmoment und verbesserte Steigleistung<\/strong> mit Sternzahnrad-Design<\/li>\n<li><strong>Leiser Energieverbrauch<\/strong> verbessert die Effizienz &amp; erweitert die Reichweite<\/li>\n<\/ul>\n<h4><strong>\ud83d\udd0b Langlebiger 48V 45Ah Samsung Akku<\/strong><\/h4>\n<ul>\n<li><strong>Erstklassiger 21700 Lithium-Akkupack<\/strong> (25 Ah oben + 20 Ah unten)<\/li>\n<li><strong>Rein elektrischer Betrieb:<\/strong> <strong>120-140 km<\/strong> Reichweite<\/li>\n<li><strong>Pedalunterst\u00fctzungsmodus:<\/strong> <strong>250-280 km<\/strong> Reichweite<\/li>\n<li><strong>Wasser- und staubdichter Zweischichtschutz<\/strong><\/li>\n<li><strong>Schnelles Laden mit 48V 3A Ladeger\u00e4t<\/strong><\/li>\n<\/ul>\n<h4><strong>\ud83d\udca1 Intelligentes LCD-Display \u2013 Leistungs\u00fcberwachung in Echtzeit<\/strong><\/h4>\n<ul>\n<li><strong>Farbiges multifunktionales LCD-Instrument<\/strong><\/li>\n<li>Anzeigen <strong>Geschwindigkeit, Akkulaufzeit, Distanz, Leistungsabgabe<\/strong><\/li>\n<li><strong>IP64 wasserdicht und staubdicht<\/strong> \u2013 langlebig f\u00fcr alle Wetterbedingungen<\/li>\n<li>Integriert <strong>5-stufiger Pedalunterst\u00fctzungsmodus (PAS)<\/strong><\/li>\n<\/ul>\n<h4><strong>\ud83d\udede Dicke Reifen und Vollfederung \u2013 Erobern Sie jedes Terrain<\/strong><\/h4>\n<ul>\n<li><strong>CST 20\u00d74,0&quot; breite Reifen<\/strong> f\u00fcr hervorragenden Grip und Sto\u00dfd\u00e4mpfung<\/li>\n<li><strong>Blockierbare Aluminium-Vorderradgabel mit \u00d6lfederung<\/strong><\/li>\n<li><strong>Zwei 320L-Sto\u00dfd\u00e4mpfer hinten<\/strong> f\u00fcr sanftes Fahren auf unebenem Gel\u00e4nde<\/li>\n<li>Weicher Schwanz <strong>Rahmen aus 6061 Aluminiumlegierung<\/strong> f\u00fcr Haltbarkeit und Komfort<\/li>\n<\/ul>\n<h4><strong>\u2699\ufe0f Shimano 7-Gang-Getriebe und hydraulische Bremsen<\/strong><\/h4>\n<ul>\n<li><strong>Shimano M310-7 Schaltwerk und Schalthebel<\/strong> f\u00fcr sanfte Gangwechsel<\/li>\n<li><strong>Hydraulische Scheibenbremsen von DYISLAND<\/strong> f\u00fcr pr\u00e4zise Bremskraft<\/li>\n<li><strong>Stromloses Bremssystem<\/strong> f\u00fcr mehr Sicherheit<\/li>\n<\/ul>\n<hr \/>\n<h3><strong>\ud83d\udccc Spezifikationen<\/strong><\/h3>\n<h4><strong>Leistung<\/strong><\/h4>\n<ul>\n<li><strong>Motor:<\/strong> <strong>Dual 48 V 1000 W (insgesamt 2000 W)<\/strong><\/li>\n<li><strong>Batterie:<\/strong> <strong>Samsung 48V 45Ah Lithiumakku<\/strong><\/li>\n<li><strong>Kilometerstand:<\/strong>\n<ul>\n<li>Rein elektrischer Modus: <strong>120-140 km<\/strong><\/li>\n<li>Pedalunterst\u00fctzungsmodus: <strong>250-280 km<\/strong><\/li>\n<\/ul>\n<\/li>\n<li><strong>Maximale Geschwindigkeit:<\/strong> <strong>48 km\/h<\/strong><\/li>\n<li><strong>Ladezeit:<\/strong> <strong>Schnelles Laden mit 48V 3A Ladeger\u00e4t<\/strong><\/li>\n<\/ul>\n<h4><strong>Bau &amp; Komfort<\/strong><\/h4>\n<ul>\n<li><strong>Rahmen:<\/strong> <strong>6061 Softtail-Rahmen aus Aluminiumlegierung<\/strong><\/li>\n<li><strong>Sto\u00dfd\u00e4mpfer:<\/strong>\n<ul>\n<li><strong>Front:<\/strong> Feststellbare Aluminium-Schulter-\u00d6lfeder-Federgabel<\/li>\n<li><strong>Hinteren:<\/strong> Dual <strong>320L Sto\u00dfd\u00e4mpfer hinten<\/strong><\/li>\n<\/ul>\n<\/li>\n<li><strong>Reifen:<\/strong> <strong>CST 20\u00d74,0\u2033 breite Reifen<\/strong><\/li>\n<li><strong>Kurbelgarnitur:<\/strong> <strong>52T Kurbelwelle aus Aluminiumlegierung<\/strong><\/li>\n<\/ul>\n<h4><strong>Bremsen &amp; Getriebe<\/strong><\/h4>\n<ul>\n<li><strong>Bremsen:<\/strong> <strong>Hydraulische Scheibenbremsen von DYISLAND<\/strong> mit stromloser Sicherung<\/li>\n<li><strong>Getriebe:<\/strong> <strong>Shimano 7-Gang-Kettenschaltung und Schalthebel<\/strong><\/li>\n<\/ul>\n<h4><strong>Gewicht &amp; Abmessungen<\/strong><\/h4>\n<ul>\n<li><strong>Fahrradgewicht:<\/strong> <strong>48 kg<\/strong><\/li>\n<li><strong>Gr\u00f6\u00dfe des Fahrers:<\/strong> <strong>170-190 cm<\/strong><\/li>\n<\/ul>\n<hr \/>\n<h3><strong>\ud83c\udfc6 Warum sollten Sie sich f\u00fcr den LANKELEISI X-Black Knight entscheiden?<\/strong><\/h3>\n<p>\u2705 <strong>Zwei 1000-W-Motoren<\/strong> \u2013 Kraft f\u00fcr jedes Terrain<br \/>\n\u2705 <strong>Samsung 48V 45Ah Batterie<\/strong> \u2013 l\u00e4nger fahren, weniger laden<br \/>\n\u2705 <strong>Hydraulische Bremsen und Vollfederung<\/strong> \u2013 Sicherheit und Komfort<br \/>\n\u2705 <strong>Dicke Reifen und Softtail-Rahmen<\/strong> \u2013 Stabilit\u00e4t auf jedem Terrain<br \/>\n\u2705 <strong>Intelligentes LCD-Display<\/strong> \u2013 Verfolgen Sie Ihre Fahrt in Echtzeit<\/p>\n<hr \/>\n<h3><strong>\ud83d\udeb4\u200d\u2642\ufe0f \u00dcberschreiten Sie Ihre Grenzen!<\/strong><\/h3>\n<p>Der <strong>LANKELEISI X-Schwarzer Ritter<\/strong> ist f\u00fcr alle gemacht, die Kraft, Ausdauer und Abenteuer suchen. Ob Pendeln oder Trail-Abenteuer \u2013 dieses E-Bike ist Ihr ultimativer Begleiter.<\/p>\n<p>\ud83d\udd25 <strong>Bestellen Sie noch heute und erleben Sie die n\u00e4chste Stufe des E-Bike-Erlebnisses!<\/strong><\/p>\n<p><img decoding=\"async\" class=\"alignnone size-full wp-image-291427\" src=\"https:\/\/ridstar.eu\/wp-content\/uploads\/2024\/04\/LANKELEISI-X-Black-Knight-2.webp\" alt=\"Elektrofahrrad LANKELEISI X-Black Knight\" width=\"1000\" height=\"665\" \/> <img decoding=\"async\" class=\"alignnone size-full wp-image-291428\" src=\"https:\/\/ridstar.eu\/wp-content\/uploads\/2024\/04\/LANKELEISI-X-Black-Knight-3.webp\" alt=\"Elektrofahrrad LANKELEISI X-Black Knight\" width=\"1000\" height=\"665\" \/> <img decoding=\"async\" class=\"alignnone size-full wp-image-291429\" src=\"https:\/\/ridstar.eu\/wp-content\/uploads\/2024\/04\/LANKELEISI-X-Black-Knight-4.webp\" alt=\"Elektrofahrrad LANKELEISI X-Black Knight\" width=\"1920\" height=\"1281\" \/> <img decoding=\"async\" class=\"alignnone size-full wp-image-291430\" src=\"https:\/\/ridstar.eu\/wp-content\/uploads\/2024\/04\/LANKELEISI-X-Black-Knight-5.webp\" alt=\"Elektrofahrrad LANKELEISI X-Black Knight\" width=\"750\" height=\"634\" \/> <img decoding=\"async\" class=\"alignnone size-full wp-image-291431\" src=\"https:\/\/ridstar.eu\/wp-content\/uploads\/2024\/04\/LANKELEISI-X-Black-Knight.webp\" alt=\"Elektrofahrrad LANKELEISI X-Black Knight\" width=\"1000\" height=\"665\" \/><\/p>","protected":false},"excerpt":{"rendered":"<p>3-7 Tage Lieferung ab EU-Lager<\/p>\n<p>Lankeleisi X-Schwarzer Ritter<br \/>\n2000 W Leistung (zwei Motoren mit je 1000 W)<br \/>\nSAMSUNG 45Ah Akkupack<br \/>\nGeeignet f\u00fcr Personen mit einer K\u00f6rpergr\u00f6\u00dfe von 170\u2013190 cm.<br \/>\nGarantie bis zu 24 Monate.*<br \/>\nInklusive Schutzbleche, zus\u00e4tzlichem Kabelschloss, Pumpe und Inbusschl\u00fcsselsatz, Gep\u00e4cktr\u00e4ger hinten<\/p>","protected":false},"featured_media":290237,"comment_status":"open","ping_status":"closed","template":"","meta":[],"product_brand":[],"product_cat":[212],"product_tag":[],"class_list":{"0":"post-290233","1":"product","2":"type-product","3":"status-publish","4":"has-post-thumbnail","6":"product_cat-electric-bikes","8":"first","9":"outofstock","10":"sale","11":"shipping-taxable","12":"purchasable","13":"product-type-simple"},"jetpack_sharing_enabled":true,"_links":{"self":[{"href":"https:\/\/ridstar.eu\/de\/wp-json\/wp\/v2\/product\/290233","targetHints":{"allow":["GET"]}}],"collection":[{"href":"https:\/\/ridstar.eu\/de\/wp-json\/wp\/v2\/product"}],"about":[{"href":"https:\/\/ridstar.eu\/de\/wp-json\/wp\/v2\/types\/product"}],"replies":[{"embeddable":true,"href":"https:\/\/ridstar.eu\/de\/wp-json\/wp\/v2\/comments?post=290233"}],"wp:featuredmedia":[{"embeddable":true,"href":"https:\/\/ridstar.eu\/de\/wp-json\/wp\/v2\/media\/290237"}],"wp:attachment":[{"href":"https:\/\/ridstar.eu\/de\/wp-json\/wp\/v2\/media?parent=290233"}],"wp:term":[{"taxonomy":"product_brand","embeddable":true,"href":"https:\/\/ridstar.eu\/de\/wp-json\/wp\/v2\/product_brand?post=290233"},{"taxonomy":"product_cat","embeddable":true,"href":"https:\/\/ridstar.eu\/de\/wp-json\/wp\/v2\/product_cat?post=290233"},{"taxonomy":"product_tag","embeddable":true,"href":"https:\/\/ridstar.eu\/de\/wp-json\/wp\/v2\/product_tag?post=290233"}],"curies":[{"name":"wp","href":"https:\/\/api.w.org\/{rel}","templated":true}]}}