{"id":290206,"date":"2024-04-03T09:59:09","date_gmt":"2024-04-03T07:59:09","guid":{"rendered":"https:\/\/ridstar.eu\/?post_type=product&#038;p=290206"},"modified":"2026-01-16T14:31:55","modified_gmt":"2026-01-16T12:31:55","slug":"elektrofahrrad-coswheel-ct20-48v-1000w-spitzenleistung-1500w-25ah-batterie","status":"publish","type":"product","link":"https:\/\/ridstar.eu\/de\/product\/electric-bicycle-coswheel-ct20-48v-1000w-peak-1500w-25ah-battery\/","title":{"rendered":"Elektrofahrrad Coswheel CT20, 48V, 1000W (Spitzenleistung 1500W), 25Ah Akku"},"content":{"rendered":"<p><iframe loading=\"lazy\" title=\"COSWHEEL CT20S 2000W Motor Superstarkes Dirtbike\" width=\"1080\" height=\"608\" src=\"https:\/\/www.youtube.com\/embed\/oS58KSFpCAg?feature=oembed\"  allow=\"accelerometer; autoplay; clipboard-write; encrypted-media; gyroscope; picture-in-picture; web-share\" referrerpolicy=\"strict-origin-when-cross-origin\" allowfullscreen><\/iframe><\/p>\n<ul>\n<li><strong>H\u00f6chstgeschwindigkeit:\u00a0<\/strong>Klasse 2\/3, 28 Meilen pro Stunde (45 km\/h)<\/li>\n<li><strong>Reichweite:\u00a0<\/strong>50+ Meilen (80 km) im Nur-Gas-Modus der Klasse 2 (rein elektrisch); 87 Meilen (140 km) im PAS-Modus (Pedalunterst\u00fctzung) der Klasse 1<\/li>\n<li><strong>Motor:\u00a0<\/strong>48 V Spitze 1500 W (Nennleistung 1000 W) B\u00fcrstenloser Hinterradnabenmotor 80 N.m<\/li>\n<li><strong>Batterie:\u00a0<\/strong>48-V-25-Ah-Batterie (Lithium-18650-Zellen)<\/li>\n<li><strong>Energie:\u00a0<\/strong>1200 Wh<\/li>\n<li><strong>Vorderradaufh\u00e4ngung:\u00a0<\/strong>20\u2033 Schultersto\u00dfd\u00e4mpfung, 80 mm Federweg<\/li>\n<li><strong>Bremsen:\u00a0<\/strong>Doppelkolben-\u00d6lbremse, ausgestattet mit 180 mm Edelstahl-Bremsscheibe<\/li>\n<li><strong>Reifen:\u00a0<\/strong>Offroad-Reifen 20\u2033 * 5,0\u2033 IA-2149 mit AV+Belag<\/li>\n<li><strong>Gaspedal:\u00a0<\/strong>Drehgasgriff<\/li>\n<\/ul>\n<ul>\n<li><strong>Ladeger\u00e4t:\u00a0<\/strong>48V3A Ladeger\u00e4t<\/li>\n<li><strong>Ladezeit:\u00a0<\/strong>3,5-8,0 Stunden<\/li>\n<li><strong>Anzeige:\u00a0<\/strong>Leicht lesbares LCD-Display<\/li>\n<li><strong>Regler:\u00a0<\/strong>48 V, 28 A<\/li>\n<li><strong>Frontlicht:\u00a0<\/strong>Klassischer Angel Eye-Scheinwerfer, 120 LUX<\/li>\n<li><strong>R\u00fccklicht:\u00a0<\/strong>LED<\/li>\n<li><strong>Tretunterst\u00fctzung:\u00a0<\/strong>5 Stufen<\/li>\n<li><strong>Sensoren:\u00a0<\/strong>Geschwindigkeitssensor<\/li>\n<\/ul>\n<ul>\n<li><strong>Rahmen:\u00a0<\/strong>Hydrogeformte, dreifach konifizierte 6061-T6-Aluminiumlegierung<\/li>\n<li><strong>Pedal:\u00a0<\/strong>Pedal aus Aluminiumlegierung, mit Reflektorlicht, Achse 9\/16 x2<\/li>\n<li><strong>Kurbel:\u00a0<\/strong>1\/2 \u201e*3\/32\u2033*46T 7-Gang ED Zahnplatte<\/li>\n<li><strong>Schaltwerk:\u00a0<\/strong>Shimano 7-Gang<\/li>\n<li><strong>Kette:\u00a0<\/strong>7-Gang, rostfrei, 1\/2\u2033 x 3\/32\u2033<\/li>\n<li><strong>Lenker:\u00a0<\/strong>Sandschwarz 31,8*660<\/li>\n<\/ul>\n<ul>\n<li><strong>Geeignete H\u00f6he:\u00a0<\/strong>5&#039;1\u2033 \u2013 6&#039;5\u2033 165-195cm<\/li>\n<li><strong>Sitzh\u00f6he:\u00a0<\/strong>33,4\u2033 (85 cm)<\/li>\n<li><strong>Fahrradgr\u00f6\u00dfe:\u00a0<\/strong>45,3\u2033 (115 cm)<\/li>\n<li><strong>Radstand:\u00a0<\/strong>45,3\u2033 (115 cm)<\/li>\n<li><strong>Lenkerbreite:\u00a0<\/strong>26,4\u2033 (67 cm)<\/li>\n<li><strong>Fahrradgewicht:\u00a0<\/strong>\u226588 Pfund (mit Batterie) (\u226540 kg)<\/li>\n<li><strong>Maximale Belastung:\u00a0<\/strong>150 kg (330 Pfund)<\/li>\n<li><strong>Sichere Belastung:\u00a0<\/strong>120 kg (265 Pfund)<\/li>\n<li><strong>Gesamtgr\u00f6\u00dfe:\u00a0<\/strong>70,9\u2033 * 26,4\u2033 * 45,3\u2033 (180*67*115cm)<\/li>\n<li><strong>Packungsgr\u00f6\u00dfe:\u00a0<\/strong>59,4\u2033 * 14,2\u2033 * 35,4\u2033 (151*36*90cm)<\/li>\n<\/ul>\n<div class=\"image-with-text__text large-text\">\n<div class=\"image-with-text__text large-text\">\n<div class=\"image-with-text__text large-text\">\n<h3><strong>Coswheel CT20: Kraft, Pr\u00e4zision und Leistung<\/strong><\/h3>\n<p>Der <strong>Coswheel CT20<\/strong> ist ein fortschrittliches Elektrofahrrad f\u00fcr alle, die Abenteuer und Effizienz suchen. Ausgestattet mit einem leistungsstarken Motor, einer robusten Bauweise und hochmodernen Funktionen ist dieses Fahrrad ideal f\u00fcr den Weg zur Arbeit, Gel\u00e4ndefahrten und alles dazwischen.<\/p>\n<hr \/>\n<h4><strong>Hauptmerkmale<\/strong><\/h4>\n<ul>\n<li><strong>Hochgeschwindigkeitsmotor<\/strong><br \/>\nAngetrieben durch eine <strong>48 V Spitzenleistung, 1500 W, b\u00fcrstenloser Hinterradnabenmotor<\/strong> (Nennleistung 1000W), die <strong>Coswheel CT20<\/strong> liefert ein au\u00dfergew\u00f6hnliches Drehmoment von <strong>80 Nm<\/strong> und erreicht Geschwindigkeiten bis zu <strong>45 km\/h<\/strong>.<\/li>\n<li><strong>Erweiterte Reichweite<\/strong><br \/>\nDer <strong>48V 25Ah Lithiumbatterie<\/strong> bietet eine beeindruckende Auswahl an <strong>50+ Meilen (80 km)<\/strong> im Gasbetrieb und bis zu <strong>87 Meilen (140 km)<\/strong> mit Tretunterst\u00fctzung. Mit <strong>1200Wh Energiekapazit\u00e4t<\/strong>, k\u00f6nnen Sie ohne Unterbrechung weiter fahren.<\/li>\n<li><strong>Offroad-Reifen<\/strong><br \/>\nMit <strong>20\u2033 x 5,0\u2033 Offroad-Reifen (IA-2149 mit AV+-Belag)<\/strong>Dieses E-Bike bietet hervorragende Traktion und Haltbarkeit auf jedem Gel\u00e4nde, einschlie\u00dflich Sand-, Schnee-, Schotter- und Feldwegen.<\/li>\n<li><strong>Fortschrittliches Bremssystem<\/strong><br \/>\nausgestattet mit <strong>Doppelkolben-\u00d6lbremsen<\/strong> Und <strong>180 mm Edelstahlbremsscheiben<\/strong>, Die <strong>Coswheel CT20<\/strong> sorgt f\u00fcr zuverl\u00e4ssige und pr\u00e4zise Bremskraft unter allen Bedingungen.<\/li>\n<li><strong>Premium-Fahrwerk<\/strong><br \/>\nDer <strong>20\u2033 schultersto\u00dfd\u00e4mpfende Vorderradaufh\u00e4ngung<\/strong> mit <strong>80 mm Federweg<\/strong> sorgt f\u00fcr eine ruhige und komfortable Fahrt, auch auf unebenem Gel\u00e4nde.<\/li>\n<li><strong>Intuitive Steuerung<\/strong><br \/>\nDer <strong>gut lesbares LCD-Display<\/strong> liefert alle wichtigen Informationen, einschlie\u00dflich Geschwindigkeit, Batteriestatus und Tretunterst\u00fctzungsstufen, sodass Sie w\u00e4hrend der Fahrt die Kontrolle behalten.<\/li>\n<li><strong>Shimano 7-Gang-Antrieb<\/strong><br \/>\nDer <strong>Shimano 7-Gang-Schaltwerk<\/strong> bietet sanftes und zuverl\u00e4ssiges Schalten und passt sich m\u00fchelos an unterschiedliches Gel\u00e4nde und Steigungen an.<\/li>\n<li><strong>Gebaut f\u00fcr Komfort und St\u00e4rke<\/strong><br \/>\nKonstruiert mit einem <strong>hydrogeformter, dreifach konifizierter Rahmen aus 6061-T6-Aluminiumlegierung<\/strong>, Die <strong>Coswheel CT20<\/strong> ist leicht, robust und langlebig. Es bietet Platz f\u00fcr Fahrer von <strong>5&#039;1\u2033 bis 6&#039;5\u2033 (165-195 cm)<\/strong> und unterst\u00fctzt eine maximale Belastung von <strong>150 kg<\/strong>.<\/li>\n<\/ul>\n<hr \/>\n<h4><strong>Technische Spezifikationen<\/strong><\/h4>\n<ul>\n<li><strong>Motor<\/strong>: 48 V Spitzenleistung, 1500 W, b\u00fcrstenloser Hinterradnabenmotor (Nennleistung 1000 W)<\/li>\n<li><strong>Batterie<\/strong>: 48 V 25 Ah (1200 Wh) Lithium 18650 Zellen<\/li>\n<li><strong>Reichweite<\/strong>: 50+ Meilen (80 km) nur mit Gas; 87 Meilen (140 km) mit Tretunterst\u00fctzung<\/li>\n<li><strong>H\u00f6chstgeschwindigkeit<\/strong>: 45 km\/h<\/li>\n<li><strong>Bremsen<\/strong>: Doppelkolben-\u00d6lbremsen, 180 mm Edelstahlscheiben<\/li>\n<li><strong>Reifen<\/strong>: 20\u2033 x 5,0\u2033 Offroad IA-2149 mit AV+-Futter<\/li>\n<li><strong>Vorderradaufh\u00e4ngung<\/strong>: Schultersto\u00dfd\u00e4mpfung, 80 mm Federweg<\/li>\n<li><strong>Rahmen<\/strong>: Hydrogeformte, dreifach konifizierte 6061-T6 Aluminiumlegierung<\/li>\n<li><strong>Anzeige<\/strong>: Leicht lesbares LCD<\/li>\n<li><strong>Tretunterst\u00fctzung<\/strong>: 5 Stufen mit Geschwindigkeitssensor<\/li>\n<li><strong>Antrieb<\/strong>: Shimano 7-Gang<\/li>\n<li><strong>Ladezeit<\/strong>: 3,5\u20138 Stunden mit einem 48V 3A Ladeger\u00e4t<\/li>\n<li><strong>Ma\u00dfe<\/strong>:\n<ul>\n<li>Gesamtgr\u00f6\u00dfe: 180 x 67 x 115 cm (70,9\u2033 x 26,4\u2033 x 45,3\u2033)<\/li>\n<li>Verpackungsgr\u00f6\u00dfe: 151 x 36 x 90 cm (59,4\u2033 x 14,2\u2033 x 35,4\u2033)<\/li>\n<li>Sitzh\u00f6he: 85 cm (33,4\u2033)<\/li>\n<li>Lenkerbreite: 67 cm (26,4\u2033)<\/li>\n<li>Radstand: 115 cm (45,3\u2033)<\/li>\n<\/ul>\n<\/li>\n<li><strong>Gewicht<\/strong>: \u226540 kg (88+ lbs mit Batterie)<\/li>\n<li><strong>Maximale Belastung<\/strong>: 150 kg (330 Pfund)<\/li>\n<li><strong>Sichere Last<\/strong>: 120 kg (265 Pfund)<\/li>\n<li><strong>Geeignete H\u00f6he<\/strong>: 165\u2013195 cm (5&#039;1\u2033\u20136&#039;5\u2033)<\/li>\n<\/ul>\n<hr \/>\n<h4><strong>Wichtiges Zubeh\u00f6r<\/strong><\/h4>\n<ul>\n<li><strong>Beleuchtung<\/strong>:\n<ul>\n<li><strong>Front<\/strong>: Klassischer Angel-Eye-Scheinwerfer mit 120 LUX Helligkeit<\/li>\n<li><strong>Hinteren<\/strong>: LED-R\u00fccklicht f\u00fcr bessere Sichtbarkeit<\/li>\n<\/ul>\n<\/li>\n<li><strong>Pedale und Kurbel<\/strong>:\n<ul>\n<li>Pedale aus Aluminiumlegierung mit reflektierenden Lichtern<\/li>\n<li>7-Gang-ED-Zahnplattenkurbel (1\/2\u2033 * 3\/32\u2033 * 46T)<\/li>\n<\/ul>\n<\/li>\n<li><strong>Kette<\/strong>: 7-Gang-Rostschutzdesign<\/li>\n<\/ul>\n<hr \/>\n<h3><strong>Coswheel CT20: Definieren Sie Ihre Fahrt neu<\/strong><\/h3>\n<p>Ob Sie auf der Suche nach Geschwindigkeit, Komfort oder Haltbarkeit sind, die <strong>Coswheel CT20<\/strong> hat alles. Sein leistungsstarker Motor, die langlebige Batterie und die High-End-Komponenten machen es zur perfekten Wahl f\u00fcr den Stadtverkehr, Offroad-Abenteuer und alles dazwischen.<\/p>\n<p><strong>Erleben Sie die ultimative Fahrt mit dem Coswheel CT20 \u2013 Ihrem Ticket zu Freiheit und Abenteuer.<\/strong><\/p>\n<\/div>\n<\/div>\n<\/div>","protected":false},"excerpt":{"rendered":"<p>Coswheel CT20, 48 V, 1000 W, 25 Ah Akku<\/p>\n<p>\u2013 Kostenlose Lieferung innerhalb von 3-7 Tagen<br \/>\n\u2013 Garantie \u2013 12 Monate.<br \/>\n\u2013 Gro\u00dfer 25Ah Akku<br \/>\n\u2013 Maximale Belastung bis zu 200 kg.<br \/>\n\u2013 Verf\u00fcgt \u00fcber europ\u00e4ische CE-, EN15194- und amerikanische UL2849-Zertifikate<\/p>\n<p><a href=\"https:\/\/ridstar.eu\/wp-content\/uploads\/2024\/04\/ATS230823057L.pdf\">ATS230823057L<\/a><br \/>\n<a href=\"https:\/\/ridstar.eu\/wp-content\/uploads\/2024\/04\/ATS230823057LR-EN15194-\u7535\u52a8\u81ea\u884c\u8f66.pdf\">ATS230823057LR-EN15194-\u7535\u52a8\u81ea\u884c\u8f66<\/a><\/p>","protected":false},"featured_media":290227,"comment_status":"open","ping_status":"closed","template":"","meta":[],"product_brand":[],"product_cat":[212],"product_tag":[],"class_list":{"0":"post-290206","1":"product","2":"type-product","3":"status-publish","4":"has-post-thumbnail","6":"product_cat-electric-bikes","8":"first","9":"instock","10":"sale","11":"shipping-taxable","12":"purchasable","13":"product-type-simple"},"_links":{"self":[{"href":"https:\/\/ridstar.eu\/de\/wp-json\/wp\/v2\/product\/290206","targetHints":{"allow":["GET"]}}],"collection":[{"href":"https:\/\/ridstar.eu\/de\/wp-json\/wp\/v2\/product"}],"about":[{"href":"https:\/\/ridstar.eu\/de\/wp-json\/wp\/v2\/types\/product"}],"replies":[{"embeddable":true,"href":"https:\/\/ridstar.eu\/de\/wp-json\/wp\/v2\/comments?post=290206"}],"wp:featuredmedia":[{"embeddable":true,"href":"https:\/\/ridstar.eu\/de\/wp-json\/wp\/v2\/media\/290227"}],"wp:attachment":[{"href":"https:\/\/ridstar.eu\/de\/wp-json\/wp\/v2\/media?parent=290206"}],"wp:term":[{"taxonomy":"product_brand","embeddable":true,"href":"https:\/\/ridstar.eu\/de\/wp-json\/wp\/v2\/product_brand?post=290206"},{"taxonomy":"product_cat","embeddable":true,"href":"https:\/\/ridstar.eu\/de\/wp-json\/wp\/v2\/product_cat?post=290206"},{"taxonomy":"product_tag","embeddable":true,"href":"https:\/\/ridstar.eu\/de\/wp-json\/wp\/v2\/product_tag?post=290206"}],"curies":[{"name":"wp","href":"https:\/\/api.w.org\/{rel}","templated":true}]}}