{"id":290138,"date":"2024-03-23T12:28:56","date_gmt":"2024-03-23T10:28:56","guid":{"rendered":"https:\/\/ridstar.eu\/?post_type=product&#038;p=290138"},"modified":"2026-05-14T11:42:14","modified_gmt":"2026-05-14T08:42:14","slug":"elektrofahrrad-ridstar-q20-mini-1000-w-48-v-15-ah-20-x-40-dicke-reifen","status":"publish","type":"product","link":"https:\/\/ridstar.eu\/de\/product\/electric-bicycle-ridstar-q20-mini-1000w-48v-15ah-20x4-0-fat-tires\/","title":{"rendered":"Elektrofahrrad Ridstar Q20 MINI, 1000W, 48V, 15AH, 20\u00d74.0 Fatreifen"},"content":{"rendered":"<div class=\"J_module\">\n<div class=\"magic-7\" id=\"ali-anchor-AliMagic-lrdmd7\" data-section=\"AliMagic-lrdmd7\" data-section-title=\"Specification\" data-spm-anchor-id=\"a2700.details.0.i81.7c1b29b4rMLNkO\">Entdecken Sie das RIDSTAR Q20 MINI, ein preisg\u00fcnstiges E-Bike mit leistungsstarkem 1000-W-Motor und 48-V-15-Ah-Akku. Es schafft bis zu 50 km im Elektromodus und 80 km mit Tretunterst\u00fctzung. Ausgestattet mit 20 x 4,0 Zoll gro\u00dfen All-Terrain-Fat-Reifen, Scheibenbremsen und Vorder-\/Hinterradfederung sorgt es f\u00fcr eine ruhige und sichere Fahrt auf jedem Untergrund. Das LCD-Display bietet Echtzeitdaten und verschiedene Fahrmodi, w\u00e4hrend die Shimano 7-Gang-Schaltung, der herausnehmbare Akku und die Tragkraft von 150 kg f\u00fcr zus\u00e4tzliche Vielseitigkeit sorgen. Das RIDSTAR Q20 MINI ist perfekt f\u00fcr den Stadtverkehr oder Offroad-Abenteuer und vereint Leistung und Preis. Jetzt auf ridstar.eu shoppen!<\/p>\n<\/div>\n<\/div>\n<div class=\"J_module\">\n<div class=\"ife-detail-decorate-table\">Der <strong>RIDSTAR Q20 MINI<\/strong> ist eine vereinfachte, erschwingliche Version des Ridstar Q20, des beliebtesten und popul\u00e4rsten Fahrrads der Welt.<\/p>\n<p>Es verf\u00fcgt \u00fcber alle \u00fcblichen Funktionen des Q20: 1000-W-Motor, Universalreifen, Scheibenbremsen, Sto\u00dfd\u00e4mpfer, der einzige Unterschied ist die Batteriekapazit\u00e4t \u2013 15 Ah statt der \u00fcblichen 20 Ah.<\/p>\n<p><img loading=\"lazy\" decoding=\"async\" class=\"alignnone size-full wp-image-291361\" src=\"https:\/\/ridstar.eu\/wp-content\/uploads\/2024\/03\/q20mini-6.avif\" alt=\"\" width=\"1000\" height=\"1964\"><\/p>\n<p><img loading=\"lazy\" decoding=\"async\" class=\"alignnone size-full wp-image-291362\" src=\"https:\/\/ridstar.eu\/wp-content\/uploads\/2024\/03\/q20mini-2.webp\" alt=\"q20mini\" width=\"1000\" height=\"1000\"><\/div>\n<\/div>","protected":false},"excerpt":{"rendered":"<p><strong>YVY C20Lite wird versendet.<\/strong><\/p>\n<p>Kostenlose Lieferung innerhalb von 3-7 Tagen<\/p>\n<p>Geeignet f\u00fcr Personen mit einer K\u00f6rpergr\u00f6\u00dfe von 158\u2013195 cm.<\/p>\n<p>Garantie 12 Monate<\/p>\n<p>Zum Reiten das ganze Jahr \u00fcber geeignet!<\/p>","protected":false},"featured_media":290140,"comment_status":"open","ping_status":"closed","template":"","meta":[],"product_brand":[478],"product_cat":[212],"product_tag":[],"class_list":{"0":"post-290138","1":"product","2":"type-product","3":"status-publish","4":"has-post-thumbnail","6":"product_brand-ridstar","7":"product_cat-electric-bikes","9":"first","10":"instock","11":"shipping-taxable","12":"purchasable","13":"product-type-simple"},"_links":{"self":[{"href":"https:\/\/ridstar.eu\/de\/wp-json\/wp\/v2\/product\/290138","targetHints":{"allow":["GET"]}}],"collection":[{"href":"https:\/\/ridstar.eu\/de\/wp-json\/wp\/v2\/product"}],"about":[{"href":"https:\/\/ridstar.eu\/de\/wp-json\/wp\/v2\/types\/product"}],"replies":[{"embeddable":true,"href":"https:\/\/ridstar.eu\/de\/wp-json\/wp\/v2\/comments?post=290138"}],"wp:featuredmedia":[{"embeddable":true,"href":"https:\/\/ridstar.eu\/de\/wp-json\/wp\/v2\/media\/290140"}],"wp:attachment":[{"href":"https:\/\/ridstar.eu\/de\/wp-json\/wp\/v2\/media?parent=290138"}],"wp:term":[{"taxonomy":"product_brand","embeddable":true,"href":"https:\/\/ridstar.eu\/de\/wp-json\/wp\/v2\/product_brand?post=290138"},{"taxonomy":"product_cat","embeddable":true,"href":"https:\/\/ridstar.eu\/de\/wp-json\/wp\/v2\/product_cat?post=290138"},{"taxonomy":"product_tag","embeddable":true,"href":"https:\/\/ridstar.eu\/de\/wp-json\/wp\/v2\/product_tag?post=290138"}],"curies":[{"name":"wp","href":"https:\/\/api.w.org\/{rel}","templated":true}]}}