{"id":25406,"date":"2024-01-19T14:27:46","date_gmt":"2024-01-19T12:27:46","guid":{"rendered":"https:\/\/ridstar.eu\/?post_type=product&#038;p=25406"},"modified":"2025-04-29T08:06:28","modified_gmt":"2025-04-29T06:06:28","slug":"elektrofahrrad-ekx-x21-2000w-48v-35ah-20-fettreifen-mountainbike-e-bike","status":"publish","type":"product","link":"https:\/\/ridstar.eu\/de\/product\/electric-bike-ekx-x21-2000w-48v-35ah-20-fat-tire-mountain-bicycle-e-bike\/","title":{"rendered":"Elektrofahrrad EKX X21, 2000W, 48V, 35Ah, 20&quot; Fat Tire Mountainbike E-Bike"},"content":{"rendered":"<h3><strong>Elektrofahrrad EKX X21<\/strong><\/h3>\n<h4><strong>Leistungsstark, leicht und auf Leistung ausgelegt<\/strong><\/h4>\n<p>Der <strong>EKX X21<\/strong> Das Elektrofahrrad bietet eine Kombination aus Hochgeschwindigkeitsf\u00e4higkeit, Ausdauer und vielseitigen Fahrmodi. Dieses E-Bike verf\u00fcgt \u00fcber einen langlebigen Aluminiumrahmen und einen robusten Motor und eignet sich perfekt sowohl f\u00fcr den Stadtverkehr als auch f\u00fcr Erkundungen im Freien.<\/p>\n<hr \/>\n<h3><strong>Hauptmerkmale<\/strong><\/h3>\n<ul>\n<li><strong>Hochleistungsmotor<\/strong><br \/>\nDer <strong>48 V 2000 W b\u00fcrstenloser Gleichstrom-Hochgeschwindigkeitsmotor<\/strong> bietet beeindruckende Beschleunigung und eine H\u00f6chstgeschwindigkeit von bis zu <strong>55 km\/h<\/strong>, was es zu einem der schnellsten seiner Kategorie macht.<\/li>\n<li><strong>Batterie mit gro\u00dfer Reichweite<\/strong><br \/>\nMit einem <strong>48V 35Ah Lithiumbatterie<\/strong>bietet der EKX X21 eine beeindruckende Auswahl an <strong>120-150 km<\/strong>, je nach verwendetem Modus. Vollst\u00e4ndig aufgeladen in <strong>4-6 Stunden<\/strong>, wodurch es ideal f\u00fcr den t\u00e4glichen Gebrauch ist.<\/li>\n<li><strong>Vielseitige Fahrmodi<\/strong><br \/>\nW\u00e4hlen Sie zwischen <strong>rein elektrisch, mit Elektrounterst\u00fctzung oder per Pedal<\/strong> Passen Sie die Modi Ihren Fahranforderungen an und sparen Sie bei Bedarf Batterielebensdauer.<\/li>\n<li><strong>Robuster Aluminiumrahmen<\/strong><br \/>\nDas Leichtgewicht <strong>Aluminiumrahmen<\/strong> sorgt f\u00fcr Haltbarkeit ohne Beeintr\u00e4chtigung der Tragbarkeit.<\/li>\n<li><strong>Hydraulische Vordergabel und Bremsen<\/strong><br \/>\nDas Fahrrad verf\u00fcgt \u00fcber eine <strong>hydraulische Vordergabel<\/strong> f\u00fcr sanfte Fahrten auf unebenem Gel\u00e4nde und <strong>hydraulische Bremsen vorn und hinten<\/strong> f\u00fcr zuverl\u00e4ssige Bremskraft unter allen Bedingungen.<\/li>\n<li><strong>Komfortables Design<\/strong><br \/>\nEntwickelt f\u00fcr Fahrer <strong>165-195 cm gro\u00df<\/strong>sorgt der EKX X21 f\u00fcr ein komfortables und ergonomisches Fahrerlebnis.<\/li>\n<\/ul>\n<hr \/>\n<h3><strong>Technische Daten<\/strong><\/h3>\n<h4><strong>Leistung<\/strong><\/h4>\n<ul>\n<li><strong>H\u00f6chstgeschwindigkeit<\/strong>: \u226455 km\/h<\/li>\n<li><strong>Reichweite<\/strong>: 120-150 km<\/li>\n<li><strong>Maximaler Anstieg<\/strong>: &lt;35\u00b0<\/li>\n<\/ul>\n<h4><strong>Motor und Batterie<\/strong><\/h4>\n<ul>\n<li><strong>Motorleistung<\/strong>: 48 V 2000 W b\u00fcrstenloser Gleichstrommotor<\/li>\n<li><strong>Akku-Typ<\/strong>: 48V 35Ah Lithiumbatterie<\/li>\n<li><strong>Ladezeit<\/strong>: 4-6 Stunden<\/li>\n<li><strong>Unterspannungsschutz<\/strong>: 39 V<\/li>\n<li><strong>\u00dcberstromschutz<\/strong>: 28A<\/li>\n<\/ul>\n<h4><strong>Aufbau und Design<\/strong><\/h4>\n<ul>\n<li><strong>Rahmenmaterial<\/strong>: Aluminium<\/li>\n<li><strong>Reifengr\u00f6\u00dfe<\/strong>: 20\u00d740 (CHAOYANG)<\/li>\n<li><strong>Erweiterte Gr\u00f6\u00dfe<\/strong>: 174\u00d797\u00d765 cm<\/li>\n<li><strong>Gewicht<\/strong>:\n<ul>\n<li><strong>Fahrrad<\/strong>: 36 kg<\/li>\n<li><strong>Batterie<\/strong>: 7,5-8 kg<\/li>\n<\/ul>\n<\/li>\n<\/ul>\n<h4><strong>Andere Eigenschaften<\/strong><\/h4>\n<ul>\n<li><strong>Bremsen<\/strong>: Hydraulisch (vorne und hinten)<\/li>\n<li><strong>Vorderradgabel<\/strong>: Hydraulische Federung<\/li>\n<li><strong>Anzeige<\/strong>Anzeige: LCD<\/li>\n<li><strong>Tragf\u00e4higkeit<\/strong>: \u2264150 kg<\/li>\n<\/ul>\n<hr \/>\n<h3><strong>Im Leistungsumfang enthalten<\/strong><\/h3>\n<ul>\n<li><strong>Elektrofahrrad<\/strong> \u00d7 1<\/li>\n<li><strong>Batterie<\/strong> \u00d7 1<\/li>\n<li><strong>Ladeger\u00e4t<\/strong> \u00d7 1<\/li>\n<\/ul>\n<hr \/>\n<h3><strong>Warum sollten Sie sich f\u00fcr den EKX X21 entscheiden?<\/strong><\/h3>\n<p>Der <strong>EKX X21<\/strong> kombiniert Geschwindigkeit, Reichweite und Komfort in einem schlanken, leichten Design. Mit seinem leistungsstarken Motor, der langlebigen Batterie und der robusten Konstruktion ist es perfekt f\u00fcr Fahrer, die ein leistungsstarkes E-Bike sowohl f\u00fcr den t\u00e4glichen Weg zur Arbeit als auch f\u00fcr abenteuerliche Fahrten suchen.<\/p>\n<p><strong>Verbessern Sie Ihr Radfahrerlebnis mit dem EKX X21 \u2013 hier trifft Innovation auf Leistung.<\/strong><\/p>\n<p><img loading=\"lazy\" decoding=\"async\" class=\"alignnone size-full wp-image-291406\" src=\"https:\/\/ridstar.eu\/wp-content\/uploads\/2024\/01\/X21-2.avif\" alt=\"EKX X21\" width=\"1000\" height=\"1204\" \/> <img loading=\"lazy\" decoding=\"async\" class=\"alignnone size-full wp-image-291408\" src=\"https:\/\/ridstar.eu\/wp-content\/uploads\/2024\/01\/X21-3.avif\" alt=\"EKX X21\" width=\"1000\" height=\"798\" \/> <img loading=\"lazy\" decoding=\"async\" class=\"alignnone size-full wp-image-291409\" src=\"https:\/\/ridstar.eu\/wp-content\/uploads\/2024\/01\/X21-4.avif\" alt=\"EKX X21\" width=\"1000\" height=\"1936\" \/> <img loading=\"lazy\" decoding=\"async\" class=\"alignnone size-full wp-image-291410\" src=\"https:\/\/ridstar.eu\/wp-content\/uploads\/2024\/01\/X21-5.avif\" alt=\"EKX X21\" width=\"1000\" height=\"1355\" \/> <img loading=\"lazy\" decoding=\"async\" class=\"alignnone size-full wp-image-291411\" src=\"https:\/\/ridstar.eu\/wp-content\/uploads\/2024\/01\/X21-6.avif\" alt=\"EKX X21\" width=\"1000\" height=\"1382\" \/> <img loading=\"lazy\" decoding=\"async\" class=\"alignnone size-full wp-image-291412\" src=\"https:\/\/ridstar.eu\/wp-content\/uploads\/2024\/01\/X21-7.avif\" alt=\"EKX X21\" width=\"1000\" height=\"1650\" \/> <img loading=\"lazy\" decoding=\"async\" class=\"alignnone size-full wp-image-291413\" src=\"https:\/\/ridstar.eu\/wp-content\/uploads\/2024\/01\/X21-8.avif\" alt=\"EKX X21\" width=\"1000\" height=\"1861\" \/> <img loading=\"lazy\" decoding=\"async\" class=\"alignnone size-full wp-image-291414\" src=\"https:\/\/ridstar.eu\/wp-content\/uploads\/2024\/01\/X21-9.avif\" alt=\"EKX X21\" width=\"1000\" height=\"1930\" \/> <img loading=\"lazy\" decoding=\"async\" class=\"alignnone size-full wp-image-291415\" src=\"https:\/\/ridstar.eu\/wp-content\/uploads\/2024\/01\/X21-10.avif\" alt=\"EKX X21\" width=\"1000\" height=\"1299\" \/> <img loading=\"lazy\" decoding=\"async\" class=\"alignnone size-full wp-image-291416\" src=\"https:\/\/ridstar.eu\/wp-content\/uploads\/2024\/01\/X21-11.avif\" alt=\"EKX X21\" width=\"1000\" height=\"1191\" \/> <img loading=\"lazy\" decoding=\"async\" class=\"alignnone size-full wp-image-291417\" src=\"https:\/\/ridstar.eu\/wp-content\/uploads\/2024\/01\/X21-12.avif\" alt=\"EKX X21\" width=\"1000\" height=\"1226\" \/> <img loading=\"lazy\" decoding=\"async\" class=\"alignnone size-full wp-image-291418\" src=\"https:\/\/ridstar.eu\/wp-content\/uploads\/2024\/01\/X21.avif\" alt=\"EKX X21\" width=\"1800\" height=\"1200\" \/><\/p>","protected":false},"excerpt":{"rendered":"<p>EKX X21, EU-Lager<\/p>\n<p>X21-Dokumente:<\/p>\n<p><a href=\"https:\/\/ridstar.eu\/wp-content\/uploads\/2024\/01\/94E5A887E88CBD20X21E6A591E6A3BCE4B6.pdf\">94E5A887E88CBD20X21E6A591E6A3BCE4B6<\/a><br \/>\n<a href=\"https:\/\/ridstar.eu\/wp-content\/uploads\/2024\/01\/94E5A887E88CBD20X2120AFE4A6ADE58FBBB6.pdf\">94E5A887E88CBD20X2120AFE4A6ADE58FBB<\/a><br \/>\n<a href=\"https:\/\/ridstar.eu\/wp-content\/uploads\/2024\/01\/012015194E881B9A6.pdf\">012015194E881B9<\/a><br \/>\n<a href=\"https:\/\/ridstar.eu\/wp-content\/uploads\/2024\/01\/X21-UL2849ADE58FBBB6.pdf\">X21-UL2849ADE58FBB<\/a><\/p>\n<p>Werksgarantie \u2013 12 Monate.<br \/>\nErsatzteile und voller Support direkt vom Hersteller.<\/p>\n<table class=\"NormalTable\">\n<tbody>\n<tr>\n<td width=\"136\"><span class=\"fontstyle0\">Maximalgeschwindigkeit<\/span><\/td>\n<td width=\"400\"><span class=\"fontstyle2\">55KM\/H<\/span><\/td>\n<\/tr>\n<tr>\n<td width=\"136\"><span class=\"fontstyle0\">Rein elektrische Kilometerleistung<\/span><\/td>\n<td width=\"133\"><span class=\"fontstyle0\">120-150 km<\/span><\/td>\n<\/tr>\n<\/tbody>\n<\/table>","protected":false},"featured_media":25407,"comment_status":"open","ping_status":"closed","template":"","meta":[],"product_brand":[],"product_cat":[212],"product_tag":[],"class_list":{"0":"post-25406","1":"product","2":"type-product","3":"status-publish","4":"has-post-thumbnail","6":"product_cat-electric-bikes","8":"first","9":"outofstock","10":"sale","11":"shipping-taxable","12":"purchasable","13":"product-type-simple"},"_links":{"self":[{"href":"https:\/\/ridstar.eu\/de\/wp-json\/wp\/v2\/product\/25406","targetHints":{"allow":["GET"]}}],"collection":[{"href":"https:\/\/ridstar.eu\/de\/wp-json\/wp\/v2\/product"}],"about":[{"href":"https:\/\/ridstar.eu\/de\/wp-json\/wp\/v2\/types\/product"}],"replies":[{"embeddable":true,"href":"https:\/\/ridstar.eu\/de\/wp-json\/wp\/v2\/comments?post=25406"}],"wp:featuredmedia":[{"embeddable":true,"href":"https:\/\/ridstar.eu\/de\/wp-json\/wp\/v2\/media\/25407"}],"wp:attachment":[{"href":"https:\/\/ridstar.eu\/de\/wp-json\/wp\/v2\/media?parent=25406"}],"wp:term":[{"taxonomy":"product_brand","embeddable":true,"href":"https:\/\/ridstar.eu\/de\/wp-json\/wp\/v2\/product_brand?post=25406"},{"taxonomy":"product_cat","embeddable":true,"href":"https:\/\/ridstar.eu\/de\/wp-json\/wp\/v2\/product_cat?post=25406"},{"taxonomy":"product_tag","embeddable":true,"href":"https:\/\/ridstar.eu\/de\/wp-json\/wp\/v2\/product_tag?post=25406"}],"curies":[{"name":"wp","href":"https:\/\/api.w.org\/{rel}","templated":true}]}}