{"id":25397,"date":"2024-01-18T14:52:51","date_gmt":"2024-01-18T12:52:51","guid":{"rendered":"https:\/\/ridstar.eu\/?post_type=product&#038;p=25397"},"modified":"2025-05-10T08:53:18","modified_gmt":"2025-05-10T06:53:18","slug":"faltbares-elektrofahrrad-ridstar-mn-20-1000-w-48-v-20-ah-batterie","status":"publish","type":"product","link":"https:\/\/ridstar.eu\/de\/product\/faltbares-elektrofahrrad-ridstar-mn-20-1000-w-48-v-20-ah-batterie\/","title":{"rendered":"Faltbares Elektrofahrrad Ridstar MN-20, 1000W, 48V, 20Ah Akku"},"content":{"rendered":"<h3><strong>Ridstar MN-20 Commuter Elektrofahrrad \u2013 Genie\u00dfen Sie Ihre Fahrt!<\/strong><\/h3>\n<p>Der <strong>Ridstar MN-20<\/strong> ist ein stylisches und vielseitiges E-Bike, das speziell f\u00fcr Frauen entwickelt wurde, die Komfort, Leistung und Funktionalit\u00e4t f\u00fcr den t\u00e4glichen Weg zur Arbeit und Wochenendabenteuer kombinieren m\u00f6chten. Ob Sie durch die Stra\u00dfen der Stadt navigieren oder Trails erkunden, das MN-20 bietet die perfekte Balance aus Leistung und Stil.<\/p>\n<hr>\n<h3><strong>Hauptmerkmale<\/strong><\/h3>\n<h4><strong>Leistungsstarker 1000-W-Motor<\/strong><\/h4>\n<p>Der <strong>Ridstar MN-20<\/strong> wird angetrieben durch eine <strong>1000 W Hochgeschwindigkeitsmotor<\/strong>, sorgt f\u00fcr sanfte Beschleunigung und m\u00fcheloses Fahren. Mit einem <strong>H\u00f6chstgeschwindigkeit von 48 km\/h<\/strong>erobern Sie Stadtstra\u00dfen oder h\u00fcgelige Trails mit Leichtigkeit.<\/p>\n<h4><strong>Zuverl\u00e4ssiger Akku f\u00fcr lange Fahrten<\/strong><\/h4>\n<p>Ausgestattet mit einem <strong>48V 20Ah Lithiumbatterie<\/strong>bietet dieses E-Bike eine beeindruckende Reichweite:<\/p>\n<ul>\n<li><strong>45 km im reinen Elektromodus<\/strong><\/li>\n<li><strong>Bis zu 80 km mit Tretunterst\u00fctzung<\/strong><\/li>\n<\/ul>\n<p>Der Akku l\u00e4dt sich in nur <strong>4-6 Stunden<\/strong>, damit Sie immer f\u00fcr Ihr n\u00e4chstes Abenteuer bereit sind.<\/p>\n<h4><strong>Kompaktes und robustes Design<\/strong><\/h4>\n<p>Mit <strong>20-Zoll-R\u00e4der<\/strong>, der MN-20 ist kompakt genug f\u00fcr den Stadtverkehr und dennoch robust genug f\u00fcr den Einsatz im Gel\u00e4nde. Der <strong>Rahmen aus Aluminiumlegierung<\/strong> ist robust und leicht und tr\u00e4gt eine maximale Belastung von <strong>150 kg<\/strong>.<\/p>\n<h4><strong>Verbesserte Brems- und Getriebeleistung<\/strong><\/h4>\n<p>Der <strong>mechanische Scheibenbremsen<\/strong> bieten zuverl\u00e4ssige Bremskraft unter allen Bedingungen, w\u00e4hrend die <strong>Shimano 7-Gang-Getriebesystem<\/strong> bietet sanftes und pr\u00e4zises Schalten f\u00fcr eine komfortable Fahrt auf jedem Gel\u00e4nde.<\/p>\n<h4><strong>Vielseitigkeit f\u00fcr Stadt und Gel\u00e4nde<\/strong><\/h4>\n<p>Das Design des MN-20 ist ideal f\u00fcr den Stadtverkehr und das Gel\u00e4ndefahren. Die moderne Federung absorbiert St\u00f6\u00dfe von holprigen Stra\u00dfen oder steinigen Wegen und sorgt so \u00fcberall f\u00fcr eine ruhige und komfortable Fahrt.<\/p>\n<hr>\n<h3><strong>Technische Daten<\/strong><\/h3>\n<h4><strong>Leistung<\/strong><\/h4>\n<ul>\n<li><strong>Motor<\/strong>: 1000W Hochgeschwindigkeitsmotor<\/li>\n<li><strong>H\u00f6chstgeschwindigkeit<\/strong>: 48 km\/h<\/li>\n<li><strong>Reichweite<\/strong>:\n<ul>\n<li>Rein elektrischer Modus: 45 km<\/li>\n<li>Unterst\u00fctzungsmodus: Bis zu 80 km<\/li>\n<\/ul>\n<\/li>\n<\/ul>\n<h4><strong>Batterie<\/strong><\/h4>\n<ul>\n<li><strong>Kapazit\u00e4t<\/strong>: 48V 20Ah Lithiumbatterie<\/li>\n<li><strong>Ladezeit<\/strong>: 4-6 Stunden<\/li>\n<\/ul>\n<h4><strong>Aufbau und Design<\/strong><\/h4>\n<ul>\n<li><strong>Radgr\u00f6\u00dfe<\/strong>: 20 Zoll<\/li>\n<li><strong>Rahmen<\/strong>: Robuste Aluminiumlegierung<\/li>\n<li><strong>Maximale Belastung<\/strong>: 150 kg<\/li>\n<\/ul>\n<h4><strong>Bremsen und Schalten<\/strong><\/h4>\n<ul>\n<li><strong>Bremsen<\/strong>: Mechanische Scheibenbremsen<\/li>\n<li><strong>Getriebe<\/strong>: Shimano 7-Gang-Schaltung<\/li>\n<\/ul>\n<hr>\n<h3><strong>Warum sollten Sie sich f\u00fcr den Ridstar MN-20 entscheiden?<\/strong><\/h3>\n<ul>\n<li><strong>M\u00fcheloses Pendeln<\/strong>: Navigieren Sie schnell durch den Stadtverkehr und kommen Sie voller Energie an.<\/li>\n<li><strong>Bereit f\u00fcrs Gel\u00e4nde<\/strong>: Erkunden Sie Wanderwege und schroffe Pfade mit Zuversicht.<\/li>\n<li><strong>Komfort und Stil<\/strong>: Es wurde speziell f\u00fcr Frauen entworfen und verbindet Funktionalit\u00e4t mit Eleganz.<\/li>\n<li><strong>Lange Akkulaufzeit<\/strong>: Genie\u00dfen Sie ausgedehnte Fahrten, ohne sich Gedanken \u00fcber einen leeren Akku machen zu m\u00fcssen.<\/li>\n<\/ul>\n<hr>\n<h3><strong>Entfesseln Sie Ihr Abenteuer!<\/strong><\/h3>\n<p>Der <strong>Ridstar MN-20 Pendler-Elektrofahrrad f\u00fcr Damen<\/strong> ist Ihr ultimativer Begleiter f\u00fcr die t\u00e4gliche Fahrt zur Arbeit und Wochenendausfl\u00fcge. Verabschieden Sie sich vom frustrierenden Verkehr und begr\u00fc\u00dfen Sie die Freiheit des Radfahrens.<\/p>\n<p><strong>Holen Sie sich noch heute Ihren Ridstar MN-20 und erleben Sie die perfekte Mischung aus Leistung, Komfort und Stil!<\/strong><\/p>\n<p><img decoding=\"async\" class=\"alignnone size-full wp-image-25398\" src=\"https:\/\/ridstar.eu\/wp-content\/uploads\/2024\/01\/MN-20-2.jpg\" alt=\"MN-20\" width=\"1600\" height=\"1600\"><\/p>","protected":false},"excerpt":{"rendered":"<p>Verbesserte Batterie \u2013 jetzt 20 Ah!<\/p>\n<p>Zusammenklappbares Elektrofahrrad Ridstar MN-20. Mit R\u00fccksitz und Taschen.<\/p>\n<p>Kostenlose Lieferung innerhalb von 3-7 Werktagen.<\/p>\n<p>Keine zus\u00e4tzlichen Geb\u00fchren.<\/p>\n<p>Lieferung aus einem EU-Lager.<\/p>","protected":false},"featured_media":25400,"comment_status":"open","ping_status":"closed","template":"","meta":[],"product_brand":[],"product_cat":[212],"product_tag":[],"class_list":{"0":"post-25397","1":"product","2":"type-product","3":"status-publish","4":"has-post-thumbnail","6":"product_cat-electric-bikes","8":"first","9":"outofstock","10":"sale","11":"shipping-taxable","12":"purchasable","13":"product-type-simple"},"jetpack_sharing_enabled":true,"_links":{"self":[{"href":"https:\/\/ridstar.eu\/de\/wp-json\/wp\/v2\/product\/25397","targetHints":{"allow":["GET"]}}],"collection":[{"href":"https:\/\/ridstar.eu\/de\/wp-json\/wp\/v2\/product"}],"about":[{"href":"https:\/\/ridstar.eu\/de\/wp-json\/wp\/v2\/types\/product"}],"replies":[{"embeddable":true,"href":"https:\/\/ridstar.eu\/de\/wp-json\/wp\/v2\/comments?post=25397"}],"wp:featuredmedia":[{"embeddable":true,"href":"https:\/\/ridstar.eu\/de\/wp-json\/wp\/v2\/media\/25400"}],"wp:attachment":[{"href":"https:\/\/ridstar.eu\/de\/wp-json\/wp\/v2\/media?parent=25397"}],"wp:term":[{"taxonomy":"product_brand","embeddable":true,"href":"https:\/\/ridstar.eu\/de\/wp-json\/wp\/v2\/product_brand?post=25397"},{"taxonomy":"product_cat","embeddable":true,"href":"https:\/\/ridstar.eu\/de\/wp-json\/wp\/v2\/product_cat?post=25397"},{"taxonomy":"product_tag","embeddable":true,"href":"https:\/\/ridstar.eu\/de\/wp-json\/wp\/v2\/product_tag?post=25397"}],"curies":[{"name":"wp","href":"https:\/\/api.w.org\/{rel}","templated":true}]}}