{"id":25358,"date":"2023-12-16T12:50:08","date_gmt":"2023-12-16T10:50:08","guid":{"rendered":"https:\/\/ridstar.eu\/?post_type=product&#038;p=25358"},"modified":"2024-01-11T16:21:30","modified_gmt":"2024-01-11T14:21:30","slug":"elektrofahrrad-samebike-lo26-ii-48-v-750-w-80-km-reichweite-125-ah-lg-akku-faltbar","status":"publish","type":"product","link":"https:\/\/ridstar.eu\/de\/product\/elektrofahrrad-samebike-lo26-ii-48-v-750-w-80-km-reichweite-125-ah-lg-akku-faltbar\/","title":{"rendered":"Elektrofahrrad SAMEBIKE LO26-II, 48V, 750W, 80km Reichweite (12,5Ah LG Akku), faltbar"},"content":{"rendered":"<h2><strong>Wir stellen das Samebike LO26II vor<\/strong><\/h2>\n<p>Das ultimative Elektrofahrrad f\u00fcr den t\u00e4glichen Weg zur Arbeit oder f\u00fcr ein unterhaltsames Abenteuer. Mit seinem\u00a0<strong>leistungsstarker 750W Motor und 12,5Ah LG Akku,<\/strong>\u00a0Dieses Fahrrad bietet beeindruckende Leistung und eine\u00a0<strong>maximale Reichweite von 80km.<\/strong>\u00a0An\u00a0<strong>rein elektrischer Betrieb<\/strong>\u00a0Sie k\u00f6nnen reisen von\u00a0<strong>35 bis 40 km ohne Pedalbet\u00e4tigung.<\/strong><\/p>\n<p>Das SAMEBIKE LO26 II bietet eine\u00a0<strong>komfortable und ruhige Fahrt,<\/strong>\u00a0dank seiner\u00a0<strong>Vorder- und Hinterradfederungssystem, das St\u00f6\u00dfe und Schl\u00e4ge auf jedem Gel\u00e4nde absorbiert.<\/strong>\u00a0Der\u00a0<strong>Scheibenbremsen vorne und hinten<\/strong>\u00a0bieten zuverl\u00e4ssige Bremskraft und sorgen so f\u00fcr Ihre Sicherheit auf der Stra\u00dfe. Dar\u00fcber hinaus<strong>\u00a0aluminium legierung rahmen ist sowohl leicht und robust,<\/strong>\u00a0Dies erleichtert den Transport und die Lagerung, wenn es nicht verwendet wird.<\/p>\n<p>Es ist au\u00dferdem ausgestattet mit einem\u00a0<strong>Shimano 21-Gang-Schaltung<\/strong>\u00a0das sorgt f\u00fcr eine\u00a0<strong>sanftes und m\u00fcheloses Schalten<\/strong>\u00a0Erlebnis, sodass Sie Ihre Geschwindigkeit problemlos Ihren W\u00fcnschen und dem Gel\u00e4nde anpassen k\u00f6nnen.<\/p>\n<h2><strong>Spezifikationen:<\/strong><\/h2>\n<p><strong>Motorleistung:\u00a0<\/strong>750 W<br \/>\n<strong>Batteriekapazit\u00e4t:<\/strong>\u00a012,5 Ah, 48 V<br \/>\n<strong>Max. Geschwindigkeit:<\/strong>\u00a035km\/h<br \/>\n<strong>Reichweite:<\/strong>\u00a070\u201380 km (unterst\u00fctzter Power-Modus) | 35\u201340 km (rein elektrischer Modus)<\/p>\n<p><a href=\"https:\/\/grandhy.com\/wp-content\/uploads\/2023\/05\/lQDPJxbRAQ4vp_3NBOPNBLCwpUFRBfXdpuIDV3-n28CkAQ_1200_1251_74a609e0-92c2-41fe-9e5e-51776a1c53ba.webp\" target=\"_blank\" rel=\"noopener\"><img decoding=\"async\" class=\"alignnone wp-image-10593\" src=\"https:\/\/grandhy.com\/wp-content\/uploads\/2023\/05\/lQDPJxbRAQ4vp_3NBOPNBLCwpUFRBfXdpuIDV3-n28CkAQ_1200_1251_74a609e0-92c2-41fe-9e5e-51776a1c53ba-288x300.webp\" sizes=\"(max-width: 700px) 100vw, 700px\" srcset=\"\/\/grandhy.com\/wp-content\/uploads\/2023\/05\/lQDPJxbRAQ4vp_3NBOPNBLCwpUFRBfXdpuIDV3-n28CkAQ_1200_1251_74a609e0-92c2-41fe-9e5e-51776a1c53ba-288x300.webp 288w, \/\/grandhy.com\/wp-content\/uploads\/2023\/05\/lQDPJxbRAQ4vp_3NBOPNBLCwpUFRBfXdpuIDV3-n28CkAQ_1200_1251_74a609e0-92c2-41fe-9e5e-51776a1c53ba-500x521.webp 500w, \/\/grandhy.com\/wp-content\/uploads\/2023\/05\/lQDPJxbRAQ4vp_3NBOPNBLCwpUFRBfXdpuIDV3-n28CkAQ_1200_1251_74a609e0-92c2-41fe-9e5e-51776a1c53ba-982x1024.webp 982w, \/\/grandhy.com\/wp-content\/uploads\/2023\/05\/lQDPJxbRAQ4vp_3NBOPNBLCwpUFRBfXdpuIDV3-n28CkAQ_1200_1251_74a609e0-92c2-41fe-9e5e-51776a1c53ba-768x801.webp 768w, \/\/grandhy.com\/wp-content\/uploads\/2023\/05\/lQDPJxbRAQ4vp_3NBOPNBLCwpUFRBfXdpuIDV3-n28CkAQ_1200_1251_74a609e0-92c2-41fe-9e5e-51776a1c53ba.webp 1200w\" alt=\"samebike_lo26_750w_spec7\" width=\"700\" height=\"730\" \/><\/a><\/p>\n<p><strong>Ladezeit:<\/strong>\u00a04 \u2013 6 Stunden<br \/>\n<strong>Fahrmodi:<\/strong>\u00a0Gaspedal-Modus, Pedal-Assist-Modus, rein elektrischer Modus<\/p>\n<p><a href=\"https:\/\/grandhy.com\/wp-content\/uploads\/2023\/05\/LO26-II-FT-2_900x.webp\" target=\"_blank\" rel=\"noopener\"><img decoding=\"async\" class=\"wp-image-10592\" src=\"https:\/\/grandhy.com\/wp-content\/uploads\/2023\/05\/LO26-II-FT-2_900x-300x300.webp\" sizes=\"(max-width: 700px) 100vw, 700px\" srcset=\"\/\/grandhy.com\/wp-content\/uploads\/2023\/05\/LO26-II-FT-2_900x-300x300.webp 300w, \/\/grandhy.com\/wp-content\/uploads\/2023\/05\/LO26-II-FT-2_900x-250x250.webp 250w, \/\/grandhy.com\/wp-content\/uploads\/2023\/05\/LO26-II-FT-2_900x-85x85.webp 85w, \/\/grandhy.com\/wp-content\/uploads\/2023\/05\/LO26-II-FT-2_900x-500x500.webp 500w, \/\/grandhy.com\/wp-content\/uploads\/2023\/05\/LO26-II-FT-2_900x-150x150.webp 150w, \/\/grandhy.com\/wp-content\/uploads\/2023\/05\/LO26-II-FT-2_900x-768x768.webp 768w, \/\/grandhy.com\/wp-content\/uploads\/2023\/05\/LO26-II-FT-2_900x-700x700.webp 700w, \/\/grandhy.com\/wp-content\/uploads\/2023\/05\/LO26-II-FT-2_900x.webp 900w\" alt=\"samebike_lo26_750w_spec6\" width=\"700\" height=\"700\" \/><\/a><\/p>\n<p><strong>Bremsen:<\/strong>\u00a0Scheibenbremsen vorne und hinten<br \/>\n<strong>Suspension:<\/strong>\u00a0Vorderradaufh\u00e4ngung und hinterer Sto\u00dfd\u00e4mpfer<\/p>\n<p><a href=\"https:\/\/grandhy.com\/wp-content\/uploads\/2023\/05\/16_63d6d4d2-33e1-4535-b609-74a6ce3dc39a.webp\" target=\"_blank\" rel=\"noopener\"><img decoding=\"async\" class=\"wp-image-10591\" src=\"https:\/\/grandhy.com\/wp-content\/uploads\/2023\/05\/16_63d6d4d2-33e1-4535-b609-74a6ce3dc39a-300x165.webp\" sizes=\"(max-width: 700px) 100vw, 700px\" srcset=\"\/\/grandhy.com\/wp-content\/uploads\/2023\/05\/16_63d6d4d2-33e1-4535-b609-74a6ce3dc39a-300x165.webp 300w, \/\/grandhy.com\/wp-content\/uploads\/2023\/05\/16_63d6d4d2-33e1-4535-b609-74a6ce3dc39a-500x274.webp 500w, \/\/grandhy.com\/wp-content\/uploads\/2023\/05\/16_63d6d4d2-33e1-4535-b609-74a6ce3dc39a-768x421.webp 768w, \/\/grandhy.com\/wp-content\/uploads\/2023\/05\/16_63d6d4d2-33e1-4535-b609-74a6ce3dc39a.webp 1200w\" alt=\"samebike_lo26_750w_spec5\" width=\"700\" height=\"385\" \/><\/a><\/p>\n<p><strong>Rahmen:<\/strong>\u00a0Aluminiumlegierung<br \/>\n<strong>Pedale:<\/strong>\u00a0Alupedal mit Reflektoren<\/p>\n<p><a href=\"https:\/\/grandhy.com\/wp-content\/uploads\/2023\/05\/12_d5167688-ee9d-407b-96ba-c05183ab6f12.webp\" target=\"_blank\" rel=\"noopener\"><img decoding=\"async\" class=\"wp-image-10589\" src=\"https:\/\/grandhy.com\/wp-content\/uploads\/2023\/05\/12_d5167688-ee9d-407b-96ba-c05183ab6f12-300x217.webp\" sizes=\"(max-width: 700px) 100vw, 700px\" srcset=\"\/\/grandhy.com\/wp-content\/uploads\/2023\/05\/12_d5167688-ee9d-407b-96ba-c05183ab6f12-300x217.webp 300w, \/\/grandhy.com\/wp-content\/uploads\/2023\/05\/12_d5167688-ee9d-407b-96ba-c05183ab6f12-500x362.webp 500w, \/\/grandhy.com\/wp-content\/uploads\/2023\/05\/12_d5167688-ee9d-407b-96ba-c05183ab6f12-1024x741.webp 1024w, \/\/grandhy.com\/wp-content\/uploads\/2023\/05\/12_d5167688-ee9d-407b-96ba-c05183ab6f12-768x556.webp 768w, \/\/grandhy.com\/wp-content\/uploads\/2023\/05\/12_d5167688-ee9d-407b-96ba-c05183ab6f12.webp 1200w\" alt=\"samebike_lo26_750w_spec3\" width=\"700\" height=\"506\" \/><\/a><\/p>\n<p><strong>\u00dcbertragung:<\/strong>\u00a0Shimano 21-fach<br \/>\n<strong>Maximaler Steigwinkel:<\/strong>\u00a030\u00ba<\/p>\n<p><a href=\"https:\/\/grandhy.com\/wp-content\/uploads\/2023\/05\/09_645b2dd1-bf40-4390-ac61-571602c9c746.webp\" target=\"_blank\" rel=\"noopener\"><img decoding=\"async\" class=\"alignnone wp-image-10587\" src=\"https:\/\/grandhy.com\/wp-content\/uploads\/2023\/05\/09_645b2dd1-bf40-4390-ac61-571602c9c746-300x284.webp\" sizes=\"(max-width: 700px) 100vw, 700px\" srcset=\"\/\/grandhy.com\/wp-content\/uploads\/2023\/05\/09_645b2dd1-bf40-4390-ac61-571602c9c746-300x284.webp 300w, \/\/grandhy.com\/wp-content\/uploads\/2023\/05\/09_645b2dd1-bf40-4390-ac61-571602c9c746-500x473.webp 500w, \/\/grandhy.com\/wp-content\/uploads\/2023\/05\/09_645b2dd1-bf40-4390-ac61-571602c9c746-1024x968.webp 1024w, \/\/grandhy.com\/wp-content\/uploads\/2023\/05\/09_645b2dd1-bf40-4390-ac61-571602c9c746-768x726.webp 768w, \/\/grandhy.com\/wp-content\/uploads\/2023\/05\/09_645b2dd1-bf40-4390-ac61-571602c9c746.webp 1200w\" alt=\"samebike_lo26_750w_spec1\" width=\"700\" height=\"662\" \/><\/a><\/p>\n<p><strong>Maximale Belastung:<\/strong>\u00a0150 kg<br \/>\n<strong>Gewicht:<\/strong>\u00a030 kg<\/p>\n<p><a href=\"https:\/\/grandhy.com\/wp-content\/uploads\/2023\/05\/13_4b0578fe-0b36-4dc9-b07d-3052ba5c9e46.webp\" target=\"_blank\" rel=\"noopener\"><img decoding=\"async\" class=\"alignnone wp-image-10590\" src=\"https:\/\/grandhy.com\/wp-content\/uploads\/2023\/05\/13_4b0578fe-0b36-4dc9-b07d-3052ba5c9e46-285x300.webp\" sizes=\"(max-width: 700px) 100vw, 700px\" srcset=\"\/\/grandhy.com\/wp-content\/uploads\/2023\/05\/13_4b0578fe-0b36-4dc9-b07d-3052ba5c9e46-285x300.webp 285w, \/\/grandhy.com\/wp-content\/uploads\/2023\/05\/13_4b0578fe-0b36-4dc9-b07d-3052ba5c9e46-500x526.webp 500w, \/\/grandhy.com\/wp-content\/uploads\/2023\/05\/13_4b0578fe-0b36-4dc9-b07d-3052ba5c9e46-974x1024.webp 974w, \/\/grandhy.com\/wp-content\/uploads\/2023\/05\/13_4b0578fe-0b36-4dc9-b07d-3052ba5c9e46-768x808.webp 768w, \/\/grandhy.com\/wp-content\/uploads\/2023\/05\/13_4b0578fe-0b36-4dc9-b07d-3052ba5c9e46.webp 1200w\" alt=\"samebike_lo26_750w_spec4\" width=\"700\" height=\"736\" \/><\/a><\/p>\n<p><strong>Anzeige:<\/strong>\u00a0LCD-Display mit USB-Aufladung<br \/>\n<strong>Reifen:<\/strong>\u00a026\u2033 \u00d7 2,35\u2033 Reifen<\/p>\n<p><a href=\"https:\/\/grandhy.com\/wp-content\/uploads\/2023\/05\/07_cfd6772d-3326-4f1b-9f0a-e21884bb4f6a.webp\" target=\"_blank\" rel=\"noopener\"><img decoding=\"async\" class=\"wp-image-10586\" src=\"https:\/\/grandhy.com\/wp-content\/uploads\/2023\/05\/07_cfd6772d-3326-4f1b-9f0a-e21884bb4f6a-269x300.webp\" sizes=\"(max-width: 700px) 100vw, 700px\" srcset=\"\/\/grandhy.com\/wp-content\/uploads\/2023\/05\/07_cfd6772d-3326-4f1b-9f0a-e21884bb4f6a-269x300.webp 269w, \/\/grandhy.com\/wp-content\/uploads\/2023\/05\/07_cfd6772d-3326-4f1b-9f0a-e21884bb4f6a-500x558.webp 500w, \/\/grandhy.com\/wp-content\/uploads\/2023\/05\/07_cfd6772d-3326-4f1b-9f0a-e21884bb4f6a-918x1024.webp 918w, \/\/grandhy.com\/wp-content\/uploads\/2023\/05\/07_cfd6772d-3326-4f1b-9f0a-e21884bb4f6a-768x857.webp 768w, \/\/grandhy.com\/wp-content\/uploads\/2023\/05\/07_cfd6772d-3326-4f1b-9f0a-e21884bb4f6a.webp 1200w\" alt=\"samebike_lo26_750w_spec\" width=\"700\" height=\"781\" \/><\/a><\/p>\n<p><strong>Rand:<\/strong>\u00a0Speichenrad<br \/>\n<strong>Kotfl\u00fcgel:\u00a0<\/strong>aus PVC<br \/>\n<strong>Zertifikate:<\/strong>\u00a0CE, UL, KC, FCC, PSE, ROHS<\/p>\n<p><a href=\"https:\/\/grandhy.com\/wp-content\/uploads\/2023\/05\/11_185e0aa2-2fdf-4bec-bb0d-f6be60087be6.webp\" target=\"_blank\" rel=\"noopener\"><img decoding=\"async\" class=\"alignnone wp-image-10588\" src=\"https:\/\/grandhy.com\/wp-content\/uploads\/2023\/05\/11_185e0aa2-2fdf-4bec-bb0d-f6be60087be6-300x222.webp\" sizes=\"(max-width: 700px) 100vw, 700px\" srcset=\"\/\/grandhy.com\/wp-content\/uploads\/2023\/05\/11_185e0aa2-2fdf-4bec-bb0d-f6be60087be6-300x222.webp 300w, \/\/grandhy.com\/wp-content\/uploads\/2023\/05\/11_185e0aa2-2fdf-4bec-bb0d-f6be60087be6-500x370.webp 500w, \/\/grandhy.com\/wp-content\/uploads\/2023\/05\/11_185e0aa2-2fdf-4bec-bb0d-f6be60087be6-1024x758.webp 1024w, \/\/grandhy.com\/wp-content\/uploads\/2023\/05\/11_185e0aa2-2fdf-4bec-bb0d-f6be60087be6-768x568.webp 768w, \/\/grandhy.com\/wp-content\/uploads\/2023\/05\/11_185e0aa2-2fdf-4bec-bb0d-f6be60087be6.webp 1200w\" alt=\"samebike_lo26_750w_spec2\" width=\"700\" height=\"518\" \/><\/a><\/p>\n<p>Paket enth\u00e4lt:<\/p>\n<p>1 x Elektrofahrrad<br \/>\n1 x Batterie<br \/>\n1 x Ladeger\u00e4t<br \/>\n1 x Werkzeugsatz<br \/>\n1 x Benutzerhandbuch<\/p>","protected":false},"excerpt":{"rendered":"<p>Modell Nr. LO26 II<br \/>\nBatterie: 48V12,5AH Lithium-Ionen-Batterie<br \/>\nMotor: 750 W b\u00fcrstenloser Hochgeschwindigkeitsmotor<br \/>\nReifen: 26\u2033<br \/>\nReichweite: 80km<br \/>\nH\u00f6chstgeschwindigkeit: 35 km\/h<br \/>\nMax. Belastung: 150kg<\/p>","protected":false},"featured_media":25363,"comment_status":"open","ping_status":"closed","template":"","meta":[],"product_brand":[],"product_cat":[212],"product_tag":[],"class_list":{"0":"post-25358","1":"product","2":"type-product","3":"status-publish","4":"has-post-thumbnail","6":"product_cat-electric-bikes","8":"first","9":"instock","10":"sale","11":"shipping-taxable","12":"purchasable","13":"product-type-variable"},"jetpack_sharing_enabled":true,"_links":{"self":[{"href":"https:\/\/ridstar.eu\/de\/wp-json\/wp\/v2\/product\/25358","targetHints":{"allow":["GET"]}}],"collection":[{"href":"https:\/\/ridstar.eu\/de\/wp-json\/wp\/v2\/product"}],"about":[{"href":"https:\/\/ridstar.eu\/de\/wp-json\/wp\/v2\/types\/product"}],"replies":[{"embeddable":true,"href":"https:\/\/ridstar.eu\/de\/wp-json\/wp\/v2\/comments?post=25358"}],"wp:featuredmedia":[{"embeddable":true,"href":"https:\/\/ridstar.eu\/de\/wp-json\/wp\/v2\/media\/25363"}],"wp:attachment":[{"href":"https:\/\/ridstar.eu\/de\/wp-json\/wp\/v2\/media?parent=25358"}],"wp:term":[{"taxonomy":"product_brand","embeddable":true,"href":"https:\/\/ridstar.eu\/de\/wp-json\/wp\/v2\/product_brand?post=25358"},{"taxonomy":"product_cat","embeddable":true,"href":"https:\/\/ridstar.eu\/de\/wp-json\/wp\/v2\/product_cat?post=25358"},{"taxonomy":"product_tag","embeddable":true,"href":"https:\/\/ridstar.eu\/de\/wp-json\/wp\/v2\/product_tag?post=25358"}],"curies":[{"name":"wp","href":"https:\/\/api.w.org\/{rel}","templated":true}]}}