{"id":25354,"date":"2023-12-15T15:53:07","date_gmt":"2023-12-15T13:53:07","guid":{"rendered":"https:\/\/ridstar.eu\/?post_type=product&#038;p=25354"},"modified":"2024-07-22T09:42:55","modified_gmt":"2024-07-22T06:42:55","slug":"elektroroller-hr2-4-2000-w-60-v-20-ah-europaisches-ewg-zertifikat","status":"publish","type":"product","link":"https:\/\/ridstar.eu\/de\/product\/elektroroller-hr2-4-2000-w-60-v-20-ah-europaisches-ewg-zertifikat\/","title":{"rendered":"Elektroroller HR2-4, 2000W, 60V, 20Ah, europ\u00e4isches EWG-Zertifikat"},"content":{"rendered":"<p><img decoding=\"async\" class=\"img_loading\" src=\"https:\/\/ueeshop.ly200-cdn.com\/u_file\/UPAX\/UPAX064\/2211\/photo\/d8bc18c798.jpg?x-oss-process=image\/format,webp\/quality,q_100\" alt=\"\"><img decoding=\"async\" class=\"img_loading\" src=\"https:\/\/ueeshop.ly200-cdn.com\/u_file\/UPAX\/UPAX064\/2211\/photo\/fbab5153cd.jpg?x-oss-process=image\/format,webp\/quality,q_100\" alt=\"\"><br \/>\nDie HR2-Serie verf\u00fcgt \u00fcber die europ\u00e4ische\u00a0<strong>EWG-Zertifikat<\/strong>, das nicht nur mit regenfesten Reifen und stra\u00dfenzugelassener Beleuchtung ausgestattet ist, sondern auch \u00fcber eine Schl\u00fcsselz\u00fcndung, einen St\u00e4nder (Ausschaltfunktion) und sogar eine Nummernschildhalterung verf\u00fcgt.<br \/>\nSie d\u00fcrfen damit legal auf der Stra\u00dfe fahren. Die Fahrt zur Schule oder zur Arbeit ist eine sehr bequeme Option.<\/p>\n<div><strong><br \/>\nVorderradgabel \/ Hinterradfederung<\/strong><\/div>\n<p>Der HR2 verf\u00fcgt nicht nur \u00fcber eine doppelte Hinterradfederung, sondern auch \u00fcber eine doppelte Vorderradgabel. Die vierfache Sto\u00dfd\u00e4mpfung sorgt f\u00fcr ein angenehmes Fahrgef\u00fchl und erm\u00f6glicht ein ruhiges Fahren auf unebenen Stra\u00dfen. Dar\u00fcber hinaus maximiert sie die Schwerpunktverlagerung des Citycoco, reduziert den Luftwiderstand, mindert die Auswirkungen von Schwerpunktver\u00e4nderungen auf die Reifen und verl\u00e4ngert die Lebensdauer des HR2.<br \/>\n<img decoding=\"async\" class=\"img_loading\" src=\"https:\/\/ueeshop.ly200-cdn.com\/u_file\/UPAX\/UPAX064\/2211\/photo\/167b692ff2.png?x-oss-process=image\/format,webp\/quality,q_100\" alt=\"\"><img decoding=\"async\" class=\"img_loading\" src=\"https:\/\/ueeshop.ly200-cdn.com\/u_file\/UPAX\/UPAX064\/2211\/photo\/43f78cf97f.png?x-oss-process=image\/format,webp\/quality,q_100\" alt=\"\"><\/p>\n<div><strong>Batterie<\/strong><\/div>\n<p>Bei den Elektrorollern von Citycoco ist die Batterie gr\u00f6\u00dfer als bei gew\u00f6hnlichen Elektrorollern, sodass sowohl die Reichweite als auch die Geschwindigkeit gr\u00f6\u00dfer sind als bei gew\u00f6hnlichen Rollern.<br \/>\nWir haben k\u00fcrzlich den Rahmen f\u00fcr die HR2-Serie aktualisiert!<br \/>\nUrspr\u00fcnglich konnte es nur mit einer Batterie ausgestattet werden, jetzt ist es jedoch mit zwei Batterien m\u00f6glich!<br \/>\nDie Reichweite ist dauerhafter.<br \/>\nDer 20-Ah-Akku gibt Ihnen ein sicheres Gef\u00fchl. Zahlreiche Tests haben gezeigt, dass die Reichweite mit einer vollen Ladung 40 bis 50 Kilometer betr\u00e4gt \u2013 eine Reichweite, die viele herk\u00f6mmliche Elektroroller nicht bieten k\u00f6nnen. Mit zwei Akkus k\u00f6nnen Sie noch weiter fahren. Sie m\u00fcssen sich also keine Sorgen machen, dass Ihnen auf halber Strecke der Strom ausgeht und Ihr Tempo beeintr\u00e4chtigt wird.<\/p>\n<p>Es handelt sich um einen wasserdichten, herausnehmbaren Akku. Die Oberfl\u00e4che des HR2-Akkus besteht aus wasserdichtem Material und auch das Batteriegeh\u00e4use au\u00dferhalb des Akkus ist wasserdicht. Unser Akku verf\u00fcgt also \u00fcber einen zweischichtigen wasserdichten Schutz. Selbst wenn es beim Ausgehen pl\u00f6tzlich regnet oder Sie \u00fcber eine schlammige Stra\u00dfe fahren, wird der Akku daher nicht besch\u00e4digt, und der HR2 hat eine l\u00e4ngere Lebensdauer. Mit dem herausnehmbaren Akku k\u00f6nnen Sie Ihren Akku jederzeit und \u00fcberall vollst\u00e4ndig aufladen.<\/p>\n<p><img decoding=\"async\" class=\"img_loading\" src=\"https:\/\/ueeshop.ly200-cdn.com\/u_file\/UPAX\/UPAX064\/2303\/29\/photo\/9.jpg?x-oss-process=image\/format,webp\/quality,q_100\" alt=\"\"><\/p>\n<div><strong>Sitz<\/strong><\/div>\n<p>HR2 ist ausgestattet mit einem\u00a0<strong>wasserdichter Sitz<\/strong>. Die Oberfl\u00e4che besteht aus einer Schicht aus hochwertigem, wasserdichtem PU. Wasserflecken auf der Oberfl\u00e4che k\u00f6nnen Sie ganz einfach abwischen. Im Inneren befindet sich ein robuster, weicher Schwamm.<br \/>\nDoppelsitze geben Ihnen mehr M\u00f6glichkeiten in Ihrem Leben. Sie k\u00f6nnen mit Ihren Freunden oder Ihrer Familie ausgehen. Wir statten die Person auf dem R\u00fccksitz auch speziell mit einem\u00a0<strong>Hand halten<\/strong>\u00a0Und\u00a0<strong>Beifahrerfu\u00dfst\u00fctze<\/strong>, sodass er ausreichend Komfort hat und Sie beruhigt reisen k\u00f6nnen.<br \/>\n<img decoding=\"async\" class=\"img_loading\" src=\"https:\/\/ueeshop.ly200-cdn.com\/u_file\/UPAX\/UPAX064\/2211\/photo\/428e039af1.jpg?x-oss-process=image\/format,webp\/quality,q_100\" alt=\"\"><img decoding=\"async\" class=\"img_loading\" src=\"https:\/\/ueeshop.ly200-cdn.com\/u_file\/UPAX\/UPAX064\/2211\/photo\/de5ba8df7b.jpg?x-oss-process=image\/format,webp\/quality,q_100\" alt=\"\"><\/p>\n<div><strong>Farbe<\/strong><\/div>\n<p>HR2-4 ist in Schwarz, Blau, Weinrot und Gelb erh\u00e4ltlich. Es gibt immer eine Farbe, die zu Ihnen passt.<br \/>\nWenn Sie andere Farben w\u00fcnschen, k\u00f6nnen wir diese auch individuell anpassen. Lassen Sie sich gerne beraten.<br \/>\n<img decoding=\"async\" class=\"img_loading\" src=\"https:\/\/ueeshop.ly200-cdn.com\/u_file\/UPAX\/UPAX064\/2211\/photo\/edb189cbd5.jpg?x-oss-process=image\/format,webp\/quality,q_100\" alt=\"\"><\/p>\n<div><strong>Zertifizierung<\/strong><\/div>\n<p>Zus\u00e4tzlich zur EWG verf\u00fcgt es auch \u00fcber COC- und ISO9001-Zertifikate usw. Es kann legal auf der Stra\u00dfe genutzt werden.<br \/>\n<img decoding=\"async\" class=\"img_loading\" src=\"https:\/\/ueeshop.ly200-cdn.com\/u_file\/UPAX\/UPAX064\/2206\/photo\/edcbe37b7c.jpg?x-oss-process=image\/format,webp\/quality,q_100\" alt=\"\"><\/p>\n<div id=\"simple-translate\" class=\"simple-translate-light-theme\">\n<div>\n<div class=\"simple-translate-button isShow\" style=\"background-image: url('chrome-extension:\/\/cllnohpbfenopiakdcjmjcbaeapmkcdl\/icons\/512.png'); height: 22px; width: 22px; top: 349px; left: -188px;\"><\/div>\n<div class=\"simple-translate-panel\" style=\"width: 300px; height: 200px; top: 0px; left: 0px; font-size: 13px;\">\n<div class=\"simple-translate-result-wrapper\" style=\"overflow: hidden;\">\n<div class=\"simple-translate-move\" draggable=\"true\"><\/div>\n<div class=\"simple-translate-result-contents\">\n<p class=\"simple-translate-candidate\" dir=\"auto\">\n<\/div>\n<\/div>\n<\/div>\n<\/div>\n<\/div>","protected":false},"excerpt":{"rendered":"<ul>\n<li>Kostenlose schnelle Lieferung<\/li>\n<li>1 Jahr Garantie<\/li>\n<li><strong>EWG-zertifiziert \u2013 kann als legales Fahrzeug zugelassen werden<\/strong><\/li>\n<li>maximale Belastung \u2013 200 kg.<\/li>\n<li>H\u00f6chstgeschwindigkeit \u2013 45 km\/h<\/li>\n<\/ul>","protected":false},"featured_media":25355,"comment_status":"open","ping_status":"closed","template":"","meta":[],"product_brand":[],"product_cat":[212],"product_tag":[],"class_list":{"0":"post-25354","1":"product","2":"type-product","3":"status-publish","4":"has-post-thumbnail","6":"product_cat-electric-bikes","8":"first","9":"outofstock","10":"sale","11":"shipping-taxable","12":"purchasable","13":"product-type-simple"},"jetpack_sharing_enabled":true,"_links":{"self":[{"href":"https:\/\/ridstar.eu\/de\/wp-json\/wp\/v2\/product\/25354","targetHints":{"allow":["GET"]}}],"collection":[{"href":"https:\/\/ridstar.eu\/de\/wp-json\/wp\/v2\/product"}],"about":[{"href":"https:\/\/ridstar.eu\/de\/wp-json\/wp\/v2\/types\/product"}],"replies":[{"embeddable":true,"href":"https:\/\/ridstar.eu\/de\/wp-json\/wp\/v2\/comments?post=25354"}],"wp:featuredmedia":[{"embeddable":true,"href":"https:\/\/ridstar.eu\/de\/wp-json\/wp\/v2\/media\/25355"}],"wp:attachment":[{"href":"https:\/\/ridstar.eu\/de\/wp-json\/wp\/v2\/media?parent=25354"}],"wp:term":[{"taxonomy":"product_brand","embeddable":true,"href":"https:\/\/ridstar.eu\/de\/wp-json\/wp\/v2\/product_brand?post=25354"},{"taxonomy":"product_cat","embeddable":true,"href":"https:\/\/ridstar.eu\/de\/wp-json\/wp\/v2\/product_cat?post=25354"},{"taxonomy":"product_tag","embeddable":true,"href":"https:\/\/ridstar.eu\/de\/wp-json\/wp\/v2\/product_tag?post=25354"}],"curies":[{"name":"wp","href":"https:\/\/api.w.org\/{rel}","templated":true}]}}