{"id":13204,"date":"2023-11-17T08:42:46","date_gmt":"2023-11-17T06:42:46","guid":{"rendered":"https:\/\/ridstar.eu\/?post_type=product&#038;p=13204"},"modified":"2026-04-01T03:02:18","modified_gmt":"2026-04-01T00:02:18","slug":"elektrisches-faltrad-ridstar-h26-pro-1500-w-48-v-23-ah-batterie","status":"publish","type":"product","link":"https:\/\/ridstar.eu\/de\/product\/elektrisches-faltrad-ridstar-h26-pro-1500-w-48-v-23-ah-batterie\/","title":{"rendered":"Elektrisches Faltrad Ridstar H26 PRO, 1500W, 48V, 23Ah Akku"},"content":{"rendered":"<h3>Ridstar H26 PRO: Die n\u00e4chste Evolutionsstufe des Elektrofahrrads<\/h3>\n<p>Die aktualisierte <strong>Ridstar H26 PRO<\/strong> bringt das Elektrofahrradfahren mit verbesserten Funktionen, \u00fcberlegener Leistung und verbessertem Komfort auf die n\u00e4chste Stufe. Von seinem neuen Hochleistungsmotor bis zu seinen hochwertigen Hydraulikbremsen und seinem fortschrittlichen Federungssystem bietet dieses Modell ein Fahrerlebnis, das weit \u00fcber die Standardversion H26 hinausgeht.<\/p>\n<h4><strong>Hauptmerkmale<\/strong><\/h4>\n<ul>\n<li><strong>Un\u00fcbertroffene Leistung und Geschwindigkeit<\/strong>:<br \/>\nDas Herzst\u00fcck des H26 PRO ist ein <strong>B\u00fcrstenloser 1500-W-Gleichstrom-Hochgeschwindigkeitsmotor<\/strong> mit einer Nennspannung von <strong>48 V<\/strong>, liefert unglaubliches Drehmoment und Beschleunigung. Erreichen Sie Geschwindigkeiten von bis zu <strong>65 km\/h<\/strong> und bezwingen Sie Steigungen von bis zu <strong>30\u00b0<\/strong> mit Leichtigkeit.<\/li>\n<li><strong>Langanhaltende Akkuleistung<\/strong>:<br \/>\nAusgestattet mit einem <strong>23Ah 18650 Lithiumbatterie<\/strong>bietet der H26 PRO eine beeindruckende Ausdauer:<\/p>\n<ul>\n<li><strong>Rein elektrischer Modus<\/strong>: 60\u201390 km<\/li>\n<li><strong>Assistierter Fahrmodus<\/strong>: 80\u2013120 km<br \/>\nDer Akku l\u00e4dt sich in nur <strong>6 Stunden<\/strong>, damit Sie immer f\u00fcr Ihr n\u00e4chstes Abenteuer bereit sind.<\/li>\n<\/ul>\n<\/li>\n<li><strong>Verbesserter Fahrkomfort<\/strong>:\n<ul>\n<li><strong>Hydraulische Doppelschultergabel<\/strong>: Absorbiert St\u00f6\u00dfe m\u00fchelos f\u00fcr eine ruhige Fahrt auf unebenem Gel\u00e4nde.<\/li>\n<li><strong>Chaoyang 26\u00d74,0-Zoll-Reifen<\/strong>: Breit, langlebig und rutschfest bieten sie hervorragende Stabilit\u00e4t und Halt auf jeder Oberfl\u00e4che.<\/li>\n<li><strong>Ergonomisches Design<\/strong>: Mit Abmessungen von <strong>2000x750x1200 mm<\/strong> und einem Radstand von <strong>1280 mm<\/strong>Das Fahrrad bietet eine bequeme und ger\u00e4umige Sitzposition.<\/li>\n<\/ul>\n<\/li>\n<li><strong>Premium-Brems- und Antriebssysteme<\/strong>:\n<ul>\n<li><strong>Hydraulische \u00d6l-Scheibenbremsen<\/strong>: Bietet kraftvolle und zuverl\u00e4ssige Bremsleistung unter allen Bedingungen.<\/li>\n<li><strong>Shimano 21-Gang-Schaltung<\/strong>: Bietet pr\u00e4zises und sanftes Schalten auf jedem Terrain.<\/li>\n<\/ul>\n<\/li>\n<li><strong>Moderne und praktische Funktionen<\/strong>:\n<ul>\n<li><strong>LCD Anzeige<\/strong>: Verfolgt Geschwindigkeit, Batteriestand und andere wichtige Statistiken auf einen Blick.<\/li>\n<li><strong>LED-Leuchten<\/strong>: Hochwertige LED-Leuchten sorgen f\u00fcr hervorragende Sichtbarkeit bei Nachtfahrten.<\/li>\n<li><strong>Mehrere Fahrmodi<\/strong>: W\u00e4hlen Sie entsprechend Ihrem Fahrstil zwischen rein elektrischem, elektrisch unterst\u00fctztem oder Pedalmodus.<\/li>\n<\/ul>\n<\/li>\n<\/ul>\n<h4><strong>Spezifikationen auf einen Blick<\/strong><\/h4>\n<ul>\n<li><strong>Rahmen<\/strong>: Aluminiumlegierung, leicht und dennoch langlebig<\/li>\n<li><strong>Motor<\/strong>: 1500 W b\u00fcrstenlos, 48 V<\/li>\n<li><strong>Batterie<\/strong>: 18650 Lithium, 23 Ah<\/li>\n<li><strong>Reifen<\/strong>: Chaoyang 26\u00d74,0 Zoll<\/li>\n<li><strong>H\u00f6chstgeschwindigkeit<\/strong>: Bis zu 65 km\/h<\/li>\n<li><strong>Reichweite<\/strong>: 60\u201390 km (rein elektrisch), 80\u2013120 km (assistiert)<\/li>\n<li><strong>Ladezeit<\/strong>: 6 Stunden<\/li>\n<li><strong>Gewicht<\/strong>: 34 kg<\/li>\n<li><strong>Tragf\u00e4higkeit<\/strong>: Bis 150 kg<\/li>\n<li><strong>Hangklettern<\/strong>: Bis zu 30\u00b0<\/li>\n<\/ul>\n<h4><strong>Lieferumfang<\/strong><\/h4>\n<p>Jeder Ridstar H26 PRO wird komplett geliefert mit:<\/p>\n<ul>\n<li>Elektrofahrrad<\/li>\n<li>Lithiumbatterie<\/li>\n<li>Ladeger\u00e4t<\/li>\n<li>Mehrzweckwerkzeug<\/li>\n<li>Pedale<\/li>\n<li>Bedienungsanleitung<\/li>\n<\/ul>\n<h4><strong>Warum sollten Sie sich f\u00fcr das H26 PRO entscheiden?<\/strong><\/h4>\n<p>Der Ridstar H26 PRO ist nicht nur ein Upgrade \u2013 er ist eine Revolution im Bereich des Elektrofahrradfahrens. Mit seinen hochmodernen Funktionen, seiner un\u00fcbertroffenen Leistung und seinem stilvollen Design ist er die perfekte Wahl f\u00fcr Fahrer, die Grenzen \u00fcberschreiten m\u00f6chten. Au\u00dferdem ist er <strong>auf Lager in Europa<\/strong>, also gibt es <strong>keine zus\u00e4tzlichen Kosten oder versteckte Geb\u00fchren<\/strong>.<\/p>\n<p>Bringen Sie Ihre Fahrt mit dem Ridstar H26 PRO auf das n\u00e4chste Level!<\/p>\n<p><img decoding=\"async\" class=\"alignnone size-full wp-image-13215\" src=\"https:\/\/ridstar.eu\/wp-content\/uploads\/2023\/11\/H26PRO-11.jpeg\" alt=\"H26PRO\" width=\"1000\" height=\"1816\" \/> <img decoding=\"async\" class=\"alignnone size-full wp-image-13213\" src=\"https:\/\/ridstar.eu\/wp-content\/uploads\/2023\/11\/H26PRO-9.jpeg\" alt=\"H26PRO\" width=\"1000\" height=\"2062\" \/> <img decoding=\"async\" class=\"alignnone size-full wp-image-13212\" src=\"https:\/\/ridstar.eu\/wp-content\/uploads\/2023\/11\/H26PRO-8.jpeg\" alt=\"H26PRO\" width=\"1000\" height=\"1495\" \/> <img decoding=\"async\" class=\"alignnone size-full wp-image-13211\" src=\"https:\/\/ridstar.eu\/wp-content\/uploads\/2023\/11\/H26PRO-7.jpeg\" alt=\"H26PRO\" width=\"1000\" height=\"1802\" \/> <img decoding=\"async\" class=\"alignnone size-full wp-image-13210\" src=\"https:\/\/ridstar.eu\/wp-content\/uploads\/2023\/11\/H26PRO-6.jpeg\" alt=\"H26PRO\" width=\"1000\" height=\"1661\" \/> <img decoding=\"async\" class=\"alignnone size-full wp-image-13209\" src=\"https:\/\/ridstar.eu\/wp-content\/uploads\/2023\/11\/H26PRO-5.jpeg\" alt=\"H26PRO\" width=\"1000\" height=\"1000\" \/> <img decoding=\"async\" class=\"alignnone size-full wp-image-13208\" src=\"https:\/\/ridstar.eu\/wp-content\/uploads\/2023\/11\/H26PRO-4.jpeg\" alt=\"H26PRO\" width=\"1000\" height=\"1000\" \/><\/p>","protected":false},"excerpt":{"rendered":"<p><span style=\"color:#339966\"><strong>AUF LAGER<\/strong><\/span><\/p>\n<p>Zusammenklappbares Elektrofahrrad Ridstar H26 PRO. Verbesserte Version.<\/p>\n<p>Kostenlose Lieferung innerhalb von 3\u20137 Werktagen in ganz Europa.<\/p>\n<p>Keine zus\u00e4tzlichen Kosten<\/p>\n<p>Lieferung aus einem EU-Lager.<\/p>","protected":false},"featured_media":13216,"comment_status":"open","ping_status":"closed","template":"","meta":[],"product_brand":[],"product_cat":[212],"product_tag":[],"class_list":{"0":"post-13204","1":"product","2":"type-product","3":"status-publish","4":"has-post-thumbnail","6":"product_cat-electric-bikes","8":"first","9":"outofstock","10":"sale","11":"shipping-taxable","12":"purchasable","13":"product-type-simple"},"jetpack_sharing_enabled":true,"_links":{"self":[{"href":"https:\/\/ridstar.eu\/de\/wp-json\/wp\/v2\/product\/13204","targetHints":{"allow":["GET"]}}],"collection":[{"href":"https:\/\/ridstar.eu\/de\/wp-json\/wp\/v2\/product"}],"about":[{"href":"https:\/\/ridstar.eu\/de\/wp-json\/wp\/v2\/types\/product"}],"replies":[{"embeddable":true,"href":"https:\/\/ridstar.eu\/de\/wp-json\/wp\/v2\/comments?post=13204"}],"wp:featuredmedia":[{"embeddable":true,"href":"https:\/\/ridstar.eu\/de\/wp-json\/wp\/v2\/media\/13216"}],"wp:attachment":[{"href":"https:\/\/ridstar.eu\/de\/wp-json\/wp\/v2\/media?parent=13204"}],"wp:term":[{"taxonomy":"product_brand","embeddable":true,"href":"https:\/\/ridstar.eu\/de\/wp-json\/wp\/v2\/product_brand?post=13204"},{"taxonomy":"product_cat","embeddable":true,"href":"https:\/\/ridstar.eu\/de\/wp-json\/wp\/v2\/product_cat?post=13204"},{"taxonomy":"product_tag","embeddable":true,"href":"https:\/\/ridstar.eu\/de\/wp-json\/wp\/v2\/product_tag?post=13204"}],"curies":[{"name":"wp","href":"https:\/\/api.w.org\/{rel}","templated":true}]}}