{"id":13193,"date":"2023-11-14T14:49:56","date_gmt":"2023-11-14T12:49:56","guid":{"rendered":"https:\/\/ridstar.eu\/?post_type=product&#038;p=13193"},"modified":"2025-04-24T08:24:17","modified_gmt":"2025-04-24T06:24:17","slug":"elektrofahrrad-ridstar-e26-1000-w-48-v-14-ah-akku-26-zoll-offroad-reifen","status":"publish","type":"product","link":"https:\/\/ridstar.eu\/de\/product\/elektrofahrrad-ridstar-e26-1000-w-48-v-14-ah-akku-26-zoll-offroad-reifen\/","title":{"rendered":"Elektrofahrrad Ridstar E26, 1000W, 48V, 14Ah Akku, 26 Zoll Offroad-Reifen"},"content":{"rendered":"","protected":false},"excerpt":{"rendered":"<p>Ridstar E26 \u2013 universelles Unisex-Elektrofahrrad. Wie andere Ridstar-Fahrr\u00e4der ist es f\u00fcr das Fahren das ganze Jahr \u00fcber geeignet. Dank universeller Hochgeschwindigkeitsreifen sogar im Winter!<\/p>\n<ul>\n<li>Kostenlose Lieferung innerhalb von 3-7 Tagen<\/li>\n<li>Garantie 12 Monate<\/li>\n<li>Keine zus\u00e4tzlichen Steuern<\/li>\n<\/ul>\n<p>&nbsp;<\/p>","protected":false},"featured_media":13196,"comment_status":"open","ping_status":"closed","template":"","meta":[],"product_brand":[],"product_cat":[212],"product_tag":[],"class_list":{"0":"post-13193","1":"product","2":"type-product","3":"status-publish","4":"has-post-thumbnail","6":"product_cat-electric-bikes","8":"first","9":"outofstock","10":"sale","11":"shipping-taxable","12":"purchasable","13":"product-type-simple"},"jetpack_sharing_enabled":true,"_links":{"self":[{"href":"https:\/\/ridstar.eu\/de\/wp-json\/wp\/v2\/product\/13193","targetHints":{"allow":["GET"]}}],"collection":[{"href":"https:\/\/ridstar.eu\/de\/wp-json\/wp\/v2\/product"}],"about":[{"href":"https:\/\/ridstar.eu\/de\/wp-json\/wp\/v2\/types\/product"}],"replies":[{"embeddable":true,"href":"https:\/\/ridstar.eu\/de\/wp-json\/wp\/v2\/comments?post=13193"}],"wp:featuredmedia":[{"embeddable":true,"href":"https:\/\/ridstar.eu\/de\/wp-json\/wp\/v2\/media\/13196"}],"wp:attachment":[{"href":"https:\/\/ridstar.eu\/de\/wp-json\/wp\/v2\/media?parent=13193"}],"wp:term":[{"taxonomy":"product_brand","embeddable":true,"href":"https:\/\/ridstar.eu\/de\/wp-json\/wp\/v2\/product_brand?post=13193"},{"taxonomy":"product_cat","embeddable":true,"href":"https:\/\/ridstar.eu\/de\/wp-json\/wp\/v2\/product_cat?post=13193"},{"taxonomy":"product_tag","embeddable":true,"href":"https:\/\/ridstar.eu\/de\/wp-json\/wp\/v2\/product_tag?post=13193"}],"curies":[{"name":"wp","href":"https:\/\/api.w.org\/{rel}","templated":true}]}}