{"id":12946,"date":"2023-10-06T17:21:43","date_gmt":"2023-10-06T14:21:43","guid":{"rendered":"https:\/\/ridstar.eu\/?post_type=product&#038;p=12946"},"modified":"2024-04-16T13:41:09","modified_gmt":"2024-04-16T10:41:09","slug":"zusammenklappbares-elektrofahrrad-engwe-x20-1000-w-48-v-222-ah-doppelbatterien","status":"publish","type":"product","link":"https:\/\/ridstar.eu\/de\/product\/zusammenklappbares-elektrofahrrad-engwe-x20-1000-w-48-v-222-ah-doppelbatterien\/","title":{"rendered":"Faltbares Elektrofahrrad Engwe X20, 1000 W, 48 V, 22,2 Ah Doppelbatterien"},"content":{"rendered":"<p><iframe title=\"ENGWE X-Serie (EU)\" width=\"1080\" height=\"608\" src=\"https:\/\/www.youtube.com\/embed\/qcovxJJHlLI?feature=oembed\"  allow=\"accelerometer; autoplay; clipboard-write; encrypted-media; gyroscope; picture-in-picture; web-share\" referrerpolicy=\"strict-origin-when-cross-origin\" allowfullscreen><\/iframe><\/p>\n<p><iframe title=\"Engwe X20 besser als Engine Pro?\" width=\"1080\" height=\"608\" src=\"https:\/\/www.youtube.com\/embed\/IC4LGwxYKEE?feature=oembed\"  allow=\"accelerometer; autoplay; clipboard-write; encrypted-media; gyroscope; picture-in-picture; web-share\" referrerpolicy=\"strict-origin-when-cross-origin\" allowfullscreen><\/iframe><\/p>\n<ul class=\"a-unordered-list a-vertical a-spacing-mini\">\n<li class=\"a-spacing-mini\">Fortschrittliche Antriebsdynamik: Das ENGWE X20 ist ein gel\u00e4ndeg\u00e4ngiges Elektrofahrrad, das von einem robusten Hochleistungsmotor mit einem 48V 14,4Ah\/7,8Ah Doppelbatteriesystem angetrieben wird, das m\u00fchelos Geschwindigkeiten von bis zu 25 km\/h erreicht und bei der \u00dcberwindung von Steigungen von bis zu 30\u00b0 f\u00fcr h\u00f6here Geschwindigkeiten freischaltet. Dies erm\u00f6glicht eine nahtlose Navigation \u00fcber unterschiedliches Gel\u00e4nde.<\/li>\n<li class=\"a-spacing-mini\">Gro\u00dfe Reichweite und dynamische Modi: Das X20 E-Bike verf\u00fcgt \u00fcber eine innovative Doppelbatterie-Konfiguration mit einer kombinierten Energiekapazit\u00e4t von 1065 Wh und einer beeindruckenden Reichweite von bis zu 115 Kilometern. Erg\u00e4nzt wird diese Leistungsf\u00e4higkeit durch die nahtlose Integration von drei verschiedenen Fahrmodi: ECO, NORMAL und SPORT sowie dem 8-Gang-System von Shimano.<\/li>\n<li class=\"a-spacing-mini\">Dreistufige Federung und faltbarer Rahmen: Das Elektro-Faltrad X20 ist mit einer dreistufigen Federung ausgestattet \u2013 hydraulische Sto\u00dfd\u00e4mpfer vorne, mechanische Mitteld\u00e4mpfer und Luftd\u00e4mpfer hinten \u2013, die die Effizienz der Sto\u00dfd\u00e4mpfung verdreifacht und so auch bei h\u00f6heren Geschwindigkeiten und in schwierigem Gel\u00e4nde eine angenehme Fahrt gew\u00e4hrleistet. Der innovative, faltbare Rahmen mit den Ma\u00dfen 40 x 26 x 31 Zoll erh\u00f6ht den Komfort.<\/li>\n<li class=\"a-spacing-mini\">Hochwertige Reifen im Motorrad-Stil: Das Besondere am X20 ist die Kombination aus einteiligen R\u00e4dern und hochwertigen Reifen im Motorrad-Stil mit den Ma\u00dfen 20 x 4,0 Zoll. Diese Synthese sorgt f\u00fcr au\u00dfergew\u00f6hnliche Stabilit\u00e4t, \u00fcberlegene Traktion und erh\u00f6hte Widerstandsf\u00e4higkeit, die durch den Vollaluminiumrahmen noch verst\u00e4rkt wird. Diese Reifen meistern Schotter, Schlagl\u00f6cher und felsiges Gel\u00e4nde mit beachtlicher Geschwindigkeit.<\/li>\n<li class=\"a-spacing-mini\">Intelligente und funktionale Funktionen: Der X20 verf\u00fcgt \u00fcber ein intelligentes Geschwindigkeitskontrollsystem, das die Geschwindigkeit konstant h\u00e4lt. Die intuitive LCD-Schnittstelle liefert Echtzeitdaten zu Geschwindigkeit, Batteriestatus und Modi. Neben automatischen Scheinwerfern und Lichtern f\u00fcr bessere Sichtbarkeit verf\u00fcgt der X20 auch \u00fcber Handy-Ladeanschl\u00fcsse und lichtempfindliche Scheinwerfer, die f\u00fcr mehr Sicherheit und Komfort sorgen.<\/li>\n<li class=\"a-spacing-mini\">Zuverl\u00e4ssiger 24\/7 Kundenservice: Das ENGWE E-Bike 85% wird vormontiert geliefert und enth\u00e4lt zwei Pedale und einen Sattel. Ihre Bestellung wird innerhalb von 5-10 Tagen geliefert. Unser Kundensupport ist 24\/7 f\u00fcr Sie da und unterst\u00fctzt Sie bei Fragen und Problemen. Wir garantieren einen zuverl\u00e4ssigen Service und geben ein Jahr Garantie auf Motoren, Akkus und Steuerger\u00e4te.<\/li>\n<\/ul>","protected":false},"excerpt":{"rendered":"<ul>\n<li>Kostenlose Lieferung in 3-7 Tagen<\/li>\n<li>1000-W-Motor<\/li>\n<li>22,6Ah Batterien<\/li>\n<li>\n<div class=\"row\">\n<div class=\"cell\">150 km (Pas-Modus) Reichweite<\/div>\n<\/div>\n<\/li>\n<\/ul>","protected":false},"featured_media":12949,"comment_status":"open","ping_status":"closed","template":"","meta":[],"product_brand":[],"product_cat":[212],"product_tag":[],"class_list":{"0":"post-12946","1":"product","2":"type-product","3":"status-publish","4":"has-post-thumbnail","6":"product_cat-electric-bikes","8":"first","9":"outofstock","10":"sale","11":"shipping-taxable","12":"purchasable","13":"product-type-variable"},"jetpack_sharing_enabled":true,"_links":{"self":[{"href":"https:\/\/ridstar.eu\/de\/wp-json\/wp\/v2\/product\/12946","targetHints":{"allow":["GET"]}}],"collection":[{"href":"https:\/\/ridstar.eu\/de\/wp-json\/wp\/v2\/product"}],"about":[{"href":"https:\/\/ridstar.eu\/de\/wp-json\/wp\/v2\/types\/product"}],"replies":[{"embeddable":true,"href":"https:\/\/ridstar.eu\/de\/wp-json\/wp\/v2\/comments?post=12946"}],"wp:featuredmedia":[{"embeddable":true,"href":"https:\/\/ridstar.eu\/de\/wp-json\/wp\/v2\/media\/12949"}],"wp:attachment":[{"href":"https:\/\/ridstar.eu\/de\/wp-json\/wp\/v2\/media?parent=12946"}],"wp:term":[{"taxonomy":"product_brand","embeddable":true,"href":"https:\/\/ridstar.eu\/de\/wp-json\/wp\/v2\/product_brand?post=12946"},{"taxonomy":"product_cat","embeddable":true,"href":"https:\/\/ridstar.eu\/de\/wp-json\/wp\/v2\/product_cat?post=12946"},{"taxonomy":"product_tag","embeddable":true,"href":"https:\/\/ridstar.eu\/de\/wp-json\/wp\/v2\/product_tag?post=12946"}],"curies":[{"name":"wp","href":"https:\/\/api.w.org\/{rel}","templated":true}]}}