{"id":12853,"date":"2023-10-04T08:25:35","date_gmt":"2023-10-04T06:25:35","guid":{"rendered":"https:\/\/ridstar.eu\/?post_type=product&#038;p=12853"},"modified":"2026-05-05T22:57:27","modified_gmt":"2026-05-05T19:57:27","slug":"elektrofahrrad-ridstar-q20-pro-52v-2000w-doppelmotor-40ah-akku-bis-zu-120km-rein-elektrisch","status":"publish","type":"product","link":"https:\/\/ridstar.eu\/de\/product\/electric-bike-ridstar-q20-pro-52v-2000w-dual-motor-40ah-battery-up-to-120km-pure-electric\/","title":{"rendered":"Elektrofahrrad RIDSTAR Q20PRO, 52 V (2000 W Doppelmotor), 40 Ah Akku"},"content":{"rendered":"<p><a href=\"https:\/\/ridstar.eu\/de\/informationen-zum-ridstar-q20-pro\/\"><strong>Bitte vor dem Kauf lesen oder wenn Sie bereits gekauft haben und Fragen haben.<\/strong><\/a><\/p>\n<div style=\"width: 960px;\" class=\"wp-video\"><video class=\"wp-video-shortcode\" id=\"video-12853-1\" width=\"960\" height=\"540\" preload=\"metadata\" controls=\"controls\"><source type=\"video\/mp4\" src=\"https:\/\/ridstar.eu\/wp-content\/uploads\/2023\/10\/Q20PRO.mp4?_=1\" \/><a href=\"https:\/\/ridstar.eu\/wp-content\/uploads\/2023\/10\/Q20PRO.mp4\">https:\/\/ridstar.eu\/wp-content\/uploads\/2023\/10\/Q20PRO.mp4<\/a><\/video><\/div>\n<h3>RIDSTAR \/ YVY Q20PRO \u2013 Das ultimative Elektrofahrrad f\u00fcr Erwachsene<\/h3>\n<p>Der <strong>RIDSTAR Q20PRO<\/strong> ist ein hochmodernes Elektrofahrrad, das au\u00dfergew\u00f6hnliche Leistung, Geschwindigkeit und Komfort bietet. Ausgestattet mit <strong>zwei b\u00fcrstenlose Motoren<\/strong> mit einer Gesamtleistung von <strong>2000 W<\/strong>beschleunigt dieses Fahrrad in nur 3 Sekunden von 0 auf 55 km\/h! Mit der F\u00e4higkeit, Steigungen von bis zu <strong>45\u00b0<\/strong>Mit dem Q20PRO k\u00f6nnen Sie selbst steilstes Gel\u00e4nde m\u00fchelos erkunden. Ausgestattet mit einem <strong>Shimano 7-Gang-Schaltung<\/strong>bietet der RIDSTAR Q20PRO un\u00fcbertroffene Vielseitigkeit und erm\u00f6glicht es Ihnen, die perfekte Geschwindigkeit f\u00fcr jede Stra\u00dfenbedingung auszuw\u00e4hlen. Dar\u00fcber hinaus k\u00f6nnen Fahrer w\u00e4hlen zwischen <strong>Einzel- oder Doppelmotormodus<\/strong>und sorgt so f\u00fcr die richtige Balance aus Leistung und Effizienz bei jeder Fahrt.<\/p>\n<h3>Langlebige Batterien \u2013 Bis zu 280 km weit fahren<\/h3>\n<p>Der Q20PRO kommt mit <strong>zwei 52V 20Ah Batterien<\/strong>und bietet eine Gesamtkapazit\u00e4t von <strong>40 Ah<\/strong>Diese UL-zertifizierten Batterien enthalten eine <strong>Batteriemanagementsystem (BMS)<\/strong> f\u00fcr mehr Sicherheit und Haltbarkeit. Eine volle Ladung liefert bis zu <strong>280 km Reichweite mit Pedalunterst\u00fctzung<\/strong>, wodurch es ideal f\u00fcr Langstreckenfahrten ist, egal ob in der Stadt oder abseits der ausgetretenen Pfade.<\/p>\n<h3>\u00dcberragender Komfort f\u00fcr jedes Terrain<\/h3>\n<p>Ausgestattet mit <strong>20\u00d74,0-Zoll-Fat-Reifen<\/strong>, der RIDSTAR Q20PRO sorgt f\u00fcr hervorragende Traktion und Stabilit\u00e4t auf jedem Untergrund, von glatten Stra\u00dfen bis hin zu schroffen Pfaden. Seine <strong>Doppelfederungssystem<\/strong>, ausgestattet mit einer Vordergabel und einem hinteren Sto\u00dfd\u00e4mpfer, minimiert die Auswirkungen von Unebenheiten und sorgt f\u00fcr ein ruhiges und angenehmes Fahrerlebnis.<\/p>\n<h3>Erweiterte Funktionen f\u00fcr Sicherheit und Komfort<\/h3>\n<p>Das Q20PRO beinhaltet <strong>hydraulische Doppelbremsen<\/strong>, ein helles <strong>LED-Scheinwerfer<\/strong>, A <strong>Horn<\/strong>und ein R\u00fccklicht sorgen f\u00fcr maximale Sicherheit auf der Stra\u00dfe. Das <strong>hochwertiges LCD-Display<\/strong> informiert Sie \u00fcber Ihre Geschwindigkeit, den Akkustand und die zur\u00fcckgelegte Strecke. Mit <strong>drei Fahrmodi<\/strong>k\u00f6nnen Sie Ihren Fahrstil an Ihre Vorlieben und das Gel\u00e4nde anpassen. F\u00fcr zus\u00e4tzlichen Komfort ist das Fahrrad mit einem <strong>7,2-Zoll-Telefonhalter<\/strong>, ein ger\u00e4umiges <strong>Aufbewahrungsbox<\/strong>und ein <strong>USB-Ladeanschluss<\/strong>, sodass Ihre Ger\u00e4te auch unterwegs mit Strom versorgt bleiben.<\/p>\n<h3>Stilvolles und funktionales Design<\/h3>\n<p>Der RIDSTAR Q20PRO besticht durch sein einzigartiges und auff\u00e4lliges Design. <strong>weicher, ergonomischer Sattel<\/strong>Die verst\u00e4rkte Sattelst\u00fctze und die Hohlkammer sorgen nicht nur f\u00fcr Komfort, sondern verst\u00e4rken auch das sportliche und abenteuerliche Fahrgef\u00fchl des Fahrrads. Sein elegantes Design wird zweifellos die Blicke auf sich ziehen und es zu einer stilvollen Erg\u00e4nzung Ihres Lebensstils machen. Mit <strong>90% vormontierte Komponenten<\/strong>Das RIDSTAR Q20PRO l\u00e4sst sich schnell und einfach einrichten, sodass Sie im Handumdrehen losfahren k\u00f6nnen. Egal, ob Sie ein begeisterter Radfahrer sind oder einfach nur ein zuverl\u00e4ssiges und leistungsstarkes Elektrofahrrad suchen, das Q20PRO bietet alles. W\u00e4hlen Sie das <strong>RIDSTAR Q20PRO<\/strong> Genie\u00dfen Sie Spitzentechnologie, un\u00fcbertroffene Leistung und die Freiheit, alles zu erkunden, was Ihr Herz begehrt. Machen Sie mit RIDSTAR jede Reise zu einem Abenteuer! <img loading=\"lazy\" decoding=\"async\" class=\"size-full wp-image-291311 aligncenter\" src=\"https:\/\/ridstar.eu\/wp-content\/uploads\/2023\/10\/q20pro-2.avif\" alt=\"Ridstar Q20pro\" width=\"970\" height=\"600\" \/><\/p>\n<div class=\"magic-12\">\n<div class=\"magic-13\">\n<h3 class=\"magic-16\" style=\"text-align: center;\"><span class=\"magic-9\">Federgabel<\/span><\/h3>\n<\/div>\n<div class=\"magic-17\">\n<div class=\"magic-18\" style=\"text-align: center;\">Aluminium-Schulter- und Aluminium-Bein-Sto\u00dfd\u00e4mpfer, Doppelschulter-Vorderradgabel, zahnloses 20-Zoll-Steigrohr 305 mm * 28,6 * 25,4 * 305L * 135B * 3\/8 Zoll, Scheibenbremse, oberer und unterer Schulterabstand 230 mm, H\u00f6he 460 mm<\/div>\n<\/div>\n<\/div>\n<p><img loading=\"lazy\" decoding=\"async\" class=\"size-full wp-image-291312 aligncenter\" src=\"https:\/\/ridstar.eu\/wp-content\/uploads\/2023\/10\/q20pro-3.avif\" alt=\"Ridstar Q20pro\" width=\"1000\" height=\"1000\" \/><\/p>\n<div class=\"magic-13\">\n<h3 class=\"magic-16\" style=\"text-align: center;\"><span class=\"magic-9\">Beleuchtung<\/span><\/h3>\n<h3 class=\"magic-16\" style=\"text-align: center;\"><span style=\"color: #666666; font-size: 14px;\">Modell MD07, schwarz, 48 V, wasserdichtes Kabel vom Kunden beizustellen (Kabell\u00e4nge 200\/1000 mm), Leitungsl\u00e4nge 1200 mm MZ-04, Wasserstrahler, Leitungsl\u00e4nge 1300 mm<\/span><\/h3>\n<\/div>\n<p><img loading=\"lazy\" decoding=\"async\" class=\"size-full wp-image-291313 aligncenter\" src=\"https:\/\/ridstar.eu\/wp-content\/uploads\/2023\/10\/q20pro-4.avif\" alt=\"Ridstar Q20pro\" width=\"1000\" height=\"1000\" \/><\/p>\n<h3 class=\"magic-16\" style=\"text-align: center;\"><span class=\"magic-9\">Doppelte Lithiumbatterien<\/span><\/h3>\n<p><img loading=\"lazy\" decoding=\"async\" class=\"size-full wp-image-291314 aligncenter\" src=\"https:\/\/ridstar.eu\/wp-content\/uploads\/2023\/10\/q20pro-5.avif\" alt=\"Ridstar Q20pro\" width=\"2000\" height=\"2000\" \/><\/p>\n<h3 class=\"magic-17\" style=\"text-align: center;\">Doppelmotor<\/h3>\n<p><img loading=\"lazy\" decoding=\"async\" class=\"size-full wp-image-291315 aligncenter\" src=\"https:\/\/ridstar.eu\/wp-content\/uploads\/2023\/10\/q20pro-6.avif\" alt=\"Ridstar Q20pro\" width=\"2000\" height=\"2000\" \/> <img loading=\"lazy\" decoding=\"async\" class=\"alignnone size-full wp-image-291316\" src=\"https:\/\/ridstar.eu\/wp-content\/uploads\/2023\/10\/q20pro-7.avif\" alt=\"Ridstar Q20pro\" width=\"2000\" height=\"2000\" \/> <img loading=\"lazy\" decoding=\"async\" class=\"size-full wp-image-291317 aligncenter\" src=\"https:\/\/ridstar.eu\/wp-content\/uploads\/2023\/10\/q20pro-8.avif\" alt=\"Ridstar Q20pro\" width=\"970\" height=\"600\" \/><\/p>\n<div class=\"J_module\">\n<div class=\"icbu-pc-images magic-1\">\n<div class=\"flex-layout-v\">\n<div class=\"flex-layout-h magic-1\">\n<div class=\"magic-4\"><\/div>\n<\/div>\n<\/div>\n<\/div>\n<\/div>\n<div class=\"J_module\">\n<div class=\"ife-detail-decorate-table\">\n<table class=\"has-title all magic-6\">\n<tbody>\n<tr>\n<td colspan=\"1\" rowspan=\"1\">\n<div class=\"magic-7\">Modell<\/div>\n<\/td>\n<td colspan=\"1\" rowspan=\"1\">\n<div class=\"magic-8\">Q20PRO<\/div>\n<\/td>\n<\/tr>\n<tr>\n<td colspan=\"1\" rowspan=\"1\">\n<div class=\"magic-7\">Radgr\u00f6\u00dfe<\/div>\n<\/td>\n<td colspan=\"1\" rowspan=\"1\">\n<div class=\"magic-8\">20&#8243;*4.0<\/div>\n<\/td>\n<\/tr>\n<tr>\n<td colspan=\"1\" rowspan=\"1\">\n<div class=\"magic-7\">Farbe<\/div>\n<\/td>\n<td colspan=\"1\" rowspan=\"1\">\n<div class=\"magic-8\">Mattschwarz<\/div>\n<\/td>\n<\/tr>\n<tr>\n<td colspan=\"1\" rowspan=\"1\">\n<div class=\"magic-7\">Rahmenmaterial<\/div>\n<\/td>\n<td colspan=\"1\" rowspan=\"1\">\n<div class=\"magic-8\">Stahl<\/div>\n<\/td>\n<\/tr>\n<tr>\n<td colspan=\"1\" rowspan=\"1\">\n<div class=\"magic-7\">Batteriekapazit\u00e4t<\/div>\n<\/td>\n<td colspan=\"1\" rowspan=\"1\">\n<div class=\"magic-8\">2 St\u00fcck 20 Ah, 18650 Lithium-Ionen-Akku<\/div>\n<\/td>\n<\/tr>\n<tr>\n<td colspan=\"1\" rowspan=\"1\">\n<div class=\"magic-7\">Volt\/Watt<\/div>\n<\/td>\n<td colspan=\"1\" rowspan=\"1\">\n<div class=\"magic-8\">52 V\/750 W Spitzenleistung, mehr als 1000 W<\/div>\n<\/td>\n<\/tr>\n<tr>\n<td colspan=\"1\" rowspan=\"1\">\n<div class=\"magic-7\">Maximalgeschwindigkeit<\/div>\n<\/td>\n<td colspan=\"1\" rowspan=\"1\">\n<div class=\"magic-8\">48km\/h<\/div>\n<\/td>\n<\/tr>\n<tr>\n<td colspan=\"1\" rowspan=\"1\">\n<div class=\"magic-7\">Reichweite<\/div>\n<\/td>\n<td colspan=\"1\" rowspan=\"1\">\n<div class=\"magic-8\">120 km\/75 Meilen<\/div>\n<\/td>\n<\/tr>\n<tr>\n<td colspan=\"1\" rowspan=\"1\">\n<div class=\"magic-7\">Stromspannung<\/div>\n<\/td>\n<td colspan=\"1\" rowspan=\"1\">\n<div class=\"magic-8\">52 V<\/div>\n<\/td>\n<\/tr>\n<tr>\n<td colspan=\"1\" rowspan=\"1\">\n<div class=\"magic-7\">Stromversorgung<\/div>\n<\/td>\n<td colspan=\"1\" rowspan=\"1\">\n<div class=\"magic-8\">Lithiumbatterie<\/div>\n<\/td>\n<\/tr>\n<tr>\n<td colspan=\"1\" rowspan=\"1\">\n<div class=\"magic-7\">Bremssystem<\/div>\n<\/td>\n<td colspan=\"1\" rowspan=\"1\">\n<div class=\"magic-8\">Doppelte \u00d6lscheibenbremse<\/div>\n<\/td>\n<\/tr>\n<tr>\n<td colspan=\"1\" rowspan=\"1\">\n<div class=\"magic-7\">Ladezeit<\/div>\n<\/td>\n<td colspan=\"1\" rowspan=\"1\">\n<div class=\"magic-8\">&gt;3 Stunden<\/div>\n<\/td>\n<\/tr>\n<tr>\n<td colspan=\"1\" rowspan=\"1\">\n<div class=\"magic-7\">Motorposition<\/div>\n<\/td>\n<td colspan=\"1\" rowspan=\"1\">\n<div class=\"magic-8\">Vorderer und hinterer Nabenmotor<\/div>\n<\/td>\n<\/tr>\n<tr>\n<td colspan=\"1\" rowspan=\"1\">\n<div class=\"magic-7\">Batterieposition<\/div>\n<\/td>\n<td colspan=\"1\" rowspan=\"1\">\n<div class=\"magic-8\">Integrierter Akku<\/div>\n<\/td>\n<\/tr>\n<tr>\n<td colspan=\"1\" rowspan=\"1\">\n<div class=\"magic-7\">Batteriekapazit\u00e4t<\/div>\n<\/td>\n<td colspan=\"1\" rowspan=\"1\">\n<div class=\"magic-8\">40 Ah<\/div>\n<\/td>\n<\/tr>\n<tr>\n<td colspan=\"1\" rowspan=\"1\">\n<div class=\"magic-7\">Smart-Typ<\/div>\n<\/td>\n<td colspan=\"1\" rowspan=\"1\">\n<div class=\"magic-8\">Elektronisch<\/div>\n<\/td>\n<\/tr>\n<\/tbody>\n<\/table>\n<\/div>\n<\/div>\n<div class=\"J_module\">\n<div class=\"icbu-pc-images magic-1\">\n<div>\n<div class=\"flex-layout-v\">\n<div class=\"flex-layout-h magic-1\">\n<div class=\"magic-4\"><\/div>\n<\/div>\n<\/div>\n<\/div>\n<div class=\"text-wrapper-below text-theme-light text-align-left\">\n<div class=\"text-title\"><strong><span class=\"magic-9\">Vorbeugende Ma\u00dfnahmen:<\/span><\/strong><\/div>\n<div class=\"text-content\">\n<p><span class=\"magic-10\">1. Anf\u00e4ngern sowie \u00e4lteren und gebrechlichen Personen ist die Nutzung des Hochgeschwindigkeitsmodus untersagt. 2. Bergab zu beschleunigen ist verboten. 3. Ber\u00fchren Sie weder den Motor noch die Bremsteile. 4. Pr\u00fcfen Sie vor dem Fahren, ob die Klappposition fixiert ist.<\/span><\/p>\n<div><span class=\"magic-10\"> <strong>Drei Fahrmodi<\/strong> Elektromodus: W\u00e4hlen Sie den 1-5-Pas-Unterst\u00fctzungsmodus und drehen Sie den Gashebel, um ohne Pedalbet\u00e4tigung Geschwindigkeit zu erreichen. Unterst\u00fctzungsmodus: W\u00e4hlen Sie den 1-5-Pas-Unterst\u00fctzungsmodus, verwenden Sie die Pedale, Sie m\u00fcssen den Gashebel nicht bet\u00e4tigen. Manueller Modus: Verwenden Sie das Pedal direkt, ohne das Messger\u00e4t zu \u00f6ffnen.<\/span><\/div>\n<\/div>\n<\/div>\n<\/div>\n<\/div>\n<p>&nbsp;<\/p>","protected":false},"excerpt":{"rendered":"<p><strong>In stock as C20MAX!<\/strong><\/p>\n<p>Ridstar Q20Pro \u2013 52-V-2000-W-Motor, 40-Ah-Akku, 120 km Reichweite. Ein Jahr Garantie inklusive.<\/p>","protected":false},"featured_media":290591,"comment_status":"open","ping_status":"closed","template":"","meta":[],"product_brand":[478],"product_cat":[212],"product_tag":[265,241,264],"class_list":{"0":"post-12853","1":"product","2":"type-product","3":"status-publish","4":"has-post-thumbnail","6":"product_brand-ridstar","7":"product_cat-electric-bikes","8":"product_tag-ridstar-2000w","9":"product_tag-ridstar-q20-pro","10":"product_tag-ridstar-q20pro","12":"first","13":"outofstock","14":"sale","15":"shipping-taxable","16":"purchasable","17":"product-type-simple"},"_links":{"self":[{"href":"https:\/\/ridstar.eu\/de\/wp-json\/wp\/v2\/product\/12853","targetHints":{"allow":["GET"]}}],"collection":[{"href":"https:\/\/ridstar.eu\/de\/wp-json\/wp\/v2\/product"}],"about":[{"href":"https:\/\/ridstar.eu\/de\/wp-json\/wp\/v2\/types\/product"}],"replies":[{"embeddable":true,"href":"https:\/\/ridstar.eu\/de\/wp-json\/wp\/v2\/comments?post=12853"}],"wp:featuredmedia":[{"embeddable":true,"href":"https:\/\/ridstar.eu\/de\/wp-json\/wp\/v2\/media\/290591"}],"wp:attachment":[{"href":"https:\/\/ridstar.eu\/de\/wp-json\/wp\/v2\/media?parent=12853"}],"wp:term":[{"taxonomy":"product_brand","embeddable":true,"href":"https:\/\/ridstar.eu\/de\/wp-json\/wp\/v2\/product_brand?post=12853"},{"taxonomy":"product_cat","embeddable":true,"href":"https:\/\/ridstar.eu\/de\/wp-json\/wp\/v2\/product_cat?post=12853"},{"taxonomy":"product_tag","embeddable":true,"href":"https:\/\/ridstar.eu\/de\/wp-json\/wp\/v2\/product_tag?post=12853"}],"curies":[{"name":"wp","href":"https:\/\/api.w.org\/{rel}","templated":true}]}}