{"id":12836,"date":"2023-10-03T12:01:30","date_gmt":"2023-10-03T09:01:30","guid":{"rendered":"https:\/\/ridstar.eu\/?post_type=product&#038;p=12836"},"modified":"2026-05-01T11:38:24","modified_gmt":"2026-05-01T08:38:24","slug":"elektrisches-rennrad-samebike-sy26-350-w-36-v-10-ah-26-x-195-reifen","status":"publish","type":"product","link":"https:\/\/ridstar.eu\/de\/product\/electric-road-bike-samebike-sy26-350w-36v-10ah-26x1-95-tires\/","title":{"rendered":"Elektrisches Rennrad SAMEBIKE SY26, 350 W, 36 V, 10 Ah, 26\u2033 x 1,95\u2033 Reifen"},"content":{"rendered":"<p><iframe loading=\"lazy\" title=\"SAMEBIKE SY26 E-Bikes\" width=\"1080\" height=\"608\" src=\"https:\/\/www.youtube.com\/embed\/LFc-vim0QrI?feature=oembed\"  allow=\"accelerometer; autoplay; clipboard-write; encrypted-media; gyroscope; picture-in-picture; web-share\" referrerpolicy=\"strict-origin-when-cross-origin\" allowfullscreen><\/iframe><\/p>\n<p style=\"text-align: center\"><strong>SY26 ist ein gro\u00dfartiges City-E-Bike, ausgestattet mit einem 350-W-Hochgeschwindigkeitsmotor und einem Hochleistungsakku.<\/strong><br \/>\n<strong>Sie werden H\u00fcgel m\u00fchelos bezwingen und sich wie ein Kind gl\u00fccklich f\u00fchlen, wenn Sie auf dem Weg zum Lebensmittelgesch\u00e4ft\/Caf\u00e9\/zur Arbeit\/zur Schule durch die Stra\u00dfen und Parks der Stadt rasen. Jetzt haben Sie die Macht, Ihre Stadt zu verkleinern und sie dem Erdboden gleichzumachen.<\/strong><\/p>\n<div id=\"shopline-section-1664367472987c927208\" class=\"shopline-section section-gap\">\n<div class=\"container\">\n<div class=\"image-with-text __sl-custom-track-stage-imageWithText image-with-text--align-middle img-w-medium pos-right\">\n<div class=\"image-with-text__info-wrap color-scheme-none\">\n<div class=\"image-with-text__info-reference\">\n<div class=\"image-with-text__info image-with-text__info--align-left image-with-text__info--m-align-left\">\n<div class=\"global-image\"><img decoding=\"async\" class=\"image-with-text__img lazyautosizes lazyloaded\" src=\"https:\/\/img-va.myshopline.com\/image\/store\/2000071281\/1622273458746\/569e3169170a47739f4a9769f625956a.jpeg?w=1000&amp;h=1000\" alt=\"\" data-src=\"https:\/\/img-va.myshopline.com\/image\/store\/2000071281\/1622273458746\/569e3169170a47739f4a9769f625956a.jpeg?w=1000&amp;h=1000\" data-sizes=\"auto\" data-srcset=\"https:\/\/img-va.myshopline.com\/image\/store\/2000071281\/1622273458746\/569e3169170a47739f4a9769f625956a_375x.jpeg?w=1000&amp;h=1000 375w, https:\/\/img-va.myshopline.com\/image\/store\/2000071281\/1622273458746\/569e3169170a47739f4a9769f625956a_540x.jpeg?w=1000&amp;h=1000 540w, https:\/\/img-va.myshopline.com\/image\/store\/2000071281\/1622273458746\/569e3169170a47739f4a9769f625956a_720x.jpeg?w=1000&amp;h=1000 720w, https:\/\/img-va.myshopline.com\/image\/store\/2000071281\/1622273458746\/569e3169170a47739f4a9769f625956a_900x.jpeg?w=1000&amp;h=1000 900w, https:\/\/img-va.myshopline.com\/image\/store\/2000071281\/1622273458746\/569e3169170a47739f4a9769f625956a_1080x.jpeg?w=1000&amp;h=1000 1080w\" data-><\/div>\n<div class=\"global-image\"><strong>LCD-DISPLAY MIT HINTERGRUNDBELEUCHTUNG<\/strong><\/div>\n<div class=\"body3 image-with-text__content\"><span class=\"metafield-multi_line_text_field\">Wichtige Fahrdaten wie Geschwindigkeit, Tretunterst\u00fctzungsstufe, Akkukapazit\u00e4t, zur\u00fcckgelegte Strecke und mehr lassen sich ganz einfach anzeigen.<\/span><\/div>\n<\/div>\n<\/div>\n<\/div>\n<\/div>\n<\/div>\n<\/div>\n<div><\/div>\n<div><\/div>\n<div><\/div>\n<div><\/div>\n<div id=\"shopline-section-1664367357609ff2e65e\" class=\"shopline-section section-gap\">\n<div class=\"container\">\n<div class=\"image-with-text __sl-custom-track-stage-imageWithText image-with-text--align-middle img-w-medium pos-left\">\n<div class=\"global-image\"><img decoding=\"async\" class=\"image-with-text__img lazyautosizes lazyloaded\" src=\"https:\/\/img-va.myshopline.com\/image\/store\/2000071281\/1622273458746\/-_3.jpeg?w=1000&amp;h=1000\" alt=\"\" data-src=\"https:\/\/img-va.myshopline.com\/image\/store\/2000071281\/1622273458746\/-_3.jpeg?w=1000&amp;h=1000\" data-sizes=\"auto\" data-srcset=\"https:\/\/img-va.myshopline.com\/image\/store\/2000071281\/1622273458746\/-_3_375x.jpeg?w=1000&amp;h=1000 375w, https:\/\/img-va.myshopline.com\/image\/store\/2000071281\/1622273458746\/-_3_540x.jpeg?w=1000&amp;h=1000 540w, https:\/\/img-va.myshopline.com\/image\/store\/2000071281\/1622273458746\/-_3_720x.jpeg?w=1000&amp;h=1000 720w, https:\/\/img-va.myshopline.com\/image\/store\/2000071281\/1622273458746\/-_3_900x.jpeg?w=1000&amp;h=1000 900w, https:\/\/img-va.myshopline.com\/image\/store\/2000071281\/1622273458746\/-_3_1080x.jpeg?w=1000&amp;h=1000 1080w\" data-><\/div>\n<div class=\"global-image\"><span style=\"color: #333333;font-size: 26px\">AUTOBATTERIE<\/span><\/div>\n<div class=\"image-with-text__info-wrap color-scheme-none\">\n<div class=\"image-with-text__info-reference\">\n<div class=\"image-with-text__info image-with-text__info--align-left image-with-text__info--m-align-left\">\n<div class=\"body3 image-with-text__content\"><span class=\"metafield-multi_line_text_field\">Mit einer 18650 Hochleistungsbatterie in Autoqualit\u00e4t, weltweit versichert durch CPIC, ist eine l\u00e4ngere und sicherere Fahrt, die Sie mit einer einzigen Ladung bis zu 25\u201350 Meilen weit bringt, in Ihrer Reichweite. Erleben Sie Ihre Stadt mit einer einfachen, komfortablen und zuverl\u00e4ssigen Fahrt.<\/span><\/div>\n<\/div>\n<\/div>\n<\/div>\n<\/div>\n<\/div>\n<\/div>\n<div><\/div>\n<div><\/div>\n<div><\/div>\n<div id=\"shopline-section-166436764510391ca292\" class=\"shopline-section section-gap\">\n<div class=\"container\">\n<div class=\"image-with-text __sl-custom-track-stage-imageWithText image-with-text--align-middle img-w-medium pos-right\">\n<div class=\"global-image\"><img decoding=\"async\" class=\"image-with-text__img lazyautosizes lazyloaded\" src=\"https:\/\/img-va.myshopline.com\/image\/store\/2000071281\/1622273458746\/915f2a802ea74a40bba09b2f3f463408.jpeg?w=1000&amp;h=1000\" alt=\"\" data-src=\"https:\/\/img-va.myshopline.com\/image\/store\/2000071281\/1622273458746\/915f2a802ea74a40bba09b2f3f463408.jpeg?w=1000&amp;h=1000\" data-sizes=\"auto\" data-srcset=\"https:\/\/img-va.myshopline.com\/image\/store\/2000071281\/1622273458746\/915f2a802ea74a40bba09b2f3f463408_375x.jpeg?w=1000&amp;h=1000 375w, https:\/\/img-va.myshopline.com\/image\/store\/2000071281\/1622273458746\/915f2a802ea74a40bba09b2f3f463408_540x.jpeg?w=1000&amp;h=1000 540w, https:\/\/img-va.myshopline.com\/image\/store\/2000071281\/1622273458746\/915f2a802ea74a40bba09b2f3f463408_720x.jpeg?w=1000&amp;h=1000 720w, https:\/\/img-va.myshopline.com\/image\/store\/2000071281\/1622273458746\/915f2a802ea74a40bba09b2f3f463408_900x.jpeg?w=1000&amp;h=1000 900w, https:\/\/img-va.myshopline.com\/image\/store\/2000071281\/1622273458746\/915f2a802ea74a40bba09b2f3f463408_1080x.jpeg?w=1000&amp;h=1000 1080w\" data-><\/div>\n<div class=\"global-image\"><span style=\"color: #333333;font-size: 26px\">B\u00dcRSTENLOSER 350-W-MOTOR<\/span><\/div>\n<div class=\"image-with-text__info-wrap color-scheme-none\">\n<div class=\"image-with-text__info-reference\">\n<div class=\"image-with-text__info image-with-text__info--align-left image-with-text__info--m-align-left\">\n<div class=\"body3 image-with-text__content\"><span class=\"metafield-multi_line_text_field\">Fahren Sie schneller und bezwingen Sie m\u00fchelos Steigungen von bis zu 21 Grad mit dem b\u00fcrstenlosen Hochgeschwindigkeitsmotor. Mit einer H\u00f6chstgeschwindigkeit von 32 km\/h erleben Sie mehr Power. Es ist das perfekte E-Rennrad f\u00fcr den Alltag. Ob Sie zur Arbeit pendeln, ins Fitnessstudio fahren oder zum Caf\u00e9 fahren \u2013 es bringt Sie mit Stil und Geschwindigkeit ans Ziel.<\/span><\/div>\n<\/div>\n<\/div>\n<\/div>\n<\/div>\n<\/div>\n<\/div>\n<div><\/div>\n<div><\/div>\n<div id=\"shopline-section-166436764510391ca292\" class=\"shopline-section section-gap\">\n<div class=\"container\">\n<div class=\"image-with-text __sl-custom-track-stage-imageWithText image-with-text--align-middle img-w-medium pos-right\">\n<div class=\"image-with-text__info-wrap color-scheme-none\">\n<div><\/div>\n<\/div>\n<\/div>\n<\/div>\n<\/div>\n<div id=\"shopline-section-166436772925034afcad\" class=\"shopline-section section-gap\">\n<div class=\"container\">\n<div class=\"image-with-text __sl-custom-track-stage-imageWithText image-with-text--align-middle img-w-medium pos-left\">\n<div class=\"global-image\"><img decoding=\"async\" class=\"image-with-text__img lazyautosizes lazyloaded\" src=\"https:\/\/img-va.myshopline.com\/image\/store\/2000071281\/1622273458746\/7a70e5ed80c348b883a2707197a827b2.jpeg?w=1000&amp;h=1000\" alt=\"\" data-src=\"https:\/\/img-va.myshopline.com\/image\/store\/2000071281\/1622273458746\/7a70e5ed80c348b883a2707197a827b2.jpeg?w=1000&amp;h=1000\" data-sizes=\"auto\" data-srcset=\"https:\/\/img-va.myshopline.com\/image\/store\/2000071281\/1622273458746\/7a70e5ed80c348b883a2707197a827b2_375x.jpeg?w=1000&amp;h=1000 375w, https:\/\/img-va.myshopline.com\/image\/store\/2000071281\/1622273458746\/7a70e5ed80c348b883a2707197a827b2_540x.jpeg?w=1000&amp;h=1000 540w, https:\/\/img-va.myshopline.com\/image\/store\/2000071281\/1622273458746\/7a70e5ed80c348b883a2707197a827b2_720x.jpeg?w=1000&amp;h=1000 720w, https:\/\/img-va.myshopline.com\/image\/store\/2000071281\/1622273458746\/7a70e5ed80c348b883a2707197a827b2_900x.jpeg?w=1000&amp;h=1000 900w, https:\/\/img-va.myshopline.com\/image\/store\/2000071281\/1622273458746\/7a70e5ed80c348b883a2707197a827b2_1080x.jpeg?w=1000&amp;h=1000 1080w\" data-><\/div>\n<div class=\"global-image\"><span style=\"color: #333333;font-size: 26px\">DOPPELSCHEIBENBREMSE UND SHIMANO-SCHALTHEBEL<\/span><\/div>\n<div class=\"image-with-text__info-wrap color-scheme-none\">\n<div class=\"image-with-text__info-reference\">\n<div class=\"image-with-text__info image-with-text__info--align-left image-with-text__info--m-align-left\">\n<div class=\"body3 image-with-text__content\"><span class=\"metafield-multi_line_text_field\">Mechanische Scheibenbremse und Shimano 21-Gang-Schalthebel sorgen f\u00fcr pr\u00e4zises, kraftvolles und progressives Bremsen und Schalten unter allen Bedingungen, was f\u00fcr Ihre Fahrsicherheit beim Fahren in den Bergen, bei Schnee und Regen sorgt.\u00a0<\/span><\/div>\n<\/div>\n<\/div>\n<\/div>\n<\/div>\n<\/div>\n<\/div>\n<p>&nbsp;<\/p>\n<\/div>\n<\/div>","protected":false},"excerpt":{"rendered":"<p>Modell Nr. SY26<br \/>\nUmwerfer: SHIMANO 7-Gang<br \/>\nBatterie: 36V10AH Lithium-Ionen-Batterie<br \/>\nMotor: 350 W b\u00fcrstenloser Hochgeschwindigkeitsmotor<br \/>\nReifen: 26\u2033*1,95\u2033 CHAOYANG-Reifen<br \/>\nRein elektrischer Modus: 40 km<br \/>\nMoped-Modus: 80 km<br \/>\nH\u00f6chstgeschwindigkeit: 32 km\/h<br \/>\nNutzlastkapazit\u00e4t: 150 kg<\/p>","protected":false},"featured_media":12842,"comment_status":"open","ping_status":"closed","template":"","meta":[],"product_brand":[],"product_cat":[212],"product_tag":[],"class_list":{"0":"post-12836","1":"product","2":"type-product","3":"status-publish","4":"has-post-thumbnail","6":"product_cat-electric-bikes","8":"first","9":"outofstock","10":"sale","11":"shipping-taxable","12":"purchasable","13":"product-type-simple"},"_links":{"self":[{"href":"https:\/\/ridstar.eu\/de\/wp-json\/wp\/v2\/product\/12836","targetHints":{"allow":["GET"]}}],"collection":[{"href":"https:\/\/ridstar.eu\/de\/wp-json\/wp\/v2\/product"}],"about":[{"href":"https:\/\/ridstar.eu\/de\/wp-json\/wp\/v2\/types\/product"}],"replies":[{"embeddable":true,"href":"https:\/\/ridstar.eu\/de\/wp-json\/wp\/v2\/comments?post=12836"}],"wp:featuredmedia":[{"embeddable":true,"href":"https:\/\/ridstar.eu\/de\/wp-json\/wp\/v2\/media\/12842"}],"wp:attachment":[{"href":"https:\/\/ridstar.eu\/de\/wp-json\/wp\/v2\/media?parent=12836"}],"wp:term":[{"taxonomy":"product_brand","embeddable":true,"href":"https:\/\/ridstar.eu\/de\/wp-json\/wp\/v2\/product_brand?post=12836"},{"taxonomy":"product_cat","embeddable":true,"href":"https:\/\/ridstar.eu\/de\/wp-json\/wp\/v2\/product_cat?post=12836"},{"taxonomy":"product_tag","embeddable":true,"href":"https:\/\/ridstar.eu\/de\/wp-json\/wp\/v2\/product_tag?post=12836"}],"curies":[{"name":"wp","href":"https:\/\/api.w.org\/{rel}","templated":true}]}}