{"id":12728,"date":"2023-09-26T14:58:46","date_gmt":"2023-09-26T11:58:46","guid":{"rendered":"https:\/\/ridstar.eu\/?post_type=product&#038;p=12728"},"modified":"2026-03-30T08:42:01","modified_gmt":"2026-03-30T06:42:01","slug":"elektrofahrrad-coswheel-gt20-48v-1000w-25ah-batterie","status":"publish","type":"product","link":"https:\/\/ridstar.eu\/de\/product\/elektrofahrrad-coswheel-gt20-48v-1000w-25ah-batterie\/","title":{"rendered":"Elektrofahrrad Coswheel GT20, 48V, 1000W, 25Ah Akku"},"content":{"rendered":"<p><iframe title=\"2023 COSWHEEL Offroad-Abenteuer-E-Bike GT20\" src=\"https:\/\/www.youtube.com\/embed\/3oKtG01GLIs?feature=oembed\" width=\"1170\" height=\"658\" frameborder=\"0\" allowfullscreen=\"allowfullscreen\" data-mce-fragment=\"1\"><\/iframe><\/p>\n<p>Wichtige Spezifikationen:<\/p>\n<table border=\"1\">\n<tbody>\n<tr>\n<td><strong>Farbe<\/strong><\/td>\n<td>schwarzer Rahmen, gelber Kreis; grauer Rahmen, schwarzes Rad<\/td>\n<\/tr>\n<tr>\n<td><strong>Batterie<\/strong><\/td>\n<td>1200 Wh (25 Ah)<\/td>\n<\/tr>\n<tr>\n<td><strong>Rahmenmaterial<\/strong><\/td>\n<td>Vollst\u00e4ndig individuell geformte, dreifach konifizierte 6061-T6-Aluminiumlegierung<\/td>\n<\/tr>\n<tr>\n<td><strong>Motor<\/strong><\/td>\n<td>1000 W Hochgeschwindigkeitsmotor<\/td>\n<\/tr>\n<tr>\n<td><strong>H\u00f6chstgeschwindigkeit<\/strong><\/td>\n<td>45 km\/h (28 mph)<\/td>\n<\/tr>\n<tr>\n<td><strong>Getriebe<\/strong><\/td>\n<td>Shimano 7-Gang<\/td>\n<\/tr>\n<tr>\n<td><strong>Reifen<\/strong><\/td>\n<td>CHAOYANG Schwarze Offroad-Reifen 20\u2033 \u00d7 4,0\u2033 A820 60TPI<\/td>\n<\/tr>\n<tr>\n<td><strong>Reichweite pro Ladung<\/strong><\/td>\n<td>90-100km (bis zu 180km im Hilfsmodus)<\/td>\n<\/tr>\n<tr>\n<td><strong>Spannung<\/strong><\/td>\n<td>48 V<\/td>\n<\/tr>\n<tr>\n<td><strong>Faltbar<\/strong><\/td>\n<td>NEIN<\/td>\n<\/tr>\n<tr>\n<td><strong>Ladezeit<\/strong><\/td>\n<td>bis 8:00 Uhr<\/td>\n<\/tr>\n<tr>\n<td><strong>Vorderradgabel<\/strong><\/td>\n<td>Sto\u00dfd\u00e4mpfende 20-Zoll-Schultergabel<\/td>\n<\/tr>\n<tr>\n<td><strong>Laternen<\/strong><\/td>\n<td>Schneemobillichter, 4-adrige Kabel, wasserdichte Schnellverschlussleitung<\/td>\n<\/tr>\n<tr>\n<td><strong>Regler<\/strong><\/td>\n<td>Maximaler Ladestrom 28AH<\/td>\n<\/tr>\n<tr>\n<td><strong>Pedale<\/strong><\/td>\n<td>Pedal aus Aluminiumlegierung, mit reflektierendem Licht, Achse 9\/16 x2<\/td>\n<\/tr>\n<tr>\n<td><strong>Lenkrad<\/strong><\/td>\n<td>d32 d22 sandschwarz<\/td>\n<\/tr>\n<tr>\n<td><strong>Kette<\/strong><\/td>\n<td>7-Zahnrad-Korrosionsschutz, 1\/2\u2033 x 3\/32\u2033<\/td>\n<\/tr>\n<tr>\n<td><strong>Bremsen<\/strong><\/td>\n<td>180 mm breite und 3 mm dicke bel\u00fcftete Scheiben<\/td>\n<\/tr>\n<tr>\n<td><strong>Leistung<\/strong><\/td>\n<td>80Nm<\/td>\n<\/tr>\n<tr>\n<td><strong>Gewicht<\/strong><\/td>\n<td>\u226545 kg<\/td>\n<\/tr>\n<tr>\n<td><strong>Bremssystem<\/strong><\/td>\n<td>\u00d6lzylinderbremsen in Motorradqualit\u00e4t vorn und hinten mit zwei Kolben.<\/td>\n<\/tr>\n<tr>\n<td><strong>Maximale Belastung<\/strong><\/td>\n<td>200 kg (sichere Belastung \u2264 150 kg)<\/td>\n<\/tr>\n<tr>\n<td><strong>Gr\u00f6\u00dfe<\/strong><\/td>\n<td>180x60x115cm<\/td>\n<\/tr>\n<\/tbody>\n<\/table>\n<div id=\"simple-translate\" class=\"simple-translate-light-theme\">\n<div>\n<div class=\"simple-translate-button isShow\" style=\"background-image: url('chrome-extension:\/\/cllnohpbfenopiakdcjmjcbaeapmkcdl\/icons\/512.png'); height: 22px; width: 22px; top: 884px; left: 167px;\"><\/div>\n<div class=\"simple-translate-panel\" style=\"width: 300px; height: 200px; top: 0px; left: 0px; font-size: 13px;\">\n<div class=\"simple-translate-result-wrapper\" style=\"overflow: hidden;\">\n<div class=\"simple-translate-move\" draggable=\"true\"><\/div>\n<div class=\"simple-translate-result-contents\">\n<p class=\"simple-translate-candidate\" dir=\"auto\">\n<\/div>\n<\/div>\n<\/div>\n<\/div>\n<\/div>","protected":false},"excerpt":{"rendered":"<p>Coswheel GT20, 48 V, 1000 W, 25 Ah Akku<\/p>\n<p><strong>Das Fahrrad wird bereits an die EU-Vorschriften angepasst geliefert, d.\u00a0h. mit reduzierter Leistung und Geschwindigkeit, was \u00fcber den LCD-Bildschirm einfach behoben werden kann.<\/strong><\/p>\n<p>\u2013 Kostenlose Lieferung innerhalb von 3-7 Tagen<br \/>\n\u2013 Garantie \u2013 12 Monate.<br \/>\n\u2013 Gro\u00dfer 25Ah Akku<br \/>\n\u2013 Maximale Belastung bis zu 200 kg.<br \/>\n\u2013 Verf\u00fcgt \u00fcber europ\u00e4ische CE-, EN15194- und amerikanische UL2849-Zertifikate<\/p>","protected":false},"featured_media":13001,"comment_status":"open","ping_status":"closed","template":"","meta":[],"product_brand":[],"product_cat":[212],"product_tag":[],"class_list":{"0":"post-12728","1":"product","2":"type-product","3":"status-publish","4":"has-post-thumbnail","6":"product_cat-electric-bikes","8":"first","9":"outofstock","10":"sale","11":"shipping-taxable","12":"purchasable","13":"product-type-simple"},"jetpack_sharing_enabled":true,"_links":{"self":[{"href":"https:\/\/ridstar.eu\/de\/wp-json\/wp\/v2\/product\/12728","targetHints":{"allow":["GET"]}}],"collection":[{"href":"https:\/\/ridstar.eu\/de\/wp-json\/wp\/v2\/product"}],"about":[{"href":"https:\/\/ridstar.eu\/de\/wp-json\/wp\/v2\/types\/product"}],"replies":[{"embeddable":true,"href":"https:\/\/ridstar.eu\/de\/wp-json\/wp\/v2\/comments?post=12728"}],"wp:featuredmedia":[{"embeddable":true,"href":"https:\/\/ridstar.eu\/de\/wp-json\/wp\/v2\/media\/13001"}],"wp:attachment":[{"href":"https:\/\/ridstar.eu\/de\/wp-json\/wp\/v2\/media?parent=12728"}],"wp:term":[{"taxonomy":"product_brand","embeddable":true,"href":"https:\/\/ridstar.eu\/de\/wp-json\/wp\/v2\/product_brand?post=12728"},{"taxonomy":"product_cat","embeddable":true,"href":"https:\/\/ridstar.eu\/de\/wp-json\/wp\/v2\/product_cat?post=12728"},{"taxonomy":"product_tag","embeddable":true,"href":"https:\/\/ridstar.eu\/de\/wp-json\/wp\/v2\/product_tag?post=12728"}],"curies":[{"name":"wp","href":"https:\/\/api.w.org\/{rel}","templated":true}]}}