{"id":12721,"date":"2023-09-26T13:16:42","date_gmt":"2023-09-26T11:16:42","guid":{"rendered":"https:\/\/ridstar.eu\/?post_type=product&#038;p=12721"},"modified":"2025-11-26T07:26:14","modified_gmt":"2025-11-26T05:26:14","slug":"elektrofahrrad-coswheel-t26-750-w-48-v-25-ah-akku-90-100-km-fahrstrecke","status":"publish","type":"product","link":"https:\/\/ridstar.eu\/de\/product\/elektrofahrrad-coswheel-t26-750-w-48-v-25-ah-akku-90-100-km-fahrstrecke\/","title":{"rendered":"Elektrofahrrad COSWHEEL T26, 1000W (Spitzenleistung 1500W), 48V 25Ah Akku"},"content":{"rendered":"<h3><strong>Coswheel T26 Elektrofahrrad: Un\u00fcbertroffene Leistung, Komfort und Haltbarkeit<\/strong><\/h3>\n<p>Der <strong>Coswheel T26<\/strong> Das E-Bike bietet ein au\u00dfergew\u00f6hnliches Fahrerlebnis \u2013 egal, ob Sie Offroad-Strecken erkunden oder durch die Stadt cruisen. Dieses E-Bike wurde f\u00fcr Langlebigkeit und Leistung entwickelt und kombiniert einen robusten Rahmen, einen leistungsstarken Motor und hochwertige Komponenten f\u00fcr ein unvergessliches Fahrerlebnis.<\/p>\n<hr \/>\n<h4><strong>Hauptmerkmale<\/strong><\/h4>\n<ul>\n<li><strong>Leistungsstarker 1000-W-Motor<\/strong><br \/>\nDer <strong>Coswheel T26<\/strong> ist ausgestattet mit einem <strong>1000-W-Motor<\/strong>, bietet ausreichend Leistung f\u00fcr steile Anstiege und hohe Geschwindigkeiten. Er erreicht eine H\u00f6chstgeschwindigkeit von <strong>45 km\/h (28 mph)<\/strong>und sorgt f\u00fcr ein aufregendes Erlebnis auf jedem Terrain.<\/li>\n<li><strong>Batterie mit gro\u00dfer Reichweite<\/strong><br \/>\nDer <strong>1200Wh (25Ah) Lithiumbatterie<\/strong> bietet eine beeindruckende <strong>90-100 km<\/strong> Reichweite pro Ladung, sodass Sie lange Strecken zur\u00fccklegen k\u00f6nnen, ohne sich st\u00e4ndig um das Aufladen k\u00fcmmern zu m\u00fcssen. Die Batterie ist in einem schlanken, <strong>grauer Rahmen<\/strong> mit <strong>schwarze R\u00e4der<\/strong> Und <strong>schwarze Batterie<\/strong>und bietet ein stilvolles, modernes Erscheinungsbild.<\/li>\n<li><strong>Shimano 7-Gang-Getriebe<\/strong><br \/>\nDer <strong>Shimano 7-Gang-Antrieb<\/strong> erm\u00f6glicht sanftes Schalten und bietet vielseitige Gangoptionen f\u00fcr unterschiedliches Gel\u00e4nde, von ebenen Stra\u00dfen bis zu steilen Anstiegen.<\/li>\n<li><strong>Robuste Reifen f\u00fcr jedes Gel\u00e4nde<\/strong><br \/>\nDer <strong>26\u2033 x 4,0\u2033 Chaoyang-Reifen in Schwarz<\/strong> bieten hervorragende Traktion und Stabilit\u00e4t auf verschiedenen Oberfl\u00e4chen, einschlie\u00dflich Kies, Sand, Schnee und mehr. Entworfen mit einem <strong>30TPI AV+ Belagg\u00fcrtel<\/strong>Diese Reifen sind auf Langlebigkeit und Komfort ausgelegt.<\/li>\n<li><strong>Fortschrittliches Federungssystem<\/strong><br \/>\nDer <strong>26\u2033 Vorderradgabel aus Vollaluminium mit Doppelschulter-Snow-Federung<\/strong> mit <strong>171mm Mitte<\/strong> Und <strong>180mm Federweg<\/strong> sorgt daf\u00fcr, dass Sie unwegsames Gel\u00e4nde mit Leichtigkeit bew\u00e4ltigen k\u00f6nnen. Es absorbiert St\u00f6\u00dfe und Schl\u00e4ge und bietet selbst auf den h\u00e4rtesten Oberfl\u00e4chen eine ruhige und komfortable Fahrt.<\/li>\n<li><strong>Hydraulisches Bremssystem<\/strong><br \/>\nDer <strong>Coswheel T26<\/strong> ist ausgestattet mit <strong>vorne und hinten \u00d6lzylinder-Doppelkolbenbremsen in Motorradqualit\u00e4t<\/strong>, mit <strong>180 mm bel\u00fcftete Bremsscheiben<\/strong>. Diese Hochleistungsbremsen bieten starke Bremskraft und sorgen f\u00fcr Sicherheit bei Hochgeschwindigkeitsfahrten oder Notbremsungen.<\/li>\n<li><strong>Individuelles Rahmendesign<\/strong><br \/>\nDer <strong>Rahmenmaterial<\/strong> ist ein <strong>vollst\u00e4ndig individuell hydrogeformte, dreifach konifizierte 6061-T6 Aluminiumlegierung<\/strong>und bietet ein hohes Verh\u00e4ltnis von Festigkeit zu Gewicht, das die Leistung und Haltbarkeit verbessert, w\u00e4hrend das Fahrrad gleichzeitig relativ leicht bleibt.<\/li>\n<\/ul>\n<hr \/>\n<h4><strong>Technische Spezifikationen<\/strong><\/h4>\n<ul>\n<li><strong>Maximalgeschwindigkeit<\/strong>: 45 km\/h (28 mph)<\/li>\n<li><strong>Batterie<\/strong>: 1200Wh (25Ah)<\/li>\n<li><strong>Rahmenmaterial<\/strong>: Speziell hydrogeformte, dreifach konifizierte 6061-T6 Aluminiumlegierung<\/li>\n<li><strong>Motor<\/strong>Leistung: 1000 W<\/li>\n<li><strong>Shimano 7-Gang-Getriebe<\/strong><\/li>\n<li><strong>Reifengr\u00f6\u00dfe<\/strong>: 26\u2033 x 4,0\u2033<\/li>\n<li><strong>Reichweite pro Ladung<\/strong>: 90-100 km<\/li>\n<li><strong>Stromspannung<\/strong>: 48 V<\/li>\n<li><strong>Faltbar<\/strong>: Ja<\/li>\n<li><strong>Ladezeit<\/strong>: 3,5-8,0 Stunden<\/li>\n<li><strong>Vorderradgabel<\/strong>: 26\u2033 Vollaluminium Doppelschulter Snow Federgabel, 171mm Mitte<\/li>\n<li><strong>Scheinwerfer<\/strong>: Kleine Leuchte mit 4-adrigem Kabel<\/li>\n<li><strong>R\u00fccklicht<\/strong>: Ma\u00dfgeschneidertes 48V-R\u00fccklicht mit schneller Demontage<\/li>\n<li><strong>Ladeger\u00e4t<\/strong>: Spannung 110 V-240 V, mit R\u00fcckflussschutzfunktion<\/li>\n<li><strong>Regler<\/strong>: Max. Belastung 28AH Strom<\/li>\n<li><strong>Kurbel<\/strong>: 1\/2\u2033 * 3\/32\u2033 * 46T, 7-Gang ED-Zahnplatte<\/li>\n<li><strong>Pedale<\/strong>: Aluminiumlegierung mit reflektierendem Licht, 9\/16 x2 Achse<\/li>\n<li><strong>Lenker<\/strong>: Schwarz, 31,8 * 660 mm<\/li>\n<li><strong>Kette<\/strong>: 7-Gang-Rostschutz<\/li>\n<li><strong>Bremsen<\/strong>: Bel\u00fcftete 180-mm-Scheiben vorn und hinten<\/li>\n<li><strong>Federweg<\/strong>: 180 mm<\/li>\n<li><strong>Drehmoment<\/strong>: 80 Nm<\/li>\n<li><strong>Gewicht<\/strong>: \u226540 kg<\/li>\n<li><strong>Maximale Belastung<\/strong>: 150 kg (sichere Belastung \u2264 120 kg)<\/li>\n<li><strong>Gr\u00f6\u00dfe<\/strong>: 186 * 65 * 120 cm<\/li>\n<li><strong>Verpackungsgr\u00f6\u00dfe<\/strong>: 165 * 35 * 90 cm<\/li>\n<\/ul>\n<hr \/>\n<h4><strong>Packliste<\/strong><\/h4>\n<ol>\n<li>Elektrofahrrad<\/li>\n<li>Batterie<\/li>\n<li>Ladeger\u00e4t<\/li>\n<li>Pedale<\/li>\n<li>Bedienungsanleitung<\/li>\n<\/ol>\n<hr \/>\n<h3><strong>Coswheel T26: Erobern Sie jedes Gel\u00e4nde mit Zuversicht<\/strong><\/h3>\n<p>Egal ob Sie durch die Stra\u00dfen der Stadt pendeln oder sich auf ein Offroad-Abenteuer begeben, die <strong>Coswheel T26<\/strong> bietet die Leistung, Haltbarkeit und den Komfort, den Sie brauchen. Sein leistungsstarker Motor, der langlebige Akku und die robusten Reifen sorgen daf\u00fcr, dass Sie sicher fahren k\u00f6nnen, egal wohin Ihre Reise Sie f\u00fchrt.<\/p>\n<p><strong>Machen Sie sich bereit, Ihre Fahrt mit dem Coswheel T26 zu einem neuen Erlebnis zu machen \u2013 Ihrem gel\u00e4ndeg\u00e4ngigen Elektrofahrrad f\u00fcr grenzenlose Erkundungen.<\/strong><\/p>\n<p><img decoding=\"async\" class=\"alignnone size-full wp-image-290448\" src=\"https:\/\/ridstar.eu\/wp-content\/uploads\/2023\/09\/t26.jpg\" alt=\"\" width=\"2500\" height=\"2500\"> <img decoding=\"async\" class=\"alignnone size-full wp-image-12726\" src=\"https:\/\/ridstar.eu\/wp-content\/uploads\/2023\/09\/T26-6.jpeg\" alt=\"coswheel t26\" width=\"1280\" height=\"720\" \/> <img decoding=\"async\" class=\"alignnone size-full wp-image-12725\" src=\"https:\/\/ridstar.eu\/wp-content\/uploads\/2023\/09\/T26-5.jpeg\" alt=\"coswheel t26\" width=\"1280\" height=\"720\" \/> <img decoding=\"async\" class=\"alignnone size-full wp-image-12724\" src=\"https:\/\/ridstar.eu\/wp-content\/uploads\/2023\/09\/T26-4.jpeg\" alt=\"coswheel t26\" width=\"1280\" height=\"720\" \/><\/p>","protected":false},"excerpt":{"rendered":"<p>COSWEEL T26<\/p>\n<p>\u2013 Kostenlose Lieferung innerhalb von 3-7 Tagen<br \/>\n\u2013 Garantie \u2013 12 Monate.<br \/>\n\u2013 Gro\u00dfer 25Ah Akku<br \/>\n\u2013 Geeignet f\u00fcr Personen mit einer K\u00f6rpergr\u00f6\u00dfe von 170\u2013203 cm und einem Gewicht von bis zu 150 kg.<br \/>\n\u2013 Verf\u00fcgt \u00fcber europ\u00e4ische CE-, EN15194- und amerikanische UL2849-Zertifikate<br \/>\n\u2013 Hochwertiges, patentiertes Design<\/p>\n<p><img decoding=\"async\" class=\"\" src=\"https:\/\/www.coswheelebike.com\/cdn\/shop\/files\/T26_small_detail_b2587de8-b22c-4a74-a5ca-7837636b6175.png?v=1728530000&amp;width=1920\" width=\"498\" height=\"130\" \/><\/p>\n<p>Komplett mit Kofferraum und Schutzblechen.<\/p>","protected":false},"featured_media":291249,"comment_status":"open","ping_status":"closed","template":"","meta":[],"product_brand":[],"product_cat":[212],"product_tag":[],"class_list":{"0":"post-12721","1":"product","2":"type-product","3":"status-publish","4":"has-post-thumbnail","6":"product_cat-electric-bikes","8":"first","9":"outofstock","10":"sale","11":"shipping-taxable","12":"purchasable","13":"product-type-simple"},"jetpack_sharing_enabled":true,"_links":{"self":[{"href":"https:\/\/ridstar.eu\/de\/wp-json\/wp\/v2\/product\/12721","targetHints":{"allow":["GET"]}}],"collection":[{"href":"https:\/\/ridstar.eu\/de\/wp-json\/wp\/v2\/product"}],"about":[{"href":"https:\/\/ridstar.eu\/de\/wp-json\/wp\/v2\/types\/product"}],"replies":[{"embeddable":true,"href":"https:\/\/ridstar.eu\/de\/wp-json\/wp\/v2\/comments?post=12721"}],"wp:featuredmedia":[{"embeddable":true,"href":"https:\/\/ridstar.eu\/de\/wp-json\/wp\/v2\/media\/291249"}],"wp:attachment":[{"href":"https:\/\/ridstar.eu\/de\/wp-json\/wp\/v2\/media?parent=12721"}],"wp:term":[{"taxonomy":"product_brand","embeddable":true,"href":"https:\/\/ridstar.eu\/de\/wp-json\/wp\/v2\/product_brand?post=12721"},{"taxonomy":"product_cat","embeddable":true,"href":"https:\/\/ridstar.eu\/de\/wp-json\/wp\/v2\/product_cat?post=12721"},{"taxonomy":"product_tag","embeddable":true,"href":"https:\/\/ridstar.eu\/de\/wp-json\/wp\/v2\/product_tag?post=12721"}],"curies":[{"name":"wp","href":"https:\/\/api.w.org\/{rel}","templated":true}]}}