{"id":12689,"date":"2023-09-22T10:16:51","date_gmt":"2023-09-22T07:16:51","guid":{"rendered":"https:\/\/ridstar.eu\/?post_type=product&#038;p=12689"},"modified":"2025-08-13T20:17:13","modified_gmt":"2025-08-13T18:17:13","slug":"elektrofahrrad-lankeleisi-xt750-plus-1000w-48v-175-ah-akku-faltbar","status":"publish","type":"product","link":"https:\/\/ridstar.eu\/de\/product\/elektrofahrrad-lankeleisi-xt750-plus-1000w-48v-175-ah-akku-faltbar\/","title":{"rendered":"Elektrofahrrad LANKELEISI XT750 PLUS, 1000W, 48V, 17,5Ah Akku, faltbar"},"content":{"rendered":"<p><iframe title=\"Lankeleisi T750 Plus Elektro-Mountainbikes\" width=\"1080\" height=\"608\" src=\"https:\/\/www.youtube.com\/embed\/cDcVAsRmw1c?feature=oembed\"  allow=\"accelerometer; autoplay; clipboard-write; encrypted-media; gyroscope; picture-in-picture; web-share\" referrerpolicy=\"strict-origin-when-cross-origin\" allowfullscreen><\/iframe><\/p>\n<h3><strong>Elektrofahrrad LANKELEISI XT750 PLUS<\/strong><\/h3>\n<h4><strong>Faltbar, leistungsstark und f\u00fcr lange Distanzen konzipiert<\/strong><\/h4>\n<p>Der <strong>LANKELEISI XT750 PLUS<\/strong> ist ein vielseitiges Elektrofahrrad, das sowohl f\u00fcr Fahrten in der Stadt als auch f\u00fcr Abenteuer im Gel\u00e4nde konzipiert ist. Sein faltbares Design, seine gro\u00dfe Reichweite und sein robuster Rahmen aus Aluminiumlegierung machen es zu einer ausgezeichneten Wahl f\u00fcr Fahrer, die Wert auf Komfort und Leistung legen.<\/p>\n<hr \/>\n<h3><strong>Hauptmerkmale<\/strong><\/h3>\n<ul>\n<li><strong>Leistungsstarker Hinterradnabenmotor<\/strong><br \/>\nDer <strong>48V Hinterradnabenmotor<\/strong> liefert ein Drehmoment von <strong>60-70Nm<\/strong>, sorgt f\u00fcr eine sanfte Beschleunigung und eine H\u00f6chstgeschwindigkeit von <strong>30-50 km\/h<\/strong>, abh\u00e4ngig vom Gel\u00e4nde und den Fahrbedingungen.<\/li>\n<li><strong>Beeindruckende Reichweite und Batterie<\/strong><br \/>\nAusgestattet mit einem <strong>48V 17,5Ah Lithium-Ionen-Akku<\/strong> Der XT750 PLUS ist an der hinteren Halterung angebracht und bietet eine Reichweite von \u00fcber <strong>120 km<\/strong> im Elektrobetrieb und bis zu <strong>240 km<\/strong> im Pedal-Assist-Modus. Der Akku wird vollst\u00e4ndig aufgeladen in <strong>5-6 Stunden<\/strong>, damit Sie f\u00fcr Ihr n\u00e4chstes Abenteuer bereit sind.<\/li>\n<li><strong>Robuster und leichter Rahmen<\/strong><br \/>\nGebaut mit <strong>Aluminiumlegierung<\/strong>Der XT750 PLUS ist leicht und robust zugleich und eignet sich daher f\u00fcr unwegsames Gel\u00e4nde und den t\u00e4glichen Gebrauch.<\/li>\n<li><strong>Faltbares Design<\/strong><br \/>\nDas Fahrrad l\u00e4sst sich auf eine kompakte Gr\u00f6\u00dfe zusammenfalten <strong>159x28x85 cm<\/strong>, wodurch die Lagerung und der Transport erleichtert werden.<\/li>\n<li><strong>Vielseitiger 27-Gang-Antrieb<\/strong><br \/>\nDer <strong>27-Gang-Schaltung<\/strong> sorgt f\u00fcr pr\u00e4zises und sanftes Schalten und erm\u00f6glicht so eine bessere Anpassung an unterschiedliches Gel\u00e4nde, egal ob beim Erklimmen steiler H\u00fcgel oder beim Fahren auf ebenen Stra\u00dfen.<\/li>\n<li><strong>All-Terrain-Reifen<\/strong><br \/>\nDer <strong>26\u00d74-Zoll-Reifen<\/strong> bieten hervorragenden Halt und Stabilit\u00e4t und gew\u00e4hrleisten eine sichere und komfortable Fahrt auf Sand-, Schnee- oder Schlammwegen.<\/li>\n<\/ul>\n<hr \/>\n<h3><strong>Technische Daten<\/strong><\/h3>\n<h4><strong>Leistung<\/strong><\/h4>\n<ul>\n<li><strong>H\u00f6chstgeschwindigkeit<\/strong>: 30-50 km\/h<\/li>\n<li><strong>Reichweite<\/strong>:\n<ul>\n<li>Elektromodus: &gt;120 km<\/li>\n<li>Tretunterst\u00fctzungsmodus: Bis zu 240 km<\/li>\n<\/ul>\n<\/li>\n<li><strong>Drehmoment<\/strong>: 60-70Nm<\/li>\n<\/ul>\n<h4><strong>Akku und Laden<\/strong><\/h4>\n<ul>\n<li><strong>Batterie<\/strong>: 48V 17,5Ah Lithium-Ionen-Akku<\/li>\n<li><strong>Ladezeit<\/strong>: 5-6 Stunden<\/li>\n<li><strong>Batterieposition<\/strong>: Hintere Halterung<\/li>\n<\/ul>\n<h4><strong>Aufbau und Design<\/strong><\/h4>\n<ul>\n<li><strong>Rahmenmaterial<\/strong>: Aluminiumlegierung<\/li>\n<li><strong>Radgr\u00f6\u00dfe<\/strong>: 26 Zoll<\/li>\n<li><strong>Reifenbreite<\/strong>: 26\u00d74 Zoll<\/li>\n<li><strong>Gefaltete Gr\u00f6\u00dfe<\/strong>: 159x28x85 cm<\/li>\n<\/ul>\n<h4><strong>Gewicht und Kapazit\u00e4t<\/strong><\/h4>\n<ul>\n<li><strong>Produktgewicht<\/strong>: 40 kg<\/li>\n<li><strong>Maximale Entfernung<\/strong>: 240 km<\/li>\n<\/ul>\n<h4><strong>Getriebe und Motor<\/strong><\/h4>\n<ul>\n<li><strong>Getriebe<\/strong>: 27-Gang-Antrieb<\/li>\n<li><strong>Motorposition<\/strong>: Hinterradnabenmotor<\/li>\n<\/ul>\n<hr \/>\n<h3><strong>Warum sollten Sie sich f\u00fcr LANKELEISI XT750 PLUS entscheiden?<\/strong><\/h3>\n<p>Der <strong>LANKELEISI XT750 PLUS<\/strong> ist die perfekte Kombination aus Funktionalit\u00e4t, Leistung und Haltbarkeit. Mit seinem faltbaren Design, der Batterie mit gro\u00dfer Reichweite und dem Hochgeschwindigkeitsmotor ist dieses E-Bike ideal f\u00fcr den t\u00e4glichen Weg zur Arbeit, Langstreckenfahrten oder Wochenendausfl\u00fcge.<\/p>\n<p><strong>R\u00fcsten Sie Ihr Fahrrad noch heute mit dem LANKELEISI XT750 PLUS auf \u2013 dem ultimativen E-Bike f\u00fcr Entdecker.<\/strong><\/p>","protected":false},"excerpt":{"rendered":"<p>XT750 PLUS ist das meistverkaufte Modell von LANKELEISI \u2013 dank der gro\u00dfkapazit\u00e4tsstarken, langlebigen Lithiumbatterie, dem leistungsstarken 1000-W-48-V-Motor und dem vielseitigen und praktischen Klapprahmen eignet sich das Fahrrad sowohl f\u00fcr ruhige Fahrten als auch f\u00fcr aktiven Sport.<\/p>\n<p>Kostenlose Lieferung innerhalb von 3-7 Tagen<br \/>\nGeeignet f\u00fcr Personen mit einer K\u00f6rpergr\u00f6\u00dfe von 165\u2013195 cm.<\/p>","protected":false},"featured_media":12690,"comment_status":"open","ping_status":"closed","template":"","meta":[],"product_brand":[],"product_cat":[212],"product_tag":[],"class_list":{"0":"post-12689","1":"product","2":"type-product","3":"status-publish","4":"has-post-thumbnail","6":"product_cat-electric-bikes","8":"first","9":"outofstock","10":"sale","11":"shipping-taxable","12":"purchasable","13":"product-type-simple"},"jetpack_sharing_enabled":true,"_links":{"self":[{"href":"https:\/\/ridstar.eu\/de\/wp-json\/wp\/v2\/product\/12689","targetHints":{"allow":["GET"]}}],"collection":[{"href":"https:\/\/ridstar.eu\/de\/wp-json\/wp\/v2\/product"}],"about":[{"href":"https:\/\/ridstar.eu\/de\/wp-json\/wp\/v2\/types\/product"}],"replies":[{"embeddable":true,"href":"https:\/\/ridstar.eu\/de\/wp-json\/wp\/v2\/comments?post=12689"}],"wp:featuredmedia":[{"embeddable":true,"href":"https:\/\/ridstar.eu\/de\/wp-json\/wp\/v2\/media\/12690"}],"wp:attachment":[{"href":"https:\/\/ridstar.eu\/de\/wp-json\/wp\/v2\/media?parent=12689"}],"wp:term":[{"taxonomy":"product_brand","embeddable":true,"href":"https:\/\/ridstar.eu\/de\/wp-json\/wp\/v2\/product_brand?post=12689"},{"taxonomy":"product_cat","embeddable":true,"href":"https:\/\/ridstar.eu\/de\/wp-json\/wp\/v2\/product_cat?post=12689"},{"taxonomy":"product_tag","embeddable":true,"href":"https:\/\/ridstar.eu\/de\/wp-json\/wp\/v2\/product_tag?post=12689"}],"curies":[{"name":"wp","href":"https:\/\/api.w.org\/{rel}","templated":true}]}}