{"id":12667,"date":"2023-09-21T11:49:41","date_gmt":"2023-09-21T08:49:41","guid":{"rendered":"https:\/\/ridstar.eu\/?post_type=product&#038;p=12667"},"modified":"2026-03-10T13:38:16","modified_gmt":"2026-03-10T11:38:16","slug":"elektrofahrrad-lankeleisi-rv800-750-w-1130-w-48-v-bafang-motor-20-ah-samsung-akku","status":"publish","type":"product","link":"https:\/\/ridstar.eu\/de\/product\/elektrofahrrad-lankeleisi-rv800-750-w-1130-w-48-v-bafang-motor-20-ah-samsung-akku\/","title":{"rendered":"Elektrofahrrad Lankeleisi RV800, 750W (1130W), 48V Bafang-Motor, 20Ah Samsung-Akku"},"content":{"rendered":"<p><iframe title=\"LANKELEISI RV800 Plus Hochwertiges elektrisches Mountainbike mit 750 W Bafang-Motor\" width=\"1080\" height=\"608\" src=\"https:\/\/www.youtube.com\/embed\/x_P6G-bn_xk?feature=oembed\"  allow=\"accelerometer; autoplay; clipboard-write; encrypted-media; gyroscope; picture-in-picture; web-share\" referrerpolicy=\"strict-origin-when-cross-origin\" allowfullscreen><\/iframe><\/p>\n<h3><strong>Elektrofahrrad LANKELEISI RV800<\/strong><\/h3>\n<h4><strong>Leistungsstarker Bafang-Motor, 20-Ah-Samsung-Akku und fortschrittliche Federung<\/strong><\/h4>\n<p>Der <strong>LANKELEISI RV800<\/strong> ist ein Elektrofahrrad, das Kraft, Ausdauer und Komfort vereint. Das RV800 wurde sowohl f\u00fcr den Stadtverkehr als auch f\u00fcr Offroad-Abenteuer entwickelt und bietet modernste Funktionen, einen Hochgeschwindigkeitsmotor und einen langlebigen Rahmen f\u00fcr Fahrer, die Spitzenleistung verlangen.<\/p>\n<hr \/>\n<h3><strong>Hauptmerkmale<\/strong><\/h3>\n<ul>\n<li><strong>Leistungsstarker Bafang-Motor<\/strong><br \/>\nAusgestattet mit einem <strong>48 V, 750 W Dauerleistung (1130 W Spitze) Bafang-Motor<\/strong>bietet der RV800 eine beeindruckende Beschleunigung und eine H\u00f6chstgeschwindigkeit von <strong>52 km\/h<\/strong>. Es ist <strong>70Nm Drehmoment<\/strong> sorgt f\u00fcr au\u00dfergew\u00f6hnliche Steigf\u00e4higkeit, bew\u00e4ltigt Steigungen bis zu <strong>35\u00b0<\/strong> m\u00fchelos.<\/li>\n<li><strong>Samsung-Akku mit gro\u00dfer Reichweite<\/strong><br \/>\nDer <strong>48V 20Ah Samsung 21700 Lithiumbatterie<\/strong> bietet au\u00dfergew\u00f6hnliche Ausdauer. Erreichen Sie bis zu <strong>70 km im reinen Elektromodus<\/strong> und eine beeindruckende <strong>150 km im Tretunterst\u00fctzungsmodus<\/strong>. Der Akku ist vollst\u00e4ndig im Rahmen verborgen, was ein schlankes, wasser- und staubdichtes Design gew\u00e4hrleistet.<\/li>\n<li><strong>Fortschrittliches Federungssystem<\/strong><br \/>\nDer <strong>doppelte \u00d6lfederaufh\u00e4ngung<\/strong> an der Vorderseite und einem <strong>650-Pfund-Sto\u00dfd\u00e4mpfer hinten<\/strong> mit Viergelenkstruktur sorgen f\u00fcr maximalen Komfort und Stabilit\u00e4t auf unebenem Gel\u00e4nde.<\/li>\n<li><strong>Langlebiges und komfortables Design<\/strong><br \/>\nGebaut mit einem <strong>Rahmen aus 6061 Aluminiumlegierung<\/strong>, der RV800 unterst\u00fctzt Fahrer bis zu <strong>200 kg<\/strong>. Der <strong>26\u00d74,0 Zoll breite Reifen<\/strong> bieten hervorragenden Halt, Rutschfestigkeit und Vibrationsschutz f\u00fcr mehr Sicherheit und Leistung.<\/li>\n<li><strong>Intelligentes LCD-Display<\/strong><br \/>\nDer <strong>Intelligentes LCD-Display RV800PLUS<\/strong> bietet Echtzeitdaten, einschlie\u00dflich Geschwindigkeit, Leistungspegel und Batteriestatus. Die <strong>Wasser- und Staubschutzklasse IP64<\/strong> gew\u00e4hrleistet Zuverl\u00e4ssigkeit unter allen Bedingungen.<\/li>\n<li><strong>Effizientes Bremssystem<\/strong><br \/>\n<strong>Hydraulische Scheibenbremsen<\/strong> bieten \u00fcberlegene Bremskraft und gew\u00e4hrleisten Sicherheit bei hohen Geschwindigkeiten und beim Bergabfahren.<\/li>\n<\/ul>\n<hr \/>\n<h3><strong>Technische Daten<\/strong><\/h3>\n<h4><strong>Leistung<\/strong><\/h4>\n<ul>\n<li><strong>H\u00f6chstgeschwindigkeit<\/strong>: 52 km\/h<\/li>\n<li><strong>Reichweite<\/strong>:\n<ul>\n<li>Elektromodus: 60-70 km<\/li>\n<li>Tretunterst\u00fctzungsmodus: 120-150 km<\/li>\n<\/ul>\n<\/li>\n<li><strong>Motor<\/strong>: 48 V 750 W Bafang-Motor (1130 W Spitze)<\/li>\n<li><strong>Drehmoment<\/strong>: 70Nm<\/li>\n<li><strong>Steigf\u00e4higkeit<\/strong>: 35\u00b0<\/li>\n<\/ul>\n<h4><strong>Akku und Laden<\/strong><\/h4>\n<ul>\n<li><strong>Batterie<\/strong>: 48V 20Ah Samsung 21700 Lithiumbatterie<\/li>\n<li><strong>Ladezeit<\/strong>: 6-7 Stunden<\/li>\n<li><strong>Ladeger\u00e4t<\/strong>Leistung: 48 V, 3 A<\/li>\n<\/ul>\n<h4><strong>Aufbau und Federung<\/strong><\/h4>\n<ul>\n<li><strong>Rahmen<\/strong>: Rahmen aus 6061 Aluminiumlegierung<\/li>\n<li><strong>Vorderradaufh\u00e4ngung<\/strong>: \u00d6lfederung, feststellbar<\/li>\n<li><strong>Hinterradaufh\u00e4ngung<\/strong>: 650-Pfund-\u00d6lfeder-Sto\u00dfd\u00e4mpfer<\/li>\n<li><strong>Radnabe<\/strong>: 26\u00d74.0 Fat-Reifen f\u00fcr Leistung auf jedem Terrain<\/li>\n<\/ul>\n<h4><strong>Elektronik<\/strong><\/h4>\n<ul>\n<li><strong>Anzeige<\/strong>: Intelligentes Farb-LCD-Display (RV800PLUS)<\/li>\n<li><strong>Wasserdichtigkeit<\/strong>Schutzart: IP64<\/li>\n<\/ul>\n<h4><strong>Abmessungen und Gewicht<\/strong><\/h4>\n<ul>\n<li><strong>Fahrzeuggr\u00f6\u00dfe<\/strong>: 203 x 45 x 90-103 cm<\/li>\n<li><strong>Nettogewicht<\/strong>: 35,5 kg (inkl. Batterie)<\/li>\n<li><strong>Maximale Belastung<\/strong>: 200 kg<\/li>\n<li><strong>Geeignete H\u00f6he<\/strong>: 165-200 cm<\/li>\n<\/ul>\n<h4><strong>Antrieb<\/strong><\/h4>\n<ul>\n<li><strong>Kurbel<\/strong>: Aluminiumlegierung 46T<\/li>\n<li><strong>Getriebe<\/strong>: Shimano 7-Gang-Schaltung (M310-Schalthebel)<\/li>\n<li><strong>Kette<\/strong>: KMC 7s<\/li>\n<\/ul>\n<h4><strong>Bremsen<\/strong><\/h4>\n<ul>\n<li><strong>Typ<\/strong>: Hydraulische Scheibenbremsen<\/li>\n<\/ul>\n<hr \/>\n<h3><strong>Warum sollten Sie sich f\u00fcr LANKELEISI RV800 entscheiden?<\/strong><\/h3>\n<p>Der <strong>LANKELEISI RV800<\/strong> ist f\u00fcr Fahrer konzipiert, die Geschwindigkeit, Reichweite und Komfort verlangen. Mit seinem leistungsstarken Bafang-Motor, dem langlebigen Samsung-Akku und der fortschrittlichen Federung sorgt dieses E-Bike f\u00fcr eine sanfte und aufregende Fahrt in jedem Gel\u00e4nde.<\/p>\n<p><strong>Erkunden Sie die Grenzen mit dem LANKELEISI RV800 \u2013 Leistung, Ausdauer und Innovation in einer Fahrt.<\/strong><\/p>","protected":false},"excerpt":{"rendered":"<p><strong>LANKELEISI RV800 \u2013 Kraft, Ausdauer und Innovation<\/strong><\/p>\n<p>Kostenlose Lieferung innerhalb von 3-7 Tagen<br \/>\nGeeignet f\u00fcr Personen mit einer K\u00f6rpergr\u00f6\u00dfe von 165\u2013200 cm.<br \/>\nGuter Preis!<br \/>\nGarantie bis zu 24 Monate.*<\/p>","protected":false},"featured_media":12668,"comment_status":"open","ping_status":"closed","template":"","meta":[],"product_brand":[484],"product_cat":[212],"product_tag":[],"class_list":{"0":"post-12667","1":"product","2":"type-product","3":"status-publish","4":"has-post-thumbnail","6":"product_brand-lankeleisi","7":"product_cat-electric-bikes","8":"pa_color-black-orange","9":"pa_color-green-yellow","11":"first","12":"instock","13":"sale","14":"shipping-taxable","15":"purchasable","16":"product-type-variable"},"jetpack_sharing_enabled":true,"_links":{"self":[{"href":"https:\/\/ridstar.eu\/de\/wp-json\/wp\/v2\/product\/12667","targetHints":{"allow":["GET"]}}],"collection":[{"href":"https:\/\/ridstar.eu\/de\/wp-json\/wp\/v2\/product"}],"about":[{"href":"https:\/\/ridstar.eu\/de\/wp-json\/wp\/v2\/types\/product"}],"replies":[{"embeddable":true,"href":"https:\/\/ridstar.eu\/de\/wp-json\/wp\/v2\/comments?post=12667"}],"wp:featuredmedia":[{"embeddable":true,"href":"https:\/\/ridstar.eu\/de\/wp-json\/wp\/v2\/media\/12668"}],"wp:attachment":[{"href":"https:\/\/ridstar.eu\/de\/wp-json\/wp\/v2\/media?parent=12667"}],"wp:term":[{"taxonomy":"product_brand","embeddable":true,"href":"https:\/\/ridstar.eu\/de\/wp-json\/wp\/v2\/product_brand?post=12667"},{"taxonomy":"product_cat","embeddable":true,"href":"https:\/\/ridstar.eu\/de\/wp-json\/wp\/v2\/product_cat?post=12667"},{"taxonomy":"product_tag","embeddable":true,"href":"https:\/\/ridstar.eu\/de\/wp-json\/wp\/v2\/product_tag?post=12667"}],"curies":[{"name":"wp","href":"https:\/\/api.w.org\/{rel}","templated":true}]}}