{"id":12658,"date":"2023-09-21T09:06:37","date_gmt":"2023-09-21T07:06:37","guid":{"rendered":"https:\/\/ridstar.eu\/?post_type=product&#038;p=12658"},"modified":"2026-04-04T03:02:09","modified_gmt":"2026-04-04T00:02:09","slug":"elektrofahrrad-ridstar-q20-1000-w-48-v-20-ah-20-x-40-dicke-reifen","status":"publish","type":"product","link":"https:\/\/ridstar.eu\/de\/product\/elektrofahrrad-ridstar-q20-1000-w-48-v-20-ah-20-x-40-dicke-reifen\/","title":{"rendered":"Elektrofahrrad Ridstar Q20, 1000W, 48V, 20AH, 20\u00d74.0 Fatreifen"},"content":{"rendered":"<div class=\"detailmodule_text\">\n<p><a href=\"https:\/\/ridstar.eu\/de\/m5-lcd-display-handbuch\/\">M5 LCD-Display Handbuch \u2013 RIDSTAR Elektrofahrr\u00e4der<\/a><\/p>\n<div style=\"width: 1080px;\" class=\"wp-video\"><video class=\"wp-video-shortcode\" id=\"video-12658-1\" width=\"1080\" height=\"608\" preload=\"metadata\" controls=\"controls\"><source type=\"video\/mp4\" src=\"https:\/\/ridstar.eu\/wp-content\/uploads\/2023\/09\/Q20.mp4?_=1\" \/><a href=\"https:\/\/ridstar.eu\/wp-content\/uploads\/2023\/09\/Q20.mp4\">https:\/\/ridstar.eu\/wp-content\/uploads\/2023\/09\/Q20.mp4<\/a><\/video><\/div>\n<h3>Ridstar Q20 Elektrofahrrad: Komfort und Leistung vereint<\/h3>\n<p>Das Ridstar Q20 ist ein vielseitiges und leistungsstarkes Elektrofahrrad f\u00fcr Fahrer mit einer K\u00f6rpergr\u00f6\u00dfe zwischen 158 cm und 195 cm. Sein ergonomisches Design, gepaart mit fortschrittlichen Funktionen, sorgt f\u00fcr ein komfortables und effizientes Fahrerlebnis.<\/p>\n<h4>Hauptmerkmale:<\/h4>\n<ul>\n<li><strong>Komfortables Fahrerlebnis<\/strong>:<br \/>\nAusgestattet mit einem breiten Sitz erm\u00f6glicht das Q20 bequeme Fahrten, auch mit Kindern. Der hydraulische Sto\u00dfd\u00e4mpfer vorne und der zentrale Sto\u00dfd\u00e4mpfer sorgen f\u00fcr eine reibungslose Leistung auf unterschiedlichem Gel\u00e4nde.<\/li>\n<li><strong>Erweiterte Komponenten<\/strong>:<br \/>\nDas Fahrrad verf\u00fcgt \u00fcber eine Shimano-7-Gang-Schaltung f\u00fcr nahtlose \u00dcberg\u00e4nge, rot-lila Scheibenbremsen f\u00fcr zuverl\u00e4ssige Bremskraft und eine stilvolle \u00c4sthetik sowie eine originale wasserdichte Tasche f\u00fcr zus\u00e4tzliche Funktionalit\u00e4t.<\/li>\n<li><strong>Beeindruckende Leistung<\/strong>:\n<ul>\n<li><strong>H\u00f6chstgeschwindigkeit<\/strong>: \u00dcber 45 km\/h<\/li>\n<li><strong>Reichweite<\/strong>:\n<ul>\n<li>Rein elektrischer Betrieb: 60-70 km<\/li>\n<li>Pedalunterst\u00fctzungsmodus: 70-100 km<\/li>\n<\/ul>\n<\/li>\n<li><strong>Motorleistung<\/strong>: b\u00fcrstenloser 1000-W-Motor<\/li>\n<li><strong>Batterie<\/strong>: 48 V, 20 Ah Lithiumbatterie<\/li>\n<\/ul>\n<\/li>\n<li><strong>Robuste Konstruktion<\/strong>:<br \/>\nDer aus einer leichten, aber robusten Aluminiumlegierung gefertigte Q20 wiegt 34 kg und tr\u00e4gt eine Last von bis zu 150 kg.<\/li>\n<li><strong>Weitere Spezifikationen<\/strong>:\n<ul>\n<li>Radgr\u00f6\u00dfe: 20\u00d74.0\u2033<\/li>\n<li>Getriebe: Hinterradgetriebe<\/li>\n<li>Anzeige: LCD-Bildschirm f\u00fcr Leistungsupdates in Echtzeit<\/li>\n<li>Diebstahlschutz: Eingebauter Diebstahlschutz<\/li>\n<li>Modi: Rein elektrisch, elektrische Unterst\u00fctzung und manuelles Treten<\/li>\n<\/ul>\n<\/li>\n<\/ul>\n<p>Egal, ob Sie pendeln, die Gegend erkunden oder Ihre Freizeit mit dem Ridstar Q20 verbringen, es vereint Funktionalit\u00e4t und Stil und sorgt so f\u00fcr ein au\u00dfergew\u00f6hnliches Fahrraderlebnis.<\/p>\n<p><img decoding=\"async\" class=\"alignnone size-full wp-image-291364\" src=\"https:\/\/ridstar.eu\/wp-content\/uploads\/2023\/09\/q20-2.avif\" alt=\"Ridstar Q20\" width=\"1000\" height=\"1880\" \/> <img decoding=\"async\" class=\"alignnone size-full wp-image-291365\" src=\"https:\/\/ridstar.eu\/wp-content\/uploads\/2023\/09\/q20-3.avif\" alt=\"Ridstar Q20\" width=\"1000\" height=\"1998\" \/> <img decoding=\"async\" class=\"alignnone size-full wp-image-291366\" src=\"https:\/\/ridstar.eu\/wp-content\/uploads\/2023\/09\/q20-4.avif\" alt=\"Ridstar Q20\" width=\"1000\" height=\"1586\" \/> <img decoding=\"async\" class=\"alignnone size-full wp-image-291367\" src=\"https:\/\/ridstar.eu\/wp-content\/uploads\/2023\/09\/q20-5.avif\" alt=\"Ridstar Q20\" width=\"1000\" height=\"1780\" \/> <img decoding=\"async\" class=\"alignnone size-full wp-image-291368\" src=\"https:\/\/ridstar.eu\/wp-content\/uploads\/2023\/09\/q20-6.avif\" alt=\"Ridstar Q20\" width=\"1000\" height=\"1765\" \/> <img decoding=\"async\" class=\"alignnone size-full wp-image-291369\" src=\"https:\/\/ridstar.eu\/wp-content\/uploads\/2023\/09\/q20-7.avif\" alt=\"Ridstar Q20\" width=\"1000\" height=\"1964\" \/> <img decoding=\"async\" class=\"alignnone size-full wp-image-291370\" src=\"https:\/\/ridstar.eu\/wp-content\/uploads\/2023\/09\/q20-8.avif\" alt=\"Ridstar Q20\" width=\"1000\" height=\"1288\" \/> <img decoding=\"async\" class=\"alignnone size-full wp-image-291371\" src=\"https:\/\/ridstar.eu\/wp-content\/uploads\/2023\/09\/q20-9.avif\" alt=\"Ridstar Q20\" width=\"1000\" height=\"1368\" \/> <img decoding=\"async\" class=\"alignnone size-full wp-image-291372\" src=\"https:\/\/ridstar.eu\/wp-content\/uploads\/2023\/09\/q20.avif\" alt=\"Ridstar Q20\" width=\"1000\" height=\"1761\" \/><\/p>\n<\/div>\n<div><\/div>","protected":false},"excerpt":{"rendered":"<p><span style=\"color: #339966;\"><strong>AUF LAGER<\/strong><\/span><\/p>\n<p>Kostenlose Lieferung innerhalb von 3-7 Tagen in die gesamte EU<\/p>\n<p>Geeignet f\u00fcr Personen mit einer K\u00f6rpergr\u00f6\u00dfe von 158\u2013195 cm.<\/p>\n<p>Garantie 12 Monate<\/p>\n<p>Zum Reiten das ganze Jahr \u00fcber geeignet!<\/p>","protected":false},"featured_media":12659,"comment_status":"closed","ping_status":"closed","template":"","meta":[],"product_brand":[478],"product_cat":[212],"product_tag":[],"class_list":{"0":"post-12658","1":"product","2":"type-product","3":"status-publish","4":"has-post-thumbnail","6":"product_brand-ridstar","7":"product_cat-electric-bikes","9":"first","10":"instock","11":"sale","12":"shipping-taxable","13":"purchasable","14":"product-type-simple"},"jetpack_sharing_enabled":true,"_links":{"self":[{"href":"https:\/\/ridstar.eu\/de\/wp-json\/wp\/v2\/product\/12658","targetHints":{"allow":["GET"]}}],"collection":[{"href":"https:\/\/ridstar.eu\/de\/wp-json\/wp\/v2\/product"}],"about":[{"href":"https:\/\/ridstar.eu\/de\/wp-json\/wp\/v2\/types\/product"}],"replies":[{"embeddable":true,"href":"https:\/\/ridstar.eu\/de\/wp-json\/wp\/v2\/comments?post=12658"}],"wp:featuredmedia":[{"embeddable":true,"href":"https:\/\/ridstar.eu\/de\/wp-json\/wp\/v2\/media\/12659"}],"wp:attachment":[{"href":"https:\/\/ridstar.eu\/de\/wp-json\/wp\/v2\/media?parent=12658"}],"wp:term":[{"taxonomy":"product_brand","embeddable":true,"href":"https:\/\/ridstar.eu\/de\/wp-json\/wp\/v2\/product_brand?post=12658"},{"taxonomy":"product_cat","embeddable":true,"href":"https:\/\/ridstar.eu\/de\/wp-json\/wp\/v2\/product_cat?post=12658"},{"taxonomy":"product_tag","embeddable":true,"href":"https:\/\/ridstar.eu\/de\/wp-json\/wp\/v2\/product_tag?post=12658"}],"curies":[{"name":"wp","href":"https:\/\/api.w.org\/{rel}","templated":true}]}}