{"id":12632,"date":"2023-09-21T08:20:39","date_gmt":"2023-09-21T05:20:39","guid":{"rendered":"https:\/\/ridstar.eu\/?post_type=product&#038;p=12632"},"modified":"2024-05-06T09:59:45","modified_gmt":"2024-05-06T06:59:45","slug":"elektrofahrrad-ridstar-g20-1000w-48v-14ah-20\u2033-rader-faltbar","status":"publish","type":"product","link":"https:\/\/ridstar.eu\/de\/product\/elektrofahrrad-ridstar-g20-1000w-48v-14ah-20\u2033-rader-faltbar\/","title":{"rendered":"Elektrofahrrad Ridstar G20, 1000W, 48V, 14Ah, 20\u2033 R\u00e4der, faltbar"},"content":{"rendered":"<div style=\"width: 640px;\" class=\"wp-video\"><video class=\"wp-video-shortcode\" id=\"video-12632-1\" width=\"640\" height=\"360\" preload=\"metadata\" controls=\"controls\"><source type=\"video\/mp4\" src=\"https:\/\/ridstar.eu\/wp-content\/uploads\/2023\/09\/G20-video.mp4?_=1\" \/><a href=\"https:\/\/ridstar.eu\/wp-content\/uploads\/2023\/09\/G20-video.mp4\">https:\/\/ridstar.eu\/wp-content\/uploads\/2023\/09\/G20-video.mp4<\/a><\/video><\/div>\n<p>Das Elektrofahrrad erreicht mit einem b\u00fcrstenlosen 1000-W-Motor Geschwindigkeiten von bis zu 45 km\/h. Ein Gep\u00e4cktr\u00e4ger sorgt f\u00fcr zus\u00e4tzliche Funktionalit\u00e4t, w\u00e4hrend Schutzbleche vorne und hinten das Fahren bei schlechteren Wetterbedingungen erm\u00f6glichen. Der LCD-Bildschirm ist wasser- und schmutzabweisend (IPX7) und bietet alle wichtigen Informationen wie Batteriestatus, zur\u00fcckgelegte Strecke und Programmverwaltung. Mit bis zu 85 Nm Drehmoment k\u00f6nnen Sie selbst die steilsten Anstiege bew\u00e4ltigen.<\/p>\n<p>&nbsp;<\/p>\n<p>Gr\u00f6\u00dfe: 1700x240x1050 mm<br \/>\nRadstand: 1180 mm<br \/>\nTats\u00e4chliches Gewicht: 30 kg<br \/>\nModus: rein elektrisch, elektrische Unterst\u00fctzung, mit Pedalen<br \/>\nRahmenmaterial: Aluminium<br \/>\nVordergabel: hydraulisch<br \/>\nBremssystem: Scheibenbremsen vorn und hinten<br \/>\nGetriebesystem: Hinterradgetriebe<br \/>\nReifengr\u00f6\u00dfe: 20\u201dx4.0<br \/>\nBildschirm: LCD<br \/>\nH\u00f6chstgeschwindigkeit \u2264 45 km\/h<br \/>\nDie Fahrstrecke betr\u00e4gt ca. 50 km<br \/>\nNeigung: &lt;25\u00b0<br \/>\nZul\u00e4ssige Belastung: \u2264150kg<br \/>\nMotorparameter<br \/>\nMotortyp: b\u00fcrstenloser Gleichstrom-Hochgeschwindigkeitsmotor<br \/>\nNennleistung 1000 W<br \/>\nNennspannung 48V<br \/>\nWichtigste technische Parameter des Ladens<br \/>\nAusgangsleistung 2A<br \/>\nLadezeit 4-6 Stunden.<br \/>\nParameter der Lithiumbatterie<br \/>\nBatterietyp: 18650 Lithiumbatterie<br \/>\nKapazit\u00e4t 14AH<br \/>\nGrundparameter des Controllers<br \/>\nUnterspannungsschutz: 39V<br \/>\n\u00dcberstromschutz: 25 A<br \/>\nVerpackungsgr\u00f6\u00dfe: 1480\/290\/810mm<\/p>\n<p>Packliste:<br \/>\nElektrofahrrad<br \/>\nBatterie<br \/>\nMehrzweckwerkzeug<br \/>\nLadeger\u00e4t<br \/>\nPedale<br \/>\nAnweisung<\/p>","protected":false},"excerpt":{"rendered":"<p><b>F<\/b>Kostenlose Lieferung innerhalb von 3-7 Tagen<br \/>\nGarantie 12 Monate<\/p>\n<p>Das Elektrofahrrad erreicht mit einem b\u00fcrstenlosen 1000-W-Motor Geschwindigkeiten von bis zu 45 km\/h. Ein Gep\u00e4cktr\u00e4ger sorgt f\u00fcr zus\u00e4tzliche Funktionalit\u00e4t, w\u00e4hrend Schutzbleche vorne und hinten das Fahren bei schlechteren Wetterbedingungen erm\u00f6glichen. Der LCD-Bildschirm ist wasser- und schmutzabweisend (IPX7) und bietet alle wichtigen Informationen wie Batteriestatus, zur\u00fcckgelegte Strecke und Programmverwaltung. Mit bis zu 85 Nm Drehmoment k\u00f6nnen Sie selbst die steilsten Anstiege bew\u00e4ltigen.<\/p>","protected":false},"featured_media":12633,"comment_status":"open","ping_status":"closed","template":"","meta":[],"product_brand":[],"product_cat":[212],"product_tag":[],"class_list":{"0":"post-12632","1":"product","2":"type-product","3":"status-publish","4":"has-post-thumbnail","6":"product_cat-electric-bikes","8":"first","9":"outofstock","10":"sale","11":"sold-individually","12":"shipping-taxable","13":"purchasable","14":"product-type-simple"},"jetpack_sharing_enabled":true,"_links":{"self":[{"href":"https:\/\/ridstar.eu\/de\/wp-json\/wp\/v2\/product\/12632","targetHints":{"allow":["GET"]}}],"collection":[{"href":"https:\/\/ridstar.eu\/de\/wp-json\/wp\/v2\/product"}],"about":[{"href":"https:\/\/ridstar.eu\/de\/wp-json\/wp\/v2\/types\/product"}],"replies":[{"embeddable":true,"href":"https:\/\/ridstar.eu\/de\/wp-json\/wp\/v2\/comments?post=12632"}],"wp:featuredmedia":[{"embeddable":true,"href":"https:\/\/ridstar.eu\/de\/wp-json\/wp\/v2\/media\/12633"}],"wp:attachment":[{"href":"https:\/\/ridstar.eu\/de\/wp-json\/wp\/v2\/media?parent=12632"}],"wp:term":[{"taxonomy":"product_brand","embeddable":true,"href":"https:\/\/ridstar.eu\/de\/wp-json\/wp\/v2\/product_brand?post=12632"},{"taxonomy":"product_cat","embeddable":true,"href":"https:\/\/ridstar.eu\/de\/wp-json\/wp\/v2\/product_cat?post=12632"},{"taxonomy":"product_tag","embeddable":true,"href":"https:\/\/ridstar.eu\/de\/wp-json\/wp\/v2\/product_tag?post=12632"}],"curies":[{"name":"wp","href":"https:\/\/api.w.org\/{rel}","templated":true}]}}