{"id":12629,"date":"2023-09-20T14:56:33","date_gmt":"2023-09-20T12:56:33","guid":{"rendered":"https:\/\/ridstar.eu\/?post_type=product&#038;p=12629"},"modified":"2026-04-01T03:02:23","modified_gmt":"2026-04-01T00:02:23","slug":"elektrofahrrad-ridstar-1000w-48v-15ah-29\u2033x2-0-rader","status":"publish","type":"product","link":"https:\/\/ridstar.eu\/de\/product\/elektrofahrrad-ridstar-1000w-48v-15ah-29\u2033x2-0-rader\/","title":{"rendered":"Elektrofahrrad Ridstar S29 PRO, 1000W, 48V, 21Ah, 29\u2033x2.0 R\u00e4der"},"content":{"rendered":"<h3><strong>Elektrisches Mountainbike Ridstar S29PRO \u2013 Gebaut f\u00fcr Abenteuer und Vielseitigkeit!<\/strong><\/h3>\n<p>Der <strong>Ridstar S29PRO<\/strong> ist ein leistungsstarkes elektrisches Mountainbike, das sowohl f\u00fcr Nervenkitzel-Suchende als auch f\u00fcr Gelegenheitsfahrer entwickelt wurde. Dieses E-Bike kombiniert einen leichten, aber robusten Rahmen aus Aluminiumlegierung mit fortschrittlichen Funktionen und sorgt f\u00fcr Komfort, Zuverl\u00e4ssigkeit und \u00fcberlegene Leistung auf jedem Gel\u00e4nde.<\/p>\n<hr>\n<h3><strong>Hauptmerkmale<\/strong><\/h3>\n<h4><strong>Robuster und leichter Rahmen<\/strong><\/h4>\n<p>Hergestellt aus hochwertigem <strong>Aluminiumlegierung<\/strong>Der Rahmen des S29PRO bietet au\u00dfergew\u00f6hnliche Haltbarkeit und Stabilit\u00e4t ohne Kompromisse beim Gewicht. Das leichte Design verbessert die Man\u00f6vrierf\u00e4higkeit und erleichtert das Navigieren auf anspruchsvollen Trails oder Stadtstra\u00dfen.<\/p>\n<h4><strong>Leistungsstarker 1000-W-Motor<\/strong><\/h4>\n<p>Der <strong>Hinterradnabenmotor mit 1000 W<\/strong> bietet eine sanfte, kraftvolle und reaktionsschnelle Beschleunigung. Mit einer H\u00f6chstgeschwindigkeit von <strong>30-50 km\/h<\/strong>Dieser Motor bietet die perfekte Balance aus Geschwindigkeit und Effizienz sowohl f\u00fcr den Stadtverkehr als auch f\u00fcr Abenteuer im Gel\u00e4nde.<\/p>\n<h4><strong>Langlebige 48V 21Ah Lithiumbatterie<\/strong><\/h4>\n<p>Die abnehmbare <strong>48V 21Ah Batterie<\/strong> erm\u00f6glicht eine Reihe von <strong>31-60 km<\/strong> pro Ladung, abh\u00e4ngig vom Fahrmodus. Vollst\u00e4ndig aufladbar in unter <strong>3 Stunden<\/strong>, sorgt f\u00fcr unterbrechungsfreie Fahrten, egal ob Sie pendeln oder unwegsames Gel\u00e4nde erkunden.<\/p>\n<h4><strong>Vielseitige Fahrmodi<\/strong><\/h4>\n<p>Das S29PRO verf\u00fcgt \u00fcber drei Fahrmodi:<\/p>\n<ul>\n<li><strong>Rein elektrisch<\/strong> \u2013 f\u00fcr m\u00fcheloses Fahren.<\/li>\n<li><strong>Servounterst\u00fctzung<\/strong> \u2013 um Ihre Tretkraft zu verst\u00e4rken.<\/li>\n<li><strong>Fahrradmodus<\/strong> \u2013 f\u00fcr ein traditionelles Radfahrerlebnis.\n<p>Diese Vielseitigkeit macht das Fahrrad f\u00fcr Fahrer aller Erfahrungsstufen und Vorlieben geeignet.<\/li>\n<\/ul>\n<h4><strong>Fortschrittliches Bremssystem<\/strong><\/h4>\n<p>ausgestattet mit <strong>mechanische Scheibenbremsen vorne und hinten<\/strong>Der S29PRO bietet zuverl\u00e4ssige Bremskraft bei allen Wetterbedingungen und erh\u00f6ht die Sicherheit und Kontrolle auf unebenen oder rutschigen Oberfl\u00e4chen.<\/p>\n<h4><strong>Shimano 21-Gang Schaltung<\/strong><\/h4>\n<p>Der <strong>Shimano 21-Gang-Schaltung<\/strong> sorgt f\u00fcr sanfte und pr\u00e4zise Gangwechsel, sodass Sie steile H\u00fcgel, ebene Stra\u00dfen oder Abfahrten mit Leichtigkeit bew\u00e4ltigen k\u00f6nnen.<\/p>\n<h4><strong>Sto\u00dfd\u00e4mpfung der Vordergabel<\/strong><\/h4>\n<p>Der <strong>Sto\u00dfd\u00e4mpfer der Vordergabel<\/strong> reduziert Vibrationen und absorbiert St\u00f6\u00dfe auf holprigen Wegen und sorgt so auch auf unebenem Gel\u00e4nde f\u00fcr eine ruhige und komfortable Fahrt.<\/p>\n<hr>\n<h3><strong>Technische Daten<\/strong><\/h3>\n<h4><strong>Leistung<\/strong><\/h4>\n<ul>\n<li><strong>Motorleistung<\/strong>: 1000W Hinterradnabenmotor<\/li>\n<li><strong>Maximalgeschwindigkeit<\/strong>: 30-50 km\/h<\/li>\n<li><strong>Reichweite<\/strong>:\n<ul>\n<li>Rein elektrisch: 31-40 km<\/li>\n<li>Tretunterst\u00fctzung: 50-60 km<\/li>\n<\/ul>\n<\/li>\n<li><strong>Batteriekapazit\u00e4t<\/strong>: 48V 21Ah Lithiumbatterie<\/li>\n<li><strong>Ladezeit<\/strong>: Weniger als 3 Stunden<\/li>\n<\/ul>\n<h4><strong>Aufbau und Design<\/strong><\/h4>\n<ul>\n<li><strong>Rahmenmaterial<\/strong>: Aluminiumlegierung<\/li>\n<li><strong>Radgr\u00f6\u00dfe<\/strong>: 29\u201d mit <strong>29\u00d72.1 Reifen<\/strong><\/li>\n<li><strong>Suspension<\/strong>: Sto\u00dfd\u00e4mpfung der Vordergabel<\/li>\n<\/ul>\n<h4><strong>Bremsen und Antrieb<\/strong><\/h4>\n<ul>\n<li><strong>Bremsen<\/strong>: Mechanische Scheibenbremsen vorn und hinten<\/li>\n<li><strong>Getriebe<\/strong>: Shimano 21-Gang Schaltung<\/li>\n<\/ul>\n<h4><strong>Gewicht und Abmessungen<\/strong><\/h4>\n<ul>\n<li><strong>Bruttogewicht<\/strong>: 35 kg<\/li>\n<li><strong>Einzelpaketgr\u00f6\u00dfe<\/strong>: 160x28x83 cm<\/li>\n<\/ul>\n<hr>\n<h3><strong>Warum sollten Sie sich f\u00fcr den Ridstar S29PRO entscheiden?<\/strong><\/h3>\n<ul>\n<li><strong>Au\u00dfergew\u00f6hnliche Haltbarkeit<\/strong>: Hochwertiger Rahmen und Komponenten f\u00fcr lang anhaltende Leistung.<\/li>\n<li><strong>Starke Leistung<\/strong>: Ein 1000-W-Motor und drei Fahrmodi decken vielf\u00e4ltige Fahrradanforderungen ab.<\/li>\n<li><strong>Zuverl\u00e4ssiges Bremsen<\/strong>: Scheibenbremsen sorgen f\u00fcr Sicherheit auf jedem Terrain.<\/li>\n<li><strong>Komfortable Fahrt<\/strong>: Vorderradfederung und gro\u00dfe 29-Zoll-R\u00e4der f\u00fcr sanftes Handling.<\/li>\n<li><strong>Schnelles Laden und lange Akkulaufzeit<\/strong>: Perfekt f\u00fcr l\u00e4ngere Pendelfahrten oder Ausritte.<\/li>\n<\/ul>\n<hr>\n<h3><strong>Erkunden Sie die Natur mit dem S29PRO!<\/strong><\/h3>\n<p>Bringen Sie Ihr Radfahrerlebnis auf die n\u00e4chste Ebene mit dem <strong>Ridstar S29PRO Elektrisches Mountainbike<\/strong>Egal, ob Sie durch die Stra\u00dfen der Stadt navigieren oder anspruchsvolle Trails bezwingen, dieses E-Bike bietet un\u00fcbertroffene Leistung, Komfort und Vielseitigkeit.<\/p>\n<p><strong>Warten Sie nicht \u2013 beginnen Sie Ihr Abenteuer noch heute mit dem S29PRO!<\/strong><\/p>\n<p><img decoding=\"async\" class=\"alignnone size-full wp-image-291251\" src=\"https:\/\/ridstar.eu\/wp-content\/uploads\/2023\/09\/s29pro-2.avif\" alt=\"ridstar S29PRO\" width=\"1080\" height=\"855\"><\/p>\n<p><img decoding=\"async\" class=\"alignnone size-full wp-image-291254\" src=\"https:\/\/ridstar.eu\/wp-content\/uploads\/2023\/09\/s29pro-5.webp\" alt=\"ridstar S29PRO\" width=\"900\" height=\"900\"><\/p>\n<p><img decoding=\"async\" class=\"alignnone size-full wp-image-291255\" src=\"https:\/\/ridstar.eu\/wp-content\/uploads\/2023\/09\/s29pro-6.webp\" alt=\"ridstar S29PRO\" width=\"900\" height=\"900\"><\/p>\n<p><img decoding=\"async\" class=\"alignnone size-full wp-image-291253\" src=\"https:\/\/ridstar.eu\/wp-content\/uploads\/2023\/09\/s29pro-4.avif\" alt=\"ridstar S29PRO\" width=\"900\" height=\"900\"><\/p>\n<p><img decoding=\"async\" class=\"alignnone size-full wp-image-291256\" src=\"https:\/\/ridstar.eu\/wp-content\/uploads\/2023\/09\/s29pro-7.webp\" alt=\"ridstar S29PRO\" width=\"1707\" height=\"1280\"><\/p>","protected":false},"excerpt":{"rendered":"<p>Ridstar S29PRO, neuere, verbesserte Version, gr\u00f6\u00dfere Akkukapazit\u00e4t.<\/p>\n<ul>\n<li>Lieferung innerhalb von 3-7 Werktagen.<\/li>\n<li>Garantie \u2013 12 Monate.<\/li>\n<li>1000W Motorleistung<\/li>\n<li>21 Ah Batteriekapazit\u00e4t<\/li>\n<\/ul>","protected":false},"featured_media":291257,"comment_status":"open","ping_status":"closed","template":"","meta":[],"product_brand":[],"product_cat":[212],"product_tag":[],"class_list":{"0":"post-12629","1":"product","2":"type-product","3":"status-publish","4":"has-post-thumbnail","6":"product_cat-electric-bikes","8":"first","9":"outofstock","10":"sale","11":"shipping-taxable","12":"purchasable","13":"product-type-simple"},"jetpack_sharing_enabled":true,"_links":{"self":[{"href":"https:\/\/ridstar.eu\/de\/wp-json\/wp\/v2\/product\/12629","targetHints":{"allow":["GET"]}}],"collection":[{"href":"https:\/\/ridstar.eu\/de\/wp-json\/wp\/v2\/product"}],"about":[{"href":"https:\/\/ridstar.eu\/de\/wp-json\/wp\/v2\/types\/product"}],"replies":[{"embeddable":true,"href":"https:\/\/ridstar.eu\/de\/wp-json\/wp\/v2\/comments?post=12629"}],"wp:featuredmedia":[{"embeddable":true,"href":"https:\/\/ridstar.eu\/de\/wp-json\/wp\/v2\/media\/291257"}],"wp:attachment":[{"href":"https:\/\/ridstar.eu\/de\/wp-json\/wp\/v2\/media?parent=12629"}],"wp:term":[{"taxonomy":"product_brand","embeddable":true,"href":"https:\/\/ridstar.eu\/de\/wp-json\/wp\/v2\/product_brand?post=12629"},{"taxonomy":"product_cat","embeddable":true,"href":"https:\/\/ridstar.eu\/de\/wp-json\/wp\/v2\/product_cat?post=12629"},{"taxonomy":"product_tag","embeddable":true,"href":"https:\/\/ridstar.eu\/de\/wp-json\/wp\/v2\/product_tag?post=12629"}],"curies":[{"name":"wp","href":"https:\/\/api.w.org\/{rel}","templated":true}]}}