{"id":12613,"date":"2023-09-20T11:20:37","date_gmt":"2023-09-20T08:20:37","guid":{"rendered":"https:\/\/ridstar.eu\/?post_type=product&#038;p=12613"},"modified":"2026-01-16T14:30:02","modified_gmt":"2026-01-16T12:30:02","slug":"elektrofahrrad-ridstar-h20-1000w-48v-14ah-20\u2033-rader-faltbar","status":"publish","type":"product","link":"https:\/\/ridstar.eu\/de\/product\/elektrofahrrad-ridstar-h20-1000w-48v-14ah-20\u2033-rader-faltbar\/","title":{"rendered":"Elektrofahrrad Ridstar H20, 1000W, 48V, 14Ah, 20\u2033 R\u00e4der, faltbar"},"content":{"rendered":"<h3><strong>Ridstar H20: Vielseitigkeit trifft Einfachheit<\/strong><\/h3>\n<p>Der <strong>Ridstar H20<\/strong> Das Elektrofahrrad ist so konzipiert, dass es Einfachheit, Effizienz und Zweckm\u00e4\u00dfigkeit vereint. Dieses E-Bike ist perfekt f\u00fcr den t\u00e4glichen Weg zur Arbeit oder Wochenendabenteuer und Ihr zuverl\u00e4ssiger Begleiter f\u00fcr Stadtstra\u00dfen und leichte Offroad-Strecken. Sein schlankes Design, die praktischen Funktionen und der leistungsstarke Motor sorgen f\u00fcr ein sanftes und angenehmes Fahrerlebnis.<\/p>\n<hr \/>\n<h4><strong>Hauptmerkmale<\/strong><\/h4>\n<ul>\n<li><strong>Effizienter b\u00fcrstenloser 1000-W-Motor<\/strong><br \/>\nAngetrieben durch eine <strong>B\u00fcrstenloser 1000-W-Gleichstrom-Hochgeschwindigkeitsmotor<\/strong>, der Ridstar H20 bietet ein beeindruckendes Drehmoment und Geschwindigkeiten von bis zu <strong>45 km\/h<\/strong>, perfekt f\u00fcr schnelle Stadtfahrten und l\u00e4ngere Erkundungstouren durch die Landschaft.<\/li>\n<li><strong>Langlebige 14AH Lithiumbatterie<\/strong><br \/>\nAusgestattet mit einem <strong>14AH 18650 Lithiumbatterie<\/strong>bietet der H20 eine Reichweite von <strong>40-90 km<\/strong>, je nach Modus. Egal ob Kurztrip oder l\u00e4ngere Fahrt, der H20 sorgt daf\u00fcr, dass Sie die Strecke schaffen.<\/li>\n<li><strong>Hydraulische Vordergabel f\u00fcr Komfort<\/strong><br \/>\nDer <strong>hydraulische Vordergabel<\/strong> absorbiert St\u00f6\u00dfe auf unebenem Gel\u00e4nde und sorgt so auch auf holprigen Stra\u00dfen f\u00fcr eine ruhige und komfortable Fahrt.<\/li>\n<li><strong>Robuster Aluminiumrahmen<\/strong><br \/>\nDas leichte und dennoch robuste <strong>Aluminiumrahmen<\/strong> sorgt f\u00fcr Langlebigkeit und h\u00e4lt das Fahrrad gleichzeitig wendig und handlich.<\/li>\n<li><strong>LCD-Display mit IPX7-Einstufung<\/strong><br \/>\nDer <strong>wasser- und schmutzabweisender LCD-Bildschirm<\/strong> liefert Echtzeitdaten, einschlie\u00dflich Geschwindigkeit, Batteriestatus, zur\u00fcckgelegte Strecke und Modusauswahl, sodass Sie immer die Kontrolle behalten.<\/li>\n<li><strong>Fette All-Terrain-Reifen<\/strong><br \/>\nMit <strong>20 x 4,0 Zoll gro\u00dfe Breitreifen<\/strong>Der H20 bietet hervorragende Traktion und Stabilit\u00e4t und ist daher ideal f\u00fcr Stadtstra\u00dfen, Grasfelder oder Schotterwege.<\/li>\n<li><strong>Praktischer Gep\u00e4cktr\u00e4ger und Schutzbleche<\/strong><br \/>\nA <strong>Gep\u00e4cktr\u00e4ger<\/strong> bietet zus\u00e4tzlichen Komfort beim Tragen wichtiger Dinge, w\u00e4hrend die <strong>Kotfl\u00fcgel vorn und hinten<\/strong> h\u00e4lt Sie bei N\u00e4sse sauber und trocken.<\/li>\n<li><strong>Zuverl\u00e4ssiges Bremssystem<\/strong><br \/>\nDer <strong>Scheibenbremsen vorne und hinten<\/strong> bieten zuverl\u00e4ssige Bremskraft und gew\u00e4hrleisten Sicherheit unter allen Fahrbedingungen.<\/li>\n<\/ul>\n<hr \/>\n<h4><strong>Technische Spezifikationen<\/strong><\/h4>\n<ul>\n<li><strong>Erweiterte Gr\u00f6\u00dfe<\/strong>: 1700x240x1050 mm<\/li>\n<li><strong>Radstand<\/strong>: 1180 mm<\/li>\n<li><strong>Gewicht<\/strong>: 30 kg<\/li>\n<li><strong>Modi<\/strong>: Rein elektrisch, elektrische Unterst\u00fctzung, Pedal<\/li>\n<li><strong>Rahmenmaterial<\/strong>: Aluminium<\/li>\n<li><strong>Vorderradgabel<\/strong>: Hydraulisch<\/li>\n<li><strong>Reifengr\u00f6\u00dfe<\/strong>: 20\u201dx4.0<\/li>\n<li><strong>Motor<\/strong>: 1000 W b\u00fcrstenloser Gleichstrom-Hochgeschwindigkeitsmotor<\/li>\n<li><strong>H\u00f6chstgeschwindigkeit<\/strong>: \u226445 km\/h<\/li>\n<li><strong>Reichweite<\/strong>: 40-90 km<\/li>\n<li><strong>Steigf\u00e4higkeit<\/strong>: &lt;25\u00b0<\/li>\n<li><strong>Tragf\u00e4higkeit<\/strong>: \u2264150 kg<\/li>\n<li><strong>Batterie<\/strong>: 14AH 18650 Lithiumbatterie<\/li>\n<li><strong>Ladezeit<\/strong>: 4-6 Stunden<\/li>\n<li><strong>Bremsen<\/strong>: Scheibenbremsen vorn und hinten<\/li>\n<li><strong>Anzeige<\/strong>: LCD mit IPX7-Einstufung<\/li>\n<\/ul>\n<hr \/>\n<h4><strong>Packliste<\/strong><\/h4>\n<ol>\n<li>Elektrofahrrad<\/li>\n<li>Herausnehmbarer Akku<\/li>\n<li>Mehrzweckwerkzeug<\/li>\n<li>Ladeger\u00e4t<\/li>\n<li>Pedale<\/li>\n<li>Bedienungsanleitung<\/li>\n<\/ol>\n<hr \/>\n<h3><strong>Ridstar H20: Ihr zuverl\u00e4ssiger Partner bei jeder Fahrt<\/strong><\/h3>\n<p>Ob f\u00fcr den t\u00e4glichen Arbeitsweg oder einen Wochenendausflug, das Ridstar H20 bietet Einfachheit, Zuverl\u00e4ssigkeit und Leistung. Mit seinem leistungsstarken Motor, der langlebigen Batterie und dem praktischen Design ist dieses E-Bike so gebaut, dass jede Fahrt angenehm und stressfrei ist.<\/p>\n<p><strong>Fahren Sie selbstbewusst mit dem Ridstar H20 \u2013 hier trifft Leistung auf Funktionalit\u00e4t.<\/strong><\/p>\n<p><img decoding=\"async\" class=\"alignnone size-full wp-image-291391\" src=\"https:\/\/ridstar.eu\/wp-content\/uploads\/2023\/09\/ridstar-h20-2.jpg\" alt=\"Ridstar H20\" width=\"600\" height=\"467\" \/> <img decoding=\"async\" class=\"alignnone size-full wp-image-291392\" src=\"https:\/\/ridstar.eu\/wp-content\/uploads\/2023\/09\/ridstar-h20-3.webp\" alt=\"Ridstar H20\" width=\"1214\" height=\"751\" \/> <img decoding=\"async\" class=\"alignnone size-full wp-image-291393\" src=\"https:\/\/ridstar.eu\/wp-content\/uploads\/2023\/09\/ridstar-h20-4.webp\" alt=\"Ridstar H20\" width=\"570\" height=\"459\" \/> <img decoding=\"async\" class=\"alignnone size-full wp-image-291394\" src=\"https:\/\/ridstar.eu\/wp-content\/uploads\/2023\/09\/ridstar-h20.webp\" alt=\"Ridstar H20\" width=\"1477\" height=\"1500\" \/><\/p>","protected":false},"excerpt":{"rendered":"<p>Ridstar H20 faltbares E-Bike<\/p>\n<p>Das Elektrofahrrad kann mit einem b\u00fcrstenlosen 1000-W-Motor Geschwindigkeiten von bis zu 45 km\/h erreichen. Ein Gep\u00e4cktr\u00e4ger sorgt f\u00fcr zus\u00e4tzliche Funktionalit\u00e4t, w\u00e4hrend Schutzbleche vorne und hinten das Fahren bei schlechteren Wetterbedingungen erm\u00f6glichen. Der LCD-Bildschirm ist wasser- und schmutzabweisend (IPX7) und bietet alle wichtigen Informationen wie Batteriestatus, zur\u00fcckgelegte Strecke und Programmverwaltung.<\/p>","protected":false},"featured_media":12583,"comment_status":"open","ping_status":"closed","template":"","meta":[],"product_brand":[],"product_cat":[212],"product_tag":[],"class_list":{"0":"post-12613","1":"product","2":"type-product","3":"status-publish","4":"has-post-thumbnail","6":"product_cat-electric-bikes","8":"first","9":"outofstock","10":"sale","11":"shipping-taxable","12":"purchasable","13":"product-type-simple"},"jetpack_sharing_enabled":true,"_links":{"self":[{"href":"https:\/\/ridstar.eu\/de\/wp-json\/wp\/v2\/product\/12613","targetHints":{"allow":["GET"]}}],"collection":[{"href":"https:\/\/ridstar.eu\/de\/wp-json\/wp\/v2\/product"}],"about":[{"href":"https:\/\/ridstar.eu\/de\/wp-json\/wp\/v2\/types\/product"}],"replies":[{"embeddable":true,"href":"https:\/\/ridstar.eu\/de\/wp-json\/wp\/v2\/comments?post=12613"}],"wp:featuredmedia":[{"embeddable":true,"href":"https:\/\/ridstar.eu\/de\/wp-json\/wp\/v2\/media\/12583"}],"wp:attachment":[{"href":"https:\/\/ridstar.eu\/de\/wp-json\/wp\/v2\/media?parent=12613"}],"wp:term":[{"taxonomy":"product_brand","embeddable":true,"href":"https:\/\/ridstar.eu\/de\/wp-json\/wp\/v2\/product_brand?post=12613"},{"taxonomy":"product_cat","embeddable":true,"href":"https:\/\/ridstar.eu\/de\/wp-json\/wp\/v2\/product_cat?post=12613"},{"taxonomy":"product_tag","embeddable":true,"href":"https:\/\/ridstar.eu\/de\/wp-json\/wp\/v2\/product_tag?post=12613"}],"curies":[{"name":"wp","href":"https:\/\/api.w.org\/{rel}","templated":true}]}}