{"id":13262,"date":"2023-11-28T17:55:38","date_gmt":"2023-11-28T15:55:38","guid":{"rendered":"https:\/\/ridstar.eu\/?page_id=13262"},"modified":"2026-03-06T11:34:13","modified_gmt":"2026-03-06T09:34:13","slug":"mein-konto","status":"publish","type":"page","link":"https:\/\/ridstar.eu\/de\/mein-konto\/","title":{"rendered":"Mein Konto"},"content":{"rendered":"<p><div class=\"et_pb_with_border et_d4_element et_pb_section et_pb_section_0  et_pb_css_mix_blend_mode et_section_regular et_block_section\" >\n\t\t\t\t\n\t\t\t\t\n\t\t\t\t\n\t\t\t\t\n\t\t\t\t\n\t\t\t\t\n\t\t\t\t<div class=\"et_d4_element et_pb_row et_pb_row_0  et_pb_css_mix_blend_mode et_block_row\">\n\t\t\t\t<div class=\"et_d4_element et_pb_column_4_4 et_pb_column et_pb_column_0  et_pb_css_mix_blend_mode et-last-child et_block_column\">\n\t\t\t\t\n\t\t\t\t\n\t\t\t\t\n\t\t\t\t\n\t\t\t\t<div class=\"et_pb_module et_d4_element et_pb_text et_pb_text_0  et_pb_text_align_left et_pb_bg_layout_light\">\n\t\t\t\t\n\t\t\t\t\n\t\t\t\t\n\t\t\t\t\n\t\t\t\t<div class=\"et_pb_text_inner\"><h1>Mein Konto<\/h1><\/div>\n\t\t\t<\/div><div class=\"et_pb_module et_d4_element et_pb_text et_pb_text_1 custom-account-style  et_pb_text_align_left et_pb_bg_layout_light\">\n\t\t\t\t\n\t\t\t\t\n\t\t\t\t\n\t\t\t\t\n\t\t\t\t<div class=\"et_pb_text_inner\"><div class=\"woocommerce\"><div class=\"woocommerce-notices-wrapper\"><\/div>\n\n<div class=\"u-columns col2-set\" id=\"customer_login\">\n\n\t<div class=\"u-column1 col-1\">\n\n\n\t\t<h2 data-no-translation=\"\" data-trp-gettext=\"\">Anmelden<\/h2>\n\n\t\t<form class=\"woocommerce-form woocommerce-form-login login\" method=\"post\" novalidate action=\"\">\n\n\t\t\t\n\t\t\t<p class=\"woocommerce-form-row woocommerce-form-row--wide form-row form-row-wide\">\n\t\t\t\t<label for=\"username\">Benutzername oder E-Mail-Adresse&nbsp;<span class=\"required\" aria-hidden=\"true\">*<\/span><span class=\"screen-reader-text\" data-no-translation=\"\" data-trp-gettext=\"\">Erforderlich<\/span><\/label>\n\t\t\t\t<input type=\"text\" class=\"woocommerce-Input woocommerce-Input--text input-text\" name=\"username\" id=\"username\" autocomplete=\"username\" value=\"\" required aria-required=\"true\" \/>\t\t\t<\/p>\n\t\t\t<p class=\"woocommerce-form-row woocommerce-form-row--wide form-row form-row-wide\">\n\t\t\t\t<label for=\"password\">Passwort&nbsp;<span class=\"required\" aria-hidden=\"true\">*<\/span><span class=\"screen-reader-text\" data-no-translation=\"\" data-trp-gettext=\"\">Erforderlich<\/span><\/label>\n\t\t\t\t<input class=\"woocommerce-Input woocommerce-Input--text input-text\" type=\"password\" name=\"password\" id=\"password\" autocomplete=\"current-password\" required aria-required=\"true\" \/>\n\t\t\t<\/p>\n\n\t\t\t\n\t\t\t<p class=\"form-row\">\n\t\t\t\t<label class=\"woocommerce-form__label woocommerce-form__label-for-checkbox woocommerce-form-login__rememberme\">\n\t\t\t\t\t<input class=\"woocommerce-form__input woocommerce-form__input-checkbox\" name=\"rememberme\" type=\"checkbox\" id=\"rememberme\" value=\"forever\" \/> <span data-no-translation=\"\" data-trp-gettext=\"\">Angemeldet bleiben<\/span>\n\t\t\t\t<\/label>\n\t\t\t\t<input type=\"hidden\" id=\"woocommerce-login-nonce\" name=\"woocommerce-login-nonce\" value=\"18f642e17d\" \/><input type=\"hidden\" name=\"_wp_http_referer\" value=\"\/de\/wp-json\/wp\/v2\/pages\/13262\" \/>\t\t\t\t<button type=\"submit\" class=\"woocommerce-button button woocommerce-form-login__submit\" name=\"login\" value=\"Anmelden\" data-no-translation=\"\" data-trp-gettext=\"\" data-no-translation-value=\"\">Anmelden<\/button>\n\t\t\t<\/p>\n\t\t\t<p class=\"woocommerce-LostPassword lost_password\">\n\t\t\t\t<a href=\"https:\/\/ridstar.eu\/de\/mein-konto\/passwort-vergessen\/\" data-no-translation=\"\" data-trp-gettext=\"\">Passwort vergessen?<\/a>\n\t\t\t<\/p>\n\n\t\t\t\n\t\t<input type=\"hidden\" name=\"trp-form-language\" value=\"de\"\/><\/form>\n\n\n\t<\/div>\n\n\t<div class=\"u-column2 col-2\">\n\n\t\t<h2 data-no-translation=\"\" data-trp-gettext=\"\">Registrieren<\/h2>\n\n\t\t<form method=\"post\" class=\"woocommerce-form woocommerce-form-register register\" action=\"\"  >\n\n\t\t\t\n\t\t\t\n\t\t\t<p class=\"woocommerce-form-row woocommerce-form-row--wide form-row form-row-wide\">\n\t\t\t\t<label for=\"reg_email\">E-Mail-Adresse&nbsp;<span class=\"required\" aria-hidden=\"true\">*<\/span><span class=\"screen-reader-text\" data-no-translation=\"\" data-trp-gettext=\"\">Erforderlich<\/span><\/label>\n\t\t\t\t<input type=\"email\" class=\"woocommerce-Input woocommerce-Input--text input-text\" name=\"email\" id=\"reg_email\" autocomplete=\"email\" value=\"\" required aria-required=\"true\" \/>\t\t\t<\/p>\n\n\t\t\t\n\t\t\t\t<p data-no-translation=\"\" data-trp-gettext=\"\">Ein Link zum Erstellen eines neuen Passwort wird an deine E-Mail-Adresse gesendet.<\/p>\n\n\t\t\t\n\t\t\t<wc-order-attribution-inputs><\/wc-order-attribution-inputs><div class=\"woocommerce-privacy-policy-text\"><p>Ihre pers\u00f6nlichen Daten werden verwendet, um Ihre Erfahrungen auf dieser Website zu unterst\u00fctzen, den Zugriff auf Ihr Konto zu verwalten und f\u00fcr andere Zwecke, die in unserer <a href=\"https:\/\/ridstar.eu\/de\/cookie-richtlinie-eu\/\" class=\"woocommerce-privacy-policy-link\" target=\"_blank\" data-no-translation=\"\" data-trp-gettext=\"\">Datenschutzrichtlinie<\/a>.<\/p>\n<\/div>\n\t\t\t<p class=\"woocommerce-form-row form-row\">\n\t\t\t\t<input type=\"hidden\" id=\"woocommerce-register-nonce\" name=\"woocommerce-register-nonce\" value=\"1e3f6d574b\" \/><input type=\"hidden\" name=\"_wp_http_referer\" value=\"\/de\/wp-json\/wp\/v2\/pages\/13262\" \/>\t\t\t\t<button type=\"submit\" class=\"woocommerce-Button woocommerce-button button woocommerce-form-register__submit\" name=\"register\" value=\"Registrieren\" data-no-translation=\"\" data-trp-gettext=\"\" data-no-translation-value=\"\">Registrieren<\/button>\n\t\t\t<\/p>\n\n\t\t\t\n\t\t<input type=\"hidden\" name=\"trp-form-language\" value=\"de\"\/><\/form>\n\n\t<\/div>\n\n<\/div>\n\n<\/div><\/div>\n\t\t\t<\/div>\n\t\t\t<\/div>\n\t\t\t\t\n\t\t\t\t\n\t\t\t\t\n\t\t\t\t\n\t\t\t<\/div>\n\t\t\t\t\n\t\t\t\t\n\t\t\t<\/div><div class=\"et_d4_element et_pb_section et_pb_section_1 logged-in-only  et_pb_css_mix_blend_mode et_section_regular et_block_section\" >\n\t\t\t\t\n\t\t\t\t\n\t\t\t\t\n\t\t\t\t\n\t\t\t\t<span class=\"et_pb_background_mask\"><\/span>\n\t\t\t\t\n\t\t\t\t<div class=\"et_d4_element et_pb_row et_pb_row_1  et_pb_css_mix_blend_mode et_block_row\">\n\t\t\t\t<div class=\"et_d4_element et_pb_column_4_4 et_pb_column et_pb_column_1  et_pb_css_mix_blend_mode et-last-child et_block_column\">\n\t\t\t\t\n\t\t\t\t\n\t\t\t\t\n\t\t\t\t\n\t\t\t\t<div class=\"et_pb_module et_d4_element et_pb_text et_pb_text_2  et_pb_text_align_left et_pb_bg_layout_light\">\n\t\t\t\t\n\t\t\t\t\n\t\t\t\t\n\t\t\t\t\n\t\t\t\t<div class=\"et_pb_text_inner\"><h2>Spezielles Produktangebot<\/h2><\/div>\n\t\t\t<\/div>\n\t\t\t<\/div>\n\t\t\t\t\n\t\t\t\t\n\t\t\t\t\n\t\t\t\t\n\t\t\t<\/div><div class=\"et_d4_element et_pb_row et_pb_row_2 et_pb_equal_columns et_pb_gutters2  et_pb_css_mix_blend_mode et_block_row\">\n\t\t\t\t<div class=\"et_d4_element et_pb_column_1_3 et_pb_column et_pb_column_2  et_pb_css_mix_blend_mode et_block_column\">\n\t\t\t\t\n\t\t\t\t\n\t\t\t\t\n\t\t\t\t\n\t\t\t\t<div class=\"et_pb_module et_d4_element et_pb_wc_images et_pb_wc_images_0 et_pb_bg_layout_\">\n\t\t\t\t\n\t\t\t\t\n\t\t\t\t\n\t\t\t\t\n\t\t\t\t\n\t\t\t\t\n\t\t\t\t<div class=\"et_pb_module_inner\">\n\t\t\t\t\t<div class=\"woocommerce-product-gallery woocommerce-product-gallery--with-images woocommerce-product-gallery--columns-4 images\" data-columns=\"4\" style=\"opacity: 0; transition: opacity .25s ease-in-out;\">\n\t<div class=\"woocommerce-product-gallery__wrapper\">\n\t\t<div data-thumb=\"https:\/\/ridstar.eu\/wp-content\/uploads\/2026\/02\/Q8-100x100.webp\" data-thumb-alt=\"Bopzin Q8\" data-thumb-srcset=\"\"  data-thumb-sizes=\"\" class=\"woocommerce-product-gallery__image\"><a href=\"https:\/\/ridstar.eu\/wp-content\/uploads\/2026\/02\/Q8.webp\"><img decoding=\"async\" width=\"600\" height=\"600\" src=\"https:\/\/ridstar.eu\/wp-content\/uploads\/2026\/02\/Q8-600x600.webp\" class=\"wp-post-image\" alt=\"Bopzin Q8\" data-caption=\"\" data-src=\"https:\/\/ridstar.eu\/wp-content\/uploads\/2026\/02\/Q8.webp\" data-large_image=\"https:\/\/ridstar.eu\/wp-content\/uploads\/2026\/02\/Q8.webp\" data-large_image_width=\"1600\" data-large_image_height=\"1600\" \/><\/a><\/div><div data-thumb=\"https:\/\/ridstar.eu\/wp-content\/uploads\/2026\/02\/Q80-\u4e3b\u56fe01-100x100.jpg\" data-thumb-alt=\"q8 foto\" data-thumb-srcset=\"\"  data-thumb-sizes=\"\" class=\"woocommerce-product-gallery__image\"><a href=\"https:\/\/ridstar.eu\/wp-content\/uploads\/2026\/02\/Q80-\u4e3b\u56fe01.jpg\"><img decoding=\"async\" width=\"600\" height=\"600\" src=\"https:\/\/ridstar.eu\/wp-content\/uploads\/2026\/02\/Q80-\u4e3b\u56fe01-600x600.jpg\" class=\"\" alt=\"q8 Foto\" data-caption=\"\" data-src=\"https:\/\/ridstar.eu\/wp-content\/uploads\/2026\/02\/Q80-\u4e3b\u56fe01.jpg\" data-large_image=\"https:\/\/ridstar.eu\/wp-content\/uploads\/2026\/02\/Q80-\u4e3b\u56fe01.jpg\" data-large_image_width=\"1000\" data-large_image_height=\"1000\" \/><\/a><\/div><div data-thumb=\"https:\/\/ridstar.eu\/wp-content\/uploads\/2026\/02\/Q80-\u4e3b\u56fe02-100x100.jpg\" data-thumb-alt=\"q8 foto\" data-thumb-srcset=\"\"  data-thumb-sizes=\"\" class=\"woocommerce-product-gallery__image\"><a href=\"https:\/\/ridstar.eu\/wp-content\/uploads\/2026\/02\/Q80-\u4e3b\u56fe02.jpg\"><img decoding=\"async\" width=\"600\" height=\"600\" src=\"https:\/\/ridstar.eu\/wp-content\/uploads\/2026\/02\/Q80-\u4e3b\u56fe02-600x600.jpg\" class=\"\" alt=\"q8 Foto\" data-caption=\"\" data-src=\"https:\/\/ridstar.eu\/wp-content\/uploads\/2026\/02\/Q80-\u4e3b\u56fe02.jpg\" data-large_image=\"https:\/\/ridstar.eu\/wp-content\/uploads\/2026\/02\/Q80-\u4e3b\u56fe02.jpg\" data-large_image_width=\"1000\" data-large_image_height=\"1000\" \/><\/a><\/div><div data-thumb=\"https:\/\/ridstar.eu\/wp-content\/uploads\/2026\/02\/Q80-\u4e3b\u56fe03-100x100.jpg\" data-thumb-alt=\"q8 foto\" data-thumb-srcset=\"\"  data-thumb-sizes=\"\" class=\"woocommerce-product-gallery__image\"><a href=\"https:\/\/ridstar.eu\/wp-content\/uploads\/2026\/02\/Q80-\u4e3b\u56fe03.jpg\"><img decoding=\"async\" width=\"600\" height=\"600\" src=\"https:\/\/ridstar.eu\/wp-content\/uploads\/2026\/02\/Q80-\u4e3b\u56fe03-600x600.jpg\" class=\"\" alt=\"q8 Foto\" data-caption=\"\" data-src=\"https:\/\/ridstar.eu\/wp-content\/uploads\/2026\/02\/Q80-\u4e3b\u56fe03.jpg\" data-large_image=\"https:\/\/ridstar.eu\/wp-content\/uploads\/2026\/02\/Q80-\u4e3b\u56fe03.jpg\" data-large_image_width=\"1000\" data-large_image_height=\"1000\" \/><\/a><\/div><div data-thumb=\"https:\/\/ridstar.eu\/wp-content\/uploads\/2026\/02\/Q80-\u4e3b\u56fe04-100x100.jpg\" data-thumb-alt=\"q8 foto\" data-thumb-srcset=\"\"  data-thumb-sizes=\"\" class=\"woocommerce-product-gallery__image\"><a href=\"https:\/\/ridstar.eu\/wp-content\/uploads\/2026\/02\/Q80-\u4e3b\u56fe04.jpg\"><img decoding=\"async\" width=\"600\" height=\"600\" src=\"https:\/\/ridstar.eu\/wp-content\/uploads\/2026\/02\/Q80-\u4e3b\u56fe04-600x600.jpg\" class=\"\" alt=\"q8 Foto\" data-caption=\"\" data-src=\"https:\/\/ridstar.eu\/wp-content\/uploads\/2026\/02\/Q80-\u4e3b\u56fe04.jpg\" data-large_image=\"https:\/\/ridstar.eu\/wp-content\/uploads\/2026\/02\/Q80-\u4e3b\u56fe04.jpg\" data-large_image_width=\"1000\" data-large_image_height=\"1000\" \/><\/a><\/div><div data-thumb=\"https:\/\/ridstar.eu\/wp-content\/uploads\/2026\/02\/Q80-\u4e3b\u56fe05-100x100.jpg\" data-thumb-alt=\"q8 foto\" data-thumb-srcset=\"\"  data-thumb-sizes=\"\" class=\"woocommerce-product-gallery__image\"><a href=\"https:\/\/ridstar.eu\/wp-content\/uploads\/2026\/02\/Q80-\u4e3b\u56fe05.jpg\"><img decoding=\"async\" width=\"600\" height=\"600\" src=\"https:\/\/ridstar.eu\/wp-content\/uploads\/2026\/02\/Q80-\u4e3b\u56fe05-600x600.jpg\" class=\"\" alt=\"q8 Foto\" data-caption=\"\" data-src=\"https:\/\/ridstar.eu\/wp-content\/uploads\/2026\/02\/Q80-\u4e3b\u56fe05.jpg\" data-large_image=\"https:\/\/ridstar.eu\/wp-content\/uploads\/2026\/02\/Q80-\u4e3b\u56fe05.jpg\" data-large_image_width=\"1000\" data-large_image_height=\"1000\" \/><\/a><\/div><div data-thumb=\"https:\/\/ridstar.eu\/wp-content\/uploads\/2026\/02\/Q80-\u4e3b\u56fe06-100x100.jpg\" data-thumb-alt=\"q8 foto\" data-thumb-srcset=\"\"  data-thumb-sizes=\"\" class=\"woocommerce-product-gallery__image\"><a href=\"https:\/\/ridstar.eu\/wp-content\/uploads\/2026\/02\/Q80-\u4e3b\u56fe06.jpg\"><img decoding=\"async\" width=\"600\" height=\"600\" src=\"https:\/\/ridstar.eu\/wp-content\/uploads\/2026\/02\/Q80-\u4e3b\u56fe06-600x600.jpg\" class=\"\" alt=\"q8 Foto\" data-caption=\"\" data-src=\"https:\/\/ridstar.eu\/wp-content\/uploads\/2026\/02\/Q80-\u4e3b\u56fe06.jpg\" data-large_image=\"https:\/\/ridstar.eu\/wp-content\/uploads\/2026\/02\/Q80-\u4e3b\u56fe06.jpg\" data-large_image_width=\"1000\" data-large_image_height=\"1000\" \/><\/a><\/div><div data-thumb=\"https:\/\/ridstar.eu\/wp-content\/uploads\/2026\/02\/Q80-\u4e3b\u56fe07-100x100.jpg\" data-thumb-alt=\"q8 foto\" data-thumb-srcset=\"\"  data-thumb-sizes=\"\" class=\"woocommerce-product-gallery__image\"><a href=\"https:\/\/ridstar.eu\/wp-content\/uploads\/2026\/02\/Q80-\u4e3b\u56fe07.jpg\"><img decoding=\"async\" width=\"600\" height=\"600\" src=\"https:\/\/ridstar.eu\/wp-content\/uploads\/2026\/02\/Q80-\u4e3b\u56fe07-600x600.jpg\" class=\"\" alt=\"q8 Foto\" data-caption=\"\" data-src=\"https:\/\/ridstar.eu\/wp-content\/uploads\/2026\/02\/Q80-\u4e3b\u56fe07.jpg\" data-large_image=\"https:\/\/ridstar.eu\/wp-content\/uploads\/2026\/02\/Q80-\u4e3b\u56fe07.jpg\" data-large_image_width=\"1000\" data-large_image_height=\"1000\" \/><\/a><\/div><div data-thumb=\"https:\/\/ridstar.eu\/wp-content\/uploads\/2026\/02\/Q8-7-100x100.webp\" data-thumb-alt=\"Bopzin Q8\" data-thumb-srcset=\"\"  data-thumb-sizes=\"\" class=\"woocommerce-product-gallery__image\"><a href=\"https:\/\/ridstar.eu\/wp-content\/uploads\/2026\/02\/Q8-7.webp\"><img decoding=\"async\" width=\"600\" height=\"600\" src=\"https:\/\/ridstar.eu\/wp-content\/uploads\/2026\/02\/Q8-7-600x600.webp\" class=\"\" alt=\"Bopzin Q8\" data-caption=\"\" data-src=\"https:\/\/ridstar.eu\/wp-content\/uploads\/2026\/02\/Q8-7.webp\" data-large_image=\"https:\/\/ridstar.eu\/wp-content\/uploads\/2026\/02\/Q8-7.webp\" data-large_image_width=\"1600\" data-large_image_height=\"1600\" \/><\/a><\/div><div data-thumb=\"https:\/\/ridstar.eu\/wp-content\/uploads\/2026\/02\/Q8-6-100x100.webp\" data-thumb-alt=\"Bopzin Q8\" data-thumb-srcset=\"\"  data-thumb-sizes=\"\" class=\"woocommerce-product-gallery__image\"><a href=\"https:\/\/ridstar.eu\/wp-content\/uploads\/2026\/02\/Q8-6.webp\"><img decoding=\"async\" width=\"600\" height=\"600\" src=\"https:\/\/ridstar.eu\/wp-content\/uploads\/2026\/02\/Q8-6-600x600.webp\" class=\"\" alt=\"Bopzin Q8\" data-caption=\"\" data-src=\"https:\/\/ridstar.eu\/wp-content\/uploads\/2026\/02\/Q8-6.webp\" data-large_image=\"https:\/\/ridstar.eu\/wp-content\/uploads\/2026\/02\/Q8-6.webp\" data-large_image_width=\"1600\" data-large_image_height=\"1600\" \/><\/a><\/div><div data-thumb=\"https:\/\/ridstar.eu\/wp-content\/uploads\/2026\/02\/Q8-5-100x100.webp\" data-thumb-alt=\"Bopzin Q8\" data-thumb-srcset=\"\"  data-thumb-sizes=\"\" class=\"woocommerce-product-gallery__image\"><a href=\"https:\/\/ridstar.eu\/wp-content\/uploads\/2026\/02\/Q8-5.webp\"><img decoding=\"async\" width=\"600\" height=\"600\" src=\"https:\/\/ridstar.eu\/wp-content\/uploads\/2026\/02\/Q8-5-600x600.webp\" class=\"\" alt=\"Bopzin Q8\" data-caption=\"\" data-src=\"https:\/\/ridstar.eu\/wp-content\/uploads\/2026\/02\/Q8-5.webp\" data-large_image=\"https:\/\/ridstar.eu\/wp-content\/uploads\/2026\/02\/Q8-5.webp\" data-large_image_width=\"1600\" data-large_image_height=\"1600\" \/><\/a><\/div><div data-thumb=\"https:\/\/ridstar.eu\/wp-content\/uploads\/2026\/02\/Q8-4-100x100.png\" data-thumb-alt=\"Bopzin Q8\" data-thumb-srcset=\"\"  data-thumb-sizes=\"\" class=\"woocommerce-product-gallery__image\"><a href=\"https:\/\/ridstar.eu\/wp-content\/uploads\/2026\/02\/Q8-4.png\"><img decoding=\"async\" width=\"600\" height=\"600\" src=\"https:\/\/ridstar.eu\/wp-content\/uploads\/2026\/02\/Q8-4-600x600.png\" class=\"\" alt=\"Bopzin Q8\" data-caption=\"\" data-src=\"https:\/\/ridstar.eu\/wp-content\/uploads\/2026\/02\/Q8-4.png\" data-large_image=\"https:\/\/ridstar.eu\/wp-content\/uploads\/2026\/02\/Q8-4.png\" data-large_image_width=\"2048\" data-large_image_height=\"2048\" \/><\/a><\/div><div data-thumb=\"https:\/\/ridstar.eu\/wp-content\/uploads\/2026\/02\/Q8-3-100x100.png\" data-thumb-alt=\"Bopzin Q8\" data-thumb-srcset=\"\"  data-thumb-sizes=\"\" class=\"woocommerce-product-gallery__image\"><a href=\"https:\/\/ridstar.eu\/wp-content\/uploads\/2026\/02\/Q8-3.png\"><img decoding=\"async\" width=\"600\" height=\"600\" src=\"https:\/\/ridstar.eu\/wp-content\/uploads\/2026\/02\/Q8-3-600x600.png\" class=\"\" alt=\"Bopzin Q8\" data-caption=\"\" data-src=\"https:\/\/ridstar.eu\/wp-content\/uploads\/2026\/02\/Q8-3.png\" data-large_image=\"https:\/\/ridstar.eu\/wp-content\/uploads\/2026\/02\/Q8-3.png\" data-large_image_width=\"2048\" data-large_image_height=\"2048\" \/><\/a><\/div><div data-thumb=\"https:\/\/ridstar.eu\/wp-content\/uploads\/2026\/02\/Q8-2-100x100.png\" data-thumb-alt=\"Bopzin Q8\" data-thumb-srcset=\"\"  data-thumb-sizes=\"\" class=\"woocommerce-product-gallery__image\"><a href=\"https:\/\/ridstar.eu\/wp-content\/uploads\/2026\/02\/Q8-2.png\"><img decoding=\"async\" width=\"600\" height=\"600\" src=\"https:\/\/ridstar.eu\/wp-content\/uploads\/2026\/02\/Q8-2-600x600.png\" class=\"\" alt=\"Bopzin Q8\" data-caption=\"\" data-src=\"https:\/\/ridstar.eu\/wp-content\/uploads\/2026\/02\/Q8-2.png\" data-large_image=\"https:\/\/ridstar.eu\/wp-content\/uploads\/2026\/02\/Q8-2.png\" data-large_image_width=\"2048\" data-large_image_height=\"2048\" \/><\/a><\/div>\t<\/div>\n<\/div>\n\n\t\t\t\t<\/div>\n\t\t\t<\/div>\n\t\t\t<\/div><div class=\"et_d4_element et_pb_column_2_3 et_pb_column et_pb_column_3  et_pb_css_mix_blend_mode et-last-child et_block_column\">\n\t\t\t\t\n\t\t\t\t\n\t\t\t\t\n\t\t\t\t\n\t\t\t\t<div class=\"et_pb_module et_d4_element et_pb_divider_0 et_pb_space et_pb_divider_hidden\"><div class=\"et_pb_divider_internal\"><\/div><\/div><div class=\"et_pb_module et_d4_element et_pb_wc_title et_pb_wc_title_0 et_pb_bg_layout_light\">\n\t\t\t\t\n\t\t\t\t\n\t\t\t\t\n\t\t\t\t\n\t\t\t\t\n\t\t\t\t\n\t\t\t\t<div class=\"et_pb_module_inner\">\n\t\t\t\t\t\n\t\t<h3>Elektromotorrad Bopzin Q8, 2000W, 60V, 35Ah Akku, 25\u00d73,0\u2033 Reifen<\/h3>\n\t\t\t\t<\/div>\n\t\t\t<\/div><div class=\"et_pb_module et_d4_element et_pb_wc_price et_pb_wc_price_0\">\n\t\t\t\t\n\t\t\t\t\n\t\t\t\t\n\t\t\t\t\n\t\t\t\t\n\t\t\t\t\n\t\t\t\t<div class=\"et_pb_module_inner\">\n\t\t\t\t\t<p class=\"price\"><span class=\"woocommerce-Price-amount amount\"><bdi><span class=\"woocommerce-Price-currencySymbol\">\u20ac<\/span>1799,00<\/bdi><\/span><\/p>\n\n\t\t\t\t<\/div>\n\t\t\t<\/div><div class=\"et_pb_module et_d4_element et_pb_wc_description et_pb_wc_description_0 et_pb_bg_layout_light  et_pb_text_align_left\">\n\t\t\t\t\n\t\t\t\t\n\t\t\t\t\n\t\t\t\t\n\t\t\t\t\n\t\t\t\t\n\t\t\t\t<div class=\"et_pb_module_inner\">\n\t\t\t\t\t<h3 data-path-to-node=\"2\">Neu! Verf\u00fcgbar ab Mitte April.<\/h3>\n<p data-path-to-node=\"2\"><strong>Bopzin Q8<\/strong> 60V, 2000W, 35Ah Breitreifen-E-Bike.<\/p>\n\n\t\t\t\t<\/div>\n\t\t\t<\/div><div class=\"et_pb_module et_d4_element et_pb_wc_add_to_cart et_pb_wc_add_to_cart_0 et_pb_fields_label_position_default et_pb_bg_layout_  et_pb_text_align_left\">\n\t\t\t\t\n\t\t\t\t\n\t\t\t\t\n\t\t\t\t\n\t\t\t\t\n\t\t\t\t\n\t\t\t\t<div class=\"et_pb_module_inner\">\n\t\t\t\t\t<p class=\"stock out-of-stock\" data-no-translation=\"\" data-trp-gettext=\"\">Nicht vorr\u00e4tig<\/p>\n\n\t\t\t\t<\/div>\n\t\t\t<\/div>\n\t\t\t<\/div>\n\t\t\t\t\n\t\t\t\t\n\t\t\t\t\n\t\t\t\t\n\t\t\t<\/div><div class=\"et_d4_element et_pb_row et_pb_row_3  et_pb_css_mix_blend_mode et_block_row\">\n\t\t\t\t<div class=\"et_d4_element et_pb_column_4_4 et_pb_column et_pb_column_4  et_pb_css_mix_blend_mode et-last-child et_block_column et_pb_column_empty\">\n\t\t\t\t\n\t\t\t\t\n\t\t\t\t\n\t\t\t\t\n\t\t\t\t\n\t\t\t<\/div>\n\t\t\t\t\n\t\t\t\t\n\t\t\t\t\n\t\t\t\t\n\t\t\t<\/div>\n\t\t\t\t\n\t\t\t\t\n\t\t\t<\/div><\/p>","protected":false},"excerpt":{"rendered":"","protected":false},"author":1,"featured_media":0,"parent":0,"menu_order":0,"comment_status":"closed","ping_status":"closed","template":"","meta":{"_et_pb_use_builder":"on","_et_pb_old_content":"","_et_gb_content_width":"","footnotes":""},"class_list":["post-13262","page","type-page","status-publish","hentry"],"jetpack_sharing_enabled":true,"_links":{"self":[{"href":"https:\/\/ridstar.eu\/de\/wp-json\/wp\/v2\/pages\/13262","targetHints":{"allow":["GET"]}}],"collection":[{"href":"https:\/\/ridstar.eu\/de\/wp-json\/wp\/v2\/pages"}],"about":[{"href":"https:\/\/ridstar.eu\/de\/wp-json\/wp\/v2\/types\/page"}],"author":[{"embeddable":true,"href":"https:\/\/ridstar.eu\/de\/wp-json\/wp\/v2\/users\/1"}],"replies":[{"embeddable":true,"href":"https:\/\/ridstar.eu\/de\/wp-json\/wp\/v2\/comments?post=13262"}],"version-history":[{"count":0,"href":"https:\/\/ridstar.eu\/de\/wp-json\/wp\/v2\/pages\/13262\/revisions"}],"wp:attachment":[{"href":"https:\/\/ridstar.eu\/de\/wp-json\/wp\/v2\/media?parent=13262"}],"curies":[{"name":"wp","href":"https:\/\/api.w.org\/{rel}","templated":true}]}}