{"id":13098,"date":"2023-10-27T11:09:38","date_gmt":"2023-10-27T08:09:38","guid":{"rendered":"https:\/\/ridstar.eu\/?page_id=13098"},"modified":"2026-03-06T11:34:14","modified_gmt":"2026-03-06T09:34:14","slug":"groshandel","status":"publish","type":"page","link":"https:\/\/ridstar.eu\/de\/groshandel\/","title":{"rendered":"Gro\u00dfhandel"},"content":{"rendered":"<div class=\"et_d4_element et_pb_section et_pb_section_0  et_pb_css_mix_blend_mode et_section_regular et_block_section\" >\n\t\t\t\t\n\t\t\t\t\n\t\t\t\t\n\t\t\t\t\n\t\t\t\t\n\t\t\t\t\n\t\t\t\t<div class=\"et_d4_element et_pb_row et_pb_row_0  et_pb_css_mix_blend_mode et_block_row\">\n\t\t\t\t<div class=\"et_d4_element et_pb_column_4_4 et_pb_column et_pb_column_0  et_pb_css_mix_blend_mode et-last-child et_block_column\">\n\t\t\t\t\n\t\t\t\t\n\t\t\t\t\n\t\t\t\t\n\t\t\t\t<div class=\"et_pb_module et_d4_element et_pb_text et_pb_text_0  et_pb_text_align_left et_pb_bg_layout_light\">\n\t\t\t\t\n\t\t\t\t\n\t\t\t\t\n\t\t\t\t\n\t\t\t\t<div class=\"et_pb_text_inner\"><header class=\"entry-header\">\n<h1 class=\"entry-title\">Gro\u00dfhandel<\/h1>\n<p>Sie m\u00f6chten gr\u00f6\u00dfere Mengen zu g\u00fcnstigen Preisen kaufen? Sie sind Wiederverk\u00e4ufer?<br \/>Senden Sie uns eine E-Mail an hello@ridstar.eu mit Ihrem gew\u00fcnschten Modell und der Menge und wir machen Ihnen ein gutes Angebot.<\/p>\n<\/header>\n<div class=\"entry-content\">\n<div data-elementor-type=\"wp-page\" data-elementor-id=\"4931\" class=\"elementor elementor-4931\">\n<section class=\"elementor-section elementor-top-section elementor-element elementor-element-c62c8fe elementor-section-boxed elementor-section-height-default elementor-section-height-default\" data-id=\"c62c8fe\" data-element_type=\"section\">\n<div class=\"elementor-container elementor-column-gap-no gx-0\">\n<div class=\"elementor-column elementor-col-100 elementor-top-column elementor-element elementor-element-c3c7248\" data-id=\"c3c7248\" data-element_type=\"column\">\n<div class=\"elementor-widget-wrap elementor-element-populated\">\n<div class=\"elementor-element elementor-element-b26afed elementor-widget elementor-widget-text-editor\" data-id=\"b26afed\" data-element_type=\"widget\" data-widget_type=\"text-editor.default\">\n<div class=\"elementor-widget-container\"><\/div>\n<\/div>\n<\/div>\n<\/div>\n<\/div>\n<\/section>\n<\/div>\n<\/div><\/div>\n\t\t\t<\/div>\n\t\t\t<\/div>\n\t\t\t\t\n\t\t\t\t\n\t\t\t\t\n\t\t\t\t\n\t\t\t<\/div>\n\t\t\t\t\n\t\t\t\t\n\t\t\t<\/div>","protected":false},"excerpt":{"rendered":"","protected":false},"author":1,"featured_media":0,"parent":0,"menu_order":0,"comment_status":"closed","ping_status":"closed","template":"","meta":{"_et_pb_use_builder":"on","_et_pb_old_content":"","_et_gb_content_width":"","footnotes":""},"class_list":["post-13098","page","type-page","status-publish","hentry"],"jetpack_sharing_enabled":true,"_links":{"self":[{"href":"https:\/\/ridstar.eu\/de\/wp-json\/wp\/v2\/pages\/13098","targetHints":{"allow":["GET"]}}],"collection":[{"href":"https:\/\/ridstar.eu\/de\/wp-json\/wp\/v2\/pages"}],"about":[{"href":"https:\/\/ridstar.eu\/de\/wp-json\/wp\/v2\/types\/page"}],"author":[{"embeddable":true,"href":"https:\/\/ridstar.eu\/de\/wp-json\/wp\/v2\/users\/1"}],"replies":[{"embeddable":true,"href":"https:\/\/ridstar.eu\/de\/wp-json\/wp\/v2\/comments?post=13098"}],"version-history":[{"count":0,"href":"https:\/\/ridstar.eu\/de\/wp-json\/wp\/v2\/pages\/13098\/revisions"}],"wp:attachment":[{"href":"https:\/\/ridstar.eu\/de\/wp-json\/wp\/v2\/media?parent=13098"}],"curies":[{"name":"wp","href":"https:\/\/api.w.org\/{rel}","templated":true}]}}