{"id":12635,"date":"2023-09-21T08:27:32","date_gmt":"2023-09-21T05:27:32","guid":{"rendered":"https:\/\/ridstar.eu\/?page_id=12635"},"modified":"2026-03-06T11:34:17","modified_gmt":"2026-03-06T09:34:17","slug":"zahlung-und-lieferung","status":"publish","type":"page","link":"https:\/\/ridstar.eu\/de\/zahlung-und-lieferung\/","title":{"rendered":"Zahlung und Lieferung"},"content":{"rendered":"<div class=\"et_d4_element et_pb_section et_pb_section_0  et_pb_css_mix_blend_mode et_section_regular et_block_section\" >\n\t\t\t\t\n\t\t\t\t\n\t\t\t\t\n\t\t\t\t\n\t\t\t\t\n\t\t\t\t\n\t\t\t\t<div class=\"et_d4_element et_pb_row et_pb_row_0  et_pb_css_mix_blend_mode et_block_row\">\n\t\t\t\t<div class=\"et_d4_element et_pb_column_4_4 et_pb_column et_pb_column_0  et_pb_css_mix_blend_mode et-last-child et_block_column\">\n\t\t\t\t\n\t\t\t\t\n\t\t\t\t\n\t\t\t\t\n\t\t\t\t<div class=\"et_pb_module et_d4_element et_pb_image et_pb_image_0\">\n\t\t\t\t\n\t\t\t\t\n\t\t\t\t\n\t\t\t\t\n\t\t\t\t<span class=\"et_pb_image_wrap\"><img decoding=\"async\" width=\"800\" height=\"332\" src=\"https:\/\/ridstar.eu\/wp-content\/uploads\/2026\/02\/payment-system-america-via-stripe-paypal-mastercard-apple-pay-google-visa-260818288.webp\" alt=\"Zahlungen\" title=\"Zahlungssystem Amerika \u00fcber Stripe, PayPal, Mastercard, Apple Pay, Google Pay, Visa 260818288\" class=\"wp-image-291745\" \/><\/span>\n\t\t\t<\/div><div class=\"et_pb_module et_d4_element et_pb_text et_pb_text_0  et_pb_text_align_left et_pb_bg_layout_light\">\n\t\t\t\t\n\t\t\t\t\n\t\t\t\t\n\t\t\t\t\n\t\t\t\t<div class=\"et_pb_text_inner\"><header class=\"entry-header\">\n<h3 data-path-to-node=\"6\"><b data-path-to-node=\"6\" data-index-in-node=\"0\">\ud83d\udcb3 Zahlung &amp; Lieferung<\/b><\/h3>\n<p data-path-to-node=\"7\"><b data-path-to-node=\"7\" data-index-in-node=\"0\">Sichere Zahlungen<\/b><\/p>\n<p data-path-to-node=\"8\">Wir garantieren, dass Ihr gesamter Kaufvorgang sicher und verschl\u00fcsselt ist. Sie k\u00f6nnen aus folgenden Zahlungsmethoden w\u00e4hlen:<\/p>\n<ul data-path-to-node=\"9\">\n<li>\n<p data-path-to-node=\"9,0,0\"><b data-path-to-node=\"9,0,0\" data-index-in-node=\"0\">PayPal &amp; Karten (Prim\u00e4r):<\/b> Wir akzeptieren sichere Zahlungen via PayPal. \u00dcber dieses Zahlungssystem k\u00f6nnen Sie auch mit folgenden Zahlungsmethoden bezahlen: <b data-path-to-node=\"9,0,0\" data-index-in-node=\"109\">VISA, MasterCard, American Express, Apple Pay und Google Pay<\/b>, auch wenn Sie kein PayPal-Konto besitzen.<\/p>\n<\/li>\n<li>\n<p data-path-to-node=\"9,1,0\"><b data-path-to-node=\"9,1,0\" data-index-in-node=\"0\">Paysera:<\/b> Ein vertrauensw\u00fcrdiger globaler Zahlungsdienstleister f\u00fcr sichere Online-Banking-\u00dcberweisungen und elektronisches Geldmanagement.<\/p>\n<\/li>\n<\/ul>\n<hr data-path-to-node=\"10\" \/>\n<p data-path-to-node=\"11\"><b data-path-to-node=\"11\" data-index-in-node=\"0\">\ud83d\ude9a Lieferinformationen<\/b><\/p>\n<p data-path-to-node=\"12\"><b data-path-to-node=\"12\" data-index-in-node=\"0\">\u00a0<img decoding=\"async\" src=\"https:\/\/cdn-icons-png.flaticon.com\/128\/206\/206593.png\" width=\"38\" height=\"38\" alt=\"\">Europ\u00e4ische Union (Schnell &amp; Steuerfrei)<\/b> Wir versenden direkt aus unseren lokalen Lagern in <b data-path-to-node=\"12\" data-index-in-node=\"92\">Polen, Deutschland und Frankreich<\/b>.<\/p>\n<ul data-path-to-node=\"13\">\n<li>\n<p data-path-to-node=\"13,0,0\"><b data-path-to-node=\"13,0,0\" data-index-in-node=\"0\">Versandkosten:<\/b> Kostenlos f\u00fcr alle EU-L\u00e4nder.<\/p>\n<\/li>\n<li>\n<p data-path-to-node=\"13,1,0\"><b data-path-to-node=\"13,1,0\" data-index-in-node=\"0\">Steuern:<\/b> Keine Zollgeb\u00fchren oder versteckte Kosten.<\/p>\n<\/li>\n<li>\n<p data-path-to-node=\"13,2,0\"><b data-path-to-node=\"13,2,0\" data-index-in-node=\"0\">Bearbeitungszeit:<\/b> Bestellungen werden innerhalb von 1\u20135 Werktagen vorbereitet und dem Kurier \u00fcbergeben.<\/p>\n<\/li>\n<li>\n<p data-path-to-node=\"13,3,0\"><b data-path-to-node=\"13,3,0\" data-index-in-node=\"0\">Lieferzeit:<\/b> Sobald das Paket versandt wurde, liefern Kurierdienste es Ihnen innerhalb von <b data-path-to-node=\"13,3,0\" data-index-in-node=\"83\">3\u201310 Werktage<\/b>.<\/p>\n<\/li>\n<\/ul>\n<p data-path-to-node=\"14\"><b data-path-to-node=\"14\" data-index-in-node=\"0\"><img decoding=\"async\" src=\"https:\/\/cdn-icons-png.flaticon.com\/128\/5111\/5111624.png\" width=\"36\" height=\"36\" alt=\"\">Sendung aus China<\/b> F\u00fcr Modelle, die in unserem Zentrallager vorr\u00e4tig sind:<\/p>\n<ul data-path-to-node=\"15\">\n<li>\n<p data-path-to-node=\"15,0,0\"><b data-path-to-node=\"15,0,0\" data-index-in-node=\"0\">Lieferzeit:<\/b> 35\u201345 Tage.<\/p>\n<\/li>\n<li>\n<p data-path-to-node=\"15,1,0\"><b data-path-to-node=\"15,1,0\" data-index-in-node=\"0\">Politik:<\/b> Bitte beachten Sie, dass Bestellungen aus China nach Aufgabe nicht mehr storniert werden k\u00f6nnen. Garantie- und Servicebedingungen bleiben unver\u00e4ndert.<\/p>\n<\/li>\n<\/ul>\n<p data-path-to-node=\"16\"><b data-path-to-node=\"16\" data-index-in-node=\"0\"><img decoding=\"async\" src=\"https:\/\/cdn-icons-png.flaticon.com\/128\/14009\/14009832.png\" width=\"38\" height=\"38\" alt=\"\">USA-Versand<\/b> Wir k\u00f6nnen ausgew\u00e4hlte Modelle in die USA versenden. Bitte kontaktieren Sie uns per E-Mail, um die Verf\u00fcgbarkeit und die Versandkosten zu erfragen.<\/p>\n<\/header><\/div>\n\t\t\t<\/div>\n\t\t\t<\/div>\n\t\t\t\t\n\t\t\t\t\n\t\t\t\t\n\t\t\t\t\n\t\t\t<\/div><div class=\"et_d4_element et_pb_row et_pb_row_1  et_pb_css_mix_blend_mode et_block_row\">\n\t\t\t\t<div class=\"et_d4_element et_pb_column_4_4 et_pb_column et_pb_column_1  et_pb_css_mix_blend_mode et-last-child et_block_column et_pb_column_empty\">\n\t\t\t\t\n\t\t\t\t\n\t\t\t\t\n\t\t\t\t\n\t\t\t\t\n\t\t\t<\/div>\n\t\t\t\t\n\t\t\t\t\n\t\t\t\t\n\t\t\t\t\n\t\t\t<\/div>\n\t\t\t\t\n\t\t\t\t\n\t\t\t<\/div>","protected":false},"excerpt":{"rendered":"","protected":false},"author":1,"featured_media":0,"parent":0,"menu_order":0,"comment_status":"closed","ping_status":"closed","template":"","meta":{"_et_pb_use_builder":"on","_et_pb_old_content":"","_et_gb_content_width":"","footnotes":""},"class_list":["post-12635","page","type-page","status-publish","hentry"],"jetpack_sharing_enabled":true,"_links":{"self":[{"href":"https:\/\/ridstar.eu\/de\/wp-json\/wp\/v2\/pages\/12635","targetHints":{"allow":["GET"]}}],"collection":[{"href":"https:\/\/ridstar.eu\/de\/wp-json\/wp\/v2\/pages"}],"about":[{"href":"https:\/\/ridstar.eu\/de\/wp-json\/wp\/v2\/types\/page"}],"author":[{"embeddable":true,"href":"https:\/\/ridstar.eu\/de\/wp-json\/wp\/v2\/users\/1"}],"replies":[{"embeddable":true,"href":"https:\/\/ridstar.eu\/de\/wp-json\/wp\/v2\/comments?post=12635"}],"version-history":[{"count":0,"href":"https:\/\/ridstar.eu\/de\/wp-json\/wp\/v2\/pages\/12635\/revisions"}],"wp:attachment":[{"href":"https:\/\/ridstar.eu\/de\/wp-json\/wp\/v2\/media?parent=12635"}],"curies":[{"name":"wp","href":"https:\/\/api.w.org\/{rel}","templated":true}]}}