{"id":12598,"date":"2023-09-20T10:57:33","date_gmt":"2023-09-20T07:57:33","guid":{"rendered":"https:\/\/ridstar.eu\/?page_id=12598"},"modified":"2026-05-01T11:48:48","modified_gmt":"2026-05-01T08:48:48","slug":"kontaktiere-uns","status":"publish","type":"page","link":"https:\/\/ridstar.eu\/de\/contact-us\/","title":{"rendered":"Kontaktieren Sie uns"},"content":{"rendered":"<div class=\"et_pb_section_0 et_pb_section et_section_regular et_block_section\">\n<div class=\"et_pb_row_0 et_pb_row et_block_row\">\n<div class=\"et_pb_column_0 et_pb_column et_pb_column_4_4 et-last-child et_block_column et_pb_css_mix_blend_mode_passthrough\">\n<div class=\"et_pb_text_0 et_pb_text et_pb_bg_layout_light et_pb_module et_block_module preset--module--divi-text--c2849e14-f298-4e85-93bb-b7eb6ec6b099\"><div class=\"et_pb_text_inner\"><h1>Kontaktieren Sie uns<\/h1>\n<p>Wir freuen uns auf Ihre Anfrage! Kontaktieren Sie uns. Wir antworten in der Regel innerhalb weniger Stunden.<\/p>\n<\/div><\/div>\n<\/div>\n<\/div>\n\n<div class=\"et_pb_row_1 et_pb_row et_block_row\">\n<div class=\"et_pb_column_1 et_pb_column et_pb_column_2_3 et_block_column et_pb_css_mix_blend_mode_passthrough\">\n<div class=\"et_pb_contact_form_0 et_pb_contact_form_container clearfix et_pb_module et_flex_module\" data-form_unique_num=\"0\" data-form_unique_id=\"1ed34e4b-e678-48bf-bd84-d6afae28e008\" id=\"et_pb_contact_form_1ed34e4b-e678-48bf-bd84-d6afae28e008\"><div class=\"et-pb-contact-message\"><\/div><div class=\"et_pb_contact\"><form class=\"et_pb_contact_form et_flex_module\" method=\"post\" action=\"https:\/\/ridstar.eu\/de\/wp-json\/wp\/v2\/pages\/12598\" data-trp-original-action=\"https:\/\/ridstar.eu\/de\/wp-json\/wp\/v2\/pages\/12598\">\n<div class=\"et_pb_contact_field_0 et_pb_contact_field et_pb_module et_flex_module et_flex_column_12_24 et_flex_column_12_24_tablet et_flex_column_12_24_phone\" data-id=\"name\" data-type=\"input\"><label class=\"et_pb_contact_form_label\" for=\"et_pb_contact_0_name_0\">Name<\/label><input type=\"text\" name=\"et_pb_contact_0_name_0\" id=\"et_pb_contact_0_name_0\" class=\"input\" data-required_mark=\"required\" data-field_type=\"input\" data-original_id=\"name\" placeholder=\"Name\" title=\"\" value=\"\" \/><\/div>\n\n<div class=\"et_pb_contact_field_1 et_pb_contact_field et_pb_module et_flex_module et_flex_column_12_24 et_flex_column_12_24_tablet et_flex_column_12_24_phone\" data-id=\"email\" data-type=\"email\"><label class=\"et_pb_contact_form_label\" for=\"et_pb_contact_0_email_1\">E-Mail-Adresse<\/label><input type=\"text\" name=\"et_pb_contact_0_email_1\" id=\"et_pb_contact_0_email_1\" class=\"input\" data-required_mark=\"required\" data-field_type=\"email\" data-original_id=\"email\" placeholder=\"E-Mail-Adresse\" title=\"\" value=\"\" \/><\/div>\n\n<div class=\"et_pb_contact_field_2 et_pb_contact_field et_pb_module et_flex_module et_flex_column_24_24 et_flex_column_24_24_tablet et_flex_column_24_24_phone\" data-id=\"message\" data-type=\"text\"><label class=\"et_pb_contact_form_label\" for=\"et_pb_contact_0_message_2\">Nachricht<\/label><textarea name=\"et_pb_contact_0_message_2\" id=\"et_pb_contact_0_message_2\" class=\"et_pb_contact_message input\" data-required_mark=\"required\" data-field_type=\"text\" data-original_id=\"message\" placeholder=\"Nachricht\"><\/textarea><\/div>\n<input type=\"hidden\" name=\"et_pb_contactform_submit_1ed34e4b-e678-48bf-bd84-d6afae28e008\" value=\"et_contact_proccess\" \/><div class=\"et_contact_bottom_container\"><div class=\"et_pb_contact_right et_pb_contact_field\"><p class=\"clearfix\"><label><span class=\"et_pb_contact_captcha_question\">13 + 2<\/span> = <input type=\"text\" size=\"2\" class=\"input et_pb_contact_captcha\" data-first_digit=\"13\" data-second_digit=\"2\" data-required_mark=\"required\" name=\"et_pb_contact_captcha_1ed34e4b-e678-48bf-bd84-d6afae28e008\" autocomplete=\"off\" \/><\/label><\/p><\/div><div class=\"et_pb_button_wrapper\"><button type=\"submit\" name=\"et_builder_submit_button\" class=\"et_pb_button et_pb_contact_submit\">Einreichen<\/button><\/div><\/div><input type=\"hidden\" id=\"_wpnonce-et-pb-contact-form-submitted-1ed34e4b-e678-48bf-bd84-d6afae28e008\" name=\"_wpnonce-et-pb-contact-form-submitted-1ed34e4b-e678-48bf-bd84-d6afae28e008\" value=\"06cd96ab0b\" \/><input type=\"hidden\" name=\"_wp_http_referer\" value=\"\/de\/wp-json\/wp\/v2\/pages\/12598\" \/><input type=\"hidden\" name=\"trp-form-language\" value=\"de\"\/><\/form><\/div><\/div>\n<\/div>\n\n<div class=\"et_pb_column_2 et_pb_column et_pb_column_1_3 et-last-child et_block_column et_pb_css_mix_blend_mode_passthrough\">\n<div class=\"et_pb_blurb_0 et_pb_blurb et_pb_bg_layout_light et_pb_blurb_position_top et_pb_module et_block_module preset--module--divi-blurb--6e712727-0993-4f47-a922-0032e4c3d8f6\"><div class=\"et_pb_blurb_content\"><div class=\"et_pb_blurb_container\"><h4 class=\"et_pb_module_header\">hello@ridstar.eu<\/h4><div class=\"et_pb_blurb_description\"><p>Ridstar, der Hersteller von E-Bikes - <a href=\"https:\/\/xingqishi.en.alibaba.com\/\" target=\"_blank\" class=\"im-next-btn im-next-large im-next-btn-primary im-next-btn-text btn-action\" title=\"Huizhou Xingqishi Sportartikel Co., Ltd.\" rel=\"noopener\"><span class=\"im-next-btn-helper\">Huizhou Xingqishi Sportartikel Co., Ltd. <\/span><\/a>EU-Lager, Polen<br \/>05827 Grodzisk Mazowiecki<\/p>\n<p><strong>Wir verkaufen Fahrr\u00e4der und Ersatzteile. Im Garantiefall wenden Sie sich bitte an das Gesch\u00e4ft, in dem Sie das Fahrrad gekauft haben, es sei denn, Sie haben es \u00fcber ridstar.eu aus unserem EU-Lager erworben. In diesem Fall f\u00fcllen Sie bitte dort ein Garantieformular aus. <a href=\"https:\/\/ridstar.eu\/de\/unterstutzung\/\">Support \u2013 RIDSTAR Elektrofahrr\u00e4der \u2013 Offizieller Online-Shop<\/a><\/strong><\/p>\n<\/div><\/div><\/div><\/div>\n<\/div>\n<\/div>\n\n<div class=\"et_pb_row_2 et_pb_row et-vb-row--no-module et_block_row\">\n<div class=\"et_pb_column_3 et_pb_column et_pb_column_4_4 et-last-child et_block_column et_pb_column_empty et_pb_css_mix_blend_mode_passthrough\">\n\n<\/div>\n<\/div>\n<\/div>","protected":false},"excerpt":{"rendered":"","protected":false},"author":1,"featured_media":0,"parent":0,"menu_order":0,"comment_status":"closed","ping_status":"closed","template":"","meta":{"footnotes":""},"class_list":["post-12598","page","type-page","status-publish","hentry"],"_links":{"self":[{"href":"https:\/\/ridstar.eu\/de\/wp-json\/wp\/v2\/pages\/12598","targetHints":{"allow":["GET"]}}],"collection":[{"href":"https:\/\/ridstar.eu\/de\/wp-json\/wp\/v2\/pages"}],"about":[{"href":"https:\/\/ridstar.eu\/de\/wp-json\/wp\/v2\/types\/page"}],"author":[{"embeddable":true,"href":"https:\/\/ridstar.eu\/de\/wp-json\/wp\/v2\/users\/1"}],"replies":[{"embeddable":true,"href":"https:\/\/ridstar.eu\/de\/wp-json\/wp\/v2\/comments?post=12598"}],"version-history":[{"count":1,"href":"https:\/\/ridstar.eu\/de\/wp-json\/wp\/v2\/pages\/12598\/revisions"}],"predecessor-version":[{"id":291986,"href":"https:\/\/ridstar.eu\/de\/wp-json\/wp\/v2\/pages\/12598\/revisions\/291986"}],"wp:attachment":[{"href":"https:\/\/ridstar.eu\/de\/wp-json\/wp\/v2\/media?parent=12598"}],"curies":[{"name":"wp","href":"https:\/\/api.w.org\/{rel}","templated":true}]}}