{"id":12595,"date":"2023-09-20T10:55:46","date_gmt":"2023-09-20T07:55:46","guid":{"rendered":"https:\/\/ridstar.eu\/?page_id=12595"},"modified":"2026-03-10T13:15:49","modified_gmt":"2026-03-10T11:15:49","slug":"nutzungsbedingungen","status":"publish","type":"page","link":"https:\/\/ridstar.eu\/de\/nutzungsbedingungen\/","title":{"rendered":"Nutzungsbedingungen"},"content":{"rendered":"<div class=\"et_pb_section_0 et_pb_section et_section_regular et_block_section\">\n<div class=\"et_pb_row_0 et_pb_row et_block_row\">\n<div class=\"et_pb_column_0 et_pb_column et_pb_column_4_4 et-last-child et_block_column et_pb_css_mix_blend_mode_passthrough\">\n<div class=\"et_pb_text_0 et_pb_text et_pb_bg_layout_light et_pb_module et_block_module\"><div class=\"et_pb_text_inner\"><header class=\"entry-header\">\n<h1 class=\"entry-title\"><\/h1>\n<p>\u00a0<\/p>\n<p>\u00a0<\/p>\n<p>\u00a0<\/p>\n<p>\u00a0<\/p>\n<h1 class=\"entry-title\">Gesch\u00e4ftsbedingungen<\/h1>\n<\/header>\n<div class=\"entry-content\">\n<p>Die Allgemeinen Gesch\u00e4ftsbedingungen wurden zuletzt am 21.09.2023 aktualisiert.<\/p>\n<p>1. Einleitung<\/p>\n<p>Diese Allgemeinen Gesch\u00e4ftsbedingungen gelten f\u00fcr diese Website und f\u00fcr Transaktionen im Zusammenhang mit unseren Produkten und Dienstleistungen. Sie unterliegen m\u00f6glicherweise zus\u00e4tzlichen Vereinbarungen in Bezug auf Ihre Beziehung zu uns oder auf Produkte oder Dienstleistungen, die Sie von uns erhalten. Sollten Bestimmungen der Zusatzvereinbarungen mit Bestimmungen dieser Bedingungen in Konflikt stehen, gelten die Bestimmungen dieser Zusatzvereinbarungen.<\/p>\n<p>2. Obligatorisch<\/p>\n<p>Indem Sie sich registrieren, auf diese Website zugreifen oder sie anderweitig nutzen, erkl\u00e4ren Sie sich mit den folgenden Allgemeinen Gesch\u00e4ftsbedingungen einverstanden. Durch die blo\u00dfe Nutzung dieser Website erkl\u00e4ren Sie sich mit diesen Allgemeinen Gesch\u00e4ftsbedingungen einverstanden und akzeptieren diese. In bestimmten F\u00e4llen bitten wir Sie m\u00f6glicherweise um Ihre Zustimmung.<\/p>\n<p>3. Elektronische Kommunikation<\/p>\n<p>Indem Sie diese Website verwenden oder elektronisch mit uns kommunizieren, erkl\u00e4ren Sie sich damit einverstanden und erkennen an, dass wir elektronisch \u00fcber unsere Website oder durch Senden von E-Mails mit Ihnen kommunizieren k\u00f6nnen. Sie erkl\u00e4ren sich au\u00dferdem damit einverstanden, dass alle Vereinbarungen, Mitteilungen, Offenlegungen und anderen Nachrichten, die wir Ihnen elektronisch \u00fcbermitteln, in einer Weise erfolgen, die allen gesetzlichen Anforderungen entspricht, einschlie\u00dflich, aber nicht beschr\u00e4nkt auf die Anforderung, dass solche Mitteilungen schriftlich erfolgen m\u00fcssen.<\/p>\n<p>4. Geistiges Eigentum<\/p>\n<p>Wir oder unsere Lizenzgeber besitzen und kontrollieren alle Urheberrechte und sonstigen Rechte am geistigen Eigentum an der Website und den darauf angezeigten oder verf\u00fcgbaren Daten, Informationen und anderen Ressourcen.<\/p>\n<p>4.1. Alle Rechte vorbehalten<\/p>\n<p>Sofern in den spezifischen Inhalten nichts anderes angegeben ist, wird Ihnen keine Lizenz oder ein anderes Recht im Rahmen von Urheberrechten, Marken, Patenten oder anderen Rechten an geistigem Eigentum gew\u00e4hrt. Dies bedeutet, dass Sie ohne unsere vorherige schriftliche Zustimmung keine Inhalte dieser Website-Ressourcen in irgendeiner Form verwenden, kopieren, reproduzieren, ausf\u00fchren, anzeigen, anzeigen, verteilen, in einem elektronischen Medium installieren, \u00e4ndern, \u00fcbertragen, dekompilieren, \u00fcbermitteln, \u00fcbertragen, \u00fcbertragen, verkaufen, weiterverkaufen oder kommerziell nutzen d\u00fcrfen, au\u00dfer in F\u00e4llen und nur insoweit, als dies durch verbindliche Rechtsakte (z. B. das Zitatrecht) anders vorgesehen ist.<\/p>\n<p>5. Eigentum Dritter<\/p>\n<p>Unsere Website kann Hyperlinks oder andere Links zu Websites anderer L\u00e4nder enthalten. Wir kontrollieren oder \u00fcberpr\u00fcfen den Inhalt von Websites Dritter, auf die von dieser Website aus verwiesen wird, nicht. Produkte oder Dienstleistungen, die von anderen Websites angeboten werden, unterliegen den Gesch\u00e4ftsbedingungen dieser Dritten. Wir unterst\u00fctzen die auf diesen Websites ge\u00e4u\u00dferten Ansichten oder das dort enthaltene Material nicht unbedingt.<\/p>\n<p>Wir sind nicht f\u00fcr die Datenschutzpraktiken oder Inhalte dieser Websites verantwortlich. Ihre Nutzung dieser Websites und aller damit verbundenen Dienste Dritter erfolgt auf Ihr eigenes Risiko. Wir \u00fcbernehmen keine Haftung f\u00fcr Verluste oder Sch\u00e4den, die durch Ihre Weitergabe personenbezogener Daten an Dritte entstehen.<\/p>\n<p>6. Verantwortungsvoller Umgang<\/p>\n<p>Indem Sie unsere Website besuchen, erkl\u00e4ren Sie sich damit einverstanden, sie nur f\u00fcr die beabsichtigten Zwecke und wie durch diese Bedingungen, etwaige zus\u00e4tzliche Vereinbarungen mit uns, geltende Gesetze, Vorschriften und allgemein anerkannte Internetpraktiken und Branchenrichtlinien gestattet zu verwenden. Sie d\u00fcrfen unsere Site oder Dienste nicht nutzen, indem Sie Material verwenden, ver\u00f6ffentlichen oder verteilen, das aus b\u00f6sartiger Computersoftware besteht (oder mit dieser verkn\u00fcpft ist); Sie d\u00fcrfen die von unserer Website erfassten Daten nicht f\u00fcr Direktmarketingaktivit\u00e4ten verwenden oder systematische oder automatisierte Datenerfassungsaktivit\u00e4ten auf oder in Verbindung mit unserer Website durchf\u00fchren.<\/p>\n<p>Es ist streng verboten, sich an Aktivit\u00e4ten zu beteiligen, die Sch\u00e4den an der Site verursachen oder verursachen k\u00f6nnen oder den Betrieb, die Verf\u00fcgbarkeit oder den Zugang zur Site beeintr\u00e4chtigen.<\/p>\n<p>7. Registrierung<\/p>\n<p>Sie k\u00f6nnen auf unserer Website ein Konto registrieren. W\u00e4hrend dieses Vorgangs werden Sie m\u00f6glicherweise aufgefordert, ein Passwort auszuw\u00e4hlen. Sie sind daf\u00fcr verantwortlich, Ihre Passw\u00f6rter und Kontoinformationen vertraulich zu behandeln, und Sie erkl\u00e4ren sich damit einverstanden, Ihre Passw\u00f6rter, Kontoinformationen oder den sicheren Zugang zu unserer Website oder unseren Diensten nicht an andere Personen weiterzugeben. Sie d\u00fcrfen keiner anderen Person gestatten, \u00fcber Ihr Konto auf die Website zuzugreifen, und Sie sind f\u00fcr alle Aktivit\u00e4ten verantwortlich, die unter Ihren Passw\u00f6rtern oder Konten erfolgen. Sie m\u00fcssen uns unverz\u00fcglich \u00fcber jede Offenlegung Ihres Passworts informieren.<\/p>\n<p>Nach der Kontok\u00fcndigung d\u00fcrfen Sie ohne unsere Erlaubnis nicht versuchen, ein neues Konto zu registrieren.<\/p>\n<p>8. R\u00fcckgabe- und R\u00fcckerstattungsrichtlinie<\/p>\n<p>8.1. Recht auf R\u00fccktritt vom Vertrag<\/p>\n<p><span style=\"font-size: 14px;\">Wir sind in Europa als Privatpersonen aktiv. Und die Gesetze gelten so, als w\u00fcrden Sie von einer Privatperson kaufen.<\/span><\/p>\n<p><span style=\"font-size: 14px;\">Sie haben Anspruch auf eine R\u00fcckerstattung, wenn Sie ein Produkt erhalten haben, das nicht dem bestellten entspricht oder defekt ist. Nach dem Auspacken kann das Fahrrad nicht mehr zur\u00fcckgegeben werden.<\/span><\/p>\n<p>Bei einer stornierten Bestellung tr\u00e4gt der K\u00e4ufer nach \u00dcbergabe an den Kurierdienst die Versandkosten (EU-weite Versandkosten 220 EUR)<span style=\"font-size: 14px;\"><\/span><\/p>\n<p><span style=\"font-size: 14px;\">Um Ihr Widerrufsrecht auszu\u00fcben, m\u00fcssen Sie uns mittels einer eindeutigen Erkl\u00e4rung (z. B. ein mit der Post versandter Brief, Telefax oder E-Mail) \u00fcber Ihren Entschluss, diesen Vertrag zu widerrufen, informieren. Unsere Kontaktdaten finden Sie weiter unten. Sie k\u00f6nnen daf\u00fcr das beigef\u00fcgte Muster-Widerrufsformular verwenden, das jedoch nicht vorgeschrieben ist.<\/span><\/p>\n<p>Wenn Sie von dieser M\u00f6glichkeit Gebrauch machen, \u00fcbermitteln wir Ihnen unverz\u00fcglich auf einem dauerhaften Datentr\u00e4ger (z. B. per E-Mail) eine Best\u00e4tigung \u00fcber den Eingang Ihres Widerspruchs.<\/p>\n<p>Wir haben das Recht, Ihnen eine teilweise R\u00fcckerstattung anzubieten, Ihnen das defekte Teil zuzusenden oder die Situation auf eine andere f\u00fcr beide Seiten akzeptable Weise zu l\u00f6sen.<\/p>\n<p>Bitte beachten Sie, dass Lieferungen aus China unregelm\u00e4\u00dfig erfolgen und wir aufgrund verschiedener Ereignisse h\u00f6herer Gewalt (milit\u00e4rische Aktionen der Hussi auf See und andere Faktoren, die den Versand beeinflussen) keine genaue Lieferzeit angeben k\u00f6nnen. Bestellungen, die aus dem chinesischen Lager versandt werden, sind unwiderruflich.<span style=\"font-size: 14px;\">\u00a0<\/span><\/p>\n<p>R\u00fcckerstattungen k\u00f6nnen bis zu 2 Wochen dauern.<\/p>\n<p>8.2. Folgen des Widerspruchs<\/p>\n<p>Sie haben die Waren unverz\u00fcglich und in jedem Fall sp\u00e4testens binnen vierzehn Tagen ab dem Tag, an dem Sie uns \u00fcber den Widerruf dieses Vertrags unterrichten, an uns oder unsere autorisierte Person zur Abnahme zur\u00fcckzusenden oder zu \u00fcbergeben. Die Frist ist gewahrt, wenn Sie die Waren vor Ablauf der Frist von vierzehn Tagen absenden.<\/p>\n<p>Wir k\u00f6nnen die R\u00fcckzahlung verweigern, bis wir die Waren wieder zur\u00fcckerhalten haben oder bis Sie den Nachweis erbracht haben, dass Sie die Waren zur\u00fcckgesandt haben, je nachdem, welches der fr\u00fchere Zeitpunkt ist.<\/p>\n<p>S\u00e4mtliche mit der R\u00fccksendung verbundenen Kosten tr\u00e4gt der K\u00e4ufer.<\/p>\n<p>Sie sind ausschlie\u00dflich f\u00fcr eine etwaige Wertminderung der Waren verantwortlich, die sich aus einem zur Feststellung der Art, der Eigenschaften und der Funktionsweise der Waren nicht notwendigen Umgang mit ihnen ergibt.<\/p>\n<p>Bitte beachten Sie, dass es bestimmte gesetzliche Ausnahmen vom Widerrufsrecht gibt, sodass manche Waren nicht zur\u00fcckgegeben oder umgetauscht werden k\u00f6nnen. Wir werden Sie informieren, ob dies in Ihrem konkreten Fall zutrifft.<\/p>\n<p>9. Einreichung von Ideen<\/p>\n<p>Senden Sie keine Ideen, Erfindungen, Urheberrechte oder andere Informationen, die als Ihr geistiges Eigentum gelten k\u00f6nnten und die Sie uns \u00fcbermitteln m\u00f6chten, es sei denn, wir unterzeichnen zuvor eine Vereinbarung zum geistigen Eigentum oder eine Geheimhaltungsvereinbarung. Wenn Sie uns diese ohne eine solche schriftliche Vereinbarung mitteilen, gew\u00e4hren Sie uns eine weltweite, unwiderrufliche, nicht exklusive, geb\u00fchrenfreie Lizenz zur Nutzung, Vervielf\u00e4ltigung, Speicherung, Anpassung, Ver\u00f6ffentlichung, \u00dcbersetzung und Verbreitung Ihrer Inhalte in allen bestehenden oder zuk\u00fcnftigen Medien.<\/p>\n<p>10. Beendigung der Nutzung<\/p>\n<p>Wir k\u00f6nnen Ihren Zugriff auf die Website oder die darin enthaltenen Dienste jederzeit nach eigenem Ermessen vor\u00fcbergehend oder dauerhaft \u00e4ndern oder beenden. Sie erkl\u00e4ren sich damit einverstanden, dass wir weder Ihnen noch Dritten gegen\u00fcber f\u00fcr derartige \u00c4nderungen, Aussetzungen oder Beendigungen Ihres Zugriffs auf die Website oder von Inhalten, die Sie auf der Website geteilt haben, haftbar sind. Sie haben keinen Anspruch auf Entsch\u00e4digung oder sonstige Zahlungen, selbst wenn bestimmte Funktionen, Einstellungen und\/oder Inhalte, zu denen Sie beigetragen haben oder auf die Sie sich verlassen haben, dauerhaft verloren gehen. Sie d\u00fcrfen keine Zugriffsbeschr\u00e4nkungsma\u00dfnahmen auf unserer Website umgehen oder versuchen, diese zu umgehen.<\/p>\n<p>11. Garantien und Haftung<\/p>\n<p><span>Die Garantie ist ausdr\u00fccklich auf den Ersatz einer defekten Lithium-Ionen-Batterie beschr\u00e4nkt (die \u201e<\/span><strong>Batterie<\/strong><span>\u201d), Rahmen, Gabeln, Vorbau, Lenker, Steuersatz, Sattelst\u00fctze, Sattel, Bremsen, Lichter, Tretlager, Kurbelgarnitur, Pedale, Felgen, Radnabe, Freilauf, Kassette, Umwerfer, Schalthebel, Motor, Gashebel, Controller, Kabelbaum, LCD-Display, St\u00e4nder, Reflektoren und Hardware (jeweils ein \u201e<\/span><strong>Abgedeckte Komponente<\/strong><span>\u201d).<\/span><\/p>\n<div id=\"s-6bcb05ea-21d0-42c6-8402-6cb62c9d4792\" class=\"shg-c heading shg-align-left\">\n<div class=\"shogun-heading-component\">\n<h2><span style=\"font-size: small;\">Diese eingeschr\u00e4nkte Garantie deckt Folgendes nicht ab:<\/span><\/h2>\n<\/div>\n<\/div>\n<div id=\"s-e4a2a692-21dc-45f7-8238-fa18a30457f3\" class=\"shg-c\">\n<div class=\"shg-rich-text shg-theme-text-content\">\n<ul>\n<li>Normale Abnutzung und Verschlei\u00df aller abgedeckten Komponenten.<\/li>\n<li>Verbrauchsmaterialien oder normale Verschlei\u00dfteile (einschlie\u00dflich, aber nicht beschr\u00e4nkt auf Reifen, Schl\u00e4uche, Bremsbel\u00e4ge, Kabel und Geh\u00e4use, Griffe, Kette und Speichen).<\/li>\n<li>Jegliche Sch\u00e4den oder M\u00e4ngel an abgedeckten Komponenten, die aus der Nichtbefolgung der Anweisungen in der Bedienungsanleitung des E-Bikes, h\u00f6herer Gewalt, Unf\u00e4llen, Fehlgebrauch, Vernachl\u00e4ssigung, Missbrauch, gewerblicher Nutzung, \u00c4nderungen, Modifikationen, unsachgem\u00e4\u00dfer Montage, Installation von Teilen oder Zubeh\u00f6r resultieren, die urspr\u00fcnglich nicht f\u00fcr das verkaufte E-Bike vorgesehen waren oder damit nicht kompatibel sind, Bedienungsfehlern, Wassersch\u00e4den, extremem Fahrstil, Stuntfahren oder unsachgem\u00e4\u00dfer Folgewartung.<\/li>\n<li>Zur Vermeidung von Missverst\u00e4ndnissen: Wir \u00fcbernehmen keine Haftung und\/oder Verantwortung f\u00fcr Sch\u00e4den, Ausf\u00e4lle oder Verluste, die durch nicht autorisierte Wartung oder die Verwendung nicht autorisierter Teile verursacht werden.<\/li>\n<li>Die Garantie f\u00fcr die Batterie gilt nicht bei Sch\u00e4den durch Spannungsspitzen, Verwendung eines ungeeigneten Ladeger\u00e4ts, unsachgem\u00e4\u00dfe Wartung oder anderen Missbrauch, normale Abnutzung oder Wassersch\u00e4den.<\/li>\n<li>Alle von Ridstar EU verkauften Produkte, bei denen es sich nicht um E-Bikes handelt.<br \/>F\u00fcr Garantieanspr\u00fcche f\u00fcllen Sie bitte das Formular auf dieser Seite aus: <a href=\"https:\/\/ridstar.eu\/de\/unterstutzung\/\">Support \u2013 RIDSTAR Elektrofahrr\u00e4der \u2013 Offizieller Online-Shop<\/a><\/li>\n<\/ul>\n<p>\u00a0<\/p>\n<p>\u00a0<\/p>\n<\/div>\n<\/div>\n<p>12. Datenschutz<\/p>\n<p>Um unsere Website und\/oder Dienste nutzen zu k\u00f6nnen, m\u00fcssen Sie w\u00e4hrend des Registrierungsvorgangs m\u00f6glicherweise bestimmte Informationen \u00fcber sich selbst angeben. Sie erkl\u00e4ren sich damit einverstanden, dass alle von Ihnen bereitgestellten Informationen stets genau, richtig und aktuell sind.<\/p>\n<p>Wir nehmen Ihre pers\u00f6nlichen Daten ernst und verpflichten uns, Ihre Privatsph\u00e4re zu sch\u00fctzen. Wir werden Ihre E-Mail-Adresse nicht verwenden, um unerw\u00fcnschte E-Mails zu versenden. Alle E-Mails, die wir Ihnen senden, beziehen sich ausschlie\u00dflich auf die Bereitstellung der vereinbarten Produkte oder Dienstleistungen.<\/p>\n<p>13. Exportbeschr\u00e4nkungen\/Einhaltung gesetzlicher Vorschriften<\/p>\n<p>Zugriff auf die Website aus Gebieten oder L\u00e4ndern, in denen der Inhalt oder Kauf von auf der Website verkauften Produkten oder Dienstleistungen illegal ist. Sie d\u00fcrfen diese Website nicht unter Verletzung litauischer Exportgesetze und -vorschriften nutzen.<\/p>\n<p>14. Abtretung<\/p>\n<p>Sie d\u00fcrfen Ihre Rechte und\/oder Pflichten aus diesen Allgemeinen Gesch\u00e4ftsbedingungen ohne unsere vorherige schriftliche Zustimmung weder ganz noch teilweise an Dritte abtreten, \u00fcbertragen oder untervergeben. Jede angebliche Abtretung unter Verletzung dieses Abschnitts ist null und nichtig.<\/p>\n<p>15. Verst\u00f6\u00dfe gegen diese Allgemeinen Gesch\u00e4ftsbedingungen<\/p>\n<p>Sollten Sie gegen diese Bedingungen in irgendeiner Weise versto\u00dfen, k\u00f6nnen wir unbeschadet unserer sonstigen Rechte gem\u00e4\u00df diesen Bedingungen die Ma\u00dfnahmen ergreifen, die wir f\u00fcr angemessen halten, um den Versto\u00df zu beheben. Dazu geh\u00f6rt die vor\u00fcbergehende oder dauerhafte Sperrung Ihres Zugriffs auf die Site, die Kontaktaufnahme mit Ihrem Internetdienstanbieter und die Aufforderung, Ihren Zugriff auf die Website zu sperren und\/oder rechtliche Schritte gegen Sie einzuleiten.<\/p>\n<p>16. Schadloshaltung<\/p>\n<p>Sie erkl\u00e4ren sich damit einverstanden, uns von allen Anspr\u00fcchen, Verbindlichkeiten, Sch\u00e4den, Verlusten und Aufwendungen im Zusammenhang mit Ihrem Versto\u00df gegen diese Allgemeinen Gesch\u00e4ftsbedingungen und geltende Gesetze, einschlie\u00dflich geistiger Eigentumsrechte und Datenschutzrechte, freizustellen und schadlos zu halten. Sie werden uns unverz\u00fcglich von allen Sch\u00e4den, Verlusten, Kosten und Aufwendungen freistellen, die im Zusammenhang mit solchen Anspr\u00fcchen stehen oder daraus entstehen.<\/p>\n<p>17. Verzicht auf Verpflichtungen<\/p>\n<p>Das Vers\u00e4umnis, eine Bestimmung dieser Allgemeinen Gesch\u00e4ftsbedingungen und einer Vereinbarung durchzusetzen oder aufzuheben, gilt nicht als Verzicht auf die jeweilige Bestimmung und ber\u00fchrt weder die G\u00fcltigkeit dieser Allgemeinen Gesch\u00e4ftsbedingungen, einer Vereinbarung oder eines Teils davon noch das Recht zur sp\u00e4teren Durchsetzung jeder Bestimmung.<\/p>\n<p>18. Sprache<\/p>\n<p>Diese Allgemeinen Gesch\u00e4ftsbedingungen werden ausschlie\u00dflich in englischer Sprache erkl\u00e4rt und interpretiert. S\u00e4mtliche Mitteilungen und Korrespondenzen werden ausschlie\u00dflich in dieser Sprache verfasst.<\/p>\n<p>19. Gesamte Vereinbarung<\/p>\n<p>Diese Allgemeinen Gesch\u00e4ftsbedingungen stellen die gesamte Vereinbarung zwischen Ihnen und RIDSTAR.EU bez\u00fcglich Ihrer Nutzung dieser Website dar.<\/p>\n<p>20. Aktualisierung dieser Bedingungen<\/p>\n<p>Wir k\u00f6nnen diese Allgemeinen Gesch\u00e4ftsbedingungen von Zeit zu Zeit aktualisieren. Das am Anfang dieser Allgemeinen Gesch\u00e4ftsbedingungen angegebene Datum ist das letzte \u00dcberarbeitungsdatum. Wir werden Sie schriftlich \u00fcber alle \u00c4nderungen oder Aktualisierungen informieren, und die ge\u00e4nderten Bedingungen werden an dem Tag wirksam, an dem wir Sie dar\u00fcber informieren. Ihre fortgesetzte Nutzung dieser Website nach der Ver\u00f6ffentlichung von \u00c4nderungen oder Aktualisierungen gilt als Ihre Zustimmung zu diesen Allgemeinen Gesch\u00e4ftsbedingungen und Ihre Zustimmung, an diese gebunden zu sein. Um eine fr\u00fchere Version dieser Bedingungen anzufordern, kontaktieren Sie uns bitte.<\/p>\n<p>21. Rechtswahl und Gerichtsstand<\/p>\n<p>Diese Allgemeinen Gesch\u00e4ftsbedingungen unterliegen den Gesetzen Litauens. F\u00fcr alle Streitigkeiten im Zusammenhang mit diesen Allgemeinen Gesch\u00e4ftsbedingungen ist das litauische Gericht zust\u00e4ndig. Wenn ein Gericht oder eine andere Beh\u00f6rde feststellt, dass ein Teil oder eine Bestimmung dieser Allgemeinen Gesch\u00e4ftsbedingungen nach geltendem Recht ung\u00fcltig und\/oder nicht durchsetzbar ist, wird dieser Teil oder diese Bestimmung im maximal zul\u00e4ssigen Umfang ge\u00e4ndert, gel\u00f6scht und\/oder durchgesetzt, um diese Bedingungen und den Zweck der Bedingungen durchzusetzen. Andere Einstellungen bleiben hiervon unber\u00fchrt.<\/p>\n<p>22. Kontaktinformationen<\/p>\n<p>Diese Website wird von ridstar.eu verwaltet<\/p>\n<p>Bez\u00fcglich dieser Allgemeinen Gesch\u00e4ftsbedingungen k\u00f6nnen Sie uns schriftlich oder per E-Mail an die folgende Adresse kontaktieren:<\/p>\n<p>hello@ridstar.eu oder telefonisch unter +37063208163<\/p>\n<\/div>\n<\/div><\/div>\n<\/div>\n<\/div>\n<\/div>","protected":false},"excerpt":{"rendered":"","protected":false},"author":1,"featured_media":0,"parent":0,"menu_order":0,"comment_status":"closed","ping_status":"closed","template":"","meta":{"footnotes":""},"class_list":["post-12595","page","type-page","status-publish","hentry"],"jetpack_sharing_enabled":true,"_links":{"self":[{"href":"https:\/\/ridstar.eu\/de\/wp-json\/wp\/v2\/pages\/12595","targetHints":{"allow":["GET"]}}],"collection":[{"href":"https:\/\/ridstar.eu\/de\/wp-json\/wp\/v2\/pages"}],"about":[{"href":"https:\/\/ridstar.eu\/de\/wp-json\/wp\/v2\/types\/page"}],"author":[{"embeddable":true,"href":"https:\/\/ridstar.eu\/de\/wp-json\/wp\/v2\/users\/1"}],"replies":[{"embeddable":true,"href":"https:\/\/ridstar.eu\/de\/wp-json\/wp\/v2\/comments?post=12595"}],"version-history":[{"count":0,"href":"https:\/\/ridstar.eu\/de\/wp-json\/wp\/v2\/pages\/12595\/revisions"}],"wp:attachment":[{"href":"https:\/\/ridstar.eu\/de\/wp-json\/wp\/v2\/media?parent=12595"}],"curies":[{"name":"wp","href":"https:\/\/api.w.org\/{rel}","templated":true}]}}